{"id":4622,"date":"2024-10-09T09:39:49","date_gmt":"2024-10-09T09:39:49","guid":{"rendered":"https:\/\/bellavida-resort.com\/product\/batur-hiking\/"},"modified":"2026-02-25T08:41:07","modified_gmt":"2026-02-25T08:41:07","slug":"batur-hiking","status":"publish","type":"product","link":"https:\/\/bellavida-resort.com\/fr\/produit\/batur-hiking\/","title":{"rendered":"Randonn\u00e9e au lever du soleil sur le Mont Batur"},"content":{"rendered":"<h3><strong>Points forts de l&#8217;excursion Randonn\u00e9e au Batur :<\/strong><\/h3>\n<ul>\n<li><strong>Guide expert :<\/strong> Kadek, votre guide amical et comp\u00e9tent, est un passionn\u00e9 de randonn\u00e9e locale qui a des ann\u00e9es d&#8217;exp\u00e9rience dans l&#8217;organisation de randonn\u00e9es sur le mont Batur. Il vous racontera des histoires fascinantes sur la culture balinaise, l&#8217;histoire du volcan et les paysages environnants. <\/li>\n<li><strong>Une vue imprenable sur le lever du soleil :<\/strong> Atteignez le sommet juste \u00e0 temps pour assister au lever de soleil \u00e9poustouflant sur le lac de la caldeira et les cha\u00eenes de montagnes environnantes. C&#8217;est l&#8217;occasion id\u00e9ale de prendre des photos et de se recueillir. <\/li>\n<li><strong>Exp\u00e9rience en petit groupe :<\/strong> Profitez d&#8217;une exp\u00e9rience de randonn\u00e9e plus personnalis\u00e9e avec un petit groupe. Kadek veille \u00e0 ce que chacun se sente \u00e0 l&#8217;aise et en s\u00e9curit\u00e9 pendant la randonn\u00e9e, en offrant ses encouragements et son soutien tout au long du chemin. <\/li>\n<li><strong>Exploration du volcan :<\/strong> Explorez le crat\u00e8re, observez les r\u00e9centes coul\u00e9es de lave et appr\u00e9ciez le paysage unique de ce volcan actif. Sentez la vapeur qui s&#8217;\u00e9l\u00e8ve du sol et comprenez la puissance naturelle de Bali. <\/li>\n<\/ul>\n<h3><strong>Itin\u00e9raire de la visite :<\/strong><\/h3>\n<ol>\n<li><strong>Prise en charge et transfert<\/strong>\n<ul>\n<li>Prise en charge \u00e0 l&#8217;h\u00f4tel t\u00f4t le matin (vers 1h00) pour un trajet confortable jusqu&#8217;au point de d\u00e9part au pied du Mont Batur.<\/li>\n<\/ul>\n<\/li>\n<li><strong>D\u00e9part de la randonn\u00e9e (3h30)<\/strong>\n<ul>\n<li>Commencez la randonn\u00e9e sous la conduite de Kadek, dans l&#8217;air frais de l&#8217;aube.<\/li>\n<\/ul>\n<\/li>\n<li><strong>Atteindre le sommet (5h30 &#8211; 6h00)<\/strong>\n<ul>\n<li>Arriv\u00e9e au sommet pour se d\u00e9tendre et prendre un petit d\u00e9jeuner l\u00e9ger alors que les premiers rayons du soleil illuminent l&#8217;horizon.<\/li>\n<\/ul>\n<\/li>\n<li><strong>Exploration et descente (6h30 &#8211; 8h00)<\/strong>\n<ul>\n<li>Faites le tour du crat\u00e8re, prenez des photos, puis entamez la descente vers le point de d\u00e9part.<\/li>\n<\/ul>\n<\/li>\n<li><strong>Transfert de retour<\/strong>\n<ul>\n<li>D\u00e9barquement \u00e0 votre h\u00f4tel en fin de matin\u00e9e, le reste de la journ\u00e9e \u00e9tant consacr\u00e9 \u00e0 la d\u00e9couverte de Bali.<\/li>\n<\/ul>\n<\/li>\n<\/ol>\n<h3><strong>Ce qui est inclus :<\/strong><\/h3>\n<ul>\n<li>Kadek, guide local exp\u00e9riment\u00e9<\/li>\n<li>Transport aller-retour depuis votre h\u00e9bergement<\/li>\n<li>Frais d&#8217;entr\u00e9e au Mont Batur<\/li>\n<li>Petit d\u00e9jeuner l\u00e9ger au sommet (g\u00e9n\u00e9ralement compos\u00e9 d&#8217;\u0153ufs cuits dans la vapeur volcanique, de pain et de boissons chaudes).<\/li>\n<li>Eau en bouteille<\/li>\n<\/ul>\n<h3><strong>Ce qu&#8217;il faut apporter :<\/strong><\/h3>\n<ul>\n<li>Chaussures de randonn\u00e9e confortables<\/li>\n<li>V\u00eatements chauds (il peut faire froid avant le lever du soleil)<\/li>\n<li>Appareil photo ou smartphone pour les photos<\/li>\n<li>Petit sac \u00e0 dos<\/li>\n<li>Collations personnelles, si vous le souhaitez<\/li>\n<\/ul>\n<h3><strong>Dur\u00e9e de la visite :<\/strong><\/h3>\n<p>Environ 8 heures (2h00 &#8211; 10h00)<\/p>\n<h3><strong>Niveau de difficult\u00e9 :<\/strong><\/h3>\n<p>Mod\u00e9r\u00e9 &#8211; Convient \u00e0 la plupart des niveaux de forme physique, mais certains tron\u00e7ons sont raides et rocailleux.<\/p>\n<h3><strong>Le prix :<\/strong><\/h3>\n<p>Des tarifs pour les groupes et les visites priv\u00e9es sont disponibles sur demande.<\/p>\n<h3><strong>Pourquoi choisir Kadek comme guide ?<\/strong><\/h3>\n<p>La personnalit\u00e9 chaleureuse de Kadek, sa connaissance approfondie du mont Batur et sa passion pour la randonn\u00e9e font de lui le guide id\u00e9al pour cette aventure. Il veille \u00e0 ce que tous les participants vivent une exp\u00e9rience s\u00fbre et agr\u00e9able, tout en offrant un aper\u00e7u unique de la culture locale et de l&#8217;environnement naturel. <\/p>\n<p><strong>R\u00e9servez d\u00e8s aujourd&#8217;hui votre randonn\u00e9e au lever du soleil sur le mont Batur !<\/strong><br \/>Ne manquez pas l&#8217;occasion de d\u00e9couvrir l&#8217;un des sites les plus impressionnants de Bali. R\u00e9servez votre place d\u00e8s maintenant et pr\u00e9parez-vous \u00e0 vivre une aventure qui restera grav\u00e9e dans votre m\u00e9moire. <\/p>\n","protected":false},"excerpt":{"rendered":"<p>Rejoignez-nous pour une randonn\u00e9e inoubliable au lever du soleil sur le mont Batur, l&#8217;un des volcans les plus embl\u00e9matiques de Bali. Notre guide local exp\u00e9riment\u00e9, Kadek, vous conduira \u00e0 travers l&#8217;obscurit\u00e9 matinale pour assister au lever du soleil depuis le sommet. Cette randonn\u00e9e offre un m\u00e9lange parfait d&#8217;aventure, de nature et de culture, offrant une exp\u00e9rience balinaise authentique.  <\/p>\n","protected":false},"featured_media":3865,"comment_status":"open","ping_status":"closed","template":"","meta":{"inline_featured_image":false},"product_brand":[],"product_cat":[166],"product_tag":[348],"class_list":{"0":"post-4622","1":"product","2":"type-product","3":"status-publish","4":"has-post-thumbnail","6":"product_cat-activites","7":"product_tag-randonnee-au-batur","8":"wcpa_has_options","10":"first","11":"instock","12":"shipping-taxable","13":"purchasable","14":"product-type-simple"},"yoast_head":"<!-- This site is optimized with the Yoast SEO plugin v27.4 - https:\/\/yoast.com\/product\/yoast-seo-wordpress\/ -->\n<title>Randonn\u00e9e au lever du soleil sur le Mont Batur - Bella Vida resort, Uluwatu<\/title>\n<meta name=\"robots\" content=\"index, follow, max-snippet:-1, max-image-preview:large, max-video-preview:-1\" \/>\n<link rel=\"canonical\" href=\"https:\/\/bellavida-resort.com\/produit\/batur-hiking\/\" \/>\n<meta property=\"og:locale\" content=\"fr_FR\" \/>\n<meta property=\"og:type\" content=\"article\" \/>\n<meta property=\"og:title\" content=\"Randonn\u00e9e au lever du soleil sur le Mont Batur - Bella Vida resort, Uluwatu\" \/>\n<meta property=\"og:description\" content=\"Rejoignez-nous pour une randonn\u00e9e inoubliable au lever du soleil sur le mont Batur, l&#039;un des volcans les plus embl\u00e9matiques de Bali. Notre guide local exp\u00e9riment\u00e9, Kadek, vous conduira \u00e0 travers l&#039;obscurit\u00e9 matinale pour assister au lever du soleil depuis le sommet. Cette randonn\u00e9e offre un m\u00e9lange parfait d&#039;aventure, de nature et de culture, offrant une exp\u00e9rience balinaise authentique.\" \/>\n<meta property=\"og:url\" content=\"https:\/\/bellavida-resort.com\/produit\/batur-hiking\/\" \/>\n<meta property=\"og:site_name\" content=\"Bella Vida resort, Uluwatu\" \/>\n<meta property=\"article:publisher\" content=\"https:\/\/www.facebook.com\/profile.php?id=61584197150341\" \/>\n<meta property=\"article:modified_time\" content=\"2026-02-25T08:41:07+00:00\" \/>\n<meta property=\"og:image\" content=\"https:\/\/bellavida-resort.com\/wp-content\/uploads\/2024\/10\/Mount-Batur-hiking.jpg\" \/>\n\t<meta property=\"og:image:width\" content=\"1344\" \/>\n\t<meta property=\"og:image:height\" content=\"768\" \/>\n\t<meta property=\"og:image:type\" content=\"image\/jpeg\" \/>\n<meta name=\"twitter:card\" content=\"summary_large_image\" \/>\n<meta name=\"twitter:label1\" content=\"Dur\u00e9e de lecture estim\u00e9e\" \/>\n\t<meta name=\"twitter:data1\" content=\"3 minutes\" \/>\n<script type=\"application\/ld+json\" class=\"yoast-schema-graph\">{\"@context\":\"https:\\\/\\\/schema.org\",\"@graph\":[{\"@type\":\"WebPage\",\"@id\":\"https:\\\/\\\/bellavida-resort.com\\\/produit\\\/batur-hiking\\\/\",\"url\":\"https:\\\/\\\/bellavida-resort.com\\\/produit\\\/batur-hiking\\\/\",\"name\":\"Randonn\u00e9e au lever du soleil sur le Mont Batur - Bella Vida resort, Uluwatu\",\"isPartOf\":{\"@id\":\"https:\\\/\\\/bellavida-resort.com\\\/#website\"},\"primaryImageOfPage\":{\"@id\":\"https:\\\/\\\/bellavida-resort.com\\\/produit\\\/batur-hiking\\\/#primaryimage\"},\"image\":{\"@id\":\"https:\\\/\\\/bellavida-resort.com\\\/produit\\\/batur-hiking\\\/#primaryimage\"},\"thumbnailUrl\":\"https:\\\/\\\/bellavida-resort.com\\\/wp-content\\\/uploads\\\/2024\\\/10\\\/Mount-Batur-hiking.jpg\",\"datePublished\":\"2024-10-09T09:39:49+00:00\",\"dateModified\":\"2026-02-25T08:41:07+00:00\",\"breadcrumb\":{\"@id\":\"https:\\\/\\\/bellavida-resort.com\\\/produit\\\/batur-hiking\\\/#breadcrumb\"},\"inLanguage\":\"fr-FR\",\"potentialAction\":[{\"@type\":\"ReadAction\",\"target\":[\"https:\\\/\\\/bellavida-resort.com\\\/produit\\\/batur-hiking\\\/\"]}]},{\"@type\":\"ImageObject\",\"inLanguage\":\"fr-FR\",\"@id\":\"https:\\\/\\\/bellavida-resort.com\\\/produit\\\/batur-hiking\\\/#primaryimage\",\"url\":\"https:\\\/\\\/bellavida-resort.com\\\/wp-content\\\/uploads\\\/2024\\\/10\\\/Mount-Batur-hiking.jpg\",\"contentUrl\":\"https:\\\/\\\/bellavida-resort.com\\\/wp-content\\\/uploads\\\/2024\\\/10\\\/Mount-Batur-hiking.jpg\",\"width\":1344,\"height\":768,\"caption\":\"Randonn\u00e9e du Batur\"},{\"@type\":\"BreadcrumbList\",\"@id\":\"https:\\\/\\\/bellavida-resort.com\\\/produit\\\/batur-hiking\\\/#breadcrumb\",\"itemListElement\":[{\"@type\":\"ListItem\",\"position\":1,\"name\":\"Home\",\"item\":\"https:\\\/\\\/bellavida-resort.com\\\/fr\\\/\"},{\"@type\":\"ListItem\",\"position\":2,\"name\":\"Boutique\",\"item\":\"https:\\\/\\\/bellavida-resort.com\\\/fr\\\/boutique\\\/\"},{\"@type\":\"ListItem\",\"position\":3,\"name\":\"Randonn\u00e9e au lever du soleil sur le Mont Batur\"}]},{\"@type\":\"WebSite\",\"@id\":\"https:\\\/\\\/bellavida-resort.com\\\/#website\",\"url\":\"https:\\\/\\\/bellavida-resort.com\\\/\",\"name\":\"Bella Vida resort, Uluwatu Bali\",\"description\":\"The best luxury resort in Bingin\",\"publisher\":{\"@id\":\"https:\\\/\\\/bellavida-resort.com\\\/#organization\"},\"potentialAction\":[{\"@type\":\"SearchAction\",\"target\":{\"@type\":\"EntryPoint\",\"urlTemplate\":\"https:\\\/\\\/bellavida-resort.com\\\/?s={search_term_string}\"},\"query-input\":{\"@type\":\"PropertyValueSpecification\",\"valueRequired\":true,\"valueName\":\"search_term_string\"}}],\"inLanguage\":\"fr-FR\"},{\"@type\":\"Organization\",\"@id\":\"https:\\\/\\\/bellavida-resort.com\\\/#organization\",\"name\":\"Bella Vida Resort\",\"url\":\"https:\\\/\\\/bellavida-resort.com\\\/\",\"logo\":{\"@type\":\"ImageObject\",\"inLanguage\":\"fr-FR\",\"@id\":\"https:\\\/\\\/bellavida-resort.com\\\/#\\\/schema\\\/logo\\\/image\\\/\",\"url\":\"https:\\\/\\\/bellavida-resort.com\\\/wp-content\\\/uploads\\\/2025\\\/10\\\/cropped-Epson-logo-printer.jpg\",\"contentUrl\":\"https:\\\/\\\/bellavida-resort.com\\\/wp-content\\\/uploads\\\/2025\\\/10\\\/cropped-Epson-logo-printer.jpg\",\"width\":1200,\"height\":313,\"caption\":\"Bella Vida Resort\"},\"image\":{\"@id\":\"https:\\\/\\\/bellavida-resort.com\\\/#\\\/schema\\\/logo\\\/image\\\/\"},\"sameAs\":[\"https:\\\/\\\/www.facebook.com\\\/profile.php?id=61584197150341\",\"https:\\\/\\\/www.instagram.com\\\/bellavidaresortbali\\\/\"]}]}<\/script>\n<!-- \/ Yoast SEO plugin. -->","yoast_head_json":{"title":"Randonn\u00e9e au lever du soleil sur le Mont Batur - Bella Vida resort, Uluwatu","robots":{"index":"index","follow":"follow","max-snippet":"max-snippet:-1","max-image-preview":"max-image-preview:large","max-video-preview":"max-video-preview:-1"},"canonical":"https:\/\/bellavida-resort.com\/produit\/batur-hiking\/","og_locale":"fr_FR","og_type":"article","og_title":"Randonn\u00e9e au lever du soleil sur le Mont Batur - Bella Vida resort, Uluwatu","og_description":"Rejoignez-nous pour une randonn\u00e9e inoubliable au lever du soleil sur le mont Batur, l'un des volcans les plus embl\u00e9matiques de Bali. Notre guide local exp\u00e9riment\u00e9, Kadek, vous conduira \u00e0 travers l'obscurit\u00e9 matinale pour assister au lever du soleil depuis le sommet. Cette randonn\u00e9e offre un m\u00e9lange parfait d'aventure, de nature et de culture, offrant une exp\u00e9rience balinaise authentique.","og_url":"https:\/\/bellavida-resort.com\/produit\/batur-hiking\/","og_site_name":"Bella Vida resort, Uluwatu","article_publisher":"https:\/\/www.facebook.com\/profile.php?id=61584197150341","article_modified_time":"2026-02-25T08:41:07+00:00","og_image":[{"width":1344,"height":768,"url":"https:\/\/bellavida-resort.com\/wp-content\/uploads\/2024\/10\/Mount-Batur-hiking.jpg","type":"image\/jpeg"}],"twitter_card":"summary_large_image","twitter_misc":{"Dur\u00e9e de lecture estim\u00e9e":"3 minutes"},"schema":{"@context":"https:\/\/schema.org","@graph":[{"@type":"WebPage","@id":"https:\/\/bellavida-resort.com\/produit\/batur-hiking\/","url":"https:\/\/bellavida-resort.com\/produit\/batur-hiking\/","name":"Randonn\u00e9e au lever du soleil sur le Mont Batur - Bella Vida resort, Uluwatu","isPartOf":{"@id":"https:\/\/bellavida-resort.com\/#website"},"primaryImageOfPage":{"@id":"https:\/\/bellavida-resort.com\/produit\/batur-hiking\/#primaryimage"},"image":{"@id":"https:\/\/bellavida-resort.com\/produit\/batur-hiking\/#primaryimage"},"thumbnailUrl":"https:\/\/bellavida-resort.com\/wp-content\/uploads\/2024\/10\/Mount-Batur-hiking.jpg","datePublished":"2024-10-09T09:39:49+00:00","dateModified":"2026-02-25T08:41:07+00:00","breadcrumb":{"@id":"https:\/\/bellavida-resort.com\/produit\/batur-hiking\/#breadcrumb"},"inLanguage":"fr-FR","potentialAction":[{"@type":"ReadAction","target":["https:\/\/bellavida-resort.com\/produit\/batur-hiking\/"]}]},{"@type":"ImageObject","inLanguage":"fr-FR","@id":"https:\/\/bellavida-resort.com\/produit\/batur-hiking\/#primaryimage","url":"https:\/\/bellavida-resort.com\/wp-content\/uploads\/2024\/10\/Mount-Batur-hiking.jpg","contentUrl":"https:\/\/bellavida-resort.com\/wp-content\/uploads\/2024\/10\/Mount-Batur-hiking.jpg","width":1344,"height":768,"caption":"Randonn\u00e9e du Batur"},{"@type":"BreadcrumbList","@id":"https:\/\/bellavida-resort.com\/produit\/batur-hiking\/#breadcrumb","itemListElement":[{"@type":"ListItem","position":1,"name":"Home","item":"https:\/\/bellavida-resort.com\/fr\/"},{"@type":"ListItem","position":2,"name":"Boutique","item":"https:\/\/bellavida-resort.com\/fr\/boutique\/"},{"@type":"ListItem","position":3,"name":"Randonn\u00e9e au lever du soleil sur le Mont Batur"}]},{"@type":"WebSite","@id":"https:\/\/bellavida-resort.com\/#website","url":"https:\/\/bellavida-resort.com\/","name":"Bella Vida resort, Uluwatu Bali","description":"The best luxury resort in Bingin","publisher":{"@id":"https:\/\/bellavida-resort.com\/#organization"},"potentialAction":[{"@type":"SearchAction","target":{"@type":"EntryPoint","urlTemplate":"https:\/\/bellavida-resort.com\/?s={search_term_string}"},"query-input":{"@type":"PropertyValueSpecification","valueRequired":true,"valueName":"search_term_string"}}],"inLanguage":"fr-FR"},{"@type":"Organization","@id":"https:\/\/bellavida-resort.com\/#organization","name":"Bella Vida Resort","url":"https:\/\/bellavida-resort.com\/","logo":{"@type":"ImageObject","inLanguage":"fr-FR","@id":"https:\/\/bellavida-resort.com\/#\/schema\/logo\/image\/","url":"https:\/\/bellavida-resort.com\/wp-content\/uploads\/2025\/10\/cropped-Epson-logo-printer.jpg","contentUrl":"https:\/\/bellavida-resort.com\/wp-content\/uploads\/2025\/10\/cropped-Epson-logo-printer.jpg","width":1200,"height":313,"caption":"Bella Vida Resort"},"image":{"@id":"https:\/\/bellavida-resort.com\/#\/schema\/logo\/image\/"},"sameAs":["https:\/\/www.facebook.com\/profile.php?id=61584197150341","https:\/\/www.instagram.com\/bellavidaresortbali\/"]}]}},"wcpa_form_fields":{"wcpaData":{"product":{"product_price":1350000,"price_html":"<span class=\"woocommerce-Price-amount amount\"><bdi><span class=\"woocommerce-Price-currencySymbol\">Rp<\/span>1.350.000<\/bdi><\/span>","original_product_price":1350000,"price_including_tax":1350000,"price_excluding_tax":1350000,"product_id":{"parent":4622,"variation":false},"is_variable":false,"stock_status":"instock","stock_quantity":null,"parent_sku":"Batur-Hiking","product_attributes":[],"custom_fields":[],"is_taxable":false,"product_name":"Randonn\u00e9e au lever du soleil sur le Mont Batur"},"fields":{"sec_065bfae3d35176":{"extra":{"key":"sec_065bfae3d35176","section_id":"sec_065bfae3d35176","name":"Default","status":1,"cl_rule":"show","enableCl":false,"relations":[],"toggle":true,"title_tag":"h3","show_title":false,"showPrice":"default","form_id":4896,"form_rules":{"exclude_from_discount":false,"fee_label":"Fee","disp_hide_options_price":false,"disp_show_section_price":false,"disp_show_field_price":true,"layout_option":"standard","pric_use_as_fee":false,"process_fee_as":"woo_fee"},"layout_option":"standard"},"fields":[[{"active":true,"col":3,"relations":false,"cl_rule":"show","enableCl":false,"price":"","enablePrice":false,"className":"","label_position":"default","desc_position":"default","type":"text","subtype":"text","required":true,"elementId":"text_1240273600","label":"Booking number","name":"text_1240273600","value":"","error":false,"gt_translate_keys":["label","value"],"price_dependency":false,"cl_dependency":false}],[{"active":true,"col":3,"relations":false,"cl_rule":"show","enableCl":false,"price":"","enablePrice":false,"className":"","label_position":"default","desc_position":"default","type":"date","required":true,"elementId":"date_3601660151","name":"date_3601660151","label":"Date Field","picker_type":"custom","picker_mode":"single","error":false,"gt_translate_keys":["label"],"price_dependency":false,"cl_dependency":false,"value":""}]]}},"config":{"price_override":"","enable_recaptcha":false,"bind_quantity":false,"quantity_bind_formula":false,"disp_summ_show_option_price":true,"disp_summ_show_product_price":true,"disp_summ_show_total_price":true,"disp_summ_show_fee":false,"disp_summ_show_discount":false,"summary_title":"","options_total_label":"Options Price","total_label":"Total","options_product_label":"Product Price","fee_label":"Fee","discount_label":"Discount","has_price":true,"has_quantity_formula":false},"mc_unit":1,"tax_rate":1,"tax_rate_real":1,"discount":{"percentage":0,"fixed":0},"design":{"conf":{"LabelPosition":"above","DescPosition":"above","UploadField":"custom_1","QuantityFieldStyle":"default"},"css":{"LeftLabelWidth":"120px"}},"formulas":[],"clones":false,"cartKey":false}},"_links":{"self":[{"href":"https:\/\/bellavida-resort.com\/fr\/wp-json\/wp\/v2\/product\/4622","targetHints":{"allow":["GET"]}}],"collection":[{"href":"https:\/\/bellavida-resort.com\/fr\/wp-json\/wp\/v2\/product"}],"about":[{"href":"https:\/\/bellavida-resort.com\/fr\/wp-json\/wp\/v2\/types\/product"}],"replies":[{"embeddable":true,"href":"https:\/\/bellavida-resort.com\/fr\/wp-json\/wp\/v2\/comments?post=4622"}],"wp:featuredmedia":[{"embeddable":true,"href":"https:\/\/bellavida-resort.com\/fr\/wp-json\/wp\/v2\/media\/3865"}],"wp:attachment":[{"href":"https:\/\/bellavida-resort.com\/fr\/wp-json\/wp\/v2\/media?parent=4622"}],"wp:term":[{"taxonomy":"product_brand","embeddable":true,"href":"https:\/\/bellavida-resort.com\/fr\/wp-json\/wp\/v2\/product_brand?post=4622"},{"taxonomy":"product_cat","embeddable":true,"href":"https:\/\/bellavida-resort.com\/fr\/wp-json\/wp\/v2\/product_cat?post=4622"},{"taxonomy":"product_tag","embeddable":true,"href":"https:\/\/bellavida-resort.com\/fr\/wp-json\/wp\/v2\/product_tag?post=4622"}],"curies":[{"name":"wp","href":"https:\/\/api.w.org\/{rel}","templated":true}]}}