{"id":4604,"date":"2024-10-09T10:30:21","date_gmt":"2024-10-09T10:30:21","guid":{"rendered":"https:\/\/bellavida-resort.com\/product\/massage-60min\/"},"modified":"2026-02-25T08:40:08","modified_gmt":"2026-02-25T08:40:08","slug":"massage-60min","status":"publish","type":"product","link":"https:\/\/bellavida-resort.com\/fr\/produit\/massage-60min\/","title":{"rendered":"Massage 60 min."},"content":{"rendered":"<article dir=\"auto\" data-testid=\"conversation-turn-15\" data-scroll-anchor=\"false\">\n<h3><strong>\u00c0 quoi s&#8217;attendre ?<\/strong><\/h3>\n<ul>\n<li><strong>Massage complet de 60 minutes :<\/strong> Profitez d&#8217;une heure enti\u00e8re de d\u00e9tente pendant que nos th\u00e9rapeutes qualifi\u00e9s utilisent des techniques expertes pour soulager les tensions et favoriser un sentiment de bien-\u00eatre. Le massage se concentre sur les principales zones de stress, telles que le dos, les \u00e9paules, le cou et les jambes, et vous laisse une sensation de fra\u00eecheur. <\/li>\n<li><strong>Choix du style de massage :<\/strong> Choisissez parmi les diff\u00e9rentes options de massage &#8211; pierres chaudes, tissus profonds ou massage balinais &#8211; pour r\u00e9pondre \u00e0 vos besoins. Chaque style offre des avantages uniques, de la relaxation en douceur au soulagement des muscles en profondeur. <\/li>\n<li><strong>Ambiance spa relaxante :<\/strong> Nos salles de massage tranquilles sont con\u00e7ues pour cr\u00e9er une atmosph\u00e8re paisible, avec un \u00e9clairage doux et une musique apaisante pour am\u00e9liorer votre exp\u00e9rience.<\/li>\n<li><strong>Huiles de massage de haute qualit\u00e9 :<\/strong> Nous utilisons des huiles de haute qualit\u00e9 qui nourrissent la peau et aident \u00e0 d\u00e9tendre vos muscles tout en laissant votre peau douce et rajeunie.<\/li>\n<\/ul>\n<h3><strong>Pourquoi choisir ce massage ?<\/strong><\/h3>\n<ul>\n<li><strong>Prix abordable :<\/strong> \u00c0 seulement 12 $ pour une s\u00e9ance de 60 minutes, il s&#8217;agit de l&#8217;un des massages les plus avantageux que vous puissiez trouver, car il offre un service professionnel \u00e0 un prix abordable.<\/li>\n<li><strong>Des th\u00e9rapeutes professionnels :<\/strong> Nos th\u00e9rapeutes exp\u00e9riment\u00e9s sont form\u00e9s \u00e0 une vari\u00e9t\u00e9 de techniques pour s&#8217;assurer que vous recevez les meilleurs soins et que vous repartez en pleine forme.<\/li>\n<li><strong>Pratique et flexible :<\/strong> Id\u00e9al pour une pause rapide dans votre emploi du temps charg\u00e9, ce massage vous permet de vous ressourcer sans vous ruiner.<\/li>\n<\/ul>\n<h3><strong>\u00c0 qui s&#8217;adresse ce massage ?<\/strong><\/h3>\n<p>Ce massage est parfait pour tous ceux qui souhaitent :<\/p>\n<ul>\n<li>Soulager le stress et la tension<\/li>\n<li>Profitez d&#8217;une s\u00e9ance de chouchoutage \u00e0 petit prix<\/li>\n<li>Soulage les muscles endoloris et am\u00e9liore la flexibilit\u00e9<\/li>\n<li>Faites l&#8217;exp\u00e9rience d&#8217;un traitement de relaxation rapide et efficace<\/li>\n<\/ul>\n<h3><strong>Ce qui est inclus :<\/strong><\/h3>\n<ul>\n<li>Massage complet de 60 minutes adapt\u00e9 \u00e0 vos besoins<\/li>\n<li>Utilisation d&#8217;huiles de massage de haute qualit\u00e9<\/li>\n<li>Acc\u00e8s \u00e0 l&#8217;espace d\u00e9tente avant ou apr\u00e8s votre massage<\/li>\n<li>Tisane ou eau gratuite apr\u00e8s votre traitement<\/li>\n<\/ul>\n<h3><strong>Compl\u00e9ments (facultatifs) :<\/strong><\/h3>\n<ul>\n<li><strong>R\u00e9flexologie plantaire (30 minutes) :<\/strong> Ajoutez un massage des pieds pour une relaxation plus profonde &#8211; 5<\/li>\n<li><strong>Traitement aux pierres chaudes :<\/strong> Compl\u00e9tez votre massage avec des pierres chaudes pour soulager les tensions musculaires plus profondes &#8211; $8<\/li>\n<li><strong>Am\u00e9lioration de l&#8217;aromath\u00e9rapie :<\/strong> Choisissez un m\u00e9lange sp\u00e9cifique d&#8217;huiles essentielles pour renforcer les effets th\u00e9rapeutiques &#8211; 3 $.<\/li>\n<\/ul>\n<h3><strong>Informations sur les r\u00e9servations :<\/strong><\/h3>\n<p><strong>Prix :<\/strong> 12 $ par personne pour un massage de 60 minutes<br \/>\n<strong>Disponible tous les jours :<\/strong> tous les jours pour les clients, les non clients peuvent r\u00e9server \u00e0 l&#8217;h\u00f4tel.<\/p>\n<\/article>\n","protected":false},"excerpt":{"rendered":"<p><strong>Profitez d&#8217;un massage complet du corps d&#8217;une dur\u00e9e de 60 minutes pour une relaxation ultime<\/strong><\/p>\n<p>Laissez-vous tenter par un massage apaisant de 60 minutes con\u00e7u pour faire dispara\u00eetre le stress et les tensions pour seulement 12 dollars par personne. Nos th\u00e9rapeutes qualifi\u00e9s utilisent une vari\u00e9t\u00e9 de techniques de massage pour vous aider \u00e0 vous d\u00e9tendre, \u00e0 vous rajeunir et \u00e0 vous sentir au mieux de votre forme. Que vous ayez besoin de vous d\u00e9tendre apr\u00e8s une longue journ\u00e9e, de soulager des douleurs musculaires ou simplement de vous faire dorloter, ce massage est le choix id\u00e9al.  <\/p>\n","protected":false},"featured_media":3895,"comment_status":"open","ping_status":"closed","template":"","meta":{"inline_featured_image":false},"product_brand":[],"product_cat":[166,392],"product_tag":[],"class_list":{"0":"post-4604","1":"product","2":"type-product","3":"status-publish","4":"has-post-thumbnail","6":"product_cat-activites","7":"product_cat-romantique-fr","9":"first","10":"instock","11":"shipping-taxable","12":"purchasable","13":"product-type-simple"},"yoast_head":"<!-- This site is optimized with the Yoast SEO plugin v27.4 - https:\/\/yoast.com\/product\/yoast-seo-wordpress\/ -->\n<title>Massage 60 min. - Bella Vida resort, Uluwatu<\/title>\n<meta name=\"robots\" content=\"index, follow, max-snippet:-1, max-image-preview:large, max-video-preview:-1\" \/>\n<link rel=\"canonical\" href=\"https:\/\/bellavida-resort.com\/produit\/massage-60min\/\" \/>\n<meta property=\"og:locale\" content=\"fr_FR\" \/>\n<meta property=\"og:type\" content=\"article\" \/>\n<meta property=\"og:title\" content=\"Massage 60 min. - Bella Vida resort, Uluwatu\" \/>\n<meta property=\"og:description\" content=\"Profitez d&#039;un massage complet du corps d&#039;une dur\u00e9e de 60 minutes pour une relaxation ultime Laissez-vous tenter par un massage apaisant de 60 minutes con\u00e7u pour faire dispara\u00eetre le stress et les tensions pour seulement 12 dollars par personne. Nos th\u00e9rapeutes qualifi\u00e9s utilisent une vari\u00e9t\u00e9 de techniques de massage pour vous aider \u00e0 vous d\u00e9tendre, \u00e0 vous rajeunir et \u00e0 vous sentir au mieux de votre forme. Que vous ayez besoin de vous d\u00e9tendre apr\u00e8s une longue journ\u00e9e, de soulager des douleurs musculaires ou simplement de vous faire dorloter, ce massage est le choix id\u00e9al.\" \/>\n<meta property=\"og:url\" content=\"https:\/\/bellavida-resort.com\/produit\/massage-60min\/\" \/>\n<meta property=\"og:site_name\" content=\"Bella Vida resort, Uluwatu\" \/>\n<meta property=\"article:publisher\" content=\"https:\/\/www.facebook.com\/profile.php?id=61584197150341\" \/>\n<meta property=\"article:modified_time\" content=\"2026-02-25T08:40:08+00:00\" \/>\n<meta property=\"og:image\" content=\"https:\/\/bellavida-resort.com\/wp-content\/uploads\/2024\/10\/Massage-spa-pecatu-bali.jpg\" \/>\n\t<meta property=\"og:image:width\" content=\"600\" \/>\n\t<meta property=\"og:image:height\" content=\"415\" \/>\n\t<meta property=\"og:image:type\" content=\"image\/jpeg\" \/>\n<meta name=\"twitter:card\" content=\"summary_large_image\" \/>\n<meta name=\"twitter:label1\" content=\"Dur\u00e9e de lecture estim\u00e9e\" \/>\n\t<meta name=\"twitter:data1\" content=\"2 minutes\" \/>\n<script type=\"application\/ld+json\" class=\"yoast-schema-graph\">{\"@context\":\"https:\\\/\\\/schema.org\",\"@graph\":[{\"@type\":\"WebPage\",\"@id\":\"https:\\\/\\\/bellavida-resort.com\\\/produit\\\/massage-60min\\\/\",\"url\":\"https:\\\/\\\/bellavida-resort.com\\\/produit\\\/massage-60min\\\/\",\"name\":\"Massage 60 min. - Bella Vida resort, Uluwatu\",\"isPartOf\":{\"@id\":\"https:\\\/\\\/bellavida-resort.com\\\/#website\"},\"primaryImageOfPage\":{\"@id\":\"https:\\\/\\\/bellavida-resort.com\\\/produit\\\/massage-60min\\\/#primaryimage\"},\"image\":{\"@id\":\"https:\\\/\\\/bellavida-resort.com\\\/produit\\\/massage-60min\\\/#primaryimage\"},\"thumbnailUrl\":\"https:\\\/\\\/bellavida-resort.com\\\/wp-content\\\/uploads\\\/2024\\\/10\\\/Massage-spa-pecatu-bali.jpg\",\"datePublished\":\"2024-10-09T10:30:21+00:00\",\"dateModified\":\"2026-02-25T08:40:08+00:00\",\"breadcrumb\":{\"@id\":\"https:\\\/\\\/bellavida-resort.com\\\/produit\\\/massage-60min\\\/#breadcrumb\"},\"inLanguage\":\"fr-FR\",\"potentialAction\":[{\"@type\":\"ReadAction\",\"target\":[\"https:\\\/\\\/bellavida-resort.com\\\/produit\\\/massage-60min\\\/\"]}]},{\"@type\":\"ImageObject\",\"inLanguage\":\"fr-FR\",\"@id\":\"https:\\\/\\\/bellavida-resort.com\\\/produit\\\/massage-60min\\\/#primaryimage\",\"url\":\"https:\\\/\\\/bellavida-resort.com\\\/wp-content\\\/uploads\\\/2024\\\/10\\\/Massage-spa-pecatu-bali.jpg\",\"contentUrl\":\"https:\\\/\\\/bellavida-resort.com\\\/wp-content\\\/uploads\\\/2024\\\/10\\\/Massage-spa-pecatu-bali.jpg\",\"width\":600,\"height\":415},{\"@type\":\"BreadcrumbList\",\"@id\":\"https:\\\/\\\/bellavida-resort.com\\\/produit\\\/massage-60min\\\/#breadcrumb\",\"itemListElement\":[{\"@type\":\"ListItem\",\"position\":1,\"name\":\"Home\",\"item\":\"https:\\\/\\\/bellavida-resort.com\\\/fr\\\/\"},{\"@type\":\"ListItem\",\"position\":2,\"name\":\"Boutique\",\"item\":\"https:\\\/\\\/bellavida-resort.com\\\/fr\\\/boutique\\\/\"},{\"@type\":\"ListItem\",\"position\":3,\"name\":\"Massage 60 min.\"}]},{\"@type\":\"WebSite\",\"@id\":\"https:\\\/\\\/bellavida-resort.com\\\/#website\",\"url\":\"https:\\\/\\\/bellavida-resort.com\\\/\",\"name\":\"Bella Vida resort, Uluwatu Bali\",\"description\":\"The best luxury resort in Bingin\",\"publisher\":{\"@id\":\"https:\\\/\\\/bellavida-resort.com\\\/#organization\"},\"potentialAction\":[{\"@type\":\"SearchAction\",\"target\":{\"@type\":\"EntryPoint\",\"urlTemplate\":\"https:\\\/\\\/bellavida-resort.com\\\/?s={search_term_string}\"},\"query-input\":{\"@type\":\"PropertyValueSpecification\",\"valueRequired\":true,\"valueName\":\"search_term_string\"}}],\"inLanguage\":\"fr-FR\"},{\"@type\":\"Organization\",\"@id\":\"https:\\\/\\\/bellavida-resort.com\\\/#organization\",\"name\":\"Bella Vida Resort\",\"url\":\"https:\\\/\\\/bellavida-resort.com\\\/\",\"logo\":{\"@type\":\"ImageObject\",\"inLanguage\":\"fr-FR\",\"@id\":\"https:\\\/\\\/bellavida-resort.com\\\/#\\\/schema\\\/logo\\\/image\\\/\",\"url\":\"https:\\\/\\\/bellavida-resort.com\\\/wp-content\\\/uploads\\\/2025\\\/10\\\/cropped-Epson-logo-printer.jpg\",\"contentUrl\":\"https:\\\/\\\/bellavida-resort.com\\\/wp-content\\\/uploads\\\/2025\\\/10\\\/cropped-Epson-logo-printer.jpg\",\"width\":1200,\"height\":313,\"caption\":\"Bella Vida Resort\"},\"image\":{\"@id\":\"https:\\\/\\\/bellavida-resort.com\\\/#\\\/schema\\\/logo\\\/image\\\/\"},\"sameAs\":[\"https:\\\/\\\/www.facebook.com\\\/profile.php?id=61584197150341\",\"https:\\\/\\\/www.instagram.com\\\/bellavidaresortbali\\\/\"]}]}<\/script>\n<!-- \/ Yoast SEO plugin. -->","yoast_head_json":{"title":"Massage 60 min. - Bella Vida resort, Uluwatu","robots":{"index":"index","follow":"follow","max-snippet":"max-snippet:-1","max-image-preview":"max-image-preview:large","max-video-preview":"max-video-preview:-1"},"canonical":"https:\/\/bellavida-resort.com\/produit\/massage-60min\/","og_locale":"fr_FR","og_type":"article","og_title":"Massage 60 min. - Bella Vida resort, Uluwatu","og_description":"Profitez d'un massage complet du corps d'une dur\u00e9e de 60 minutes pour une relaxation ultime Laissez-vous tenter par un massage apaisant de 60 minutes con\u00e7u pour faire dispara\u00eetre le stress et les tensions pour seulement 12 dollars par personne. Nos th\u00e9rapeutes qualifi\u00e9s utilisent une vari\u00e9t\u00e9 de techniques de massage pour vous aider \u00e0 vous d\u00e9tendre, \u00e0 vous rajeunir et \u00e0 vous sentir au mieux de votre forme. Que vous ayez besoin de vous d\u00e9tendre apr\u00e8s une longue journ\u00e9e, de soulager des douleurs musculaires ou simplement de vous faire dorloter, ce massage est le choix id\u00e9al.","og_url":"https:\/\/bellavida-resort.com\/produit\/massage-60min\/","og_site_name":"Bella Vida resort, Uluwatu","article_publisher":"https:\/\/www.facebook.com\/profile.php?id=61584197150341","article_modified_time":"2026-02-25T08:40:08+00:00","og_image":[{"width":600,"height":415,"url":"https:\/\/bellavida-resort.com\/wp-content\/uploads\/2024\/10\/Massage-spa-pecatu-bali.jpg","type":"image\/jpeg"}],"twitter_card":"summary_large_image","twitter_misc":{"Dur\u00e9e de lecture estim\u00e9e":"2 minutes"},"schema":{"@context":"https:\/\/schema.org","@graph":[{"@type":"WebPage","@id":"https:\/\/bellavida-resort.com\/produit\/massage-60min\/","url":"https:\/\/bellavida-resort.com\/produit\/massage-60min\/","name":"Massage 60 min. - Bella Vida resort, Uluwatu","isPartOf":{"@id":"https:\/\/bellavida-resort.com\/#website"},"primaryImageOfPage":{"@id":"https:\/\/bellavida-resort.com\/produit\/massage-60min\/#primaryimage"},"image":{"@id":"https:\/\/bellavida-resort.com\/produit\/massage-60min\/#primaryimage"},"thumbnailUrl":"https:\/\/bellavida-resort.com\/wp-content\/uploads\/2024\/10\/Massage-spa-pecatu-bali.jpg","datePublished":"2024-10-09T10:30:21+00:00","dateModified":"2026-02-25T08:40:08+00:00","breadcrumb":{"@id":"https:\/\/bellavida-resort.com\/produit\/massage-60min\/#breadcrumb"},"inLanguage":"fr-FR","potentialAction":[{"@type":"ReadAction","target":["https:\/\/bellavida-resort.com\/produit\/massage-60min\/"]}]},{"@type":"ImageObject","inLanguage":"fr-FR","@id":"https:\/\/bellavida-resort.com\/produit\/massage-60min\/#primaryimage","url":"https:\/\/bellavida-resort.com\/wp-content\/uploads\/2024\/10\/Massage-spa-pecatu-bali.jpg","contentUrl":"https:\/\/bellavida-resort.com\/wp-content\/uploads\/2024\/10\/Massage-spa-pecatu-bali.jpg","width":600,"height":415},{"@type":"BreadcrumbList","@id":"https:\/\/bellavida-resort.com\/produit\/massage-60min\/#breadcrumb","itemListElement":[{"@type":"ListItem","position":1,"name":"Home","item":"https:\/\/bellavida-resort.com\/fr\/"},{"@type":"ListItem","position":2,"name":"Boutique","item":"https:\/\/bellavida-resort.com\/fr\/boutique\/"},{"@type":"ListItem","position":3,"name":"Massage 60 min."}]},{"@type":"WebSite","@id":"https:\/\/bellavida-resort.com\/#website","url":"https:\/\/bellavida-resort.com\/","name":"Bella Vida resort, Uluwatu Bali","description":"The best luxury resort in Bingin","publisher":{"@id":"https:\/\/bellavida-resort.com\/#organization"},"potentialAction":[{"@type":"SearchAction","target":{"@type":"EntryPoint","urlTemplate":"https:\/\/bellavida-resort.com\/?s={search_term_string}"},"query-input":{"@type":"PropertyValueSpecification","valueRequired":true,"valueName":"search_term_string"}}],"inLanguage":"fr-FR"},{"@type":"Organization","@id":"https:\/\/bellavida-resort.com\/#organization","name":"Bella Vida Resort","url":"https:\/\/bellavida-resort.com\/","logo":{"@type":"ImageObject","inLanguage":"fr-FR","@id":"https:\/\/bellavida-resort.com\/#\/schema\/logo\/image\/","url":"https:\/\/bellavida-resort.com\/wp-content\/uploads\/2025\/10\/cropped-Epson-logo-printer.jpg","contentUrl":"https:\/\/bellavida-resort.com\/wp-content\/uploads\/2025\/10\/cropped-Epson-logo-printer.jpg","width":1200,"height":313,"caption":"Bella Vida Resort"},"image":{"@id":"https:\/\/bellavida-resort.com\/#\/schema\/logo\/image\/"},"sameAs":["https:\/\/www.facebook.com\/profile.php?id=61584197150341","https:\/\/www.instagram.com\/bellavidaresortbali\/"]}]}},"wcpa_form_fields":null,"_links":{"self":[{"href":"https:\/\/bellavida-resort.com\/fr\/wp-json\/wp\/v2\/product\/4604","targetHints":{"allow":["GET"]}}],"collection":[{"href":"https:\/\/bellavida-resort.com\/fr\/wp-json\/wp\/v2\/product"}],"about":[{"href":"https:\/\/bellavida-resort.com\/fr\/wp-json\/wp\/v2\/types\/product"}],"replies":[{"embeddable":true,"href":"https:\/\/bellavida-resort.com\/fr\/wp-json\/wp\/v2\/comments?post=4604"}],"wp:featuredmedia":[{"embeddable":true,"href":"https:\/\/bellavida-resort.com\/fr\/wp-json\/wp\/v2\/media\/3895"}],"wp:attachment":[{"href":"https:\/\/bellavida-resort.com\/fr\/wp-json\/wp\/v2\/media?parent=4604"}],"wp:term":[{"taxonomy":"product_brand","embeddable":true,"href":"https:\/\/bellavida-resort.com\/fr\/wp-json\/wp\/v2\/product_brand?post=4604"},{"taxonomy":"product_cat","embeddable":true,"href":"https:\/\/bellavida-resort.com\/fr\/wp-json\/wp\/v2\/product_cat?post=4604"},{"taxonomy":"product_tag","embeddable":true,"href":"https:\/\/bellavida-resort.com\/fr\/wp-json\/wp\/v2\/product_tag?post=4604"}],"curies":[{"name":"wp","href":"https:\/\/api.w.org\/{rel}","templated":true}]}}