{"id":3572,"date":"2024-01-30T14:37:03","date_gmt":"2024-01-30T14:37:03","guid":{"rendered":"https:\/\/bellavida-resort.com\/product\/forfait-lune-de-miel-a-bali\/"},"modified":"2026-02-25T08:42:17","modified_gmt":"2026-02-25T08:42:17","slug":"honeymoon-package","status":"publish","type":"product","link":"https:\/\/bellavida-resort.com\/fr\/produit\/honeymoon-package\/","title":{"rendered":"Forfait lune de miel \u00e0 Bali"},"content":{"rendered":"<h1>Lune de miel<\/h1>\n<p>Cr\u00e9ez des souvenirs inoubliables lors de votre lune de miel de r\u00eave gr\u00e2ce \u00e0 nos <strong>forfaits inoubliables de lune de miel \u00e0 Bali<\/strong>. Con\u00e7us pour rendre votre escapade romantique vraiment exceptionnelle, ces forfaits sont la cl\u00e9 d&#8217;un voyage d&#8217;amour inoubliable dans l&#8217;une des destinations les plus enchanteresses du monde.<\/p>\n<p><strong>Le forfait comprend<\/strong><\/p>\n<h2>Massage pour deux<\/h2>\n<p>Offrez-vous un moment de pure d\u00e9tente et de connexion gr\u00e2ce \u00e0 notre massage en couple. Laissez les mains expertes des masseuses balinaises vous transporter dans un monde de tranquillit\u00e9, o\u00f9 vous et votre partenaire pourrez vous d\u00e9tendre et vous ressourcer en compagnie de l&#8217;autre.<\/p>\n<h2>Forfait de bienvenue romantique<\/h2>\n<p>Commencez votre lune de miel par une touche de romantisme. Votre chambre sera d\u00e9cor\u00e9e de p\u00e9tales de rose, de bougies parfum\u00e9es et de charmantes surprises, cr\u00e9ant ainsi l&#8217;atmosph\u00e8re parfaite pour votre escapade romantique \u00e0 Bali.<\/p>\n<h2>Vin mousseux ou bulles<\/h2>\n<p>Portez un toast \u00e0 votre amour avec une bouteille de vin exquis ou de champagne. Profitez d&#8217;un moment d&#8217;intimit\u00e9 en savourant le go\u00fbt d&#8217;un vin ou d&#8217;une boisson \u00e0 bulles de premi\u00e8re qualit\u00e9, ce qui rendra votre lune de miel encore plus sp\u00e9ciale.<\/p>\n<p>Les paysages \u00e9poustouflants, la culture vibrante et les plages sereines de Bali constituent la toile de fond id\u00e9ale pour votre aventure romantique. Avec nos forfaits inoubliables de lune de miel \u00e0 Bali, vous pouvez vous concentrer sur la cr\u00e9ation de beaux souvenirs pendant que nous nous occupons des d\u00e9tails.<\/p>\n<p>Choisissez la formule qui correspond \u00e0 votre histoire d&#8217;amour et r\u00e9servez d\u00e8s aujourd&#8217;hui votre lune de miel de r\u00eave \u00e0 Bali. Explorez la beaut\u00e9 naturelle de l&#8217;\u00eele, impr\u00e9gnez-vous de sa riche culture et c\u00e9l\u00e9brez votre amour avec style. Faites de votre lune de miel \u00e0 Bali une exp\u00e9rience inoubliable gr\u00e2ce \u00e0 nos formules sp\u00e9cialement con\u00e7ues.<\/p>\n","protected":false},"excerpt":{"rendered":"<p>Forfait pour une lune de miel parfaite \u00e0 Bali. Choisissez votre pr\u00e9f\u00e9rence pour le champagne, le vin ou le ros\u00e9, et nous ferons en sorte que votre s\u00e9jour soit inoubliable. <\/p>\n","protected":false},"featured_media":2746,"comment_status":"open","ping_status":"closed","template":"","meta":{"inline_featured_image":false},"product_brand":[],"product_cat":[392],"product_tag":[167,316],"class_list":{"0":"post-3572","1":"product","2":"type-product","3":"status-publish","4":"has-post-thumbnail","6":"product_cat-romantique-fr","7":"product_tag-bali-fr","8":"product_tag-lune-de-miel","9":"wcpa_has_options","11":"first","12":"instock","13":"shipping-taxable","14":"purchasable","15":"product-type-simple"},"yoast_head":"<!-- This site is optimized with the Yoast SEO plugin v27.4 - https:\/\/yoast.com\/product\/yoast-seo-wordpress\/ -->\n<title>Forfait lune de miel \u00e0 Bali - Bella Vida resort, Uluwatu<\/title>\n<meta name=\"robots\" content=\"index, follow, max-snippet:-1, max-image-preview:large, max-video-preview:-1\" \/>\n<link rel=\"canonical\" href=\"https:\/\/bellavida-resort.com\/fr\/produit\/honeymoon-package\/\" \/>\n<meta property=\"og:locale\" content=\"fr_FR\" \/>\n<meta property=\"og:type\" content=\"article\" \/>\n<meta property=\"og:title\" content=\"Forfait lune de miel \u00e0 Bali - Bella Vida resort, Uluwatu\" \/>\n<meta property=\"og:description\" content=\"Forfait pour une lune de miel parfaite \u00e0 Bali. Choisissez votre pr\u00e9f\u00e9rence pour le champagne, le vin ou le ros\u00e9, et nous ferons en sorte que votre s\u00e9jour soit inoubliable.\" \/>\n<meta property=\"og:url\" content=\"https:\/\/bellavida-resort.com\/fr\/produit\/honeymoon-package\/\" \/>\n<meta property=\"og:site_name\" content=\"Bella Vida resort, Uluwatu\" \/>\n<meta property=\"article:publisher\" content=\"https:\/\/www.facebook.com\/profile.php?id=61584197150341\" \/>\n<meta property=\"article:modified_time\" content=\"2026-02-25T08:42:17+00:00\" \/>\n<meta property=\"og:image\" content=\"https:\/\/bellavida-resort.com\/wp-content\/uploads\/2024\/01\/total-honeymoon-package.jpg\" \/>\n\t<meta property=\"og:image:width\" content=\"892\" \/>\n\t<meta property=\"og:image:height\" content=\"892\" \/>\n\t<meta property=\"og:image:type\" content=\"image\/jpeg\" \/>\n<meta name=\"twitter:card\" content=\"summary_large_image\" \/>\n<meta name=\"twitter:label1\" content=\"Dur\u00e9e de lecture estim\u00e9e\" \/>\n\t<meta name=\"twitter:data1\" content=\"2 minutes\" \/>\n<script type=\"application\/ld+json\" class=\"yoast-schema-graph\">{\"@context\":\"https:\\\/\\\/schema.org\",\"@graph\":[{\"@type\":\"WebPage\",\"@id\":\"https:\\\/\\\/bellavida-resort.com\\\/fr\\\/produit\\\/honeymoon-package\\\/\",\"url\":\"https:\\\/\\\/bellavida-resort.com\\\/fr\\\/produit\\\/honeymoon-package\\\/\",\"name\":\"Forfait lune de miel \u00e0 Bali - Bella Vida resort, Uluwatu\",\"isPartOf\":{\"@id\":\"https:\\\/\\\/bellavida-resort.com\\\/#website\"},\"primaryImageOfPage\":{\"@id\":\"https:\\\/\\\/bellavida-resort.com\\\/fr\\\/produit\\\/honeymoon-package\\\/#primaryimage\"},\"image\":{\"@id\":\"https:\\\/\\\/bellavida-resort.com\\\/fr\\\/produit\\\/honeymoon-package\\\/#primaryimage\"},\"thumbnailUrl\":\"https:\\\/\\\/bellavida-resort.com\\\/wp-content\\\/uploads\\\/2024\\\/01\\\/total-honeymoon-package.jpg\",\"datePublished\":\"2024-01-30T14:37:03+00:00\",\"dateModified\":\"2026-02-25T08:42:17+00:00\",\"breadcrumb\":{\"@id\":\"https:\\\/\\\/bellavida-resort.com\\\/fr\\\/produit\\\/honeymoon-package\\\/#breadcrumb\"},\"inLanguage\":\"fr-FR\",\"potentialAction\":[{\"@type\":\"ReadAction\",\"target\":[\"https:\\\/\\\/bellavida-resort.com\\\/fr\\\/produit\\\/honeymoon-package\\\/\"]}]},{\"@type\":\"ImageObject\",\"inLanguage\":\"fr-FR\",\"@id\":\"https:\\\/\\\/bellavida-resort.com\\\/fr\\\/produit\\\/honeymoon-package\\\/#primaryimage\",\"url\":\"https:\\\/\\\/bellavida-resort.com\\\/wp-content\\\/uploads\\\/2024\\\/01\\\/total-honeymoon-package.jpg\",\"contentUrl\":\"https:\\\/\\\/bellavida-resort.com\\\/wp-content\\\/uploads\\\/2024\\\/01\\\/total-honeymoon-package.jpg\",\"width\":892,\"height\":892,\"caption\":\"Voyage de noces \u00e0 Bali\"},{\"@type\":\"BreadcrumbList\",\"@id\":\"https:\\\/\\\/bellavida-resort.com\\\/fr\\\/produit\\\/honeymoon-package\\\/#breadcrumb\",\"itemListElement\":[{\"@type\":\"ListItem\",\"position\":1,\"name\":\"Home\",\"item\":\"https:\\\/\\\/bellavida-resort.com\\\/fr\\\/\"},{\"@type\":\"ListItem\",\"position\":2,\"name\":\"Boutique\",\"item\":\"https:\\\/\\\/bellavida-resort.com\\\/fr\\\/boutique\\\/\"},{\"@type\":\"ListItem\",\"position\":3,\"name\":\"Forfait lune de miel \u00e0 Bali\"}]},{\"@type\":\"WebSite\",\"@id\":\"https:\\\/\\\/bellavida-resort.com\\\/#website\",\"url\":\"https:\\\/\\\/bellavida-resort.com\\\/\",\"name\":\"Bella Vida resort, Uluwatu Bali\",\"description\":\"The best luxury resort in Bingin\",\"publisher\":{\"@id\":\"https:\\\/\\\/bellavida-resort.com\\\/#organization\"},\"potentialAction\":[{\"@type\":\"SearchAction\",\"target\":{\"@type\":\"EntryPoint\",\"urlTemplate\":\"https:\\\/\\\/bellavida-resort.com\\\/?s={search_term_string}\"},\"query-input\":{\"@type\":\"PropertyValueSpecification\",\"valueRequired\":true,\"valueName\":\"search_term_string\"}}],\"inLanguage\":\"fr-FR\"},{\"@type\":\"Organization\",\"@id\":\"https:\\\/\\\/bellavida-resort.com\\\/#organization\",\"name\":\"Bella Vida Resort\",\"url\":\"https:\\\/\\\/bellavida-resort.com\\\/\",\"logo\":{\"@type\":\"ImageObject\",\"inLanguage\":\"fr-FR\",\"@id\":\"https:\\\/\\\/bellavida-resort.com\\\/#\\\/schema\\\/logo\\\/image\\\/\",\"url\":\"https:\\\/\\\/bellavida-resort.com\\\/wp-content\\\/uploads\\\/2025\\\/10\\\/cropped-Epson-logo-printer.jpg\",\"contentUrl\":\"https:\\\/\\\/bellavida-resort.com\\\/wp-content\\\/uploads\\\/2025\\\/10\\\/cropped-Epson-logo-printer.jpg\",\"width\":1200,\"height\":313,\"caption\":\"Bella Vida Resort\"},\"image\":{\"@id\":\"https:\\\/\\\/bellavida-resort.com\\\/#\\\/schema\\\/logo\\\/image\\\/\"},\"sameAs\":[\"https:\\\/\\\/www.facebook.com\\\/profile.php?id=61584197150341\",\"https:\\\/\\\/www.instagram.com\\\/bellavidaresortbali\\\/\"]}]}<\/script>\n<!-- \/ Yoast SEO plugin. -->","yoast_head_json":{"title":"Forfait lune de miel \u00e0 Bali - Bella Vida resort, Uluwatu","robots":{"index":"index","follow":"follow","max-snippet":"max-snippet:-1","max-image-preview":"max-image-preview:large","max-video-preview":"max-video-preview:-1"},"canonical":"https:\/\/bellavida-resort.com\/fr\/produit\/honeymoon-package\/","og_locale":"fr_FR","og_type":"article","og_title":"Forfait lune de miel \u00e0 Bali - Bella Vida resort, Uluwatu","og_description":"Forfait pour une lune de miel parfaite \u00e0 Bali. Choisissez votre pr\u00e9f\u00e9rence pour le champagne, le vin ou le ros\u00e9, et nous ferons en sorte que votre s\u00e9jour soit inoubliable.","og_url":"https:\/\/bellavida-resort.com\/fr\/produit\/honeymoon-package\/","og_site_name":"Bella Vida resort, Uluwatu","article_publisher":"https:\/\/www.facebook.com\/profile.php?id=61584197150341","article_modified_time":"2026-02-25T08:42:17+00:00","og_image":[{"width":892,"height":892,"url":"https:\/\/bellavida-resort.com\/wp-content\/uploads\/2024\/01\/total-honeymoon-package.jpg","type":"image\/jpeg"}],"twitter_card":"summary_large_image","twitter_misc":{"Dur\u00e9e de lecture estim\u00e9e":"2 minutes"},"schema":{"@context":"https:\/\/schema.org","@graph":[{"@type":"WebPage","@id":"https:\/\/bellavida-resort.com\/fr\/produit\/honeymoon-package\/","url":"https:\/\/bellavida-resort.com\/fr\/produit\/honeymoon-package\/","name":"Forfait lune de miel \u00e0 Bali - Bella Vida resort, Uluwatu","isPartOf":{"@id":"https:\/\/bellavida-resort.com\/#website"},"primaryImageOfPage":{"@id":"https:\/\/bellavida-resort.com\/fr\/produit\/honeymoon-package\/#primaryimage"},"image":{"@id":"https:\/\/bellavida-resort.com\/fr\/produit\/honeymoon-package\/#primaryimage"},"thumbnailUrl":"https:\/\/bellavida-resort.com\/wp-content\/uploads\/2024\/01\/total-honeymoon-package.jpg","datePublished":"2024-01-30T14:37:03+00:00","dateModified":"2026-02-25T08:42:17+00:00","breadcrumb":{"@id":"https:\/\/bellavida-resort.com\/fr\/produit\/honeymoon-package\/#breadcrumb"},"inLanguage":"fr-FR","potentialAction":[{"@type":"ReadAction","target":["https:\/\/bellavida-resort.com\/fr\/produit\/honeymoon-package\/"]}]},{"@type":"ImageObject","inLanguage":"fr-FR","@id":"https:\/\/bellavida-resort.com\/fr\/produit\/honeymoon-package\/#primaryimage","url":"https:\/\/bellavida-resort.com\/wp-content\/uploads\/2024\/01\/total-honeymoon-package.jpg","contentUrl":"https:\/\/bellavida-resort.com\/wp-content\/uploads\/2024\/01\/total-honeymoon-package.jpg","width":892,"height":892,"caption":"Voyage de noces \u00e0 Bali"},{"@type":"BreadcrumbList","@id":"https:\/\/bellavida-resort.com\/fr\/produit\/honeymoon-package\/#breadcrumb","itemListElement":[{"@type":"ListItem","position":1,"name":"Home","item":"https:\/\/bellavida-resort.com\/fr\/"},{"@type":"ListItem","position":2,"name":"Boutique","item":"https:\/\/bellavida-resort.com\/fr\/boutique\/"},{"@type":"ListItem","position":3,"name":"Forfait lune de miel \u00e0 Bali"}]},{"@type":"WebSite","@id":"https:\/\/bellavida-resort.com\/#website","url":"https:\/\/bellavida-resort.com\/","name":"Bella Vida resort, Uluwatu Bali","description":"The best luxury resort in Bingin","publisher":{"@id":"https:\/\/bellavida-resort.com\/#organization"},"potentialAction":[{"@type":"SearchAction","target":{"@type":"EntryPoint","urlTemplate":"https:\/\/bellavida-resort.com\/?s={search_term_string}"},"query-input":{"@type":"PropertyValueSpecification","valueRequired":true,"valueName":"search_term_string"}}],"inLanguage":"fr-FR"},{"@type":"Organization","@id":"https:\/\/bellavida-resort.com\/#organization","name":"Bella Vida Resort","url":"https:\/\/bellavida-resort.com\/","logo":{"@type":"ImageObject","inLanguage":"fr-FR","@id":"https:\/\/bellavida-resort.com\/#\/schema\/logo\/image\/","url":"https:\/\/bellavida-resort.com\/wp-content\/uploads\/2025\/10\/cropped-Epson-logo-printer.jpg","contentUrl":"https:\/\/bellavida-resort.com\/wp-content\/uploads\/2025\/10\/cropped-Epson-logo-printer.jpg","width":1200,"height":313,"caption":"Bella Vida Resort"},"image":{"@id":"https:\/\/bellavida-resort.com\/#\/schema\/logo\/image\/"},"sameAs":["https:\/\/www.facebook.com\/profile.php?id=61584197150341","https:\/\/www.instagram.com\/bellavidaresortbali\/"]}]}},"wcpa_form_fields":{"wcpaData":{"product":{"product_price":1350000,"price_html":"<span class=\"woocommerce-Price-amount amount\"><bdi><span class=\"woocommerce-Price-currencySymbol\">Rp<\/span>1.350.000<\/bdi><\/span>","original_product_price":1350000,"price_including_tax":1350000,"price_excluding_tax":1350000,"product_id":{"parent":3572,"variation":false},"is_variable":false,"stock_status":"instock","stock_quantity":null,"parent_sku":"married-pack-1","product_attributes":[],"custom_fields":[],"is_taxable":false,"product_name":"Forfait lune de miel \u00e0 Bali"},"fields":{"sec_665bfb183243ae":{"extra":{"key":"sec_665bfb183243ae","section_id":"sec_665bfb183243ae","name":"Default","status":1,"cl_rule":"show","enableCl":false,"relations":[],"toggle":true,"title_tag":"h3","show_title":false,"showPrice":"default","layout_option":"standard","form_id":4884,"form_rules":{"exclude_from_discount":false,"fee_label":"Fee","disp_hide_options_price":false,"disp_show_section_price":false,"disp_show_field_price":true,"layout_option":"standard","pric_use_as_fee":false,"process_fee_as":"woo_fee"}},"fields":[[{"active":true,"col":1,"relations":false,"cl_rule":"show","enableCl":false,"price":"","enablePrice":false,"className":"","label_position":"default","desc_position":"default","type":"image-group","required":false,"elementId":"image_1649808753","label":"Bottle","name":"image_1649808753","enable_popup":"no","multiple":false,"layOut":"col-4","img_selection_type":"shadow","disp_type":"circle","values":[{"label":"Champagne","value":"Champagne","selected":true,"image":"http:\/\/bellavida-resort.com\/wp-content\/uploads\/2024\/02\/champagne.jpg","thumb":"http:\/\/bellavida-resort.com\/wp-content\/uploads\/2024\/02\/champagne.jpg","tempId":"aco_855","image_id":2726,"thumb_src":"https:\/\/bellavida-resort.com\/wp-content\/uploads\/2024\/02\/champagne.jpg","gt_translate_keys":["label"]},{"label":"Rose","value":"Rose","selected":false,"image":"http:\/\/bellavida-resort.com\/wp-content\/uploads\/2024\/02\/rose.jpg","thumb":"http:\/\/bellavida-resort.com\/wp-content\/uploads\/2024\/02\/rose.jpg","tempId":"aco_856","image_id":2714,"thumb_src":"https:\/\/bellavida-resort.com\/wp-content\/uploads\/2024\/02\/rose.jpg","gt_translate_keys":["label"]},{"label":"White wine","value":"White wine","selected":false,"image":"http:\/\/bellavida-resort.com\/wp-content\/uploads\/2024\/02\/white-wine.jpg","thumb":"http:\/\/bellavida-resort.com\/wp-content\/uploads\/2024\/02\/white-wine.jpg","tempId":"aco_1380","image_id":2708,"thumb_src":"https:\/\/bellavida-resort.com\/wp-content\/uploads\/2024\/02\/white-wine.jpg","gt_translate_keys":["label"]},{"label":"Red wine","value":"Red wine","selected":false,"image":"http:\/\/bellavida-resort.com\/wp-content\/uploads\/2024\/02\/red-wine.jpg","thumb":"http:\/\/bellavida-resort.com\/wp-content\/uploads\/2024\/02\/red-wine.jpg","tempId":"aco_857","image_id":2720,"thumb_src":"https:\/\/bellavida-resort.com\/wp-content\/uploads\/2024\/02\/red-wine.jpg","gt_translate_keys":["label"]}],"disp_size_img":{"width":75,"height":75},"error":false,"enableDesign":false,"LabelColor":"","DescColor":"","DescSize":"","LabelSize":"","gt_translate_keys":["label"],"price_dependency":false,"cl_dependency":false,"value":""}]]}},"config":{"price_override":"","enable_recaptcha":false,"bind_quantity":false,"quantity_bind_formula":false,"disp_summ_show_option_price":true,"disp_summ_show_product_price":true,"disp_summ_show_total_price":true,"disp_summ_show_fee":false,"disp_summ_show_discount":false,"summary_title":"","options_total_label":"Options Price","total_label":"Total","options_product_label":"Product Price","fee_label":"Fee","discount_label":"Discount","has_price":true,"has_quantity_formula":false},"mc_unit":1,"tax_rate":1,"tax_rate_real":1,"discount":{"percentage":0,"fixed":0},"design":{"conf":{"LabelPosition":"above","DescPosition":"above","UploadField":"custom_1","QuantityFieldStyle":"default"},"css":{"LeftLabelWidth":"120px"}},"formulas":[],"clones":false,"cartKey":false}},"_links":{"self":[{"href":"https:\/\/bellavida-resort.com\/fr\/wp-json\/wp\/v2\/product\/3572","targetHints":{"allow":["GET"]}}],"collection":[{"href":"https:\/\/bellavida-resort.com\/fr\/wp-json\/wp\/v2\/product"}],"about":[{"href":"https:\/\/bellavida-resort.com\/fr\/wp-json\/wp\/v2\/types\/product"}],"replies":[{"embeddable":true,"href":"https:\/\/bellavida-resort.com\/fr\/wp-json\/wp\/v2\/comments?post=3572"}],"wp:featuredmedia":[{"embeddable":true,"href":"https:\/\/bellavida-resort.com\/fr\/wp-json\/wp\/v2\/media\/2746"}],"wp:attachment":[{"href":"https:\/\/bellavida-resort.com\/fr\/wp-json\/wp\/v2\/media?parent=3572"}],"wp:term":[{"taxonomy":"product_brand","embeddable":true,"href":"https:\/\/bellavida-resort.com\/fr\/wp-json\/wp\/v2\/product_brand?post=3572"},{"taxonomy":"product_cat","embeddable":true,"href":"https:\/\/bellavida-resort.com\/fr\/wp-json\/wp\/v2\/product_cat?post=3572"},{"taxonomy":"product_tag","embeddable":true,"href":"https:\/\/bellavida-resort.com\/fr\/wp-json\/wp\/v2\/product_tag?post=3572"}],"curies":[{"name":"wp","href":"https:\/\/api.w.org\/{rel}","templated":true}]}}