{"id":3570,"date":"2024-02-01T09:09:27","date_gmt":"2024-02-01T09:09:27","guid":{"rendered":"https:\/\/bellavida-resort.com\/product\/excursion-dune-journee-a-uluwatu\/"},"modified":"2026-02-25T08:42:02","modified_gmt":"2026-02-25T08:42:02","slug":"visit-uluwatu-temple","status":"publish","type":"product","link":"https:\/\/bellavida-resort.com\/fr\/produit\/visit-uluwatu-temple\/","title":{"rendered":"Excursion d&#8217;une journ\u00e9e \u00e0 Uluwatu"},"content":{"rendered":"<h3>Souffle d&#8217;eau \u00e0 Nusa Dua<\/h3>\n<p>Bali est un havre de paix pour les voyageurs, offrant une myriade d&#8217;attractions \u00e9tonnantes, des merveilles naturelles aux sites historiques en passant par des plages \u00e0 couper le souffle. L&#8217;une de ces attractions uniques est l&#8217;envo\u00fbtant Water Blow \u00e0 Nusa Dua. Cette destination extraordinaire se distingue par l&#8217;incroyable ph\u00e9nom\u00e8ne des vagues qui s&#8217;\u00e9crasent contre les rochers, cr\u00e9ant une symphonie de sons et d&#8217;\u00e9claboussures spectaculaires, le tout avec pour toile de fond le magnifique littoral du sud de Bali. La visite de ce site promet une exp\u00e9rience vraiment unique, qui rendra vos vacances \u00e0 Bali encore plus m\u00e9morables.   <\/p>\n<h3>Garuda Wisnu Kencana<\/h3>\n<p>Garuda Wisnu Kencana, situ\u00e9 \u00e0 Bali, est un parc culturel majestueux qui abrite la statue embl\u00e9matique du Seigneur Vishnu et de l&#8217;oiseau mythique Garuda. Cette sculpture colossale mesure 121 m\u00e8tres de haut, ce qui en fait l&#8217;une des plus hautes du monde. Symbole de l&#8217;art et de la spiritualit\u00e9 indon\u00e9siens, elle attire les visiteurs par sa beaut\u00e9 \u00e0 couper le souffle et sa signification culturelle. Le GWK offre un m\u00e9lange captivant d&#8217;art, d&#8217;histoire et de spiritualit\u00e9 au c\u0153ur de Bali.   <\/p>\n<h3>Plage de Pandawa<\/h3>\n<p>La plage de Pandawa, nich\u00e9e sur la c\u00f4te sud de Bali, est un joyau cach\u00e9 connu pour son sable blanc immacul\u00e9 et ses eaux cristallines. Autrefois secr\u00e8te, cette plage est aujourd&#8217;hui une destination populaire pour les bains de soleil et les sports nautiques. La plage est encadr\u00e9e par d&#8217;imposantes falaises de calcaire et offre une atmosph\u00e8re tranquille, ce qui en fait un lieu id\u00e9al pour une journ\u00e9e de d\u00e9tente au paradis. La plage de Pandawa est souvent surnomm\u00e9e la &#8220;plage secr\u00e8te&#8221; de Bali en raison de sa situation isol\u00e9e et de son charme.   <\/p>\n<h3>Temple d&#8217;Uluwatu<\/h3>\n<p>Le temple d&#8217;Uluwatu, perch\u00e9 sur une falaise spectaculaire surplombant l&#8217;oc\u00e9an Indien, est un temple balinais sacr\u00e9 connu pour ses vues imprenables sur le coucher de soleil. Le temple est une merveille architecturale et a pour mission de prot\u00e9ger l&#8217;\u00eele des mauvais esprits. Les visiteurs peuvent assister \u00e0 de captivants spectacles de danse Kecak dans l&#8217;enceinte du temple, ce qui ajoute \u00e0 la richesse culturelle de l&#8217;exp\u00e9rience. Le temple d&#8217;Uluwatu offre \u00e0 la fois une signification spirituelle et un paysage \u00e0 couper le souffle, ce qui en fait une destination incontournable \u00e0 Bali.   <\/p>\n<h3>Regardez le spectacle de danse Kecak et de danse du feu<\/h3>\n<p>Assister au spectacle de la danse Kecak et de la danse du feu est une exp\u00e9rience culturelle envo\u00fbtante \u00e0 Bali. Cette danse traditionnelle balinaise raconte l&#8217;\u00e9pop\u00e9e du Ramayana \u00e0 travers des chants rythm\u00e9s et des mouvements captivants. Le clou du spectacle est la danse du feu, o\u00f9 les artistes dansent sur des charbons ardents sans se blesser, laissant le public bouche b\u00e9e. Ne manquez pas ce spectacle enchanteur pour vous immerger dans le riche patrimoine culturel de Bali.   <\/p>\n<h3>Excursions d&#8217;une journ\u00e9e \u00e0 Uluwatu :<\/h3>\n<ul>\n<li>10:00 &#8211; Prise en charge \u00e0 l&#8217;h\u00f4tel<\/li>\n<li>11.00 &#8211; Souffle d&#8217;eau \u00e0 Nusa Dua<\/li>\n<li>12.00 &#8211; Garuda Wisnu Kencana<\/li>\n<li>13.30 &#8211; D\u00e9jeuner<\/li>\n<li>14.45 &#8211; Plage de Pandawa<\/li>\n<li>17.00 &#8211; Temple d&#8217;Uluwatu<\/li>\n<li>18.00 &#8211; Spectacle de danse Kecak et de danse du feu<\/li>\n<li>19.00 &#8211; Retour \u00e0 l&#8217;h\u00f4tel<\/li>\n<li>20.00 &#8211; Arriv\u00e9e \u00e0 l&#8217;h\u00f4tel<\/li>\n<\/ul>\n<p><em>*Le prix n&#8217;inclut pas le d\u00e9jeuner et les droits d&#8217;entr\u00e9e.<\/em><\/p>\n<h3>Journ\u00e9e compl\u00e8te \u00e0 Uluwatu Prix :<\/h3>\n<p>La visite que nous vous proposons est une visite priv\u00e9e.<\/p>\n","protected":false},"excerpt":{"rendered":"<p>Explorez les merveilles naturelles et les tr\u00e9sors culturels de Bali gr\u00e2ce \u00e0 notre voyage organis\u00e9 exclusif. D\u00e9couvrez l&#8217;\u00e9poustouflant Water Blow Nusa Dua, admirez la majestueuse statue de Garuda Wisnu Kencana, d\u00e9tendez-vous \u00e0 la plage de Pandawa et impr\u00e9gnez-vous de la beaut\u00e9 ancienne du temple d&#8217;Uluwatu. Pour couronner le tout, assistez \u00e0 l&#8217;envo\u00fbtant spectacle de danse Kecak et de danse du feu pour un voyage inoubliable \u00e0 travers les paysages captivants et le riche patrimoine de Bali.  <\/p>\n","protected":false},"featured_media":2476,"comment_status":"open","ping_status":"closed","template":"","meta":{"inline_featured_image":false},"product_brand":[],"product_cat":[166],"product_tag":[168,167,311],"class_list":{"0":"post-3570","1":"product","2":"type-product","3":"status-publish","4":"has-post-thumbnail","6":"product_cat-activites","7":"product_tag-activite","8":"product_tag-bali-fr","9":"product_tag-excursion-dune-journee","10":"wcpa_has_options","12":"first","13":"instock","14":"shipping-taxable","15":"purchasable","16":"product-type-simple"},"yoast_head":"<!-- This site is optimized with the Yoast SEO plugin v27.4 - https:\/\/yoast.com\/product\/yoast-seo-wordpress\/ -->\n<title>Excursion d&#039;une journ\u00e9e \u00e0 Uluwatu - Bella Vida resort, Uluwatu<\/title>\n<meta name=\"robots\" content=\"index, follow, max-snippet:-1, max-image-preview:large, max-video-preview:-1\" \/>\n<link rel=\"canonical\" href=\"https:\/\/bellavida-resort.com\/produit\/visit-uluwatu-temple\/\" \/>\n<meta property=\"og:locale\" content=\"fr_FR\" \/>\n<meta property=\"og:type\" content=\"article\" \/>\n<meta property=\"og:title\" content=\"Excursion d&#039;une journ\u00e9e \u00e0 Uluwatu - Bella Vida resort, Uluwatu\" \/>\n<meta property=\"og:description\" content=\"Explorez les merveilles naturelles et les tr\u00e9sors culturels de Bali gr\u00e2ce \u00e0 notre voyage organis\u00e9 exclusif. D\u00e9couvrez l&#039;\u00e9poustouflant Water Blow Nusa Dua, admirez la majestueuse statue de Garuda Wisnu Kencana, d\u00e9tendez-vous \u00e0 la plage de Pandawa et impr\u00e9gnez-vous de la beaut\u00e9 ancienne du temple d&#039;Uluwatu. Pour couronner le tout, assistez \u00e0 l&#039;envo\u00fbtant spectacle de danse Kecak et de danse du feu pour un voyage inoubliable \u00e0 travers les paysages captivants et le riche patrimoine de Bali.\" \/>\n<meta property=\"og:url\" content=\"https:\/\/bellavida-resort.com\/produit\/visit-uluwatu-temple\/\" \/>\n<meta property=\"og:site_name\" content=\"Bella Vida resort, Uluwatu\" \/>\n<meta property=\"article:publisher\" content=\"https:\/\/www.facebook.com\/profile.php?id=61584197150341\" \/>\n<meta property=\"article:modified_time\" content=\"2026-02-25T08:42:02+00:00\" \/>\n<meta property=\"og:image\" content=\"https:\/\/bellavida-resort.com\/wp-content\/uploads\/2019\/09\/Uluwatu-Temple.jpg\" \/>\n\t<meta property=\"og:image:width\" content=\"1600\" \/>\n\t<meta property=\"og:image:height\" content=\"1198\" \/>\n\t<meta property=\"og:image:type\" content=\"image\/jpeg\" \/>\n<meta name=\"twitter:card\" content=\"summary_large_image\" \/>\n<meta name=\"twitter:label1\" content=\"Dur\u00e9e de lecture estim\u00e9e\" \/>\n\t<meta name=\"twitter:data1\" content=\"3 minutes\" \/>\n<script type=\"application\/ld+json\" class=\"yoast-schema-graph\">{\"@context\":\"https:\\\/\\\/schema.org\",\"@graph\":[{\"@type\":\"WebPage\",\"@id\":\"https:\\\/\\\/bellavida-resort.com\\\/produit\\\/visit-uluwatu-temple\\\/\",\"url\":\"https:\\\/\\\/bellavida-resort.com\\\/produit\\\/visit-uluwatu-temple\\\/\",\"name\":\"Excursion d'une journ\u00e9e \u00e0 Uluwatu - Bella Vida resort, Uluwatu\",\"isPartOf\":{\"@id\":\"https:\\\/\\\/bellavida-resort.com\\\/#website\"},\"primaryImageOfPage\":{\"@id\":\"https:\\\/\\\/bellavida-resort.com\\\/produit\\\/visit-uluwatu-temple\\\/#primaryimage\"},\"image\":{\"@id\":\"https:\\\/\\\/bellavida-resort.com\\\/produit\\\/visit-uluwatu-temple\\\/#primaryimage\"},\"thumbnailUrl\":\"https:\\\/\\\/bellavida-resort.com\\\/wp-content\\\/uploads\\\/2019\\\/09\\\/Uluwatu-Temple.jpg\",\"datePublished\":\"2024-02-01T09:09:27+00:00\",\"dateModified\":\"2026-02-25T08:42:02+00:00\",\"breadcrumb\":{\"@id\":\"https:\\\/\\\/bellavida-resort.com\\\/produit\\\/visit-uluwatu-temple\\\/#breadcrumb\"},\"inLanguage\":\"fr-FR\",\"potentialAction\":[{\"@type\":\"ReadAction\",\"target\":[\"https:\\\/\\\/bellavida-resort.com\\\/produit\\\/visit-uluwatu-temple\\\/\"]}]},{\"@type\":\"ImageObject\",\"inLanguage\":\"fr-FR\",\"@id\":\"https:\\\/\\\/bellavida-resort.com\\\/produit\\\/visit-uluwatu-temple\\\/#primaryimage\",\"url\":\"https:\\\/\\\/bellavida-resort.com\\\/wp-content\\\/uploads\\\/2019\\\/09\\\/Uluwatu-Temple.jpg\",\"contentUrl\":\"https:\\\/\\\/bellavida-resort.com\\\/wp-content\\\/uploads\\\/2019\\\/09\\\/Uluwatu-Temple.jpg\",\"width\":1600,\"height\":1198,\"caption\":\"Les points forts de Bali au Bella Vida resort Uluwatu\"},{\"@type\":\"BreadcrumbList\",\"@id\":\"https:\\\/\\\/bellavida-resort.com\\\/produit\\\/visit-uluwatu-temple\\\/#breadcrumb\",\"itemListElement\":[{\"@type\":\"ListItem\",\"position\":1,\"name\":\"Home\",\"item\":\"https:\\\/\\\/bellavida-resort.com\\\/fr\\\/\"},{\"@type\":\"ListItem\",\"position\":2,\"name\":\"Boutique\",\"item\":\"https:\\\/\\\/bellavida-resort.com\\\/fr\\\/boutique\\\/\"},{\"@type\":\"ListItem\",\"position\":3,\"name\":\"Excursion d&#8217;une journ\u00e9e \u00e0 Uluwatu\"}]},{\"@type\":\"WebSite\",\"@id\":\"https:\\\/\\\/bellavida-resort.com\\\/#website\",\"url\":\"https:\\\/\\\/bellavida-resort.com\\\/\",\"name\":\"Bella Vida resort, Uluwatu Bali\",\"description\":\"The best luxury resort in Bingin\",\"publisher\":{\"@id\":\"https:\\\/\\\/bellavida-resort.com\\\/#organization\"},\"potentialAction\":[{\"@type\":\"SearchAction\",\"target\":{\"@type\":\"EntryPoint\",\"urlTemplate\":\"https:\\\/\\\/bellavida-resort.com\\\/?s={search_term_string}\"},\"query-input\":{\"@type\":\"PropertyValueSpecification\",\"valueRequired\":true,\"valueName\":\"search_term_string\"}}],\"inLanguage\":\"fr-FR\"},{\"@type\":\"Organization\",\"@id\":\"https:\\\/\\\/bellavida-resort.com\\\/#organization\",\"name\":\"Bella Vida Resort\",\"url\":\"https:\\\/\\\/bellavida-resort.com\\\/\",\"logo\":{\"@type\":\"ImageObject\",\"inLanguage\":\"fr-FR\",\"@id\":\"https:\\\/\\\/bellavida-resort.com\\\/#\\\/schema\\\/logo\\\/image\\\/\",\"url\":\"https:\\\/\\\/bellavida-resort.com\\\/wp-content\\\/uploads\\\/2025\\\/10\\\/cropped-Epson-logo-printer.jpg\",\"contentUrl\":\"https:\\\/\\\/bellavida-resort.com\\\/wp-content\\\/uploads\\\/2025\\\/10\\\/cropped-Epson-logo-printer.jpg\",\"width\":1200,\"height\":313,\"caption\":\"Bella Vida Resort\"},\"image\":{\"@id\":\"https:\\\/\\\/bellavida-resort.com\\\/#\\\/schema\\\/logo\\\/image\\\/\"},\"sameAs\":[\"https:\\\/\\\/www.facebook.com\\\/profile.php?id=61584197150341\",\"https:\\\/\\\/www.instagram.com\\\/bellavidaresortbali\\\/\"]}]}<\/script>\n<!-- \/ Yoast SEO plugin. -->","yoast_head_json":{"title":"Excursion d'une journ\u00e9e \u00e0 Uluwatu - Bella Vida resort, Uluwatu","robots":{"index":"index","follow":"follow","max-snippet":"max-snippet:-1","max-image-preview":"max-image-preview:large","max-video-preview":"max-video-preview:-1"},"canonical":"https:\/\/bellavida-resort.com\/produit\/visit-uluwatu-temple\/","og_locale":"fr_FR","og_type":"article","og_title":"Excursion d'une journ\u00e9e \u00e0 Uluwatu - Bella Vida resort, Uluwatu","og_description":"Explorez les merveilles naturelles et les tr\u00e9sors culturels de Bali gr\u00e2ce \u00e0 notre voyage organis\u00e9 exclusif. D\u00e9couvrez l'\u00e9poustouflant Water Blow Nusa Dua, admirez la majestueuse statue de Garuda Wisnu Kencana, d\u00e9tendez-vous \u00e0 la plage de Pandawa et impr\u00e9gnez-vous de la beaut\u00e9 ancienne du temple d'Uluwatu. Pour couronner le tout, assistez \u00e0 l'envo\u00fbtant spectacle de danse Kecak et de danse du feu pour un voyage inoubliable \u00e0 travers les paysages captivants et le riche patrimoine de Bali.","og_url":"https:\/\/bellavida-resort.com\/produit\/visit-uluwatu-temple\/","og_site_name":"Bella Vida resort, Uluwatu","article_publisher":"https:\/\/www.facebook.com\/profile.php?id=61584197150341","article_modified_time":"2026-02-25T08:42:02+00:00","og_image":[{"width":1600,"height":1198,"url":"https:\/\/bellavida-resort.com\/wp-content\/uploads\/2019\/09\/Uluwatu-Temple.jpg","type":"image\/jpeg"}],"twitter_card":"summary_large_image","twitter_misc":{"Dur\u00e9e de lecture estim\u00e9e":"3 minutes"},"schema":{"@context":"https:\/\/schema.org","@graph":[{"@type":"WebPage","@id":"https:\/\/bellavida-resort.com\/produit\/visit-uluwatu-temple\/","url":"https:\/\/bellavida-resort.com\/produit\/visit-uluwatu-temple\/","name":"Excursion d'une journ\u00e9e \u00e0 Uluwatu - Bella Vida resort, Uluwatu","isPartOf":{"@id":"https:\/\/bellavida-resort.com\/#website"},"primaryImageOfPage":{"@id":"https:\/\/bellavida-resort.com\/produit\/visit-uluwatu-temple\/#primaryimage"},"image":{"@id":"https:\/\/bellavida-resort.com\/produit\/visit-uluwatu-temple\/#primaryimage"},"thumbnailUrl":"https:\/\/bellavida-resort.com\/wp-content\/uploads\/2019\/09\/Uluwatu-Temple.jpg","datePublished":"2024-02-01T09:09:27+00:00","dateModified":"2026-02-25T08:42:02+00:00","breadcrumb":{"@id":"https:\/\/bellavida-resort.com\/produit\/visit-uluwatu-temple\/#breadcrumb"},"inLanguage":"fr-FR","potentialAction":[{"@type":"ReadAction","target":["https:\/\/bellavida-resort.com\/produit\/visit-uluwatu-temple\/"]}]},{"@type":"ImageObject","inLanguage":"fr-FR","@id":"https:\/\/bellavida-resort.com\/produit\/visit-uluwatu-temple\/#primaryimage","url":"https:\/\/bellavida-resort.com\/wp-content\/uploads\/2019\/09\/Uluwatu-Temple.jpg","contentUrl":"https:\/\/bellavida-resort.com\/wp-content\/uploads\/2019\/09\/Uluwatu-Temple.jpg","width":1600,"height":1198,"caption":"Les points forts de Bali au Bella Vida resort Uluwatu"},{"@type":"BreadcrumbList","@id":"https:\/\/bellavida-resort.com\/produit\/visit-uluwatu-temple\/#breadcrumb","itemListElement":[{"@type":"ListItem","position":1,"name":"Home","item":"https:\/\/bellavida-resort.com\/fr\/"},{"@type":"ListItem","position":2,"name":"Boutique","item":"https:\/\/bellavida-resort.com\/fr\/boutique\/"},{"@type":"ListItem","position":3,"name":"Excursion d&#8217;une journ\u00e9e \u00e0 Uluwatu"}]},{"@type":"WebSite","@id":"https:\/\/bellavida-resort.com\/#website","url":"https:\/\/bellavida-resort.com\/","name":"Bella Vida resort, Uluwatu Bali","description":"The best luxury resort in Bingin","publisher":{"@id":"https:\/\/bellavida-resort.com\/#organization"},"potentialAction":[{"@type":"SearchAction","target":{"@type":"EntryPoint","urlTemplate":"https:\/\/bellavida-resort.com\/?s={search_term_string}"},"query-input":{"@type":"PropertyValueSpecification","valueRequired":true,"valueName":"search_term_string"}}],"inLanguage":"fr-FR"},{"@type":"Organization","@id":"https:\/\/bellavida-resort.com\/#organization","name":"Bella Vida Resort","url":"https:\/\/bellavida-resort.com\/","logo":{"@type":"ImageObject","inLanguage":"fr-FR","@id":"https:\/\/bellavida-resort.com\/#\/schema\/logo\/image\/","url":"https:\/\/bellavida-resort.com\/wp-content\/uploads\/2025\/10\/cropped-Epson-logo-printer.jpg","contentUrl":"https:\/\/bellavida-resort.com\/wp-content\/uploads\/2025\/10\/cropped-Epson-logo-printer.jpg","width":1200,"height":313,"caption":"Bella Vida Resort"},"image":{"@id":"https:\/\/bellavida-resort.com\/#\/schema\/logo\/image\/"},"sameAs":["https:\/\/www.facebook.com\/profile.php?id=61584197150341","https:\/\/www.instagram.com\/bellavidaresortbali\/"]}]}},"wcpa_form_fields":{"wcpaData":{"product":{"product_price":1350000,"price_html":"<span class=\"woocommerce-Price-amount amount\"><bdi><span class=\"woocommerce-Price-currencySymbol\">Rp<\/span>1.350.000<\/bdi><\/span>","original_product_price":1350000,"price_including_tax":1350000,"price_excluding_tax":1350000,"product_id":{"parent":3570,"variation":false},"is_variable":false,"stock_status":"instock","stock_quantity":null,"parent_sku":"full day Uluwatu tour","product_attributes":[],"custom_fields":[],"is_taxable":false,"product_name":"Excursion d'une journ\u00e9e \u00e0 Uluwatu"},"fields":{"sec_065bfae3d35176":{"extra":{"key":"sec_065bfae3d35176","section_id":"sec_065bfae3d35176","name":"Default","status":1,"cl_rule":"show","enableCl":false,"relations":[],"toggle":true,"title_tag":"h3","show_title":false,"showPrice":"default","form_id":4896,"form_rules":{"exclude_from_discount":false,"fee_label":"Fee","disp_hide_options_price":false,"disp_show_section_price":false,"disp_show_field_price":true,"layout_option":"standard","pric_use_as_fee":false,"process_fee_as":"woo_fee"},"layout_option":"standard"},"fields":[[{"active":true,"col":3,"relations":false,"cl_rule":"show","enableCl":false,"price":"","enablePrice":false,"className":"","label_position":"default","desc_position":"default","type":"text","subtype":"text","required":true,"elementId":"text_1240273600","label":"Booking number","name":"text_1240273600","value":"","error":false,"gt_translate_keys":["label","value"],"price_dependency":false,"cl_dependency":false}],[{"active":true,"col":3,"relations":false,"cl_rule":"show","enableCl":false,"price":"","enablePrice":false,"className":"","label_position":"default","desc_position":"default","type":"date","required":true,"elementId":"date_3601660151","name":"date_3601660151","label":"Date Field","picker_type":"custom","picker_mode":"single","error":false,"gt_translate_keys":["label"],"price_dependency":false,"cl_dependency":false,"value":""}]]}},"config":{"price_override":"","enable_recaptcha":false,"bind_quantity":false,"quantity_bind_formula":false,"disp_summ_show_option_price":true,"disp_summ_show_product_price":true,"disp_summ_show_total_price":true,"disp_summ_show_fee":false,"disp_summ_show_discount":false,"summary_title":"","options_total_label":"Options Price","total_label":"Total","options_product_label":"Product Price","fee_label":"Fee","discount_label":"Discount","has_price":true,"has_quantity_formula":false},"mc_unit":1,"tax_rate":1,"tax_rate_real":1,"discount":{"percentage":0,"fixed":0},"design":{"conf":{"LabelPosition":"above","DescPosition":"above","UploadField":"custom_1","QuantityFieldStyle":"default"},"css":{"LeftLabelWidth":"120px"}},"formulas":[],"clones":false,"cartKey":false}},"_links":{"self":[{"href":"https:\/\/bellavida-resort.com\/fr\/wp-json\/wp\/v2\/product\/3570","targetHints":{"allow":["GET"]}}],"collection":[{"href":"https:\/\/bellavida-resort.com\/fr\/wp-json\/wp\/v2\/product"}],"about":[{"href":"https:\/\/bellavida-resort.com\/fr\/wp-json\/wp\/v2\/types\/product"}],"replies":[{"embeddable":true,"href":"https:\/\/bellavida-resort.com\/fr\/wp-json\/wp\/v2\/comments?post=3570"}],"wp:featuredmedia":[{"embeddable":true,"href":"https:\/\/bellavida-resort.com\/fr\/wp-json\/wp\/v2\/media\/2476"}],"wp:attachment":[{"href":"https:\/\/bellavida-resort.com\/fr\/wp-json\/wp\/v2\/media?parent=3570"}],"wp:term":[{"taxonomy":"product_brand","embeddable":true,"href":"https:\/\/bellavida-resort.com\/fr\/wp-json\/wp\/v2\/product_brand?post=3570"},{"taxonomy":"product_cat","embeddable":true,"href":"https:\/\/bellavida-resort.com\/fr\/wp-json\/wp\/v2\/product_cat?post=3570"},{"taxonomy":"product_tag","embeddable":true,"href":"https:\/\/bellavida-resort.com\/fr\/wp-json\/wp\/v2\/product_tag?post=3570"}],"curies":[{"name":"wp","href":"https:\/\/api.w.org\/{rel}","templated":true}]}}