{"id":3415,"date":"2024-02-01T14:25:59","date_gmt":"2024-02-01T14:25:59","guid":{"rendered":"https:\/\/bellavida-resort.com\/product\/visite-de-la-plage-de-bingin\/"},"modified":"2026-02-25T08:41:51","modified_gmt":"2026-02-25T08:41:51","slug":"visit-uluwatu-temple-kopie","status":"publish","type":"product","link":"https:\/\/bellavida-resort.com\/fr\/produit\/visit-uluwatu-temple-kopie\/","title":{"rendered":"Visite de la plage de Bingin"},"content":{"rendered":"<h2>Pourquoi Bingin Beach ?<\/h2>\n<p>Bali est r\u00e9put\u00e9e pour ses plages \u00e0 couper le souffle, ses paysages luxuriants et sa culture dynamique. Mais au milieu des sites touristiques anim\u00e9s, il existe des joyaux cach\u00e9s qui ne demandent qu&#8217;\u00e0 \u00eatre d\u00e9couverts. L&#8217;un de ces tr\u00e9sors est la plage de Bingin, une retraite tranquille et sereine situ\u00e9e sur la c\u00f4te sud-ouest de Bali.<\/p>\n<h3>La tranquillit\u00e9 de la plage de Bingin<\/h3>\n<p>Situ\u00e9e pr\u00e8s d&#8217;Uluwatu, la plage de Bingin est un v\u00e9ritable paradis pour les voyageurs en qu\u00eate de paix et de s\u00e9r\u00e9nit\u00e9. Cette plage isol\u00e9e est entour\u00e9e de falaises impressionnantes et ses eaux cristallines invitent \u00e0 des baignades rafra\u00eechissantes et relaxantes. La plage est \u00e9galement connue pour ses excellentes conditions de surf, ce qui en fait un lieu de pr\u00e9dilection pour les surfeurs du monde entier.<\/p>\n<h3>Une retraite exclusive : Villa Resort Bella Vida<\/h3>\n<p>Si vous d\u00e9cidez de visiter la plage de Bingin, l&#8217;h\u00f4tel Villa Resort Bella Vida est le choix id\u00e9al. Ce complexe exclusif propose un h\u00e9bergement luxueux et des \u00e9quipements de premi\u00e8re classe, tous con\u00e7us pour rendre votre s\u00e9jour inoubliable.<\/p>\n<h3>Un service personnalis\u00e9 de premier ordre<\/h3>\n<p>L&#8217;un des plus grands avantages d&#8217;un s\u00e9jour \u00e0 la Villa Resort Bella Vida est le service personnalis\u00e9 offert. Le personnel amical et d\u00e9vou\u00e9 est toujours pr\u00eat \u00e0 r\u00e9pondre \u00e0 vos besoins, qu&#8217;il s&#8217;agisse d&#8217;organiser des excursions vers les attractions voisines, de r\u00e9server des le\u00e7ons de surf ou d&#8217;organiser un d\u00eener romantique en bord de mer.<\/p>\n<h3>Un emplacement pratique<\/h3>\n<p>En outre, la Villa Resort Bella Vida est id\u00e9alement situ\u00e9e \u00e0 proximit\u00e9 de certaines des meilleures attractions de Bali. Du majestueux temple d&#8217;Uluwatu aux march\u00e9s de rue anim\u00e9s de Jimbaran, il y a beaucoup \u00e0 d\u00e9couvrir et \u00e0 explorer dans la r\u00e9gion.<\/p>\n<h3>Conclusion : Une exp\u00e9rience inoubliable<\/h3>\n<p>En conclusion, Bingin Beach est une destination \u00e0 ne pas manquer lors de votre voyage \u00e0 Bali. Et avec la Villa Resort Bella Vida comme base, vous \u00eates assur\u00e9 de vivre une exp\u00e9rience inoubliable. R\u00e9servez votre s\u00e9jour d\u00e8s aujourd&#8217;hui et d\u00e9couvrez la magie de la plage de Bingin avec la Villa Resort Bella Vida.<\/p>\n","protected":false},"excerpt":{"rendered":"<p><span class=\"HwtZe\" lang=\"en\"><span class=\"jCAhz ChMk0b\"><span class=\"ryNqvb\">\u00c9chappez aux foules : D\u00e9couvrez la tranquillit\u00e9 de la plage de Bingin \u00e0 Bali avec le centre de vill\u00e9giature Bella VIda.<\/span><\/span><\/span><\/p>\n","protected":false},"featured_media":2171,"comment_status":"open","ping_status":"closed","template":"","meta":{"inline_featured_image":false},"product_brand":[],"product_cat":[166],"product_tag":[168,167],"class_list":{"0":"post-3415","1":"product","2":"type-product","3":"status-publish","4":"has-post-thumbnail","6":"product_cat-activites","7":"product_tag-activite","8":"product_tag-bali-fr","9":"wcpa_has_options","11":"first","12":"instock","13":"shipping-taxable","14":"purchasable","15":"product-type-simple"},"yoast_head":"<!-- This site is optimized with the Yoast SEO plugin v27.4 - https:\/\/yoast.com\/product\/yoast-seo-wordpress\/ -->\n<title>Visite de la plage de Bingin - Bella Vida resort, Uluwatu<\/title>\n<meta name=\"robots\" content=\"index, follow, max-snippet:-1, max-image-preview:large, max-video-preview:-1\" \/>\n<link rel=\"canonical\" href=\"https:\/\/bellavida-resort.com\/fr\/produit\/visit-uluwatu-temple-kopie\/\" \/>\n<meta property=\"og:locale\" content=\"fr_FR\" \/>\n<meta property=\"og:type\" content=\"article\" \/>\n<meta property=\"og:title\" content=\"Visite de la plage de Bingin - Bella Vida resort, Uluwatu\" \/>\n<meta property=\"og:description\" content=\"\u00c9chappez aux foules : D\u00e9couvrez la tranquillit\u00e9 de la plage de Bingin \u00e0 Bali avec le centre de vill\u00e9giature Bella VIda.\" \/>\n<meta property=\"og:url\" content=\"https:\/\/bellavida-resort.com\/fr\/produit\/visit-uluwatu-temple-kopie\/\" \/>\n<meta property=\"og:site_name\" content=\"Bella Vida resort, Uluwatu\" \/>\n<meta property=\"article:publisher\" content=\"https:\/\/www.facebook.com\/profile.php?id=61584197150341\" \/>\n<meta property=\"article:modified_time\" content=\"2026-02-25T08:41:51+00:00\" \/>\n<meta property=\"og:image\" content=\"https:\/\/bellavida-resort.com\/wp-content\/uploads\/2019\/10\/Free-Exciting-City-Tour.jpg\" \/>\n\t<meta property=\"og:image:width\" content=\"1600\" \/>\n\t<meta property=\"og:image:height\" content=\"1600\" \/>\n\t<meta property=\"og:image:type\" content=\"image\/jpeg\" \/>\n<meta name=\"twitter:card\" content=\"summary_large_image\" \/>\n<meta name=\"twitter:label1\" content=\"Dur\u00e9e de lecture estim\u00e9e\" \/>\n\t<meta name=\"twitter:data1\" content=\"2 minutes\" \/>\n<script type=\"application\/ld+json\" class=\"yoast-schema-graph\">{\"@context\":\"https:\\\/\\\/schema.org\",\"@graph\":[{\"@type\":\"WebPage\",\"@id\":\"https:\\\/\\\/bellavida-resort.com\\\/fr\\\/produit\\\/visit-uluwatu-temple-kopie\\\/\",\"url\":\"https:\\\/\\\/bellavida-resort.com\\\/fr\\\/produit\\\/visit-uluwatu-temple-kopie\\\/\",\"name\":\"Visite de la plage de Bingin - Bella Vida resort, Uluwatu\",\"isPartOf\":{\"@id\":\"https:\\\/\\\/bellavida-resort.com\\\/#website\"},\"primaryImageOfPage\":{\"@id\":\"https:\\\/\\\/bellavida-resort.com\\\/fr\\\/produit\\\/visit-uluwatu-temple-kopie\\\/#primaryimage\"},\"image\":{\"@id\":\"https:\\\/\\\/bellavida-resort.com\\\/fr\\\/produit\\\/visit-uluwatu-temple-kopie\\\/#primaryimage\"},\"thumbnailUrl\":\"https:\\\/\\\/bellavida-resort.com\\\/wp-content\\\/uploads\\\/2019\\\/10\\\/Free-Exciting-City-Tour.jpg\",\"datePublished\":\"2024-02-01T14:25:59+00:00\",\"dateModified\":\"2026-02-25T08:41:51+00:00\",\"breadcrumb\":{\"@id\":\"https:\\\/\\\/bellavida-resort.com\\\/fr\\\/produit\\\/visit-uluwatu-temple-kopie\\\/#breadcrumb\"},\"inLanguage\":\"fr-FR\",\"potentialAction\":[{\"@type\":\"ReadAction\",\"target\":[\"https:\\\/\\\/bellavida-resort.com\\\/fr\\\/produit\\\/visit-uluwatu-temple-kopie\\\/\"]}]},{\"@type\":\"ImageObject\",\"inLanguage\":\"fr-FR\",\"@id\":\"https:\\\/\\\/bellavida-resort.com\\\/fr\\\/produit\\\/visit-uluwatu-temple-kopie\\\/#primaryimage\",\"url\":\"https:\\\/\\\/bellavida-resort.com\\\/wp-content\\\/uploads\\\/2019\\\/10\\\/Free-Exciting-City-Tour.jpg\",\"contentUrl\":\"https:\\\/\\\/bellavida-resort.com\\\/wp-content\\\/uploads\\\/2019\\\/10\\\/Free-Exciting-City-Tour.jpg\",\"width\":1600,\"height\":1600},{\"@type\":\"BreadcrumbList\",\"@id\":\"https:\\\/\\\/bellavida-resort.com\\\/fr\\\/produit\\\/visit-uluwatu-temple-kopie\\\/#breadcrumb\",\"itemListElement\":[{\"@type\":\"ListItem\",\"position\":1,\"name\":\"Home\",\"item\":\"https:\\\/\\\/bellavida-resort.com\\\/fr\\\/\"},{\"@type\":\"ListItem\",\"position\":2,\"name\":\"Boutique\",\"item\":\"https:\\\/\\\/bellavida-resort.com\\\/fr\\\/boutique\\\/\"},{\"@type\":\"ListItem\",\"position\":3,\"name\":\"Visite de la plage de Bingin\"}]},{\"@type\":\"WebSite\",\"@id\":\"https:\\\/\\\/bellavida-resort.com\\\/#website\",\"url\":\"https:\\\/\\\/bellavida-resort.com\\\/\",\"name\":\"Bella Vida resort, Uluwatu Bali\",\"description\":\"The best luxury resort in Bingin\",\"publisher\":{\"@id\":\"https:\\\/\\\/bellavida-resort.com\\\/#organization\"},\"potentialAction\":[{\"@type\":\"SearchAction\",\"target\":{\"@type\":\"EntryPoint\",\"urlTemplate\":\"https:\\\/\\\/bellavida-resort.com\\\/?s={search_term_string}\"},\"query-input\":{\"@type\":\"PropertyValueSpecification\",\"valueRequired\":true,\"valueName\":\"search_term_string\"}}],\"inLanguage\":\"fr-FR\"},{\"@type\":\"Organization\",\"@id\":\"https:\\\/\\\/bellavida-resort.com\\\/#organization\",\"name\":\"Bella Vida Resort\",\"url\":\"https:\\\/\\\/bellavida-resort.com\\\/\",\"logo\":{\"@type\":\"ImageObject\",\"inLanguage\":\"fr-FR\",\"@id\":\"https:\\\/\\\/bellavida-resort.com\\\/#\\\/schema\\\/logo\\\/image\\\/\",\"url\":\"https:\\\/\\\/bellavida-resort.com\\\/wp-content\\\/uploads\\\/2025\\\/10\\\/cropped-Epson-logo-printer.jpg\",\"contentUrl\":\"https:\\\/\\\/bellavida-resort.com\\\/wp-content\\\/uploads\\\/2025\\\/10\\\/cropped-Epson-logo-printer.jpg\",\"width\":1200,\"height\":313,\"caption\":\"Bella Vida Resort\"},\"image\":{\"@id\":\"https:\\\/\\\/bellavida-resort.com\\\/#\\\/schema\\\/logo\\\/image\\\/\"},\"sameAs\":[\"https:\\\/\\\/www.facebook.com\\\/profile.php?id=61584197150341\",\"https:\\\/\\\/www.instagram.com\\\/bellavidaresortbali\\\/\"]}]}<\/script>\n<!-- \/ Yoast SEO plugin. -->","yoast_head_json":{"title":"Visite de la plage de Bingin - Bella Vida resort, Uluwatu","robots":{"index":"index","follow":"follow","max-snippet":"max-snippet:-1","max-image-preview":"max-image-preview:large","max-video-preview":"max-video-preview:-1"},"canonical":"https:\/\/bellavida-resort.com\/fr\/produit\/visit-uluwatu-temple-kopie\/","og_locale":"fr_FR","og_type":"article","og_title":"Visite de la plage de Bingin - Bella Vida resort, Uluwatu","og_description":"\u00c9chappez aux foules : D\u00e9couvrez la tranquillit\u00e9 de la plage de Bingin \u00e0 Bali avec le centre de vill\u00e9giature Bella VIda.","og_url":"https:\/\/bellavida-resort.com\/fr\/produit\/visit-uluwatu-temple-kopie\/","og_site_name":"Bella Vida resort, Uluwatu","article_publisher":"https:\/\/www.facebook.com\/profile.php?id=61584197150341","article_modified_time":"2026-02-25T08:41:51+00:00","og_image":[{"width":1600,"height":1600,"url":"https:\/\/bellavida-resort.com\/wp-content\/uploads\/2019\/10\/Free-Exciting-City-Tour.jpg","type":"image\/jpeg"}],"twitter_card":"summary_large_image","twitter_misc":{"Dur\u00e9e de lecture estim\u00e9e":"2 minutes"},"schema":{"@context":"https:\/\/schema.org","@graph":[{"@type":"WebPage","@id":"https:\/\/bellavida-resort.com\/fr\/produit\/visit-uluwatu-temple-kopie\/","url":"https:\/\/bellavida-resort.com\/fr\/produit\/visit-uluwatu-temple-kopie\/","name":"Visite de la plage de Bingin - Bella Vida resort, Uluwatu","isPartOf":{"@id":"https:\/\/bellavida-resort.com\/#website"},"primaryImageOfPage":{"@id":"https:\/\/bellavida-resort.com\/fr\/produit\/visit-uluwatu-temple-kopie\/#primaryimage"},"image":{"@id":"https:\/\/bellavida-resort.com\/fr\/produit\/visit-uluwatu-temple-kopie\/#primaryimage"},"thumbnailUrl":"https:\/\/bellavida-resort.com\/wp-content\/uploads\/2019\/10\/Free-Exciting-City-Tour.jpg","datePublished":"2024-02-01T14:25:59+00:00","dateModified":"2026-02-25T08:41:51+00:00","breadcrumb":{"@id":"https:\/\/bellavida-resort.com\/fr\/produit\/visit-uluwatu-temple-kopie\/#breadcrumb"},"inLanguage":"fr-FR","potentialAction":[{"@type":"ReadAction","target":["https:\/\/bellavida-resort.com\/fr\/produit\/visit-uluwatu-temple-kopie\/"]}]},{"@type":"ImageObject","inLanguage":"fr-FR","@id":"https:\/\/bellavida-resort.com\/fr\/produit\/visit-uluwatu-temple-kopie\/#primaryimage","url":"https:\/\/bellavida-resort.com\/wp-content\/uploads\/2019\/10\/Free-Exciting-City-Tour.jpg","contentUrl":"https:\/\/bellavida-resort.com\/wp-content\/uploads\/2019\/10\/Free-Exciting-City-Tour.jpg","width":1600,"height":1600},{"@type":"BreadcrumbList","@id":"https:\/\/bellavida-resort.com\/fr\/produit\/visit-uluwatu-temple-kopie\/#breadcrumb","itemListElement":[{"@type":"ListItem","position":1,"name":"Home","item":"https:\/\/bellavida-resort.com\/fr\/"},{"@type":"ListItem","position":2,"name":"Boutique","item":"https:\/\/bellavida-resort.com\/fr\/boutique\/"},{"@type":"ListItem","position":3,"name":"Visite de la plage de Bingin"}]},{"@type":"WebSite","@id":"https:\/\/bellavida-resort.com\/#website","url":"https:\/\/bellavida-resort.com\/","name":"Bella Vida resort, Uluwatu Bali","description":"The best luxury resort in Bingin","publisher":{"@id":"https:\/\/bellavida-resort.com\/#organization"},"potentialAction":[{"@type":"SearchAction","target":{"@type":"EntryPoint","urlTemplate":"https:\/\/bellavida-resort.com\/?s={search_term_string}"},"query-input":{"@type":"PropertyValueSpecification","valueRequired":true,"valueName":"search_term_string"}}],"inLanguage":"fr-FR"},{"@type":"Organization","@id":"https:\/\/bellavida-resort.com\/#organization","name":"Bella Vida Resort","url":"https:\/\/bellavida-resort.com\/","logo":{"@type":"ImageObject","inLanguage":"fr-FR","@id":"https:\/\/bellavida-resort.com\/#\/schema\/logo\/image\/","url":"https:\/\/bellavida-resort.com\/wp-content\/uploads\/2025\/10\/cropped-Epson-logo-printer.jpg","contentUrl":"https:\/\/bellavida-resort.com\/wp-content\/uploads\/2025\/10\/cropped-Epson-logo-printer.jpg","width":1200,"height":313,"caption":"Bella Vida Resort"},"image":{"@id":"https:\/\/bellavida-resort.com\/#\/schema\/logo\/image\/"},"sameAs":["https:\/\/www.facebook.com\/profile.php?id=61584197150341","https:\/\/www.instagram.com\/bellavidaresortbali\/"]}]}},"wcpa_form_fields":{"wcpaData":{"product":{"product_price":850000,"price_html":"<span class=\"woocommerce-Price-amount amount\"><bdi><span class=\"woocommerce-Price-currencySymbol\">Rp<\/span>850.000<\/bdi><\/span>","original_product_price":850000,"price_including_tax":850000,"price_excluding_tax":850000,"product_id":{"parent":3415,"variation":false},"is_variable":false,"stock_status":"instock","stock_quantity":null,"parent_sku":"Bingin Beach","product_attributes":[],"custom_fields":[],"is_taxable":false,"product_name":"Visite de la plage de Bingin"},"fields":{"sec_065bfae3d35176":{"extra":{"key":"sec_065bfae3d35176","section_id":"sec_065bfae3d35176","name":"Default","status":1,"cl_rule":"show","enableCl":false,"relations":[],"toggle":true,"title_tag":"h3","show_title":false,"showPrice":"default","form_id":4896,"form_rules":{"exclude_from_discount":false,"fee_label":"Fee","disp_hide_options_price":false,"disp_show_section_price":false,"disp_show_field_price":true,"layout_option":"standard","pric_use_as_fee":false,"process_fee_as":"woo_fee"},"layout_option":"standard"},"fields":[[{"active":true,"col":3,"relations":false,"cl_rule":"show","enableCl":false,"price":"","enablePrice":false,"className":"","label_position":"default","desc_position":"default","type":"text","subtype":"text","required":true,"elementId":"text_1240273600","label":"Booking number","name":"text_1240273600","value":"","error":false,"gt_translate_keys":["label","value"],"price_dependency":false,"cl_dependency":false}],[{"active":true,"col":3,"relations":false,"cl_rule":"show","enableCl":false,"price":"","enablePrice":false,"className":"","label_position":"default","desc_position":"default","type":"date","required":true,"elementId":"date_3601660151","name":"date_3601660151","label":"Date Field","picker_type":"custom","picker_mode":"single","error":false,"gt_translate_keys":["label"],"price_dependency":false,"cl_dependency":false,"value":""}]]}},"config":{"price_override":"","enable_recaptcha":false,"bind_quantity":false,"quantity_bind_formula":false,"disp_summ_show_option_price":true,"disp_summ_show_product_price":true,"disp_summ_show_total_price":true,"disp_summ_show_fee":false,"disp_summ_show_discount":false,"summary_title":"","options_total_label":"Options Price","total_label":"Total","options_product_label":"Product Price","fee_label":"Fee","discount_label":"Discount","has_price":true,"has_quantity_formula":false},"mc_unit":1,"tax_rate":1,"tax_rate_real":1,"discount":{"percentage":0,"fixed":0},"design":{"conf":{"LabelPosition":"above","DescPosition":"above","UploadField":"custom_1","QuantityFieldStyle":"default"},"css":{"LeftLabelWidth":"120px"}},"formulas":[],"clones":false,"cartKey":false}},"_links":{"self":[{"href":"https:\/\/bellavida-resort.com\/fr\/wp-json\/wp\/v2\/product\/3415","targetHints":{"allow":["GET"]}}],"collection":[{"href":"https:\/\/bellavida-resort.com\/fr\/wp-json\/wp\/v2\/product"}],"about":[{"href":"https:\/\/bellavida-resort.com\/fr\/wp-json\/wp\/v2\/types\/product"}],"replies":[{"embeddable":true,"href":"https:\/\/bellavida-resort.com\/fr\/wp-json\/wp\/v2\/comments?post=3415"}],"wp:featuredmedia":[{"embeddable":true,"href":"https:\/\/bellavida-resort.com\/fr\/wp-json\/wp\/v2\/media\/2171"}],"wp:attachment":[{"href":"https:\/\/bellavida-resort.com\/fr\/wp-json\/wp\/v2\/media?parent=3415"}],"wp:term":[{"taxonomy":"product_brand","embeddable":true,"href":"https:\/\/bellavida-resort.com\/fr\/wp-json\/wp\/v2\/product_brand?post=3415"},{"taxonomy":"product_cat","embeddable":true,"href":"https:\/\/bellavida-resort.com\/fr\/wp-json\/wp\/v2\/product_cat?post=3415"},{"taxonomy":"product_tag","embeddable":true,"href":"https:\/\/bellavida-resort.com\/fr\/wp-json\/wp\/v2\/product_tag?post=3415"}],"curies":[{"name":"wp","href":"https:\/\/api.w.org\/{rel}","templated":true}]}}