{"id":3362,"date":"2024-02-09T12:42:13","date_gmt":"2024-02-09T12:42:13","guid":{"rendered":"https:\/\/bellavida-resort.com\/product\/demi-journee-a-uluwatu\/"},"modified":"2024-09-21T12:46:04","modified_gmt":"2024-09-21T12:46:04","slug":"demi-journee-a-uluwatu","status":"publish","type":"product","link":"https:\/\/bellavida-resort.com\/fr\/produit\/demi-journee-a-uluwatu\/","title":{"rendered":"Demi-journ\u00e9e \u00e0 Uluwatu"},"content":{"rendered":"<h2>Demi-journ\u00e9e \u00e0 Uluwatu :<\/h2>\n<p>  16.00 &#8211; Prise en charge \u00e0 l&#8217;h\u00f4tel 17.00 &#8211; Temple d&#8217;Uluwatu 18.00 &#8211; Spectacle de Kecak et de danse du feu 19.00 &#8211; Retour \u00e0 l&#8217;h\u00f4tel 20.00 &#8211; Arriv\u00e9e \u00e0 l&#8217;h\u00f4tel *.Le prix n&#8217;inclut pas le d\u00e9jeuner et le droit d&#8217;entr\u00e9e<\/p>\n<h3><strong>Demi-journ\u00e9e \u00e0 Uluwatu Prix :<\/strong><\/h3>\n<p>  La visite que nous proposons est bas\u00e9e sur une visite priv\u00e9e.  <\/p>\n<h2>Temple d&#8217;Uluwatu<\/h2>\n<p>  Le temple d&#8217;Uluwatu, perch\u00e9 sur une falaise spectaculaire surplombant l&#8217;oc\u00e9an Indien, est un temple balinais sacr\u00e9 connu pour ses vues imprenables sur le coucher de soleil.<br \/>\nLe temple est une merveille architecturale et a pour mission de prot\u00e9ger l&#8217;\u00eele des mauvais esprits.<br \/>\nLes visiteurs peuvent assister \u00e0 de captivants spectacles de danse Kecak dans l&#8217;enceinte du temple, ce qui ajoute \u00e0 la richesse culturelle de l&#8217;exp\u00e9rience.<br \/>\nLe temple d&#8217;Uluwatu offre \u00e0 la fois une signification spirituelle et un paysage \u00e0 couper le souffle, ce qui en fait une destination incontournable \u00e0 Bali.     <\/p>\n<h2>Regardez le spectacle de danse Kecak et de danse du feu<\/h2>\n<p>  Assister au spectacle de la danse Kecak et de la danse du feu est une exp\u00e9rience culturelle envo\u00fbtante \u00e0 Bali.<br \/>\nCette danse traditionnelle balinaise raconte l&#8217;\u00e9pop\u00e9e du Ramayana \u00e0 travers des chants rythm\u00e9s et des mouvements captivants.<br \/>\nLe clou du spectacle est la danse du feu, o\u00f9 les artistes dansent sur des charbons ardents sans se blesser, laissant le public bouche b\u00e9e.<br \/>\nNe manquez pas ce spectacle enchanteur pour vous immerger dans le riche patrimoine culturel de Bali.     &nbsp;<\/p>\n","protected":false},"excerpt":{"rendered":"<p>Explorez les merveilles naturelles et les tr\u00e9sors culturels de Bali gr\u00e2ce \u00e0 notre voyage organis\u00e9 exclusif.<br \/>\nD\u00e9couvrez le temple d&#8217;Uluwatu.<br \/>\net le spectacle envo\u00fbtant de la danse Kecak et de la danse du feu.  <\/p>\n","protected":false},"featured_media":2980,"comment_status":"open","ping_status":"closed","template":"","meta":{"inline_featured_image":false},"product_brand":[],"product_cat":[166],"product_tag":[168,167,169],"class_list":{"0":"post-3362","1":"product","2":"type-product","3":"status-publish","4":"has-post-thumbnail","6":"product_cat-activites","7":"product_tag-activite","8":"product_tag-bali-fr","9":"product_tag-excursion-dune-demi-journee","10":"wcpa_has_options","12":"first","13":"instock","14":"shipping-taxable","15":"purchasable","16":"product-type-simple"},"yoast_head":"<!-- This site is optimized with the Yoast SEO plugin v27.4 - https:\/\/yoast.com\/product\/yoast-seo-wordpress\/ -->\n<title>Demi-journ\u00e9e \u00e0 Uluwatu - Bella Vida resort, Uluwatu<\/title>\n<meta name=\"robots\" content=\"index, follow, max-snippet:-1, max-image-preview:large, max-video-preview:-1\" \/>\n<link rel=\"canonical\" href=\"https:\/\/bellavida-resort.com\/fr\/produit\/demi-journee-a-uluwatu\/\" \/>\n<meta property=\"og:locale\" content=\"fr_FR\" \/>\n<meta property=\"og:type\" content=\"article\" \/>\n<meta property=\"og:title\" content=\"Demi-journ\u00e9e \u00e0 Uluwatu - Bella Vida resort, Uluwatu\" \/>\n<meta property=\"og:description\" content=\"Explorez les merveilles naturelles et les tr\u00e9sors culturels de Bali gr\u00e2ce \u00e0 notre voyage organis\u00e9 exclusif. D\u00e9couvrez le temple d&#039;Uluwatu. et le spectacle envo\u00fbtant de la danse Kecak et de la danse du feu.\" \/>\n<meta property=\"og:url\" content=\"https:\/\/bellavida-resort.com\/fr\/produit\/demi-journee-a-uluwatu\/\" \/>\n<meta property=\"og:site_name\" content=\"Bella Vida resort, Uluwatu\" \/>\n<meta property=\"article:publisher\" content=\"https:\/\/www.facebook.com\/profile.php?id=61584197150341\" \/>\n<meta property=\"article:modified_time\" content=\"2024-09-21T12:46:04+00:00\" \/>\n<meta property=\"og:image\" content=\"https:\/\/bellavida-resort.com\/wp-content\/uploads\/2024\/02\/Kecak-and-Fire-Dance-Performance.jpg\" \/>\n\t<meta property=\"og:image:width\" content=\"600\" \/>\n\t<meta property=\"og:image:height\" content=\"400\" \/>\n\t<meta property=\"og:image:type\" content=\"image\/jpeg\" \/>\n<meta name=\"twitter:card\" content=\"summary_large_image\" \/>\n<meta name=\"twitter:label1\" content=\"Dur\u00e9e de lecture estim\u00e9e\" \/>\n\t<meta name=\"twitter:data1\" content=\"1 minute\" \/>\n<script type=\"application\/ld+json\" class=\"yoast-schema-graph\">{\"@context\":\"https:\\\/\\\/schema.org\",\"@graph\":[{\"@type\":\"WebPage\",\"@id\":\"https:\\\/\\\/bellavida-resort.com\\\/fr\\\/produit\\\/demi-journee-a-uluwatu\\\/\",\"url\":\"https:\\\/\\\/bellavida-resort.com\\\/fr\\\/produit\\\/demi-journee-a-uluwatu\\\/\",\"name\":\"Demi-journ\u00e9e \u00e0 Uluwatu - Bella Vida resort, Uluwatu\",\"isPartOf\":{\"@id\":\"https:\\\/\\\/bellavida-resort.com\\\/#website\"},\"primaryImageOfPage\":{\"@id\":\"https:\\\/\\\/bellavida-resort.com\\\/fr\\\/produit\\\/demi-journee-a-uluwatu\\\/#primaryimage\"},\"image\":{\"@id\":\"https:\\\/\\\/bellavida-resort.com\\\/fr\\\/produit\\\/demi-journee-a-uluwatu\\\/#primaryimage\"},\"thumbnailUrl\":\"https:\\\/\\\/bellavida-resort.com\\\/wp-content\\\/uploads\\\/2024\\\/02\\\/Kecak-and-Fire-Dance-Performance.jpg\",\"datePublished\":\"2024-02-09T12:42:13+00:00\",\"dateModified\":\"2024-09-21T12:46:04+00:00\",\"breadcrumb\":{\"@id\":\"https:\\\/\\\/bellavida-resort.com\\\/fr\\\/produit\\\/demi-journee-a-uluwatu\\\/#breadcrumb\"},\"inLanguage\":\"fr-FR\",\"potentialAction\":[{\"@type\":\"ReadAction\",\"target\":[\"https:\\\/\\\/bellavida-resort.com\\\/fr\\\/produit\\\/demi-journee-a-uluwatu\\\/\"]}]},{\"@type\":\"ImageObject\",\"inLanguage\":\"fr-FR\",\"@id\":\"https:\\\/\\\/bellavida-resort.com\\\/fr\\\/produit\\\/demi-journee-a-uluwatu\\\/#primaryimage\",\"url\":\"https:\\\/\\\/bellavida-resort.com\\\/wp-content\\\/uploads\\\/2024\\\/02\\\/Kecak-and-Fire-Dance-Performance.jpg\",\"contentUrl\":\"https:\\\/\\\/bellavida-resort.com\\\/wp-content\\\/uploads\\\/2024\\\/02\\\/Kecak-and-Fire-Dance-Performance.jpg\",\"width\":600,\"height\":400,\"caption\":\"Spectacle de danse Kecak et de danse du feu\"},{\"@type\":\"BreadcrumbList\",\"@id\":\"https:\\\/\\\/bellavida-resort.com\\\/fr\\\/produit\\\/demi-journee-a-uluwatu\\\/#breadcrumb\",\"itemListElement\":[{\"@type\":\"ListItem\",\"position\":1,\"name\":\"Home\",\"item\":\"https:\\\/\\\/bellavida-resort.com\\\/fr\\\/\"},{\"@type\":\"ListItem\",\"position\":2,\"name\":\"Boutique\",\"item\":\"https:\\\/\\\/bellavida-resort.com\\\/fr\\\/boutique\\\/\"},{\"@type\":\"ListItem\",\"position\":3,\"name\":\"Demi-journ\u00e9e \u00e0 Uluwatu\"}]},{\"@type\":\"WebSite\",\"@id\":\"https:\\\/\\\/bellavida-resort.com\\\/#website\",\"url\":\"https:\\\/\\\/bellavida-resort.com\\\/\",\"name\":\"Bella Vida resort, Uluwatu Bali\",\"description\":\"The best luxury resort in Bingin\",\"publisher\":{\"@id\":\"https:\\\/\\\/bellavida-resort.com\\\/#organization\"},\"potentialAction\":[{\"@type\":\"SearchAction\",\"target\":{\"@type\":\"EntryPoint\",\"urlTemplate\":\"https:\\\/\\\/bellavida-resort.com\\\/?s={search_term_string}\"},\"query-input\":{\"@type\":\"PropertyValueSpecification\",\"valueRequired\":true,\"valueName\":\"search_term_string\"}}],\"inLanguage\":\"fr-FR\"},{\"@type\":\"Organization\",\"@id\":\"https:\\\/\\\/bellavida-resort.com\\\/#organization\",\"name\":\"Bella Vida Resort\",\"url\":\"https:\\\/\\\/bellavida-resort.com\\\/\",\"logo\":{\"@type\":\"ImageObject\",\"inLanguage\":\"fr-FR\",\"@id\":\"https:\\\/\\\/bellavida-resort.com\\\/#\\\/schema\\\/logo\\\/image\\\/\",\"url\":\"https:\\\/\\\/bellavida-resort.com\\\/wp-content\\\/uploads\\\/2025\\\/10\\\/cropped-Epson-logo-printer.jpg\",\"contentUrl\":\"https:\\\/\\\/bellavida-resort.com\\\/wp-content\\\/uploads\\\/2025\\\/10\\\/cropped-Epson-logo-printer.jpg\",\"width\":1200,\"height\":313,\"caption\":\"Bella Vida Resort\"},\"image\":{\"@id\":\"https:\\\/\\\/bellavida-resort.com\\\/#\\\/schema\\\/logo\\\/image\\\/\"},\"sameAs\":[\"https:\\\/\\\/www.facebook.com\\\/profile.php?id=61584197150341\",\"https:\\\/\\\/www.instagram.com\\\/bellavidaresortbali\\\/\"]}]}<\/script>\n<!-- \/ Yoast SEO plugin. -->","yoast_head_json":{"title":"Demi-journ\u00e9e \u00e0 Uluwatu - Bella Vida resort, Uluwatu","robots":{"index":"index","follow":"follow","max-snippet":"max-snippet:-1","max-image-preview":"max-image-preview:large","max-video-preview":"max-video-preview:-1"},"canonical":"https:\/\/bellavida-resort.com\/fr\/produit\/demi-journee-a-uluwatu\/","og_locale":"fr_FR","og_type":"article","og_title":"Demi-journ\u00e9e \u00e0 Uluwatu - Bella Vida resort, Uluwatu","og_description":"Explorez les merveilles naturelles et les tr\u00e9sors culturels de Bali gr\u00e2ce \u00e0 notre voyage organis\u00e9 exclusif. D\u00e9couvrez le temple d'Uluwatu. et le spectacle envo\u00fbtant de la danse Kecak et de la danse du feu.","og_url":"https:\/\/bellavida-resort.com\/fr\/produit\/demi-journee-a-uluwatu\/","og_site_name":"Bella Vida resort, Uluwatu","article_publisher":"https:\/\/www.facebook.com\/profile.php?id=61584197150341","article_modified_time":"2024-09-21T12:46:04+00:00","og_image":[{"width":600,"height":400,"url":"https:\/\/bellavida-resort.com\/wp-content\/uploads\/2024\/02\/Kecak-and-Fire-Dance-Performance.jpg","type":"image\/jpeg"}],"twitter_card":"summary_large_image","twitter_misc":{"Dur\u00e9e de lecture estim\u00e9e":"1 minute"},"schema":{"@context":"https:\/\/schema.org","@graph":[{"@type":"WebPage","@id":"https:\/\/bellavida-resort.com\/fr\/produit\/demi-journee-a-uluwatu\/","url":"https:\/\/bellavida-resort.com\/fr\/produit\/demi-journee-a-uluwatu\/","name":"Demi-journ\u00e9e \u00e0 Uluwatu - Bella Vida resort, Uluwatu","isPartOf":{"@id":"https:\/\/bellavida-resort.com\/#website"},"primaryImageOfPage":{"@id":"https:\/\/bellavida-resort.com\/fr\/produit\/demi-journee-a-uluwatu\/#primaryimage"},"image":{"@id":"https:\/\/bellavida-resort.com\/fr\/produit\/demi-journee-a-uluwatu\/#primaryimage"},"thumbnailUrl":"https:\/\/bellavida-resort.com\/wp-content\/uploads\/2024\/02\/Kecak-and-Fire-Dance-Performance.jpg","datePublished":"2024-02-09T12:42:13+00:00","dateModified":"2024-09-21T12:46:04+00:00","breadcrumb":{"@id":"https:\/\/bellavida-resort.com\/fr\/produit\/demi-journee-a-uluwatu\/#breadcrumb"},"inLanguage":"fr-FR","potentialAction":[{"@type":"ReadAction","target":["https:\/\/bellavida-resort.com\/fr\/produit\/demi-journee-a-uluwatu\/"]}]},{"@type":"ImageObject","inLanguage":"fr-FR","@id":"https:\/\/bellavida-resort.com\/fr\/produit\/demi-journee-a-uluwatu\/#primaryimage","url":"https:\/\/bellavida-resort.com\/wp-content\/uploads\/2024\/02\/Kecak-and-Fire-Dance-Performance.jpg","contentUrl":"https:\/\/bellavida-resort.com\/wp-content\/uploads\/2024\/02\/Kecak-and-Fire-Dance-Performance.jpg","width":600,"height":400,"caption":"Spectacle de danse Kecak et de danse du feu"},{"@type":"BreadcrumbList","@id":"https:\/\/bellavida-resort.com\/fr\/produit\/demi-journee-a-uluwatu\/#breadcrumb","itemListElement":[{"@type":"ListItem","position":1,"name":"Home","item":"https:\/\/bellavida-resort.com\/fr\/"},{"@type":"ListItem","position":2,"name":"Boutique","item":"https:\/\/bellavida-resort.com\/fr\/boutique\/"},{"@type":"ListItem","position":3,"name":"Demi-journ\u00e9e \u00e0 Uluwatu"}]},{"@type":"WebSite","@id":"https:\/\/bellavida-resort.com\/#website","url":"https:\/\/bellavida-resort.com\/","name":"Bella Vida resort, Uluwatu Bali","description":"The best luxury resort in Bingin","publisher":{"@id":"https:\/\/bellavida-resort.com\/#organization"},"potentialAction":[{"@type":"SearchAction","target":{"@type":"EntryPoint","urlTemplate":"https:\/\/bellavida-resort.com\/?s={search_term_string}"},"query-input":{"@type":"PropertyValueSpecification","valueRequired":true,"valueName":"search_term_string"}}],"inLanguage":"fr-FR"},{"@type":"Organization","@id":"https:\/\/bellavida-resort.com\/#organization","name":"Bella Vida Resort","url":"https:\/\/bellavida-resort.com\/","logo":{"@type":"ImageObject","inLanguage":"fr-FR","@id":"https:\/\/bellavida-resort.com\/#\/schema\/logo\/image\/","url":"https:\/\/bellavida-resort.com\/wp-content\/uploads\/2025\/10\/cropped-Epson-logo-printer.jpg","contentUrl":"https:\/\/bellavida-resort.com\/wp-content\/uploads\/2025\/10\/cropped-Epson-logo-printer.jpg","width":1200,"height":313,"caption":"Bella Vida Resort"},"image":{"@id":"https:\/\/bellavida-resort.com\/#\/schema\/logo\/image\/"},"sameAs":["https:\/\/www.facebook.com\/profile.php?id=61584197150341","https:\/\/www.instagram.com\/bellavidaresortbali\/"]}]}},"wcpa_form_fields":{"wcpaData":{"product":{"product_price":850000,"price_html":"<span class=\"woocommerce-Price-amount amount\"><bdi><span class=\"woocommerce-Price-currencySymbol\">Rp<\/span>850.000<\/bdi><\/span>","original_product_price":850000,"price_including_tax":850000,"price_excluding_tax":850000,"product_id":{"parent":3362,"variation":false},"is_variable":false,"stock_status":"instock","stock_quantity":null,"parent_sku":"half day Uluwatu tour","product_attributes":[],"custom_fields":[],"is_taxable":false,"product_name":"Demi-journ\u00e9e \u00e0 Uluwatu"},"fields":{"sec_065bfae3d35176":{"extra":{"key":"sec_065bfae3d35176","section_id":"sec_065bfae3d35176","name":"Default","status":1,"cl_rule":"show","enableCl":false,"relations":[],"toggle":true,"title_tag":"h3","show_title":false,"showPrice":"default","form_id":4896,"form_rules":{"exclude_from_discount":false,"fee_label":"Fee","disp_hide_options_price":false,"disp_show_section_price":false,"disp_show_field_price":true,"layout_option":"standard","pric_use_as_fee":false,"process_fee_as":"woo_fee"},"layout_option":"standard"},"fields":[[{"active":true,"col":3,"relations":false,"cl_rule":"show","enableCl":false,"price":"","enablePrice":false,"className":"","label_position":"default","desc_position":"default","type":"text","subtype":"text","required":true,"elementId":"text_1240273600","label":"Booking number","name":"text_1240273600","value":"","error":false,"gt_translate_keys":["label","value"],"price_dependency":false,"cl_dependency":false}],[{"active":true,"col":3,"relations":false,"cl_rule":"show","enableCl":false,"price":"","enablePrice":false,"className":"","label_position":"default","desc_position":"default","type":"date","required":true,"elementId":"date_3601660151","name":"date_3601660151","label":"Date Field","picker_type":"custom","picker_mode":"single","error":false,"gt_translate_keys":["label"],"price_dependency":false,"cl_dependency":false,"value":""}]]}},"config":{"price_override":"","enable_recaptcha":false,"bind_quantity":false,"quantity_bind_formula":false,"disp_summ_show_option_price":true,"disp_summ_show_product_price":true,"disp_summ_show_total_price":true,"disp_summ_show_fee":false,"disp_summ_show_discount":false,"summary_title":"","options_total_label":"Options Price","total_label":"Total","options_product_label":"Product Price","fee_label":"Fee","discount_label":"Discount","has_price":true,"has_quantity_formula":false},"mc_unit":1,"tax_rate":1,"tax_rate_real":1,"discount":{"percentage":0,"fixed":0},"design":{"conf":{"LabelPosition":"above","DescPosition":"above","UploadField":"custom_1","QuantityFieldStyle":"default"},"css":{"LeftLabelWidth":"120px"}},"formulas":[],"clones":false,"cartKey":false}},"_links":{"self":[{"href":"https:\/\/bellavida-resort.com\/fr\/wp-json\/wp\/v2\/product\/3362","targetHints":{"allow":["GET"]}}],"collection":[{"href":"https:\/\/bellavida-resort.com\/fr\/wp-json\/wp\/v2\/product"}],"about":[{"href":"https:\/\/bellavida-resort.com\/fr\/wp-json\/wp\/v2\/types\/product"}],"replies":[{"embeddable":true,"href":"https:\/\/bellavida-resort.com\/fr\/wp-json\/wp\/v2\/comments?post=3362"}],"wp:featuredmedia":[{"embeddable":true,"href":"https:\/\/bellavida-resort.com\/fr\/wp-json\/wp\/v2\/media\/2980"}],"wp:attachment":[{"href":"https:\/\/bellavida-resort.com\/fr\/wp-json\/wp\/v2\/media?parent=3362"}],"wp:term":[{"taxonomy":"product_brand","embeddable":true,"href":"https:\/\/bellavida-resort.com\/fr\/wp-json\/wp\/v2\/product_brand?post=3362"},{"taxonomy":"product_cat","embeddable":true,"href":"https:\/\/bellavida-resort.com\/fr\/wp-json\/wp\/v2\/product_cat?post=3362"},{"taxonomy":"product_tag","embeddable":true,"href":"https:\/\/bellavida-resort.com\/fr\/wp-json\/wp\/v2\/product_tag?post=3362"}],"curies":[{"name":"wp","href":"https:\/\/api.w.org\/{rel}","templated":true}]}}