{"id":3349,"date":"2024-02-05T17:09:59","date_gmt":"2024-02-05T17:09:59","guid":{"rendered":"https:\/\/bellavida-resort.com\/product\/moto\/"},"modified":"2026-02-25T08:41:40","modified_gmt":"2026-02-25T08:41:40","slug":"motorbike","status":"publish","type":"product","link":"https:\/\/bellavida-resort.com\/fr\/produit\/motorbike\/","title":{"rendered":"Moto"},"content":{"rendered":"<h2>Explorer Bali en motocyclette<\/h2>\n<p>Explorer les sites d&#8217;Uluwatu, de Bingin et de Pecatu \u00e0 Bali en scooter est une exp\u00e9rience absolument incroyable. La combinaison de paysages c\u00f4tiers \u00e9poustouflants, d&#8217;une culture vibrante et de la libert\u00e9 de naviguer sur les routes sinueuses \u00e0 votre propre rythme en fait une aventure vraiment inoubliable.<\/p>\n<p>En longeant les <strong>falaises c\u00f4ti\u00e8res d&#8217;Uluwatu<\/strong>, vous b\u00e9n\u00e9ficierez d&#8217;une <strong>vue<\/strong> imprenable <strong>sur l&#8217;oc\u00e9an<\/strong>, au son des vagues qui s&#8217;\u00e9crasent. La beaut\u00e9 sauvage de la c\u00f4te, parsem\u00e9e de plages cach\u00e9es et de vagues de surf, est un v\u00e9ritable spectacle.<\/p>\n<p>En vous rendant \u00e0 <strong>Bingin<\/strong> et \u00e0 <strong>Pecatu<\/strong>, vous d\u00e9couvrirez de charmants villages, une v\u00e9g\u00e9tation luxuriante et une atmosph\u00e8re d\u00e9contract\u00e9e, typiquement balinaise. Les routes \u00e9troites vous m\u00e8nent \u00e0 travers l&#8217;architecture traditionnelle balinaise, o\u00f9 vous pouvez vous arr\u00eater pour discuter avec les habitants sympathiques ou go\u00fbter \u00e0 la d\u00e9licieuse cuisine locale.<\/p>\n<p>L&#8217;un des points forts de ce voyage est le <strong>temple d&#8217;Uluwatu<\/strong>, perch\u00e9 sur une falaise et offrant une vue panoramique sur l&#8217;oc\u00e9an Indien. Assister au coucher du soleil \u00e0 l&#8217;envo\u00fbtant spectacle de danse Kecak est un souvenir qui restera grav\u00e9 dans votre m\u00e9moire.<\/p>\n<p>La conduite d&#8217;un scooter vous permet de vous immerger dans les paysages et les sons de Bali, et c&#8217;est le moyen id\u00e9al pour explorer ces r\u00e9gions pittoresques. La chaude brise tropicale et le sens de l&#8217;aventure font de chaque tournant de la route une d\u00e9couverte passionnante. Si vous souhaitez vivre une exp\u00e9rience palpitante et authentique \u00e0 Bali, ne manquez pas de d\u00e9couvrir Uluwatu, Bingin et Pecatu \u00e0 bord d&#8217;un scooter motoris\u00e9 : <em>c&#8217;est vraiment extraordinaire !<\/em><\/p>\n","protected":false},"excerpt":{"rendered":"<p>Explorez Bali en toute simplicit\u00e9 en louant une moto, casque compris. Notre tarif de <strong>location journali\u00e8re<\/strong> est de seulement <strong> 12,00 $ par jour<\/strong>, ce qui vous assure \u00e0 la fois commodit\u00e9 et prix abordable lorsque vous naviguez dans les paysages \u00e9poustouflants et la culture vibrante de l&#8217;\u00eele. Profitez de la libert\u00e9 d&#8217;explorer Bali \u00e0 votre rythme gr\u00e2ce \u00e0 nos locations de motos fiables et \u00e9conomiques.<\/p>\n<p>En quelques minutes, vous pouvez vous rendre au centre de Bingin, aux plages, \u00e0 Uluwatu, etc.<\/p>\n","protected":false},"featured_media":2491,"comment_status":"open","ping_status":"closed","template":"","meta":{"inline_featured_image":false},"product_brand":[],"product_cat":[166,161],"product_tag":[162],"class_list":{"0":"post-3349","1":"product","2":"type-product","3":"status-publish","4":"has-post-thumbnail","6":"product_cat-activites","7":"product_cat-location","8":"product_tag-location","9":"wcpa_has_options","11":"first","12":"instock","13":"shipping-taxable","14":"purchasable","15":"product-type-simple"},"yoast_head":"<!-- This site is optimized with the Yoast SEO plugin v27.4 - https:\/\/yoast.com\/product\/yoast-seo-wordpress\/ -->\n<title>Moto - Bella Vida resort, Uluwatu<\/title>\n<meta name=\"robots\" content=\"index, follow, max-snippet:-1, max-image-preview:large, max-video-preview:-1\" \/>\n<link rel=\"canonical\" href=\"https:\/\/bellavida-resort.com\/fr\/produit\/motorbike\/\" \/>\n<meta property=\"og:locale\" content=\"fr_FR\" \/>\n<meta property=\"og:type\" content=\"article\" \/>\n<meta property=\"og:title\" content=\"Moto - Bella Vida resort, Uluwatu\" \/>\n<meta property=\"og:description\" content=\"Explorez Bali en toute simplicit\u00e9 en louant une moto, casque compris. Notre tarif de location journali\u00e8re est de seulement 12,00 $ par jour, ce qui vous assure \u00e0 la fois commodit\u00e9 et prix abordable lorsque vous naviguez dans les paysages \u00e9poustouflants et la culture vibrante de l&#039;\u00eele. Profitez de la libert\u00e9 d&#039;explorer Bali \u00e0 votre rythme gr\u00e2ce \u00e0 nos locations de motos fiables et \u00e9conomiques. En quelques minutes, vous pouvez vous rendre au centre de Bingin, aux plages, \u00e0 Uluwatu, etc.\" \/>\n<meta property=\"og:url\" content=\"https:\/\/bellavida-resort.com\/fr\/produit\/motorbike\/\" \/>\n<meta property=\"og:site_name\" content=\"Bella Vida resort, Uluwatu\" \/>\n<meta property=\"article:publisher\" content=\"https:\/\/www.facebook.com\/profile.php?id=61584197150341\" \/>\n<meta property=\"article:modified_time\" content=\"2026-02-25T08:41:40+00:00\" \/>\n<meta property=\"og:image\" content=\"https:\/\/bellavida-resort.com\/wp-content\/uploads\/2019\/09\/scooter-nmax.jpg\" \/>\n\t<meta property=\"og:image:width\" content=\"1640\" \/>\n\t<meta property=\"og:image:height\" content=\"1097\" \/>\n\t<meta property=\"og:image:type\" content=\"image\/jpeg\" \/>\n<meta name=\"twitter:card\" content=\"summary_large_image\" \/>\n<meta name=\"twitter:label1\" content=\"Dur\u00e9e de lecture estim\u00e9e\" \/>\n\t<meta name=\"twitter:data1\" content=\"1 minute\" \/>\n<script type=\"application\/ld+json\" class=\"yoast-schema-graph\">{\"@context\":\"https:\\\/\\\/schema.org\",\"@graph\":[{\"@type\":\"WebPage\",\"@id\":\"https:\\\/\\\/bellavida-resort.com\\\/fr\\\/produit\\\/motorbike\\\/\",\"url\":\"https:\\\/\\\/bellavida-resort.com\\\/fr\\\/produit\\\/motorbike\\\/\",\"name\":\"Moto - Bella Vida resort, Uluwatu\",\"isPartOf\":{\"@id\":\"https:\\\/\\\/bellavida-resort.com\\\/#website\"},\"primaryImageOfPage\":{\"@id\":\"https:\\\/\\\/bellavida-resort.com\\\/fr\\\/produit\\\/motorbike\\\/#primaryimage\"},\"image\":{\"@id\":\"https:\\\/\\\/bellavida-resort.com\\\/fr\\\/produit\\\/motorbike\\\/#primaryimage\"},\"thumbnailUrl\":\"https:\\\/\\\/bellavida-resort.com\\\/wp-content\\\/uploads\\\/2019\\\/09\\\/scooter-nmax.jpg\",\"datePublished\":\"2024-02-05T17:09:59+00:00\",\"dateModified\":\"2026-02-25T08:41:40+00:00\",\"breadcrumb\":{\"@id\":\"https:\\\/\\\/bellavida-resort.com\\\/fr\\\/produit\\\/motorbike\\\/#breadcrumb\"},\"inLanguage\":\"fr-FR\",\"potentialAction\":[{\"@type\":\"ReadAction\",\"target\":[\"https:\\\/\\\/bellavida-resort.com\\\/fr\\\/produit\\\/motorbike\\\/\"]}]},{\"@type\":\"ImageObject\",\"inLanguage\":\"fr-FR\",\"@id\":\"https:\\\/\\\/bellavida-resort.com\\\/fr\\\/produit\\\/motorbike\\\/#primaryimage\",\"url\":\"https:\\\/\\\/bellavida-resort.com\\\/wp-content\\\/uploads\\\/2019\\\/09\\\/scooter-nmax.jpg\",\"contentUrl\":\"https:\\\/\\\/bellavida-resort.com\\\/wp-content\\\/uploads\\\/2019\\\/09\\\/scooter-nmax.jpg\",\"width\":1640,\"height\":1097,\"caption\":\"Location de scooter Bella Vida resort Uluwatu\"},{\"@type\":\"BreadcrumbList\",\"@id\":\"https:\\\/\\\/bellavida-resort.com\\\/fr\\\/produit\\\/motorbike\\\/#breadcrumb\",\"itemListElement\":[{\"@type\":\"ListItem\",\"position\":1,\"name\":\"Home\",\"item\":\"https:\\\/\\\/bellavida-resort.com\\\/fr\\\/\"},{\"@type\":\"ListItem\",\"position\":2,\"name\":\"Boutique\",\"item\":\"https:\\\/\\\/bellavida-resort.com\\\/fr\\\/boutique\\\/\"},{\"@type\":\"ListItem\",\"position\":3,\"name\":\"Moto\"}]},{\"@type\":\"WebSite\",\"@id\":\"https:\\\/\\\/bellavida-resort.com\\\/#website\",\"url\":\"https:\\\/\\\/bellavida-resort.com\\\/\",\"name\":\"Bella Vida resort, Uluwatu Bali\",\"description\":\"The best luxury resort in Bingin\",\"publisher\":{\"@id\":\"https:\\\/\\\/bellavida-resort.com\\\/#organization\"},\"potentialAction\":[{\"@type\":\"SearchAction\",\"target\":{\"@type\":\"EntryPoint\",\"urlTemplate\":\"https:\\\/\\\/bellavida-resort.com\\\/?s={search_term_string}\"},\"query-input\":{\"@type\":\"PropertyValueSpecification\",\"valueRequired\":true,\"valueName\":\"search_term_string\"}}],\"inLanguage\":\"fr-FR\"},{\"@type\":\"Organization\",\"@id\":\"https:\\\/\\\/bellavida-resort.com\\\/#organization\",\"name\":\"Bella Vida Resort\",\"url\":\"https:\\\/\\\/bellavida-resort.com\\\/\",\"logo\":{\"@type\":\"ImageObject\",\"inLanguage\":\"fr-FR\",\"@id\":\"https:\\\/\\\/bellavida-resort.com\\\/#\\\/schema\\\/logo\\\/image\\\/\",\"url\":\"https:\\\/\\\/bellavida-resort.com\\\/wp-content\\\/uploads\\\/2025\\\/10\\\/cropped-Epson-logo-printer.jpg\",\"contentUrl\":\"https:\\\/\\\/bellavida-resort.com\\\/wp-content\\\/uploads\\\/2025\\\/10\\\/cropped-Epson-logo-printer.jpg\",\"width\":1200,\"height\":313,\"caption\":\"Bella Vida Resort\"},\"image\":{\"@id\":\"https:\\\/\\\/bellavida-resort.com\\\/#\\\/schema\\\/logo\\\/image\\\/\"},\"sameAs\":[\"https:\\\/\\\/www.facebook.com\\\/profile.php?id=61584197150341\",\"https:\\\/\\\/www.instagram.com\\\/bellavidaresortbali\\\/\"]}]}<\/script>\n<!-- \/ Yoast SEO plugin. -->","yoast_head_json":{"title":"Moto - Bella Vida resort, Uluwatu","robots":{"index":"index","follow":"follow","max-snippet":"max-snippet:-1","max-image-preview":"max-image-preview:large","max-video-preview":"max-video-preview:-1"},"canonical":"https:\/\/bellavida-resort.com\/fr\/produit\/motorbike\/","og_locale":"fr_FR","og_type":"article","og_title":"Moto - Bella Vida resort, Uluwatu","og_description":"Explorez Bali en toute simplicit\u00e9 en louant une moto, casque compris. Notre tarif de location journali\u00e8re est de seulement 12,00 $ par jour, ce qui vous assure \u00e0 la fois commodit\u00e9 et prix abordable lorsque vous naviguez dans les paysages \u00e9poustouflants et la culture vibrante de l'\u00eele. Profitez de la libert\u00e9 d'explorer Bali \u00e0 votre rythme gr\u00e2ce \u00e0 nos locations de motos fiables et \u00e9conomiques. En quelques minutes, vous pouvez vous rendre au centre de Bingin, aux plages, \u00e0 Uluwatu, etc.","og_url":"https:\/\/bellavida-resort.com\/fr\/produit\/motorbike\/","og_site_name":"Bella Vida resort, Uluwatu","article_publisher":"https:\/\/www.facebook.com\/profile.php?id=61584197150341","article_modified_time":"2026-02-25T08:41:40+00:00","og_image":[{"width":1640,"height":1097,"url":"https:\/\/bellavida-resort.com\/wp-content\/uploads\/2019\/09\/scooter-nmax.jpg","type":"image\/jpeg"}],"twitter_card":"summary_large_image","twitter_misc":{"Dur\u00e9e de lecture estim\u00e9e":"1 minute"},"schema":{"@context":"https:\/\/schema.org","@graph":[{"@type":"WebPage","@id":"https:\/\/bellavida-resort.com\/fr\/produit\/motorbike\/","url":"https:\/\/bellavida-resort.com\/fr\/produit\/motorbike\/","name":"Moto - Bella Vida resort, Uluwatu","isPartOf":{"@id":"https:\/\/bellavida-resort.com\/#website"},"primaryImageOfPage":{"@id":"https:\/\/bellavida-resort.com\/fr\/produit\/motorbike\/#primaryimage"},"image":{"@id":"https:\/\/bellavida-resort.com\/fr\/produit\/motorbike\/#primaryimage"},"thumbnailUrl":"https:\/\/bellavida-resort.com\/wp-content\/uploads\/2019\/09\/scooter-nmax.jpg","datePublished":"2024-02-05T17:09:59+00:00","dateModified":"2026-02-25T08:41:40+00:00","breadcrumb":{"@id":"https:\/\/bellavida-resort.com\/fr\/produit\/motorbike\/#breadcrumb"},"inLanguage":"fr-FR","potentialAction":[{"@type":"ReadAction","target":["https:\/\/bellavida-resort.com\/fr\/produit\/motorbike\/"]}]},{"@type":"ImageObject","inLanguage":"fr-FR","@id":"https:\/\/bellavida-resort.com\/fr\/produit\/motorbike\/#primaryimage","url":"https:\/\/bellavida-resort.com\/wp-content\/uploads\/2019\/09\/scooter-nmax.jpg","contentUrl":"https:\/\/bellavida-resort.com\/wp-content\/uploads\/2019\/09\/scooter-nmax.jpg","width":1640,"height":1097,"caption":"Location de scooter Bella Vida resort Uluwatu"},{"@type":"BreadcrumbList","@id":"https:\/\/bellavida-resort.com\/fr\/produit\/motorbike\/#breadcrumb","itemListElement":[{"@type":"ListItem","position":1,"name":"Home","item":"https:\/\/bellavida-resort.com\/fr\/"},{"@type":"ListItem","position":2,"name":"Boutique","item":"https:\/\/bellavida-resort.com\/fr\/boutique\/"},{"@type":"ListItem","position":3,"name":"Moto"}]},{"@type":"WebSite","@id":"https:\/\/bellavida-resort.com\/#website","url":"https:\/\/bellavida-resort.com\/","name":"Bella Vida resort, Uluwatu Bali","description":"The best luxury resort in Bingin","publisher":{"@id":"https:\/\/bellavida-resort.com\/#organization"},"potentialAction":[{"@type":"SearchAction","target":{"@type":"EntryPoint","urlTemplate":"https:\/\/bellavida-resort.com\/?s={search_term_string}"},"query-input":{"@type":"PropertyValueSpecification","valueRequired":true,"valueName":"search_term_string"}}],"inLanguage":"fr-FR"},{"@type":"Organization","@id":"https:\/\/bellavida-resort.com\/#organization","name":"Bella Vida Resort","url":"https:\/\/bellavida-resort.com\/","logo":{"@type":"ImageObject","inLanguage":"fr-FR","@id":"https:\/\/bellavida-resort.com\/#\/schema\/logo\/image\/","url":"https:\/\/bellavida-resort.com\/wp-content\/uploads\/2025\/10\/cropped-Epson-logo-printer.jpg","contentUrl":"https:\/\/bellavida-resort.com\/wp-content\/uploads\/2025\/10\/cropped-Epson-logo-printer.jpg","width":1200,"height":313,"caption":"Bella Vida Resort"},"image":{"@id":"https:\/\/bellavida-resort.com\/#\/schema\/logo\/image\/"},"sameAs":["https:\/\/www.facebook.com\/profile.php?id=61584197150341","https:\/\/www.instagram.com\/bellavidaresortbali\/"]}]}},"wcpa_form_fields":{"wcpaData":{"product":{"product_price":150000,"price_html":"<span class=\"woocommerce-Price-amount amount\"><bdi><span class=\"woocommerce-Price-currencySymbol\">Rp<\/span>150.000<\/bdi><\/span>","original_product_price":150000,"price_including_tax":150000,"price_excluding_tax":150000,"product_id":{"parent":3349,"variation":false},"is_variable":false,"stock_status":"instock","stock_quantity":null,"parent_sku":"motorbike rental","product_attributes":[],"custom_fields":[],"is_taxable":false,"product_name":"Moto"},"fields":{"sec_865c1382b9d0ba":{"extra":{"key":"sec_865c1382b9d0ba","section_id":"sec_865c1382b9d0ba","name":"Default","status":1,"cl_rule":"show","enableCl":false,"relations":[],"toggle":true,"title_tag":"h3","show_title":false,"showPrice":"default","layout_option":"standard","form_id":3348,"form_rules":{"exclude_from_discount":false,"fee_label":"Fee","disp_hide_options_price":false,"disp_show_section_price":false,"disp_show_field_price":true,"layout_option":"standard","pric_use_as_fee":false,"process_fee_as":"woo_fee"}},"fields":[[{"active":true,"col":1,"relations":false,"cl_rule":"show","enableCl":false,"price":"","enablePrice":false,"className":"","label_position":"default","desc_position":"default","type":"image-group","required":true,"elementId":"image-group_265c1382b9d0e5","label":"Scooter","name":"image-group_265c1382b9d0e5","enable_popup":"no","multiple":false,"layOut":"col-4","img_selection_type":"shadow","disp_type":"circle","values":[{"label":"Honda Scoopy","value":"Honda Scoopy","selected":true,"image":"http:\/\/bellavida-resort.com\/wp-content\/uploads\/2024\/02\/Honda-scoopy.jpg","thumb":"http:\/\/bellavida-resort.com\/wp-content\/uploads\/2024\/02\/Honda-scoopy.jpg","tempId":"aco_855","image_id":3030,"thumb_src":"https:\/\/bellavida-resort.com\/wp-content\/uploads\/2024\/02\/Honda-scoopy.jpg","gt_translate_keys":["label"]},{"label":"Honda Vario","value":"Honda Vario","selected":false,"image":"http:\/\/bellavida-resort.com\/wp-content\/uploads\/2024\/02\/honda-vario-125.jpg","thumb":"http:\/\/bellavida-resort.com\/wp-content\/uploads\/2024\/02\/honda-vario-125.jpg","tempId":"aco_856","image_id":3036,"thumb_src":"https:\/\/bellavida-resort.com\/wp-content\/uploads\/2024\/02\/honda-vario-125.jpg","gt_translate_keys":["label"]},{"label":"Yamaha Nmax","value":"Yamaha Nmax","selected":false,"image":"http:\/\/bellavida-resort.com\/wp-content\/uploads\/2024\/02\/yamaha-nmax.jpg","thumb":"http:\/\/bellavida-resort.com\/wp-content\/uploads\/2024\/02\/yamaha-nmax.jpg","tempId":"aco_1380","image_id":3042,"thumb_src":"https:\/\/bellavida-resort.com\/wp-content\/uploads\/2024\/02\/yamaha-nmax.jpg","gt_translate_keys":["label"]}],"disp_size_img":{"width":75,"height":75},"error":false,"enableDesign":false,"LabelColor":"","DescColor":"","DescSize":"","LabelSize":"","gt_translate_keys":["label"],"price_dependency":false,"cl_dependency":false,"value":""}]]}},"config":{"price_override":"","enable_recaptcha":false,"bind_quantity":false,"quantity_bind_formula":false,"disp_summ_show_option_price":true,"disp_summ_show_product_price":true,"disp_summ_show_total_price":true,"disp_summ_show_fee":false,"disp_summ_show_discount":false,"summary_title":"","options_total_label":"Options Price","total_label":"Total","options_product_label":"Product Price","fee_label":"Fee","discount_label":"Discount","has_price":true,"has_quantity_formula":false},"mc_unit":1,"tax_rate":1,"tax_rate_real":1,"discount":{"percentage":0,"fixed":0},"design":{"conf":{"LabelPosition":"above","DescPosition":"above","UploadField":"custom_1","QuantityFieldStyle":"default"},"css":{"LeftLabelWidth":"120px"}},"formulas":[],"clones":false,"cartKey":false}},"_links":{"self":[{"href":"https:\/\/bellavida-resort.com\/fr\/wp-json\/wp\/v2\/product\/3349","targetHints":{"allow":["GET"]}}],"collection":[{"href":"https:\/\/bellavida-resort.com\/fr\/wp-json\/wp\/v2\/product"}],"about":[{"href":"https:\/\/bellavida-resort.com\/fr\/wp-json\/wp\/v2\/types\/product"}],"replies":[{"embeddable":true,"href":"https:\/\/bellavida-resort.com\/fr\/wp-json\/wp\/v2\/comments?post=3349"}],"wp:featuredmedia":[{"embeddable":true,"href":"https:\/\/bellavida-resort.com\/fr\/wp-json\/wp\/v2\/media\/2491"}],"wp:attachment":[{"href":"https:\/\/bellavida-resort.com\/fr\/wp-json\/wp\/v2\/media?parent=3349"}],"wp:term":[{"taxonomy":"product_brand","embeddable":true,"href":"https:\/\/bellavida-resort.com\/fr\/wp-json\/wp\/v2\/product_brand?post=3349"},{"taxonomy":"product_cat","embeddable":true,"href":"https:\/\/bellavida-resort.com\/fr\/wp-json\/wp\/v2\/product_cat?post=3349"},{"taxonomy":"product_tag","embeddable":true,"href":"https:\/\/bellavida-resort.com\/fr\/wp-json\/wp\/v2\/product_tag?post=3349"}],"curies":[{"name":"wp","href":"https:\/\/api.w.org\/{rel}","templated":true}]}}