{"id":8556,"date":"2026-04-17T11:24:10","date_gmt":"2026-04-17T11:24:10","guid":{"rendered":"https:\/\/bellavida-resort.com\/fitness\/"},"modified":"2026-04-17T12:15:29","modified_gmt":"2026-04-17T12:15:29","slug":"fitness","status":"publish","type":"page","link":"https:\/\/bellavida-resort.com\/fr\/fitness\/","title":{"rendered":"Fitness"},"content":{"rendered":"<div class=\"bv-fit-page\">\n<div class=\"bv-fit-hero\">\n<div class=\"bv-fit-hero-overlay\"><\/div>\n<div class=\"bv-fit-hero-content\">\n<div class=\"bv-fit-kicker\">Bella Vida Resort<\/div>\n<h1>Salle de fitness \u00e0 Uluwatu<\/h1>\n<p>Restez actif pendant votre escapade \u00e0 Bali dans l&#8217;espace de remise en forme lumineux et moderne de l&#8217;h\u00f4tel.<br \/>\nLe Bella Vida Resort dispose d&#8217;une salle de sport confortable avec des \u00e9quipements cardio, des poids,<br \/>\net des vues tropicales rafra\u00eechissantes. Elle est id\u00e9ale pour les s\u00e9ances d&#8217;entra\u00eenement du matin, l&#8217;entra\u00eenement l\u00e9ger,<br \/>\nou pour maintenir votre routine pendant votre s\u00e9jour \u00e0 Uluwatu.<\/p>\n<div class=\"bv-fit-btns\"><a class=\"bv-fit-btn bv-fit-btn-dark\" href=\"https:\/\/book-directonline.com\/properties\/BellaVidaResortDirect\" target=\"_blank\" rel=\"noopener\">R\u00e9servez votre s\u00e9jour<\/a><br \/>\n<a class=\"bv-fit-btn bv-fit-btn-light\" href=\"https:\/\/wa.me\/6282341594471\" target=\"_blank\" rel=\"noopener\">Demandez par WhatsApp<\/a><\/div>\n<\/div>\n<\/div>\n<div class=\"bv-fit-intro\">\n<h2>S&#8217;entra\u00eener dans un cadre tropical lumineux<\/h2>\n<p>La salle de sport du Bella Vida Resort Uluwatu est con\u00e7ue pour les clients qui souhaitent bouger, se ressourcer et se sentir bien pendant leur s\u00e9jour.<br \/>\nGr\u00e2ce \u00e0 ses grandes fen\u00eatres, \u00e0 la lumi\u00e8re du jour et \u00e0 la verdure paisible qui l&#8217;entoure, la salle de sport est fra\u00eeche, ouverte et motivante tout au long de la journ\u00e9e.<\/p>\n<\/div>\n<div class=\"bv-fit-usps\">\n<div class=\"bv-fit-usp\">\n<div class=\"bv-fit-usp-no\">01<\/div>\n<h3>Cardio et mouvement<\/h3>\n<p>Gardez votre \u00e9nergie gr\u00e2ce aux machines cardio dans un environnement propre et spacieux, id\u00e9al pour une s\u00e9ance matinale rapide ou un entra\u00eenement r\u00e9gulier avant de partir \u00e0 la d\u00e9couverte d&#8217;Uluwatu.<\/p>\n<\/div>\n<div class=\"bv-fit-usp\">\n<div class=\"bv-fit-usp-no\">02<\/div>\n<h3>Poids disponibles<\/h3>\n<p>Notre espace de remise en forme comprend des kettlebells et des \u00e9quipements d&#8217;entra\u00eenement essentiels pour la musculation l\u00e9g\u00e8re, la tonification, le travail de mobilit\u00e9 et les s\u00e9ances \u00e9quilibr\u00e9es pour tout le corps.<\/p>\n<\/div>\n<div class=\"bv-fit-usp\">\n<div class=\"bv-fit-usp-no\">03<\/div>\n<h3>Lumi\u00e8re naturelle<\/h3>\n<p>Des fen\u00eatres allant du sol au plafond apportent une belle lumi\u00e8re naturelle et des vues tropicales, cr\u00e9ant une atmosph\u00e8re calme qui rend chaque s\u00e9ance d&#8217;entra\u00eenement plus agr\u00e9able.<\/p>\n<\/div>\n<\/div>\n<div class=\"bv-fit-split\">\n<div class=\"bv-fit-split-image\"><img decoding=\"async\" src=\"https:\/\/bellavida-resort.com\/wp-content\/uploads\/2026\/04\/Bella-Vida-resort-Uluwatu-Fitness-area.jpg\" alt=\"Salle de remise en forme au Bella Vida Resort Uluwatu\"><\/div>\n<div class=\"bv-fit-split-card\">\n<div class=\"bv-fit-mini-kicker\">Bien-\u00eatre et style de vie<\/div>\n<h2>Une salle de sport adapt\u00e9e \u00e0 votre s\u00e9jour<\/h2>\n<p>Que vous souhaitiez commencer la matin\u00e9e en faisant le plein d&#8217;\u00e9nergie, faire une petite s\u00e9ance de remise en forme entre deux sorties \u00e0 la plage ou simplement maintenir votre routine pendant votre voyage, notre salle de sport vous offre la possibilit\u00e9 d&#8217;\u00e9voluer \u00e0 votre rythme.<\/p>\n<p>Le Bella Vida allie d\u00e9tente et activit\u00e9 en un seul lieu, ce qui en fait un excellent choix pour les personnes \u00e0 la recherche d&#8217;un complexe h\u00f4telier \u00e0 Uluwatu dot\u00e9 d&#8217;installations de remise en forme.<\/p>\n<div class=\"bv-fit-tags\">\u00c9quipement cardio<br \/>\nPoids libres<br \/>\nVues tropicales<\/div>\n<\/div>\n<\/div>\n<div class=\"bv-fit-gallery-head\">\n<h2>A l&#8217;int\u00e9rieur de l&#8217;espace fitness Bella Vida<\/h2>\n<p>Un espace propre, moderne et accueillant cr\u00e9\u00e9 pour des s\u00e9ances d&#8217;entra\u00eenement confortables pendant votre s\u00e9jour \u00e0 Bali.<\/p>\n<\/div>\n<div class=\"bv-fit-gallery\">\n<div class=\"bv-fit-gallery-card\"><img decoding=\"async\" src=\"https:\/\/bellavida-resort.com\/wp-content\/uploads\/2026\/04\/Bella-Vida-resort-Uluwatu-Fitness-view.jpg\" alt=\"Entra\u00eenement avec vue tropicale\"><\/p>\n<div class=\"bv-fit-gallery-body\">\n<h3>Entra\u00eenement avec vue<\/h3>\n<p>La verdure naturelle et la lumi\u00e8re douce du jour cr\u00e9ent une atmosph\u00e8re de formation calme et stimulante.<\/p>\n<\/div>\n<\/div>\n<div class=\"bv-fit-gallery-card\"><img decoding=\"async\" src=\"https:\/\/bellavida-resort.com\/wp-content\/uploads\/2026\/04\/Bella-Vida-resort-Uluwatu-Fitness-weights.jpg\" alt=\"Kettlebells en salle de sport\"><\/p>\n<div class=\"bv-fit-gallery-body\">\n<h3>L&#8217;essentiel de la force<\/h3>\n<p>Parfait pour un travail de force l\u00e9ger, des exercices de tonification, des routines de mobilit\u00e9 et de courtes s\u00e9ances d&#8217;entra\u00eenement.<\/p>\n<\/div>\n<\/div>\n<\/div>\n<div class=\"bv-fit-textblock\">\n<h2>Pourquoi choisir un centre de vacances avec salle de sport \u00e0 Uluwatu ?<\/h2>\n<p>Aujourd&#8217;hui, de nombreux voyageurs recherchent plus qu&#8217;une belle chambre. Ils recherchent \u00e9galement l&#8217;\u00e9quilibre, le confort et des \u00e9quipements de vie qui rendent leur s\u00e9jour encore plus agr\u00e9able. <\/p>\n<p>En choisissant un \u00e9tablissement dot\u00e9 d&#8217;une salle de sport \u00e0 Uluwatu, vous pourrez profiter de vos vacances tout en prenant le temps de bouger, de vous sentir bien et de prendre soin de vous.<\/p>\n<p>Au Bella Vida Resort, la salle de remise en forme ajoute une couche suppl\u00e9mentaire de confort pour les clients actifs, les nomades num\u00e9riques, les couples et les visiteurs de longue dur\u00e9e.<\/p>\n<p>Si vous recherchez un complexe de charme \u00e0 Uluwatu avec des installations de remise en forme, le Bella Vida offre une atmosph\u00e8re paisible, un confort moderne et des \u00e9quipements pratiques dans un cadre \u00e9l\u00e9gant.<\/p>\n<\/div>\n<div class=\"bv-fit-cta\">\n<h2>Restez actif au Bella Vida Resort Uluwatu<\/h2>\n<p>R\u00e9servez votre s\u00e9jour et profitez de l&#8217;exp\u00e9rience d&#8217;un complexe de charme avec une salle de remise en forme lumineuse, un cadre tropical et tout ce dont vous avez besoin pour un s\u00e9jour relaxant \u00e0 Uluwatu.<\/p>\n<div class=\"bv-fit-btns bv-fit-btns-center\"><a class=\"bv-fit-btn bv-fit-btn-white\" href=\"https:\/\/book-directonline.com\/properties\/BellaVidaResortDirect\" target=\"_blank\" rel=\"noopener\">Book Direct<\/a><br \/>\n<a class=\"bv-fit-btn bv-fit-btn-outline\" href=\"https:\/\/wa.me\/6282341594471\" target=\"_blank\" rel=\"noopener\">Posez une question<\/a><\/div>\n<\/div>\n<\/div>\n","protected":false},"excerpt":{"rendered":"<p>Bella Vida Resort Salle de fitness \u00e0 Uluwatu Restez actif pendant votre escapade \u00e0 Bali dans l&#8217;espace de remise en forme lumineux et moderne de l&#8217;h\u00f4tel. Le Bella Vida Resort dispose d&#8217;une salle de sport confortable avec des \u00e9quipements cardio, des poids, et des vues tropicales rafra\u00eechissantes. Elle est id\u00e9ale pour les s\u00e9ances d&#8217;entra\u00eenement du [&hellip;]<\/p>\n","protected":false},"author":6,"featured_media":0,"parent":0,"menu_order":0,"comment_status":"closed","ping_status":"closed","template":"","meta":{"inline_featured_image":false,"footnotes":""},"class_list":["post-8556","page","type-page","status-publish","hentry"],"yoast_head":"<!-- This site is optimized with the Yoast SEO plugin v27.4 - https:\/\/yoast.com\/product\/yoast-seo-wordpress\/ -->\n<title>Salle de fitness Uluwatu | Bella Vida Resort Bali<\/title>\n<meta name=\"description\" content=\"D\u00e9couvrez la salle de remise en forme du Bella Vida Resort Uluwatu. Profitez des \u00e9quipements cardio, des poids et des vues tropicales pendant votre s\u00e9jour dans ce complexe de charme \u00e0 Bali.\" \/>\n<meta name=\"robots\" content=\"index, follow, max-snippet:-1, max-image-preview:large, max-video-preview:-1\" \/>\n<link rel=\"canonical\" href=\"https:\/\/bellavida-resort.com\/fr\/fitness\/\" \/>\n<meta property=\"og:locale\" content=\"fr_FR\" \/>\n<meta property=\"og:type\" content=\"article\" \/>\n<meta property=\"og:title\" content=\"Salle de fitness Uluwatu | Bella Vida Resort Bali\" \/>\n<meta property=\"og:description\" content=\"D\u00e9couvrez la salle de remise en forme du Bella Vida Resort Uluwatu. Profitez des \u00e9quipements cardio, des poids et des vues tropicales pendant votre s\u00e9jour dans ce complexe de charme \u00e0 Bali.\" \/>\n<meta property=\"og:url\" content=\"https:\/\/bellavida-resort.com\/fr\/fitness\/\" \/>\n<meta property=\"og:site_name\" content=\"Bella Vida resort, Uluwatu\" \/>\n<meta property=\"article:publisher\" content=\"https:\/\/www.facebook.com\/profile.php?id=61584197150341\" \/>\n<meta property=\"article:modified_time\" content=\"2026-04-17T12:15:29+00:00\" \/>\n<meta property=\"og:image\" content=\"https:\/\/bellavida-resort.com\/wp-content\/uploads\/2026\/04\/Bella-Vida-resort-Uluwatu-Fitness-area.jpg\" \/>\n<meta name=\"twitter:card\" content=\"summary_large_image\" \/>\n<meta name=\"twitter:label1\" content=\"Dur\u00e9e de lecture estim\u00e9e\" \/>\n\t<meta name=\"twitter:data1\" content=\"3 minutes\" \/>\n<script type=\"application\/ld+json\" class=\"yoast-schema-graph\">{\"@context\":\"https:\\\/\\\/schema.org\",\"@graph\":[{\"@type\":\"WebPage\",\"@id\":\"https:\\\/\\\/bellavida-resort.com\\\/fr\\\/fitness\\\/\",\"url\":\"https:\\\/\\\/bellavida-resort.com\\\/fr\\\/fitness\\\/\",\"name\":\"Salle de fitness Uluwatu | Bella Vida Resort Bali\",\"isPartOf\":{\"@id\":\"https:\\\/\\\/bellavida-resort.com\\\/#website\"},\"primaryImageOfPage\":{\"@id\":\"https:\\\/\\\/bellavida-resort.com\\\/fr\\\/fitness\\\/#primaryimage\"},\"image\":{\"@id\":\"https:\\\/\\\/bellavida-resort.com\\\/fr\\\/fitness\\\/#primaryimage\"},\"thumbnailUrl\":\"https:\\\/\\\/bellavida-resort.com\\\/wp-content\\\/uploads\\\/2026\\\/04\\\/Bella-Vida-resort-Uluwatu-Fitness-area.jpg\",\"datePublished\":\"2026-04-17T11:24:10+00:00\",\"dateModified\":\"2026-04-17T12:15:29+00:00\",\"description\":\"D\u00e9couvrez la salle de remise en forme du Bella Vida Resort Uluwatu. Profitez des \u00e9quipements cardio, des poids et des vues tropicales pendant votre s\u00e9jour dans ce complexe de charme \u00e0 Bali.\",\"breadcrumb\":{\"@id\":\"https:\\\/\\\/bellavida-resort.com\\\/fr\\\/fitness\\\/#breadcrumb\"},\"inLanguage\":\"fr-FR\",\"potentialAction\":[{\"@type\":\"ReadAction\",\"target\":[\"https:\\\/\\\/bellavida-resort.com\\\/fr\\\/fitness\\\/\"]}]},{\"@type\":\"ImageObject\",\"inLanguage\":\"fr-FR\",\"@id\":\"https:\\\/\\\/bellavida-resort.com\\\/fr\\\/fitness\\\/#primaryimage\",\"url\":\"https:\\\/\\\/bellavida-resort.com\\\/wp-content\\\/uploads\\\/2026\\\/04\\\/Bella-Vida-resort-Uluwatu-Fitness-area.jpg\",\"contentUrl\":\"https:\\\/\\\/bellavida-resort.com\\\/wp-content\\\/uploads\\\/2026\\\/04\\\/Bella-Vida-resort-Uluwatu-Fitness-area.jpg\"},{\"@type\":\"BreadcrumbList\",\"@id\":\"https:\\\/\\\/bellavida-resort.com\\\/fr\\\/fitness\\\/#breadcrumb\",\"itemListElement\":[{\"@type\":\"ListItem\",\"position\":1,\"name\":\"Home\",\"item\":\"https:\\\/\\\/bellavida-resort.com\\\/fr\\\/\"},{\"@type\":\"ListItem\",\"position\":2,\"name\":\"Fitness\"}]},{\"@type\":\"WebSite\",\"@id\":\"https:\\\/\\\/bellavida-resort.com\\\/#website\",\"url\":\"https:\\\/\\\/bellavida-resort.com\\\/\",\"name\":\"Bella Vida resort, Uluwatu Bali\",\"description\":\"The best luxury resort in Bingin\",\"publisher\":{\"@id\":\"https:\\\/\\\/bellavida-resort.com\\\/#organization\"},\"potentialAction\":[{\"@type\":\"SearchAction\",\"target\":{\"@type\":\"EntryPoint\",\"urlTemplate\":\"https:\\\/\\\/bellavida-resort.com\\\/?s={search_term_string}\"},\"query-input\":{\"@type\":\"PropertyValueSpecification\",\"valueRequired\":true,\"valueName\":\"search_term_string\"}}],\"inLanguage\":\"fr-FR\"},{\"@type\":\"Organization\",\"@id\":\"https:\\\/\\\/bellavida-resort.com\\\/#organization\",\"name\":\"Bella Vida Resort\",\"url\":\"https:\\\/\\\/bellavida-resort.com\\\/\",\"logo\":{\"@type\":\"ImageObject\",\"inLanguage\":\"fr-FR\",\"@id\":\"https:\\\/\\\/bellavida-resort.com\\\/#\\\/schema\\\/logo\\\/image\\\/\",\"url\":\"https:\\\/\\\/bellavida-resort.com\\\/wp-content\\\/uploads\\\/2025\\\/10\\\/cropped-Epson-logo-printer.jpg\",\"contentUrl\":\"https:\\\/\\\/bellavida-resort.com\\\/wp-content\\\/uploads\\\/2025\\\/10\\\/cropped-Epson-logo-printer.jpg\",\"width\":1200,\"height\":313,\"caption\":\"Bella Vida Resort\"},\"image\":{\"@id\":\"https:\\\/\\\/bellavida-resort.com\\\/#\\\/schema\\\/logo\\\/image\\\/\"},\"sameAs\":[\"https:\\\/\\\/www.facebook.com\\\/profile.php?id=61584197150341\",\"https:\\\/\\\/www.instagram.com\\\/bellavidaresortbali\\\/\"]}]}<\/script>\n<!-- \/ Yoast SEO plugin. -->","yoast_head_json":{"title":"Salle de fitness Uluwatu | Bella Vida Resort Bali","description":"D\u00e9couvrez la salle de remise en forme du Bella Vida Resort Uluwatu. Profitez des \u00e9quipements cardio, des poids et des vues tropicales pendant votre s\u00e9jour dans ce complexe de charme \u00e0 Bali.","robots":{"index":"index","follow":"follow","max-snippet":"max-snippet:-1","max-image-preview":"max-image-preview:large","max-video-preview":"max-video-preview:-1"},"canonical":"https:\/\/bellavida-resort.com\/fr\/fitness\/","og_locale":"fr_FR","og_type":"article","og_title":"Salle de fitness Uluwatu | Bella Vida Resort Bali","og_description":"D\u00e9couvrez la salle de remise en forme du Bella Vida Resort Uluwatu. Profitez des \u00e9quipements cardio, des poids et des vues tropicales pendant votre s\u00e9jour dans ce complexe de charme \u00e0 Bali.","og_url":"https:\/\/bellavida-resort.com\/fr\/fitness\/","og_site_name":"Bella Vida resort, Uluwatu","article_publisher":"https:\/\/www.facebook.com\/profile.php?id=61584197150341","article_modified_time":"2026-04-17T12:15:29+00:00","og_image":[{"url":"https:\/\/bellavida-resort.com\/wp-content\/uploads\/2026\/04\/Bella-Vida-resort-Uluwatu-Fitness-area.jpg","type":"","width":"","height":""}],"twitter_card":"summary_large_image","twitter_misc":{"Dur\u00e9e de lecture estim\u00e9e":"3 minutes"},"schema":{"@context":"https:\/\/schema.org","@graph":[{"@type":"WebPage","@id":"https:\/\/bellavida-resort.com\/fr\/fitness\/","url":"https:\/\/bellavida-resort.com\/fr\/fitness\/","name":"Salle de fitness Uluwatu | Bella Vida Resort Bali","isPartOf":{"@id":"https:\/\/bellavida-resort.com\/#website"},"primaryImageOfPage":{"@id":"https:\/\/bellavida-resort.com\/fr\/fitness\/#primaryimage"},"image":{"@id":"https:\/\/bellavida-resort.com\/fr\/fitness\/#primaryimage"},"thumbnailUrl":"https:\/\/bellavida-resort.com\/wp-content\/uploads\/2026\/04\/Bella-Vida-resort-Uluwatu-Fitness-area.jpg","datePublished":"2026-04-17T11:24:10+00:00","dateModified":"2026-04-17T12:15:29+00:00","description":"D\u00e9couvrez la salle de remise en forme du Bella Vida Resort Uluwatu. Profitez des \u00e9quipements cardio, des poids et des vues tropicales pendant votre s\u00e9jour dans ce complexe de charme \u00e0 Bali.","breadcrumb":{"@id":"https:\/\/bellavida-resort.com\/fr\/fitness\/#breadcrumb"},"inLanguage":"fr-FR","potentialAction":[{"@type":"ReadAction","target":["https:\/\/bellavida-resort.com\/fr\/fitness\/"]}]},{"@type":"ImageObject","inLanguage":"fr-FR","@id":"https:\/\/bellavida-resort.com\/fr\/fitness\/#primaryimage","url":"https:\/\/bellavida-resort.com\/wp-content\/uploads\/2026\/04\/Bella-Vida-resort-Uluwatu-Fitness-area.jpg","contentUrl":"https:\/\/bellavida-resort.com\/wp-content\/uploads\/2026\/04\/Bella-Vida-resort-Uluwatu-Fitness-area.jpg"},{"@type":"BreadcrumbList","@id":"https:\/\/bellavida-resort.com\/fr\/fitness\/#breadcrumb","itemListElement":[{"@type":"ListItem","position":1,"name":"Home","item":"https:\/\/bellavida-resort.com\/fr\/"},{"@type":"ListItem","position":2,"name":"Fitness"}]},{"@type":"WebSite","@id":"https:\/\/bellavida-resort.com\/#website","url":"https:\/\/bellavida-resort.com\/","name":"Bella Vida resort, Uluwatu Bali","description":"The best luxury resort in Bingin","publisher":{"@id":"https:\/\/bellavida-resort.com\/#organization"},"potentialAction":[{"@type":"SearchAction","target":{"@type":"EntryPoint","urlTemplate":"https:\/\/bellavida-resort.com\/?s={search_term_string}"},"query-input":{"@type":"PropertyValueSpecification","valueRequired":true,"valueName":"search_term_string"}}],"inLanguage":"fr-FR"},{"@type":"Organization","@id":"https:\/\/bellavida-resort.com\/#organization","name":"Bella Vida Resort","url":"https:\/\/bellavida-resort.com\/","logo":{"@type":"ImageObject","inLanguage":"fr-FR","@id":"https:\/\/bellavida-resort.com\/#\/schema\/logo\/image\/","url":"https:\/\/bellavida-resort.com\/wp-content\/uploads\/2025\/10\/cropped-Epson-logo-printer.jpg","contentUrl":"https:\/\/bellavida-resort.com\/wp-content\/uploads\/2025\/10\/cropped-Epson-logo-printer.jpg","width":1200,"height":313,"caption":"Bella Vida Resort"},"image":{"@id":"https:\/\/bellavida-resort.com\/#\/schema\/logo\/image\/"},"sameAs":["https:\/\/www.facebook.com\/profile.php?id=61584197150341","https:\/\/www.instagram.com\/bellavidaresortbali\/"]}]}},"_links":{"self":[{"href":"https:\/\/bellavida-resort.com\/fr\/wp-json\/wp\/v2\/pages\/8556","targetHints":{"allow":["GET"]}}],"collection":[{"href":"https:\/\/bellavida-resort.com\/fr\/wp-json\/wp\/v2\/pages"}],"about":[{"href":"https:\/\/bellavida-resort.com\/fr\/wp-json\/wp\/v2\/types\/page"}],"author":[{"embeddable":true,"href":"https:\/\/bellavida-resort.com\/fr\/wp-json\/wp\/v2\/users\/6"}],"replies":[{"embeddable":true,"href":"https:\/\/bellavida-resort.com\/fr\/wp-json\/wp\/v2\/comments?post=8556"}],"version-history":[{"count":5,"href":"https:\/\/bellavida-resort.com\/fr\/wp-json\/wp\/v2\/pages\/8556\/revisions"}],"predecessor-version":[{"id":8584,"href":"https:\/\/bellavida-resort.com\/fr\/wp-json\/wp\/v2\/pages\/8556\/revisions\/8584"}],"wp:attachment":[{"href":"https:\/\/bellavida-resort.com\/fr\/wp-json\/wp\/v2\/media?parent=8556"}],"curies":[{"name":"wp","href":"https:\/\/api.w.org\/{rel}","templated":true}]}}