{"id":5989,"date":"2026-02-03T13:01:58","date_gmt":"2026-02-03T13:01:58","guid":{"rendered":"https:\/\/bellavida-resort.com\/uluwatu-bali-guide-2\/"},"modified":"2026-02-05T14:06:56","modified_gmt":"2026-02-05T14:06:56","slug":"uluwatu-bali-guide","status":"publish","type":"page","link":"https:\/\/bellavida-resort.com\/fr\/uluwatu-bali-guide\/","title":{"rendered":"Guide d&#8217;Uluwatu et de Bali"},"content":{"rendered":"<p class=\"bv-lead\">Votre guide complet d&#8217;Uluwatu et de Bali avec des exp\u00e9riences tri\u00e9es sur le volet, des informations locales et de l&#8217;inspiration pour un s\u00e9jour raffin\u00e9 sur l&#8217;\u00eele pr\u00e8s du Bella Vida Resort.<\/p>\n<div class=\"bv-tags\"><span class=\"bv-tag\">\u2713 Uluwatu<\/span><br \/>\n<span class=\"bv-tag\">\u2713 Retraites de luxe<\/span><br \/>\n<span class=\"bv-tag\">\u2713 Conseils locaux<\/span><\/div>\n<p>Uluwatu est l&#8217;une des destinations les plus captivantes de Bali, connue pour ses falaises spectaculaires, ses spots de surf de classe mondiale, ses lieux spirituels et son style de vie luxueux et d\u00e9contract\u00e9. Avec ses couchers de soleil embl\u00e9matiques, ses spectacles culturels, ses plages cach\u00e9es et ses retraites de bien-\u00eatre, cette partie de l&#8217;\u00eele offre un \u00e9quilibre parfait entre nature, culture et confort. <\/p>\n<p>Dans ce guide sur Uluwatu et Bali, nous partageons des articles de blog soigneusement s\u00e9lectionn\u00e9s pour vous aider \u00e0 explorer la r\u00e9gion comme un local. Que vous cherchiez des choses \u00e0 faire pr\u00e8s de Bella Vida Resort, que vous planifiez une excursion d&#8217;une journ\u00e9e ou que vous cherchiez simplement l&#8217;inspiration pour un s\u00e9jour plus significatif \u00e0 Bali, notre blog est con\u00e7u pour vous guider &#8211; calmement, clairement et authentiquement. <\/p>\n","protected":false},"excerpt":{"rendered":"<p>Votre guide complet d&#8217;Uluwatu et de Bali avec des exp\u00e9riences tri\u00e9es sur le volet, des informations locales et de l&#8217;inspiration pour un s\u00e9jour raffin\u00e9 sur l&#8217;\u00eele pr\u00e8s du Bella Vida Resort. \u2713 Uluwatu \u2713 Retraites de luxe \u2713 Conseils locaux Uluwatu est l&#8217;une des destinations les plus captivantes de Bali, connue pour ses falaises spectaculaires, [&hellip;]<\/p>\n","protected":false},"author":6,"featured_media":0,"parent":0,"menu_order":0,"comment_status":"closed","ping_status":"closed","template":"page-uluwatu-bali-guide.php","meta":{"inline_featured_image":false,"footnotes":""},"class_list":["post-5989","page","type-page","status-publish","hentry"],"yoast_head":"<!-- This site is optimized with the Yoast SEO plugin v27.4 - https:\/\/yoast.com\/product\/yoast-seo-wordpress\/ -->\n<title>Guide d&#039;Uluwatu et de Bali - Bella Vida resort, Uluwatu<\/title>\n<meta name=\"robots\" content=\"index, follow, max-snippet:-1, max-image-preview:large, max-video-preview:-1\" \/>\n<link rel=\"canonical\" href=\"https:\/\/bellavida-resort.com\/fr\/uluwatu-bali-guide\/\" \/>\n<meta property=\"og:locale\" content=\"fr_FR\" \/>\n<meta property=\"og:type\" content=\"article\" \/>\n<meta property=\"og:title\" content=\"Guide d&#039;Uluwatu et de Bali - Bella Vida resort, Uluwatu\" \/>\n<meta property=\"og:description\" content=\"Votre guide complet d&#8217;Uluwatu et de Bali avec des exp\u00e9riences tri\u00e9es sur le volet, des informations locales et de l&#8217;inspiration pour un s\u00e9jour raffin\u00e9 sur l&#8217;\u00eele pr\u00e8s du Bella Vida Resort. \u2713 Uluwatu \u2713 Retraites de luxe \u2713 Conseils locaux Uluwatu est l&#8217;une des destinations les plus captivantes de Bali, connue pour ses falaises spectaculaires, [&hellip;]\" \/>\n<meta property=\"og:url\" content=\"https:\/\/bellavida-resort.com\/fr\/uluwatu-bali-guide\/\" \/>\n<meta property=\"og:site_name\" content=\"Bella Vida resort, Uluwatu\" \/>\n<meta property=\"article:publisher\" content=\"https:\/\/www.facebook.com\/profile.php?id=61584197150341\" \/>\n<meta property=\"article:modified_time\" content=\"2026-02-05T14:06:56+00:00\" \/>\n<meta name=\"twitter:card\" content=\"summary_large_image\" \/>\n<meta name=\"twitter:label1\" content=\"Dur\u00e9e de lecture estim\u00e9e\" \/>\n\t<meta name=\"twitter:data1\" content=\"1 minute\" \/>\n<script type=\"application\/ld+json\" class=\"yoast-schema-graph\">{\"@context\":\"https:\\\/\\\/schema.org\",\"@graph\":[{\"@type\":\"WebPage\",\"@id\":\"https:\\\/\\\/bellavida-resort.com\\\/fr\\\/uluwatu-bali-guide\\\/\",\"url\":\"https:\\\/\\\/bellavida-resort.com\\\/fr\\\/uluwatu-bali-guide\\\/\",\"name\":\"Guide d'Uluwatu et de Bali - Bella Vida resort, Uluwatu\",\"isPartOf\":{\"@id\":\"https:\\\/\\\/bellavida-resort.com\\\/#website\"},\"datePublished\":\"2026-02-03T13:01:58+00:00\",\"dateModified\":\"2026-02-05T14:06:56+00:00\",\"breadcrumb\":{\"@id\":\"https:\\\/\\\/bellavida-resort.com\\\/fr\\\/uluwatu-bali-guide\\\/#breadcrumb\"},\"inLanguage\":\"fr-FR\",\"potentialAction\":[{\"@type\":\"ReadAction\",\"target\":[\"https:\\\/\\\/bellavida-resort.com\\\/fr\\\/uluwatu-bali-guide\\\/\"]}]},{\"@type\":\"BreadcrumbList\",\"@id\":\"https:\\\/\\\/bellavida-resort.com\\\/fr\\\/uluwatu-bali-guide\\\/#breadcrumb\",\"itemListElement\":[{\"@type\":\"ListItem\",\"position\":1,\"name\":\"Home\",\"item\":\"https:\\\/\\\/bellavida-resort.com\\\/fr\\\/\"},{\"@type\":\"ListItem\",\"position\":2,\"name\":\"Guide d&#8217;Uluwatu et de Bali\"}]},{\"@type\":\"WebSite\",\"@id\":\"https:\\\/\\\/bellavida-resort.com\\\/#website\",\"url\":\"https:\\\/\\\/bellavida-resort.com\\\/\",\"name\":\"Bella Vida resort, Uluwatu Bali\",\"description\":\"The best luxury resort in Bingin\",\"publisher\":{\"@id\":\"https:\\\/\\\/bellavida-resort.com\\\/#organization\"},\"potentialAction\":[{\"@type\":\"SearchAction\",\"target\":{\"@type\":\"EntryPoint\",\"urlTemplate\":\"https:\\\/\\\/bellavida-resort.com\\\/?s={search_term_string}\"},\"query-input\":{\"@type\":\"PropertyValueSpecification\",\"valueRequired\":true,\"valueName\":\"search_term_string\"}}],\"inLanguage\":\"fr-FR\"},{\"@type\":\"Organization\",\"@id\":\"https:\\\/\\\/bellavida-resort.com\\\/#organization\",\"name\":\"Bella Vida Resort\",\"url\":\"https:\\\/\\\/bellavida-resort.com\\\/\",\"logo\":{\"@type\":\"ImageObject\",\"inLanguage\":\"fr-FR\",\"@id\":\"https:\\\/\\\/bellavida-resort.com\\\/#\\\/schema\\\/logo\\\/image\\\/\",\"url\":\"https:\\\/\\\/bellavida-resort.com\\\/wp-content\\\/uploads\\\/2025\\\/10\\\/cropped-Epson-logo-printer.jpg\",\"contentUrl\":\"https:\\\/\\\/bellavida-resort.com\\\/wp-content\\\/uploads\\\/2025\\\/10\\\/cropped-Epson-logo-printer.jpg\",\"width\":1200,\"height\":313,\"caption\":\"Bella Vida Resort\"},\"image\":{\"@id\":\"https:\\\/\\\/bellavida-resort.com\\\/#\\\/schema\\\/logo\\\/image\\\/\"},\"sameAs\":[\"https:\\\/\\\/www.facebook.com\\\/profile.php?id=61584197150341\",\"https:\\\/\\\/www.instagram.com\\\/bellavidaresortbali\\\/\"]}]}<\/script>\n<!-- \/ Yoast SEO plugin. -->","yoast_head_json":{"title":"Guide d'Uluwatu et de Bali - Bella Vida resort, Uluwatu","robots":{"index":"index","follow":"follow","max-snippet":"max-snippet:-1","max-image-preview":"max-image-preview:large","max-video-preview":"max-video-preview:-1"},"canonical":"https:\/\/bellavida-resort.com\/fr\/uluwatu-bali-guide\/","og_locale":"fr_FR","og_type":"article","og_title":"Guide d'Uluwatu et de Bali - Bella Vida resort, Uluwatu","og_description":"Votre guide complet d&#8217;Uluwatu et de Bali avec des exp\u00e9riences tri\u00e9es sur le volet, des informations locales et de l&#8217;inspiration pour un s\u00e9jour raffin\u00e9 sur l&#8217;\u00eele pr\u00e8s du Bella Vida Resort. \u2713 Uluwatu \u2713 Retraites de luxe \u2713 Conseils locaux Uluwatu est l&#8217;une des destinations les plus captivantes de Bali, connue pour ses falaises spectaculaires, [&hellip;]","og_url":"https:\/\/bellavida-resort.com\/fr\/uluwatu-bali-guide\/","og_site_name":"Bella Vida resort, Uluwatu","article_publisher":"https:\/\/www.facebook.com\/profile.php?id=61584197150341","article_modified_time":"2026-02-05T14:06:56+00:00","twitter_card":"summary_large_image","twitter_misc":{"Dur\u00e9e de lecture estim\u00e9e":"1 minute"},"schema":{"@context":"https:\/\/schema.org","@graph":[{"@type":"WebPage","@id":"https:\/\/bellavida-resort.com\/fr\/uluwatu-bali-guide\/","url":"https:\/\/bellavida-resort.com\/fr\/uluwatu-bali-guide\/","name":"Guide d'Uluwatu et de Bali - Bella Vida resort, Uluwatu","isPartOf":{"@id":"https:\/\/bellavida-resort.com\/#website"},"datePublished":"2026-02-03T13:01:58+00:00","dateModified":"2026-02-05T14:06:56+00:00","breadcrumb":{"@id":"https:\/\/bellavida-resort.com\/fr\/uluwatu-bali-guide\/#breadcrumb"},"inLanguage":"fr-FR","potentialAction":[{"@type":"ReadAction","target":["https:\/\/bellavida-resort.com\/fr\/uluwatu-bali-guide\/"]}]},{"@type":"BreadcrumbList","@id":"https:\/\/bellavida-resort.com\/fr\/uluwatu-bali-guide\/#breadcrumb","itemListElement":[{"@type":"ListItem","position":1,"name":"Home","item":"https:\/\/bellavida-resort.com\/fr\/"},{"@type":"ListItem","position":2,"name":"Guide d&#8217;Uluwatu et de Bali"}]},{"@type":"WebSite","@id":"https:\/\/bellavida-resort.com\/#website","url":"https:\/\/bellavida-resort.com\/","name":"Bella Vida resort, Uluwatu Bali","description":"The best luxury resort in Bingin","publisher":{"@id":"https:\/\/bellavida-resort.com\/#organization"},"potentialAction":[{"@type":"SearchAction","target":{"@type":"EntryPoint","urlTemplate":"https:\/\/bellavida-resort.com\/?s={search_term_string}"},"query-input":{"@type":"PropertyValueSpecification","valueRequired":true,"valueName":"search_term_string"}}],"inLanguage":"fr-FR"},{"@type":"Organization","@id":"https:\/\/bellavida-resort.com\/#organization","name":"Bella Vida Resort","url":"https:\/\/bellavida-resort.com\/","logo":{"@type":"ImageObject","inLanguage":"fr-FR","@id":"https:\/\/bellavida-resort.com\/#\/schema\/logo\/image\/","url":"https:\/\/bellavida-resort.com\/wp-content\/uploads\/2025\/10\/cropped-Epson-logo-printer.jpg","contentUrl":"https:\/\/bellavida-resort.com\/wp-content\/uploads\/2025\/10\/cropped-Epson-logo-printer.jpg","width":1200,"height":313,"caption":"Bella Vida Resort"},"image":{"@id":"https:\/\/bellavida-resort.com\/#\/schema\/logo\/image\/"},"sameAs":["https:\/\/www.facebook.com\/profile.php?id=61584197150341","https:\/\/www.instagram.com\/bellavidaresortbali\/"]}]}},"_links":{"self":[{"href":"https:\/\/bellavida-resort.com\/fr\/wp-json\/wp\/v2\/pages\/5989","targetHints":{"allow":["GET"]}}],"collection":[{"href":"https:\/\/bellavida-resort.com\/fr\/wp-json\/wp\/v2\/pages"}],"about":[{"href":"https:\/\/bellavida-resort.com\/fr\/wp-json\/wp\/v2\/types\/page"}],"author":[{"embeddable":true,"href":"https:\/\/bellavida-resort.com\/fr\/wp-json\/wp\/v2\/users\/6"}],"replies":[{"embeddable":true,"href":"https:\/\/bellavida-resort.com\/fr\/wp-json\/wp\/v2\/comments?post=5989"}],"version-history":[{"count":6,"href":"https:\/\/bellavida-resort.com\/fr\/wp-json\/wp\/v2\/pages\/5989\/revisions"}],"predecessor-version":[{"id":6395,"href":"https:\/\/bellavida-resort.com\/fr\/wp-json\/wp\/v2\/pages\/5989\/revisions\/6395"}],"wp:attachment":[{"href":"https:\/\/bellavida-resort.com\/fr\/wp-json\/wp\/v2\/media?parent=5989"}],"curies":[{"name":"wp","href":"https:\/\/api.w.org\/{rel}","templated":true}]}}