{"id":5724,"date":"2026-02-02T16:03:18","date_gmt":"2026-02-02T16:03:18","guid":{"rendered":"https:\/\/bellavida-resort.com\/uluwatu-bali-travel-guide\/"},"modified":"2026-02-03T08:23:59","modified_gmt":"2026-02-03T08:23:59","slug":"uluwatu-bali-travel-guide","status":"publish","type":"page","link":"https:\/\/bellavida-resort.com\/fr\/uluwatu-bali-travel-guide\/","title":{"rendered":"Guide de voyage Uluwatu Bali"},"content":{"rendered":"<section style=\"max-width: 1100px; margin: 60px auto 40px; padding: 0 20px; text-align: center;\">\n<p style=\"max-width: 820px; margin: 0 auto; font-size: 17px; line-height: 1.7; color: #555;\">D\u00e9couvrez les plages, les couchers de soleil, les hauts lieux culturels et les excursions \u00e0 la journ\u00e9e pr\u00e8s du <strong>Bella Vida Resort<\/strong> \u00e0 Uluwatu (Pecatu), Bali. Nos guides vous aideront \u00e0 planifier les meilleures exp\u00e9riences pendant votre s\u00e9jour. <\/p>\n<\/section>\n","protected":false},"excerpt":{"rendered":"<p>D\u00e9couvrez les plages, les couchers de soleil, les hauts lieux culturels et les excursions \u00e0 la journ\u00e9e pr\u00e8s du Bella Vida Resort \u00e0 Uluwatu (Pecatu), Bali. Nos guides vous aideront \u00e0 planifier les meilleures exp\u00e9riences pendant votre s\u00e9jour.<\/p>\n","protected":false},"author":6,"featured_media":0,"parent":0,"menu_order":0,"comment_status":"closed","ping_status":"closed","template":"","meta":{"inline_featured_image":false,"footnotes":""},"class_list":["post-5724","page","type-page","status-publish","hentry"],"yoast_head":"<!-- This site is optimized with the Yoast SEO plugin v27.4 - https:\/\/yoast.com\/product\/yoast-seo-wordpress\/ -->\n<title>Guide de voyage Uluwatu Bali - Bella Vida resort, Uluwatu<\/title>\n<meta name=\"robots\" content=\"index, follow, max-snippet:-1, max-image-preview:large, max-video-preview:-1\" \/>\n<link rel=\"canonical\" href=\"https:\/\/bellavida-resort.com\/uluwatu-bali-travel-guide\/\" \/>\n<meta property=\"og:locale\" content=\"fr_FR\" \/>\n<meta property=\"og:type\" content=\"article\" \/>\n<meta property=\"og:title\" content=\"Guide de voyage Uluwatu Bali - Bella Vida resort, Uluwatu\" \/>\n<meta property=\"og:description\" content=\"D\u00e9couvrez les plages, les couchers de soleil, les hauts lieux culturels et les excursions \u00e0 la journ\u00e9e pr\u00e8s du Bella Vida Resort \u00e0 Uluwatu (Pecatu), Bali. Nos guides vous aideront \u00e0 planifier les meilleures exp\u00e9riences pendant votre s\u00e9jour.\" \/>\n<meta property=\"og:url\" content=\"https:\/\/bellavida-resort.com\/uluwatu-bali-travel-guide\/\" \/>\n<meta property=\"og:site_name\" content=\"Bella Vida resort, Uluwatu\" \/>\n<meta property=\"article:publisher\" content=\"https:\/\/www.facebook.com\/profile.php?id=61584197150341\" \/>\n<meta property=\"article:modified_time\" content=\"2026-02-03T08:23:59+00:00\" \/>\n<meta name=\"twitter:card\" content=\"summary_large_image\" \/>\n<script type=\"application\/ld+json\" class=\"yoast-schema-graph\">{\"@context\":\"https:\\\/\\\/schema.org\",\"@graph\":[{\"@type\":\"WebPage\",\"@id\":\"https:\\\/\\\/bellavida-resort.com\\\/uluwatu-bali-travel-guide\\\/\",\"url\":\"https:\\\/\\\/bellavida-resort.com\\\/uluwatu-bali-travel-guide\\\/\",\"name\":\"Guide de voyage Uluwatu Bali - Bella Vida resort, Uluwatu\",\"isPartOf\":{\"@id\":\"https:\\\/\\\/bellavida-resort.com\\\/#website\"},\"datePublished\":\"2026-02-02T16:03:18+00:00\",\"dateModified\":\"2026-02-03T08:23:59+00:00\",\"breadcrumb\":{\"@id\":\"https:\\\/\\\/bellavida-resort.com\\\/uluwatu-bali-travel-guide\\\/#breadcrumb\"},\"inLanguage\":\"fr-FR\",\"potentialAction\":[{\"@type\":\"ReadAction\",\"target\":[\"https:\\\/\\\/bellavida-resort.com\\\/uluwatu-bali-travel-guide\\\/\"]}]},{\"@type\":\"BreadcrumbList\",\"@id\":\"https:\\\/\\\/bellavida-resort.com\\\/uluwatu-bali-travel-guide\\\/#breadcrumb\",\"itemListElement\":[{\"@type\":\"ListItem\",\"position\":1,\"name\":\"Home\",\"item\":\"https:\\\/\\\/bellavida-resort.com\\\/fr\\\/\"},{\"@type\":\"ListItem\",\"position\":2,\"name\":\"Guide de voyage Uluwatu Bali\"}]},{\"@type\":\"WebSite\",\"@id\":\"https:\\\/\\\/bellavida-resort.com\\\/#website\",\"url\":\"https:\\\/\\\/bellavida-resort.com\\\/\",\"name\":\"Bella Vida resort, Uluwatu Bali\",\"description\":\"The best luxury resort in Bingin\",\"publisher\":{\"@id\":\"https:\\\/\\\/bellavida-resort.com\\\/#organization\"},\"potentialAction\":[{\"@type\":\"SearchAction\",\"target\":{\"@type\":\"EntryPoint\",\"urlTemplate\":\"https:\\\/\\\/bellavida-resort.com\\\/?s={search_term_string}\"},\"query-input\":{\"@type\":\"PropertyValueSpecification\",\"valueRequired\":true,\"valueName\":\"search_term_string\"}}],\"inLanguage\":\"fr-FR\"},{\"@type\":\"Organization\",\"@id\":\"https:\\\/\\\/bellavida-resort.com\\\/#organization\",\"name\":\"Bella Vida Resort\",\"url\":\"https:\\\/\\\/bellavida-resort.com\\\/\",\"logo\":{\"@type\":\"ImageObject\",\"inLanguage\":\"fr-FR\",\"@id\":\"https:\\\/\\\/bellavida-resort.com\\\/#\\\/schema\\\/logo\\\/image\\\/\",\"url\":\"https:\\\/\\\/bellavida-resort.com\\\/wp-content\\\/uploads\\\/2025\\\/10\\\/cropped-Epson-logo-printer.jpg\",\"contentUrl\":\"https:\\\/\\\/bellavida-resort.com\\\/wp-content\\\/uploads\\\/2025\\\/10\\\/cropped-Epson-logo-printer.jpg\",\"width\":1200,\"height\":313,\"caption\":\"Bella Vida Resort\"},\"image\":{\"@id\":\"https:\\\/\\\/bellavida-resort.com\\\/#\\\/schema\\\/logo\\\/image\\\/\"},\"sameAs\":[\"https:\\\/\\\/www.facebook.com\\\/profile.php?id=61584197150341\",\"https:\\\/\\\/www.instagram.com\\\/bellavidaresortbali\\\/\"]}]}<\/script>\n<!-- \/ Yoast SEO plugin. -->","yoast_head_json":{"title":"Guide de voyage Uluwatu Bali - Bella Vida resort, Uluwatu","robots":{"index":"index","follow":"follow","max-snippet":"max-snippet:-1","max-image-preview":"max-image-preview:large","max-video-preview":"max-video-preview:-1"},"canonical":"https:\/\/bellavida-resort.com\/uluwatu-bali-travel-guide\/","og_locale":"fr_FR","og_type":"article","og_title":"Guide de voyage Uluwatu Bali - Bella Vida resort, Uluwatu","og_description":"D\u00e9couvrez les plages, les couchers de soleil, les hauts lieux culturels et les excursions \u00e0 la journ\u00e9e pr\u00e8s du Bella Vida Resort \u00e0 Uluwatu (Pecatu), Bali. Nos guides vous aideront \u00e0 planifier les meilleures exp\u00e9riences pendant votre s\u00e9jour.","og_url":"https:\/\/bellavida-resort.com\/uluwatu-bali-travel-guide\/","og_site_name":"Bella Vida resort, Uluwatu","article_publisher":"https:\/\/www.facebook.com\/profile.php?id=61584197150341","article_modified_time":"2026-02-03T08:23:59+00:00","twitter_card":"summary_large_image","schema":{"@context":"https:\/\/schema.org","@graph":[{"@type":"WebPage","@id":"https:\/\/bellavida-resort.com\/uluwatu-bali-travel-guide\/","url":"https:\/\/bellavida-resort.com\/uluwatu-bali-travel-guide\/","name":"Guide de voyage Uluwatu Bali - Bella Vida resort, Uluwatu","isPartOf":{"@id":"https:\/\/bellavida-resort.com\/#website"},"datePublished":"2026-02-02T16:03:18+00:00","dateModified":"2026-02-03T08:23:59+00:00","breadcrumb":{"@id":"https:\/\/bellavida-resort.com\/uluwatu-bali-travel-guide\/#breadcrumb"},"inLanguage":"fr-FR","potentialAction":[{"@type":"ReadAction","target":["https:\/\/bellavida-resort.com\/uluwatu-bali-travel-guide\/"]}]},{"@type":"BreadcrumbList","@id":"https:\/\/bellavida-resort.com\/uluwatu-bali-travel-guide\/#breadcrumb","itemListElement":[{"@type":"ListItem","position":1,"name":"Home","item":"https:\/\/bellavida-resort.com\/fr\/"},{"@type":"ListItem","position":2,"name":"Guide de voyage Uluwatu Bali"}]},{"@type":"WebSite","@id":"https:\/\/bellavida-resort.com\/#website","url":"https:\/\/bellavida-resort.com\/","name":"Bella Vida resort, Uluwatu Bali","description":"The best luxury resort in Bingin","publisher":{"@id":"https:\/\/bellavida-resort.com\/#organization"},"potentialAction":[{"@type":"SearchAction","target":{"@type":"EntryPoint","urlTemplate":"https:\/\/bellavida-resort.com\/?s={search_term_string}"},"query-input":{"@type":"PropertyValueSpecification","valueRequired":true,"valueName":"search_term_string"}}],"inLanguage":"fr-FR"},{"@type":"Organization","@id":"https:\/\/bellavida-resort.com\/#organization","name":"Bella Vida Resort","url":"https:\/\/bellavida-resort.com\/","logo":{"@type":"ImageObject","inLanguage":"fr-FR","@id":"https:\/\/bellavida-resort.com\/#\/schema\/logo\/image\/","url":"https:\/\/bellavida-resort.com\/wp-content\/uploads\/2025\/10\/cropped-Epson-logo-printer.jpg","contentUrl":"https:\/\/bellavida-resort.com\/wp-content\/uploads\/2025\/10\/cropped-Epson-logo-printer.jpg","width":1200,"height":313,"caption":"Bella Vida Resort"},"image":{"@id":"https:\/\/bellavida-resort.com\/#\/schema\/logo\/image\/"},"sameAs":["https:\/\/www.facebook.com\/profile.php?id=61584197150341","https:\/\/www.instagram.com\/bellavidaresortbali\/"]}]}},"_links":{"self":[{"href":"https:\/\/bellavida-resort.com\/fr\/wp-json\/wp\/v2\/pages\/5724","targetHints":{"allow":["GET"]}}],"collection":[{"href":"https:\/\/bellavida-resort.com\/fr\/wp-json\/wp\/v2\/pages"}],"about":[{"href":"https:\/\/bellavida-resort.com\/fr\/wp-json\/wp\/v2\/types\/page"}],"author":[{"embeddable":true,"href":"https:\/\/bellavida-resort.com\/fr\/wp-json\/wp\/v2\/users\/6"}],"replies":[{"embeddable":true,"href":"https:\/\/bellavida-resort.com\/fr\/wp-json\/wp\/v2\/comments?post=5724"}],"version-history":[{"count":6,"href":"https:\/\/bellavida-resort.com\/fr\/wp-json\/wp\/v2\/pages\/5724\/revisions"}],"predecessor-version":[{"id":5807,"href":"https:\/\/bellavida-resort.com\/fr\/wp-json\/wp\/v2\/pages\/5724\/revisions\/5807"}],"wp:attachment":[{"href":"https:\/\/bellavida-resort.com\/fr\/wp-json\/wp\/v2\/media?parent=5724"}],"curies":[{"name":"wp","href":"https:\/\/api.w.org\/{rel}","templated":true}]}}