{"id":4847,"date":"2019-08-20T14:19:42","date_gmt":"2019-08-20T14:19:42","guid":{"rendered":"https:\/\/bellavida-resort.com\/blocks\/posts-slider-block\/"},"modified":"2025-03-25T11:35:10","modified_gmt":"2025-03-25T11:35:10","slug":"posts-slider-block","status":"publish","type":"page","link":"https:\/\/bellavida-resort.com\/fr\/blocks\/posts-slider-block\/","title":{"rendered":"Bloc coulissant des articles"},"content":{"rendered":"\n        <div class=\"wp-block-getwid-post-slider custom-post-type-post alignwide has-arrows-inside has-dots-inside\">\n            <div data-slider-option=\"{&quot;getwid_fade_effect&quot;:&quot;fade&quot;,&quot;getwid_autoplay&quot;:true,&quot;getwid_pause_on_hover&quot;:false,&quot;getwid_autoplay_speed&quot;:6000,&quot;getwid_infinite&quot;:true,&quot;getwid_animation_speed&quot;:800,&quot;getwid_arrows&quot;:&quot;inside&quot;,&quot;getwid_dots&quot;:&quot;inside&quot;}\" class=\"wp-block-getwid-post-slider__content\">\n                \t\t\t\t\t\t\t<div class=\"wp-block-getwid-post-slider__slide\" style=\"min-height:80vh;\">\n\t\t\t\t\t\t\t\t\n<div class=\"wp-block-getwid-post-slider__post \">\n            <div class=\"wp-block-getwid-post-slider__post-thumbnail\">\n            <img loading=\"lazy\" decoding=\"async\" width=\"600\" height=\"372\" src=\"https:\/\/bellavida-resort.com\/wp-content\/uploads\/2024\/10\/Kecak-fire-dance.jpg\" class=\"attachment-post-thumbnail size-post-thumbnail wp-post-image\" alt=\"Kecak fire dance\" srcset=\"https:\/\/bellavida-resort.com\/wp-content\/uploads\/2024\/10\/Kecak-fire-dance.jpg 600w, https:\/\/bellavida-resort.com\/wp-content\/uploads\/2024\/10\/Kecak-fire-dance-300x186.jpg 300w\" sizes=\"auto, (max-width: 600px) 100vw, 600px\" \/>        <\/div>\n        <div class=\"wp-block-getwid-post-slider__post-overlay \"><\/div>\n    <div class=\"wp-block-getwid-post-slider__post-content-wrapper\">\n        <h3 class=\"wp-block-getwid-post-slider__post-title\"><a href=\"https:\/\/bellavida-resort.com\/fr\/kecak-fire-dance-uluwatu-bali\/\">D\u00e9couvrez la magie de la danse du feu Kecak \u00e0 Uluwatu, Bali<\/a><\/h3>        <div class=\"wp-block-getwid-post-slider__post-excerpt\"><p>Danse du feu Kecak Uluwatu Bali est connue pour sa riche culture, ses paysages envo\u00fbtants et ses traditions uniques. L&#8217;un des spectacles culturels les plus embl\u00e9matiques de l&#8217;\u00eele est la danse du feu Kecak, une exp\u00e9rience dramatique et spirituelle qui se d\u00e9roule au temple d&#8217;Uluwatu, \u00e0 flanc de falaise. Si vous pr\u00e9voyez de visiter Bali, [&hellip;]<\/p>\n<\/div>\n    <\/div>\n<\/div>\n\t\t\t\t\t\t\t<\/div>\n\t\t\t\t\t\t\t\t\t\t\t\t\t<div class=\"wp-block-getwid-post-slider__slide\" style=\"min-height:80vh;\">\n\t\t\t\t\t\t\t\t\n<div class=\"wp-block-getwid-post-slider__post \">\n            <div class=\"wp-block-getwid-post-slider__post-thumbnail\">\n            <img loading=\"lazy\" decoding=\"async\" width=\"600\" height=\"372\" src=\"https:\/\/bellavida-resort.com\/wp-content\/uploads\/2024\/10\/sunset-uluwatu.jpg\" class=\"attachment-post-thumbnail size-post-thumbnail wp-post-image\" alt=\"\" srcset=\"https:\/\/bellavida-resort.com\/wp-content\/uploads\/2024\/10\/sunset-uluwatu.jpg 600w, https:\/\/bellavida-resort.com\/wp-content\/uploads\/2024\/10\/sunset-uluwatu-300x186.jpg 300w\" sizes=\"auto, (max-width: 600px) 100vw, 600px\" \/>        <\/div>\n        <div class=\"wp-block-getwid-post-slider__post-overlay \"><\/div>\n    <div class=\"wp-block-getwid-post-slider__post-content-wrapper\">\n        <h3 class=\"wp-block-getwid-post-slider__post-title\"><a href=\"https:\/\/bellavida-resort.com\/fr\/uluwatu-sunset\/\">D\u00e9couvrez la magie du coucher de soleil d&#8217;Uluwatu : Un incontournable \u00e0 Bali<\/a><\/h3>        <div class=\"wp-block-getwid-post-slider__post-excerpt\"><p>Bali est c\u00e9l\u00e8bre pour ses plages magnifiques, sa culture vibrante et ses couchers de soleil \u00e0 couper le souffle. Parmi tous les sites de l&#8217;\u00eele o\u00f9 les couchers de soleil sont incroyables, Uluwatu est un v\u00e9ritable joyau. Si vous cherchez l&#8217;endroit id\u00e9al pour terminer votre journ\u00e9e avec des vues inoubliables, ne cherchez pas plus loin [&hellip;]<\/p>\n<\/div>\n    <\/div>\n<\/div>\n\t\t\t\t\t\t\t<\/div>\n\t\t\t\t\t\t\t\t\t\t\t\t\t<div class=\"wp-block-getwid-post-slider__slide\" style=\"min-height:80vh;\">\n\t\t\t\t\t\t\t\t\n<div class=\"wp-block-getwid-post-slider__post \">\n            <div class=\"wp-block-getwid-post-slider__post-thumbnail\">\n            <img loading=\"lazy\" decoding=\"async\" width=\"630\" height=\"354\" src=\"https:\/\/bellavida-resort.com\/wp-content\/uploads\/2024\/10\/yoga-retreat-bali.jpg\" class=\"attachment-post-thumbnail size-post-thumbnail wp-post-image\" alt=\"Yoga retreat\" srcset=\"https:\/\/bellavida-resort.com\/wp-content\/uploads\/2024\/10\/yoga-retreat-bali.jpg 630w, https:\/\/bellavida-resort.com\/wp-content\/uploads\/2024\/10\/yoga-retreat-bali-300x169.jpg 300w, https:\/\/bellavida-resort.com\/wp-content\/uploads\/2024\/10\/yoga-retreat-bali-600x337.jpg 600w\" sizes=\"auto, (max-width: 630px) 100vw, 630px\" \/>        <\/div>\n        <div class=\"wp-block-getwid-post-slider__post-overlay \"><\/div>\n    <div class=\"wp-block-getwid-post-slider__post-content-wrapper\">\n        <h3 class=\"wp-block-getwid-post-slider__post-title\"><a href=\"https:\/\/bellavida-resort.com\/fr\/yoga-retreat-bali\/\">Rajeunissez votre esprit, votre corps et votre \u00e2me : retraite de yoga \u00e0 Bali \u00e0 la Villa Resort Bella Vida<\/a><\/h3>        <div class=\"wp-block-getwid-post-slider__post-excerpt\"><p>Bali est plus qu&#8217;une \u00eele tropicale paradisiaque ; c&#8217;est un havre pour ceux qui recherchent la paix, l&#8217;\u00e9quilibre et le d\u00e9veloppement spirituel. Connue pour ses paysages luxuriants et son atmosph\u00e8re tranquille, Bali est devenue une destination de choix pour les amateurs de yoga du monde entier. Que vous soyez un yogi chevronn\u00e9 ou que vous [&hellip;]<\/p>\n<\/div>\n    <\/div>\n<\/div>\n\t\t\t\t\t\t\t<\/div>\n\t\t\t\t\t\t\t\t\t\t\t\t\t<div class=\"wp-block-getwid-post-slider__slide\" style=\"min-height:80vh;\">\n\t\t\t\t\t\t\t\t\n<div class=\"wp-block-getwid-post-slider__post \">\n            <div class=\"wp-block-getwid-post-slider__post-thumbnail\">\n            <img loading=\"lazy\" decoding=\"async\" width=\"892\" height=\"510\" src=\"https:\/\/bellavida-resort.com\/wp-content\/uploads\/2024\/10\/Mount-Batur-hiking-892x510.jpg\" class=\"attachment-post-thumbnail size-post-thumbnail wp-post-image\" alt=\"Randonn\u00e9e du Batur\" srcset=\"https:\/\/bellavida-resort.com\/wp-content\/uploads\/2024\/10\/Mount-Batur-hiking-892x510.jpg 892w, https:\/\/bellavida-resort.com\/wp-content\/uploads\/2024\/10\/Mount-Batur-hiking-300x171.jpg 300w, https:\/\/bellavida-resort.com\/wp-content\/uploads\/2024\/10\/Mount-Batur-hiking-1024x585.jpg 1024w, https:\/\/bellavida-resort.com\/wp-content\/uploads\/2024\/10\/Mount-Batur-hiking-768x439.jpg 768w, https:\/\/bellavida-resort.com\/wp-content\/uploads\/2024\/10\/Mount-Batur-hiking-600x343.jpg 600w, https:\/\/bellavida-resort.com\/wp-content\/uploads\/2024\/10\/Mount-Batur-hiking.jpg 1344w\" sizes=\"auto, (max-width: 892px) 100vw, 892px\" \/>        <\/div>\n        <div class=\"wp-block-getwid-post-slider__post-overlay \"><\/div>\n    <div class=\"wp-block-getwid-post-slider__post-content-wrapper\">\n        <h3 class=\"wp-block-getwid-post-slider__post-title\"><a href=\"https:\/\/bellavida-resort.com\/fr\/randonnees-bali-tours\/\">Randonn\u00e9e \u00e0 Bali, Introduction aux merveilles naturelles de Bali<\/a><\/h3>        <div class=\"wp-block-getwid-post-slider__post-excerpt\"><p>Bali, paradis indon\u00e9sien, est r\u00e9put\u00e9 pour ses paysages \u00e9poustouflants, sa riche culture et son ambiance spirituelle. Nich\u00e9s dans ce havre tropical, les pics majestueux du mont Batur et une s\u00e9rie de chutes d&#8217;eau \u00e0 couper le souffle capturent l&#8217;essence m\u00eame de la beaut\u00e9 de la nature. Cet article se penche sur le voyage enchanteur vers [&hellip;]<\/p>\n<\/div>\n    <\/div>\n<\/div>\n\t\t\t\t\t\t\t<\/div>\n\t\t\t\t\t\t\t\t\t\t\t\t\t<div class=\"wp-block-getwid-post-slider__slide\" style=\"min-height:80vh;\">\n\t\t\t\t\t\t\t\t\n<div class=\"wp-block-getwid-post-slider__post \">\n            <div class=\"wp-block-getwid-post-slider__post-thumbnail\">\n            <img loading=\"lazy\" decoding=\"async\" width=\"600\" height=\"400\" src=\"https:\/\/bellavida-resort.com\/wp-content\/uploads\/2024\/02\/Bingin-surf.jpg\" class=\"attachment-post-thumbnail size-post-thumbnail wp-post-image\" alt=\"\" \/>        <\/div>\n        <div class=\"wp-block-getwid-post-slider__post-overlay \"><\/div>\n    <div class=\"wp-block-getwid-post-slider__post-content-wrapper\">\n        <h3 class=\"wp-block-getwid-post-slider__post-title\"><a href=\"https:\/\/bellavida-resort.com\/fr\/surf-retreat\/\">Retraite ultime pour surfeurs \u00e0 Uluwatu, Bali : Un paradis pour les surfeurs<\/a><\/h3>        <div class=\"wp-block-getwid-post-slider__post-excerpt\"><p>Vous r\u00eavez d&#8217;une escapade de surf parfaite ? Ne cherchez pas plus loin que Bali, l&#8217;\u00eele paradisiaque qui offre une exp\u00e9rience de surf in\u00e9gal\u00e9e. Bali a acquis la r\u00e9putation d&#8217;\u00eatre l&#8217;une des meilleures destinations de surf au monde, attirant des surfeurs de tous niveaux. Si vous cherchez un refuge pour surfeurs \u00e0 Bali, la Villa [&hellip;]<\/p>\n<\/div>\n    <\/div>\n<\/div>\n\t\t\t\t\t\t\t<\/div>\n\t\t\t\t\t\t            <\/div>\n        <\/div>\n        ","protected":false},"excerpt":{"rendered":"","protected":false},"author":1,"featured_media":0,"parent":4266,"menu_order":0,"comment_status":"closed","ping_status":"closed","template":"","meta":{"inline_featured_image":false,"footnotes":""},"class_list":["post-4847","page","type-page","status-publish","hentry"],"yoast_head":"<!-- This site is optimized with the Yoast SEO plugin v27.4 - https:\/\/yoast.com\/product\/yoast-seo-wordpress\/ -->\n<title>Bloc coulissant des articles - Bella Vida resort, Uluwatu<\/title>\n<meta name=\"robots\" content=\"index, follow, max-snippet:-1, max-image-preview:large, max-video-preview:-1\" \/>\n<link rel=\"canonical\" href=\"https:\/\/bellavida-resort.com\/blocks\/posts-slider-block\/\" \/>\n<meta property=\"og:locale\" content=\"fr_FR\" \/>\n<meta property=\"og:type\" content=\"article\" \/>\n<meta property=\"og:title\" content=\"Bloc coulissant des articles - Bella Vida resort, Uluwatu\" \/>\n<meta property=\"og:url\" content=\"https:\/\/bellavida-resort.com\/blocks\/posts-slider-block\/\" \/>\n<meta property=\"og:site_name\" content=\"Bella Vida resort, Uluwatu\" \/>\n<meta property=\"article:publisher\" content=\"https:\/\/www.facebook.com\/profile.php?id=61584197150341\" \/>\n<meta property=\"article:modified_time\" content=\"2025-03-25T11:35:10+00:00\" \/>\n<meta name=\"twitter:card\" content=\"summary_large_image\" \/>\n<script type=\"application\/ld+json\" class=\"yoast-schema-graph\">{\"@context\":\"https:\\\/\\\/schema.org\",\"@graph\":[{\"@type\":\"WebPage\",\"@id\":\"https:\\\/\\\/bellavida-resort.com\\\/blocks\\\/posts-slider-block\\\/\",\"url\":\"https:\\\/\\\/bellavida-resort.com\\\/blocks\\\/posts-slider-block\\\/\",\"name\":\"Bloc coulissant des articles - Bella Vida resort, Uluwatu\",\"isPartOf\":{\"@id\":\"https:\\\/\\\/bellavida-resort.com\\\/#website\"},\"datePublished\":\"2019-08-20T14:19:42+00:00\",\"dateModified\":\"2025-03-25T11:35:10+00:00\",\"breadcrumb\":{\"@id\":\"https:\\\/\\\/bellavida-resort.com\\\/blocks\\\/posts-slider-block\\\/#breadcrumb\"},\"inLanguage\":\"fr-FR\",\"potentialAction\":[{\"@type\":\"ReadAction\",\"target\":[\"https:\\\/\\\/bellavida-resort.com\\\/blocks\\\/posts-slider-block\\\/\"]}]},{\"@type\":\"BreadcrumbList\",\"@id\":\"https:\\\/\\\/bellavida-resort.com\\\/blocks\\\/posts-slider-block\\\/#breadcrumb\",\"itemListElement\":[{\"@type\":\"ListItem\",\"position\":1,\"name\":\"Home\",\"item\":\"https:\\\/\\\/bellavida-resort.com\\\/fr\\\/\"},{\"@type\":\"ListItem\",\"position\":2,\"name\":\"Blocs\",\"item\":\"https:\\\/\\\/bellavida-resort.com\\\/blocks\\\/\"},{\"@type\":\"ListItem\",\"position\":3,\"name\":\"Bloc coulissant des articles\"}]},{\"@type\":\"WebSite\",\"@id\":\"https:\\\/\\\/bellavida-resort.com\\\/#website\",\"url\":\"https:\\\/\\\/bellavida-resort.com\\\/\",\"name\":\"Bella Vida resort, Uluwatu Bali\",\"description\":\"The best luxury resort in Bingin\",\"publisher\":{\"@id\":\"https:\\\/\\\/bellavida-resort.com\\\/#organization\"},\"potentialAction\":[{\"@type\":\"SearchAction\",\"target\":{\"@type\":\"EntryPoint\",\"urlTemplate\":\"https:\\\/\\\/bellavida-resort.com\\\/?s={search_term_string}\"},\"query-input\":{\"@type\":\"PropertyValueSpecification\",\"valueRequired\":true,\"valueName\":\"search_term_string\"}}],\"inLanguage\":\"fr-FR\"},{\"@type\":\"Organization\",\"@id\":\"https:\\\/\\\/bellavida-resort.com\\\/#organization\",\"name\":\"Bella Vida Resort\",\"url\":\"https:\\\/\\\/bellavida-resort.com\\\/\",\"logo\":{\"@type\":\"ImageObject\",\"inLanguage\":\"fr-FR\",\"@id\":\"https:\\\/\\\/bellavida-resort.com\\\/#\\\/schema\\\/logo\\\/image\\\/\",\"url\":\"https:\\\/\\\/bellavida-resort.com\\\/wp-content\\\/uploads\\\/2025\\\/10\\\/cropped-Epson-logo-printer.jpg\",\"contentUrl\":\"https:\\\/\\\/bellavida-resort.com\\\/wp-content\\\/uploads\\\/2025\\\/10\\\/cropped-Epson-logo-printer.jpg\",\"width\":1200,\"height\":313,\"caption\":\"Bella Vida Resort\"},\"image\":{\"@id\":\"https:\\\/\\\/bellavida-resort.com\\\/#\\\/schema\\\/logo\\\/image\\\/\"},\"sameAs\":[\"https:\\\/\\\/www.facebook.com\\\/profile.php?id=61584197150341\",\"https:\\\/\\\/www.instagram.com\\\/bellavidaresortbali\\\/\"]}]}<\/script>\n<!-- \/ Yoast SEO plugin. -->","yoast_head_json":{"title":"Bloc coulissant des articles - Bella Vida resort, Uluwatu","robots":{"index":"index","follow":"follow","max-snippet":"max-snippet:-1","max-image-preview":"max-image-preview:large","max-video-preview":"max-video-preview:-1"},"canonical":"https:\/\/bellavida-resort.com\/blocks\/posts-slider-block\/","og_locale":"fr_FR","og_type":"article","og_title":"Bloc coulissant des articles - Bella Vida resort, Uluwatu","og_url":"https:\/\/bellavida-resort.com\/blocks\/posts-slider-block\/","og_site_name":"Bella Vida resort, Uluwatu","article_publisher":"https:\/\/www.facebook.com\/profile.php?id=61584197150341","article_modified_time":"2025-03-25T11:35:10+00:00","twitter_card":"summary_large_image","schema":{"@context":"https:\/\/schema.org","@graph":[{"@type":"WebPage","@id":"https:\/\/bellavida-resort.com\/blocks\/posts-slider-block\/","url":"https:\/\/bellavida-resort.com\/blocks\/posts-slider-block\/","name":"Bloc coulissant des articles - Bella Vida resort, Uluwatu","isPartOf":{"@id":"https:\/\/bellavida-resort.com\/#website"},"datePublished":"2019-08-20T14:19:42+00:00","dateModified":"2025-03-25T11:35:10+00:00","breadcrumb":{"@id":"https:\/\/bellavida-resort.com\/blocks\/posts-slider-block\/#breadcrumb"},"inLanguage":"fr-FR","potentialAction":[{"@type":"ReadAction","target":["https:\/\/bellavida-resort.com\/blocks\/posts-slider-block\/"]}]},{"@type":"BreadcrumbList","@id":"https:\/\/bellavida-resort.com\/blocks\/posts-slider-block\/#breadcrumb","itemListElement":[{"@type":"ListItem","position":1,"name":"Home","item":"https:\/\/bellavida-resort.com\/fr\/"},{"@type":"ListItem","position":2,"name":"Blocs","item":"https:\/\/bellavida-resort.com\/blocks\/"},{"@type":"ListItem","position":3,"name":"Bloc coulissant des articles"}]},{"@type":"WebSite","@id":"https:\/\/bellavida-resort.com\/#website","url":"https:\/\/bellavida-resort.com\/","name":"Bella Vida resort, Uluwatu Bali","description":"The best luxury resort in Bingin","publisher":{"@id":"https:\/\/bellavida-resort.com\/#organization"},"potentialAction":[{"@type":"SearchAction","target":{"@type":"EntryPoint","urlTemplate":"https:\/\/bellavida-resort.com\/?s={search_term_string}"},"query-input":{"@type":"PropertyValueSpecification","valueRequired":true,"valueName":"search_term_string"}}],"inLanguage":"fr-FR"},{"@type":"Organization","@id":"https:\/\/bellavida-resort.com\/#organization","name":"Bella Vida Resort","url":"https:\/\/bellavida-resort.com\/","logo":{"@type":"ImageObject","inLanguage":"fr-FR","@id":"https:\/\/bellavida-resort.com\/#\/schema\/logo\/image\/","url":"https:\/\/bellavida-resort.com\/wp-content\/uploads\/2025\/10\/cropped-Epson-logo-printer.jpg","contentUrl":"https:\/\/bellavida-resort.com\/wp-content\/uploads\/2025\/10\/cropped-Epson-logo-printer.jpg","width":1200,"height":313,"caption":"Bella Vida Resort"},"image":{"@id":"https:\/\/bellavida-resort.com\/#\/schema\/logo\/image\/"},"sameAs":["https:\/\/www.facebook.com\/profile.php?id=61584197150341","https:\/\/www.instagram.com\/bellavidaresortbali\/"]}]}},"_links":{"self":[{"href":"https:\/\/bellavida-resort.com\/fr\/wp-json\/wp\/v2\/pages\/4847","targetHints":{"allow":["GET"]}}],"collection":[{"href":"https:\/\/bellavida-resort.com\/fr\/wp-json\/wp\/v2\/pages"}],"about":[{"href":"https:\/\/bellavida-resort.com\/fr\/wp-json\/wp\/v2\/types\/page"}],"author":[{"embeddable":true,"href":"https:\/\/bellavida-resort.com\/fr\/wp-json\/wp\/v2\/users\/1"}],"replies":[{"embeddable":true,"href":"https:\/\/bellavida-resort.com\/fr\/wp-json\/wp\/v2\/comments?post=4847"}],"version-history":[{"count":1,"href":"https:\/\/bellavida-resort.com\/fr\/wp-json\/wp\/v2\/pages\/4847\/revisions"}],"predecessor-version":[{"id":4848,"href":"https:\/\/bellavida-resort.com\/fr\/wp-json\/wp\/v2\/pages\/4847\/revisions\/4848"}],"up":[{"embeddable":true,"href":"https:\/\/bellavida-resort.com\/fr\/wp-json\/wp\/v2\/pages\/4266"}],"wp:attachment":[{"href":"https:\/\/bellavida-resort.com\/fr\/wp-json\/wp\/v2\/media?parent=4847"}],"curies":[{"name":"wp","href":"https:\/\/api.w.org\/{rel}","templated":true}]}}