{"id":4513,"date":"2019-09-17T14:29:06","date_gmt":"2019-09-17T14:29:06","guid":{"rendered":"https:\/\/bellavida-resort.com\/services\/"},"modified":"2025-03-25T11:32:55","modified_gmt":"2025-03-25T11:32:55","slug":"services","status":"publish","type":"page","link":"https:\/\/bellavida-resort.com\/fr\/services\/","title":{"rendered":"Services"},"content":{"rendered":"\r\n<div class=\"wp-block-columns has-2-columns is-layout-flex wp-container-core-columns-is-layout-9d6595d7 wp-block-columns-is-layout-flex\">\r\n<div class=\"wp-block-column is-layout-flow wp-block-column-is-layout-flow\">\r\n<div class=\"wp-block-getwid-section\"><div class=\"wp-block-getwid-section__wrapper getwid-padding-top-none getwid-padding-bottom-none getwid-padding-left-none getwid-padding-mobile-right-none\" style=\"padding-right:35px\"><div class=\"wp-block-getwid-section__inner-wrapper\"><div class=\"wp-block-getwid-section__background-holder\"><div class=\"wp-block-getwid-section__background\"><\/div><div class=\"wp-block-getwid-section__foreground\"><\/div><\/div><div class=\"wp-block-getwid-section__content\"><div class=\"wp-block-getwid-section__inner-content\">&#13;\n<figure class=\"wp-block-image\"><img loading=\"lazy\" decoding=\"async\" width=\"892\" height=\"1135\" src=\"http:\/\/bellavida-resort.com\/wp-content\/uploads\/2019\/10\/welcome-1.jpg\" alt=\"\" class=\"wp-image-1154\"\/><\/figure>&#13;\n\r\n\r\n\r\n<div class=\"wp-block-getwid-advanced-heading\" style=\"margin-bottom:10px\"><h4 class=\"wp-block-getwid-advanced-heading__content\">Linge frais tous les jours  <\/h4><\/div>\r\n\r\n\r\n\r\n<div class=\"wp-block-getwid-advanced-heading has-custom-font-size\" style=\"font-size:14px;margin-bottom:15px\"><span class=\"wp-block-getwid-advanced-heading__content\" style=\"font-style:italic\">Pendant vos vacances, soyez tranquilles et s\u00fbrs que les draps seront chang\u00e9s et lav\u00e9s tous les jours. Nous fournissons ce service pour que vous puissiez s\u00e9journer dans le confort et l&#8217;intimit\u00e9, tout en maintenant les normes de vie les plus \u00e9lev\u00e9es, afin que vous soyez toujours satisfaits.   <br><\/span><\/div>\r\n\r\n\r\n\r\n<div class=\"wp-block-getwid-icon\"><a href=\"#\" class=\"wp-block-getwid-icon__wrapper getwid-animation has-text-color has-light-sea-green-color\" style=\"font-size:20px;padding:0px\" data-animation=\"slideRight\"><i class=\"lnr lnr-arrow-right\"><\/i><\/a><\/div>\r\n<\/div><\/div><\/div><\/div><\/div>\r\n<\/div>\r\n\r\n\r\n\r\n<div class=\"wp-block-column is-layout-flow wp-block-column-is-layout-flow\">\r\n<div class=\"wp-block-getwid-section\"><div class=\"wp-block-getwid-section__wrapper getwid-padding-top-none getwid-padding-bottom-none getwid-padding-right-none getwid-padding-mobile-left-none\" style=\"padding-left:35px\"><div class=\"wp-block-getwid-section__inner-wrapper\"><div class=\"wp-block-getwid-section__background-holder\"><div class=\"wp-block-getwid-section__background\"><\/div><div class=\"wp-block-getwid-section__foreground\"><\/div><\/div><div class=\"wp-block-getwid-section__content\"><div class=\"wp-block-getwid-section__inner-content\">\r\n<div class=\"wp-block-getwid-advanced-heading\" style=\"margin-bottom:30px\"><h2 class=\"wp-block-getwid-advanced-heading__content\">Nous vous ouvrirons de nouveaux horizons inconnus avant des lieux incroyables !<\/h2><\/div>\r\n\r\n\r\n&#13;\n<p>D\u00e9couvrez les moindres recoins de la grande ville dans laquelle vous allez vivre : visitez la vieille ville, allez dans la rue principale, contemplez le site majeur et prenez des photos m\u00e9morables. Accompagnez notre homme libre et d\u00e9couvrez des lieux uniques, s\u00e9lectionn\u00e9s manuellement par nos soins. <\/p>&#13;\n\r\n\r\n\r\n<div style=\"height:35px\" aria-hidden=\"true\" class=\"wp-block-spacer\"><\/div>\r\n\r\n\r\n&#13;\n<figure class=\"wp-block-image\"><img loading=\"lazy\" decoding=\"async\" width=\"892\" height=\"883\" src=\"http:\/\/bellavida-resort.com\/wp-content\/uploads\/2019\/10\/welcome-2.jpg\" alt=\"\" class=\"wp-image-1155\"\/><\/figure>&#13;\n<\/div><\/div><\/div><\/div><\/div>\r\n<\/div>\r\n<\/div>\r\n\r\n<div style=\"height:47px\" aria-hidden=\"true\" class=\"wp-block-spacer\"><\/div>\r\n\r\n<hr class=\"wp-block-separator is-style-wide\"\/>\r\n\r\n<div class=\"wp-block-getwid-advanced-heading\" style=\"margin-bottom:5px;margin-top:81px\"><h2 class=\"wp-block-getwid-advanced-heading__content\" style=\"text-align:center\">Services compl\u00e9mentaires<\/h2><\/div>\r\n\r\n<div class=\"wp-block-getwid-advanced-heading\" style=\"margin-bottom:40px\"><span class=\"wp-block-getwid-advanced-heading__content\" style=\"text-align:center\">Apr\u00e8s avoir r\u00e9serv\u00e9 une villa figurant sur cette liste, un organisateur de voyages peut vous proposer l&#8217;un des services suppl\u00e9mentaires suivants<\/span><\/div>\r\n\r\n<div class=\"wp-block-columns has-4-columns is-layout-flex wp-container-core-columns-is-layout-9d6595d7 wp-block-columns-is-layout-flex\">\r\n<div class=\"wp-block-column is-layout-flow wp-block-column-is-layout-flow\">&#13;\n<figure class=\"wp-block-image\"><a href=\"#\"><img loading=\"lazy\" decoding=\"async\" width=\"892\" height=\"892\" src=\"http:\/\/bellavida-resort.com\/wp-content\/uploads\/2019\/10\/Baggage-Storage.jpg\" alt=\"\" class=\"wp-image-1156\"\/><\/a><\/figure>&#13;\n\r\n\r\n\r\n<div class=\"wp-block-getwid-advanced-heading\" style=\"margin-bottom:34px\"><h4 class=\"wp-block-getwid-advanced-heading__content\">Stockage des bagages<\/h4><\/div>\r\n\r\n\r\n&#13;\n<figure class=\"wp-block-image\"><a href=\"#\"><img loading=\"lazy\" decoding=\"async\" width=\"892\" height=\"892\" src=\"http:\/\/bellavida-resort.com\/wp-content\/uploads\/2019\/10\/Breakfast-Buffet.jpg\" alt=\"\" class=\"wp-image-1157\"\/><\/a><\/figure>&#13;\n\r\n\r\n\r\n<div class=\"wp-block-getwid-advanced-heading\"><h4 class=\"wp-block-getwid-advanced-heading__content\">Buffet de petit-d\u00e9jeuner<\/h4><\/div>\r\n<\/div>\r\n\r\n\r\n\r\n<div class=\"wp-block-column is-layout-flow wp-block-column-is-layout-flow\">&#13;\n<figure class=\"wp-block-image\"><a href=\"#\"><img loading=\"lazy\" decoding=\"async\" width=\"892\" height=\"892\" src=\"http:\/\/bellavida-resort.com\/wp-content\/uploads\/2019\/10\/car-rental.jpg\" alt=\"\" class=\"wp-image-1162\"\/><\/a><\/figure>&#13;\n\r\n\r\n\r\n<div class=\"wp-block-getwid-advanced-heading\" style=\"margin-bottom:34px\"><h4 class=\"wp-block-getwid-advanced-heading__content\">Location de voiture<\/h4><\/div>\r\n\r\n\r\n&#13;\n<figure class=\"wp-block-image\"><a href=\"#\"><img loading=\"lazy\" decoding=\"async\" width=\"1600\" height=\"1600\" src=\"http:\/\/bellavida-resort.com\/wp-content\/uploads\/2019\/10\/Free-Exciting-City-Tour.jpg\" alt=\"\" class=\"wp-image-1151\"\/><\/a><\/figure>&#13;\n\r\n\r\n\r\n<div class=\"wp-block-getwid-advanced-heading\"><h4 class=\"wp-block-getwid-advanced-heading__content\">Visite gratuite de la ville<\/h4><\/div>\r\n<\/div>\r\n\r\n\r\n\r\n<div class=\"wp-block-column is-layout-flow wp-block-column-is-layout-flow\">&#13;\n<figure class=\"wp-block-image\"><a href=\"#\"><img loading=\"lazy\" decoding=\"async\" width=\"892\" height=\"892\" src=\"http:\/\/bellavida-resort.com\/wp-content\/uploads\/2019\/10\/Delicious-Food-Drinks.jpg\" alt=\"\" class=\"wp-image-1149\"\/><\/a><\/figure>&#13;\n\r\n\r\n\r\n<div class=\"wp-block-getwid-advanced-heading\" style=\"margin-bottom:34px\"><h4 class=\"wp-block-getwid-advanced-heading__content\">Nourriture et boissons d\u00e9licieuses<\/h4><\/div>\r\n\r\n\r\n&#13;\n<figure class=\"wp-block-image\"><a href=\"#\"><img loading=\"lazy\" decoding=\"async\" width=\"1350\" height=\"1350\" src=\"http:\/\/bellavida-resort.com\/wp-content\/uploads\/2019\/10\/equipment-rental.jpg\" alt=\"\" class=\"wp-image-1161\"\/><\/a><\/figure>&#13;\n\r\n\r\n\r\n<div class=\"wp-block-getwid-advanced-heading\"><h4 class=\"wp-block-getwid-advanced-heading__content\">Service de location de v\u00e9los<\/h4><\/div>\r\n<\/div>\r\n\r\n\r\n\r\n<div class=\"wp-block-column is-layout-flow wp-block-column-is-layout-flow\">&#13;\n<figure class=\"wp-block-image\"><a href=\"#\"><img loading=\"lazy\" decoding=\"async\" width=\"892\" height=\"892\" src=\"http:\/\/bellavida-resort.com\/wp-content\/uploads\/2019\/10\/childcare.jpg\" alt=\"\" class=\"wp-image-1160\"\/><\/a><\/figure>&#13;\n\r\n\r\n\r\n<div class=\"wp-block-getwid-advanced-heading\" style=\"margin-bottom:34px\"><h4 class=\"wp-block-getwid-advanced-heading__content\">Garde d&#8217;enfants<\/h4><\/div>\r\n\r\n\r\n&#13;\n<figure class=\"wp-block-image\"><a href=\"#\"><img loading=\"lazy\" decoding=\"async\" width=\"892\" height=\"892\" src=\"http:\/\/bellavida-resort.com\/wp-content\/uploads\/2019\/10\/Fun-Arcade-Games.jpg\" alt=\"\" class=\"wp-image-1152\"\/><\/a><\/figure>&#13;\n\r\n\r\n\r\n<div class=\"wp-block-getwid-advanced-heading\"><h4 class=\"wp-block-getwid-advanced-heading__content\">Jeux d&#8217;arcade et d&#8217;amusement<\/h4><\/div>\r\n<\/div>\r\n<\/div>\r\n\r\n<div style=\"height:47px\" aria-hidden=\"true\" class=\"wp-block-spacer\"><\/div>\r\n\r\n<hr class=\"wp-block-separator is-style-wide\"\/>\r\n\r\n<div style=\"height:42px\" aria-hidden=\"true\" class=\"wp-block-spacer\"><\/div>\r\n\r\n<div class=\"wp-block-columns has-2-columns is-layout-flex wp-container-core-columns-is-layout-9d6595d7 wp-block-columns-is-layout-flex\">\r\n<div class=\"wp-block-column is-layout-flow wp-block-column-is-layout-flow\">\r\n<div class=\"wp-block-columns has-2-columns is-layout-flex wp-container-core-columns-is-layout-9d6595d7 wp-block-columns-is-layout-flex\">\r\n<div class=\"wp-block-column is-layout-flow wp-block-column-is-layout-flow\">&#13;\n<figure class=\"wp-block-image\"><img loading=\"lazy\" decoding=\"async\" width=\"892\" height=\"1327\" src=\"http:\/\/bellavida-resort.com\/wp-content\/uploads\/2019\/10\/Corporate-Travel-Proposals-1.jpg\" alt=\"\" class=\"wp-image-1158\"\/><\/figure>&#13;\n\r\n\r\n\r\n<div class=\"wp-block-getwid-advanced-heading has-custom-font-size\" style=\"font-size:14px\"><span class=\"wp-block-getwid-advanced-heading__content\" style=\"font-style:italic;padding-right:20px\">Le voyage en montagne s&#8217;adresse \u00e0 ceux qui aiment se reposer activement et ne veulent pas rester au lit toute la journ\u00e9e.<\/span><\/div>\r\n<\/div>\r\n\r\n\r\n\r\n<div class=\"wp-block-column is-layout-flow wp-block-column-is-layout-flow\">\r\n<div class=\"wp-block-getwid-advanced-spacer getwid-hide-mobile\" style=\"height:45px\" aria-hidden=\"true\"><\/div>\r\n\r\n\r\n\r\n<div class=\"wp-block-getwid-advanced-heading has-custom-font-size\" style=\"font-size:14px;margin-bottom:20px\"><span class=\"wp-block-getwid-advanced-heading__content\" style=\"font-style:italic;padding-left:20px\">La location d&#8217;un yacht est une excellente occasion d&#8217;observer la vie marine des \u00eeles. Nous pouvons organiser toute excursion priv\u00e9e que vous souhaitez. <\/span><\/div>\r\n\r\n\r\n&#13;\n<figure class=\"wp-block-image\"><img loading=\"lazy\" decoding=\"async\" width=\"892\" height=\"1327\" src=\"http:\/\/bellavida-resort.com\/wp-content\/uploads\/2019\/10\/Corporate-Travel-Proposals-2.jpg\" alt=\"\" class=\"wp-image-1150\"\/><\/figure>&#13;\n<\/div>\r\n<\/div>\r\n<\/div>\r\n\r\n\r\n\r\n<div class=\"wp-block-column is-layout-flow wp-block-column-is-layout-flow\">\r\n<div class=\"wp-block-getwid-section\"><div class=\"wp-block-getwid-section__wrapper getwid-padding-top-none getwid-padding-bottom-none getwid-padding-mobile-left-none\" style=\"padding-left:70px\"><div class=\"wp-block-getwid-section__inner-wrapper\"><div class=\"wp-block-getwid-section__background-holder\"><div class=\"wp-block-getwid-section__background\"><\/div><div class=\"wp-block-getwid-section__foreground\"><\/div><\/div><div class=\"wp-block-getwid-section__content\"><div class=\"wp-block-getwid-section__inner-content\">\r\n<div class=\"wp-block-getwid-advanced-heading\" style=\"margin-bottom:30px\"><h2 class=\"wp-block-getwid-advanced-heading__content\">Contactez nous<\/h2><\/div>\r\n\r\n\r\n&#13;\n<p>Profitez du plein air lors de nos excursions ! Vous bronzerez, \u00e9couterez de la bonne musique, plongerez dans la piscine, danserez au coucher du soleil et siroterez votre cocktail pr\u00e9f\u00e9r\u00e9. <\/p>&#13;\n\r\n\r\n\r\n<div class=\"wp-block-getwid-advanced-spacer\" style=\"height:20px\" aria-hidden=\"true\"><\/div>\r\n\r\n\r\n        <div class=\"wp-block-getwid-contact-form\" >\n            <form class='wp-block-getwid-contact-form__form'>\n    \r\n        <p class='wp-block-getwid-field-name is-style-half-width'>\n\t    <label\n        for='name-69f5dd1338f17'\n        class='wp-block-getwid-field-name__label'\n    >Your Name<\/label>\n\t    <input id='name-69f5dd1338f17' type='text' name='name'            required=''\n            \/>\n<\/p>\n\r\n\r\n        <p class='wp-block-getwid-field-email is-style-half-width'>\n\t    <label\n\t\tfor='email-69f5dd1339231'\n        class='wp-block-getwid-field-email__label'\n    >Your Email<\/label>\n\t    <input id='email-69f5dd1339231' type='email' name='email'             required=''    \/>\n<\/p>\n\r\n\r\n        <p class='wp-block-getwid-field-textarea'>\n\t    <label\n\t\tfor='message-69f5dd13392d6'\n        class='wp-block-getwid-field-textarea__label'\n    >Comment<\/label>\n\t    <textarea\n\t\tid='message-69f5dd13392d6' rows='5' name='message'            required=''\n            ><\/textarea>\n<\/p>\n\r\n\n    <input name='subject' \t\ttype='hidden'\n\t\/>\n\n\t<p class='wp-block-getwid-contact-form__result'><\/p>\n\n\t<div class='wp-block-getwid-contact-form__submit'>\n\t\t<div class='wp-block-button'>\n\t\t\t<button\n\t\t\t\ttype='submit'\n\t\t\t\tclass='wp-block-button__link '\t\t\t\t\tstyle=''\t\t\t>Send Message<\/button>\n\t\t<\/div>\n\n\t<\/div>\n<\/form>\n        <\/div><\/div><\/div><\/div><\/div><\/div>\r\n<\/div>\r\n<\/div>\r\n\r\n<div class=\"wp-block-getwid-section is-style-rounded\" style=\"margin-top:74px\"><div class=\"wp-block-getwid-section__wrapper\" style=\"min-height:330px\"><div class=\"wp-block-getwid-section__inner-wrapper\"><div class=\"wp-block-getwid-section__background-holder\"><div class=\"wp-block-getwid-section__background\" style=\"background-image:url('http:\/\/bellavida-resort.com\/wp-content\/uploads\/2019\/10\/banner.jpg')\"><div class=\"wp-block-getwid-section__background-image-wrapper\"><img decoding=\"async\" class=\"wp-block-getwid-section__background-image\" src=\"http:\/\/bellavida-resort.com\/wp-content\/uploads\/2019\/10\/banner.jpg\" alt=\"\" data-id=\"1153\"\/><\/div><\/div><div class=\"wp-block-getwid-section__foreground\"><\/div><\/div><div class=\"wp-block-getwid-section__content\"><div class=\"wp-block-getwid-section__inner-content\">\r\n<div class=\"wp-block-getwid-advanced-heading\" style=\"margin-bottom:30px\"><h2 class=\"wp-block-getwid-advanced-heading__content has-text-color has-white-color\" style=\"text-align:center\">Propositions de voyages d&#8217;affaires<\/h2><\/div>\r\n\r\n\r\n&#13;\n<div class=\"wp-block-button aligncenter\"><a class=\"wp-block-button__link\" href=\"#\">R\u00e9servez d\u00e8s maintenant<\/a><\/div>&#13;\n<\/div><\/div><\/div><\/div><\/div>\r\n","protected":false},"excerpt":{"rendered":"<p>Nous connaissons tous vos souhaits et nous voulons vous servir au mieux dans notre h\u00f4tel ! C&#8217;est pourquoi vous pouvez explorer le monde &#8211; la vie sous-marine et le ciel &#8211; en toute simplicit\u00e9 en participant \u00e0 l&#8217;une des activit\u00e9s et en vivant des moments inoubliables. <\/p>\n","protected":false},"author":1,"featured_media":0,"parent":0,"menu_order":0,"comment_status":"closed","ping_status":"closed","template":"template-wide-page.php","meta":{"inline_featured_image":false,"footnotes":""},"class_list":["post-4513","page","type-page","status-publish","hentry"],"yoast_head":"<!-- This site is optimized with the Yoast SEO plugin v27.4 - https:\/\/yoast.com\/product\/yoast-seo-wordpress\/ -->\n<title>Services - Bella Vida resort, Uluwatu<\/title>\n<meta name=\"robots\" content=\"index, follow, max-snippet:-1, max-image-preview:large, max-video-preview:-1\" \/>\n<link rel=\"canonical\" href=\"https:\/\/bellavida-resort.com\/services\/\" \/>\n<meta property=\"og:locale\" content=\"fr_FR\" \/>\n<meta property=\"og:type\" content=\"article\" \/>\n<meta property=\"og:title\" content=\"Services - Bella Vida resort, Uluwatu\" \/>\n<meta property=\"og:description\" content=\"Nous connaissons tous vos souhaits et nous voulons vous servir au mieux dans notre h\u00f4tel ! C&#039;est pourquoi vous pouvez explorer le monde - la vie sous-marine et le ciel - en toute simplicit\u00e9 en participant \u00e0 l&#039;une des activit\u00e9s et en vivant des moments inoubliables.\" \/>\n<meta property=\"og:url\" content=\"https:\/\/bellavida-resort.com\/services\/\" \/>\n<meta property=\"og:site_name\" content=\"Bella Vida resort, Uluwatu\" \/>\n<meta property=\"article:publisher\" content=\"https:\/\/www.facebook.com\/profile.php?id=61584197150341\" \/>\n<meta property=\"article:modified_time\" content=\"2025-03-25T11:32:55+00:00\" \/>\n<meta property=\"og:image\" content=\"http:\/\/bellavida-resort.com\/wp-content\/uploads\/2019\/10\/welcome-1.jpg\" \/>\n<meta name=\"twitter:card\" content=\"summary_large_image\" \/>\n<meta name=\"twitter:label1\" content=\"Dur\u00e9e de lecture estim\u00e9e\" \/>\n\t<meta name=\"twitter:data1\" content=\"1 minute\" \/>\n<script type=\"application\/ld+json\" class=\"yoast-schema-graph\">{\"@context\":\"https:\\\/\\\/schema.org\",\"@graph\":[{\"@type\":\"WebPage\",\"@id\":\"https:\\\/\\\/bellavida-resort.com\\\/services\\\/\",\"url\":\"https:\\\/\\\/bellavida-resort.com\\\/services\\\/\",\"name\":\"Services - Bella Vida resort, Uluwatu\",\"isPartOf\":{\"@id\":\"https:\\\/\\\/bellavida-resort.com\\\/#website\"},\"primaryImageOfPage\":{\"@id\":\"https:\\\/\\\/bellavida-resort.com\\\/services\\\/#primaryimage\"},\"image\":{\"@id\":\"https:\\\/\\\/bellavida-resort.com\\\/services\\\/#primaryimage\"},\"thumbnailUrl\":\"http:\\\/\\\/bellavida-resort.com\\\/wp-content\\\/uploads\\\/2019\\\/10\\\/welcome-1.jpg\",\"datePublished\":\"2019-09-17T14:29:06+00:00\",\"dateModified\":\"2025-03-25T11:32:55+00:00\",\"breadcrumb\":{\"@id\":\"https:\\\/\\\/bellavida-resort.com\\\/services\\\/#breadcrumb\"},\"inLanguage\":\"fr-FR\",\"potentialAction\":[{\"@type\":\"ReadAction\",\"target\":[\"https:\\\/\\\/bellavida-resort.com\\\/services\\\/\"]}]},{\"@type\":\"ImageObject\",\"inLanguage\":\"fr-FR\",\"@id\":\"https:\\\/\\\/bellavida-resort.com\\\/services\\\/#primaryimage\",\"url\":\"http:\\\/\\\/bellavida-resort.com\\\/wp-content\\\/uploads\\\/2019\\\/10\\\/welcome-1.jpg\",\"contentUrl\":\"http:\\\/\\\/bellavida-resort.com\\\/wp-content\\\/uploads\\\/2019\\\/10\\\/welcome-1.jpg\"},{\"@type\":\"BreadcrumbList\",\"@id\":\"https:\\\/\\\/bellavida-resort.com\\\/services\\\/#breadcrumb\",\"itemListElement\":[{\"@type\":\"ListItem\",\"position\":1,\"name\":\"Home\",\"item\":\"https:\\\/\\\/bellavida-resort.com\\\/fr\\\/\"},{\"@type\":\"ListItem\",\"position\":2,\"name\":\"Services\"}]},{\"@type\":\"WebSite\",\"@id\":\"https:\\\/\\\/bellavida-resort.com\\\/#website\",\"url\":\"https:\\\/\\\/bellavida-resort.com\\\/\",\"name\":\"Bella Vida resort, Uluwatu Bali\",\"description\":\"The best luxury resort in Bingin\",\"publisher\":{\"@id\":\"https:\\\/\\\/bellavida-resort.com\\\/#organization\"},\"potentialAction\":[{\"@type\":\"SearchAction\",\"target\":{\"@type\":\"EntryPoint\",\"urlTemplate\":\"https:\\\/\\\/bellavida-resort.com\\\/?s={search_term_string}\"},\"query-input\":{\"@type\":\"PropertyValueSpecification\",\"valueRequired\":true,\"valueName\":\"search_term_string\"}}],\"inLanguage\":\"fr-FR\"},{\"@type\":\"Organization\",\"@id\":\"https:\\\/\\\/bellavida-resort.com\\\/#organization\",\"name\":\"Bella Vida Resort\",\"url\":\"https:\\\/\\\/bellavida-resort.com\\\/\",\"logo\":{\"@type\":\"ImageObject\",\"inLanguage\":\"fr-FR\",\"@id\":\"https:\\\/\\\/bellavida-resort.com\\\/#\\\/schema\\\/logo\\\/image\\\/\",\"url\":\"https:\\\/\\\/bellavida-resort.com\\\/wp-content\\\/uploads\\\/2025\\\/10\\\/cropped-Epson-logo-printer.jpg\",\"contentUrl\":\"https:\\\/\\\/bellavida-resort.com\\\/wp-content\\\/uploads\\\/2025\\\/10\\\/cropped-Epson-logo-printer.jpg\",\"width\":1200,\"height\":313,\"caption\":\"Bella Vida Resort\"},\"image\":{\"@id\":\"https:\\\/\\\/bellavida-resort.com\\\/#\\\/schema\\\/logo\\\/image\\\/\"},\"sameAs\":[\"https:\\\/\\\/www.facebook.com\\\/profile.php?id=61584197150341\",\"https:\\\/\\\/www.instagram.com\\\/bellavidaresortbali\\\/\"]}]}<\/script>\n<!-- \/ Yoast SEO plugin. -->","yoast_head_json":{"title":"Services - Bella Vida resort, Uluwatu","robots":{"index":"index","follow":"follow","max-snippet":"max-snippet:-1","max-image-preview":"max-image-preview:large","max-video-preview":"max-video-preview:-1"},"canonical":"https:\/\/bellavida-resort.com\/services\/","og_locale":"fr_FR","og_type":"article","og_title":"Services - Bella Vida resort, Uluwatu","og_description":"Nous connaissons tous vos souhaits et nous voulons vous servir au mieux dans notre h\u00f4tel ! C'est pourquoi vous pouvez explorer le monde - la vie sous-marine et le ciel - en toute simplicit\u00e9 en participant \u00e0 l'une des activit\u00e9s et en vivant des moments inoubliables.","og_url":"https:\/\/bellavida-resort.com\/services\/","og_site_name":"Bella Vida resort, Uluwatu","article_publisher":"https:\/\/www.facebook.com\/profile.php?id=61584197150341","article_modified_time":"2025-03-25T11:32:55+00:00","og_image":[{"url":"http:\/\/bellavida-resort.com\/wp-content\/uploads\/2019\/10\/welcome-1.jpg","type":"","width":"","height":""}],"twitter_card":"summary_large_image","twitter_misc":{"Dur\u00e9e de lecture estim\u00e9e":"1 minute"},"schema":{"@context":"https:\/\/schema.org","@graph":[{"@type":"WebPage","@id":"https:\/\/bellavida-resort.com\/services\/","url":"https:\/\/bellavida-resort.com\/services\/","name":"Services - Bella Vida resort, Uluwatu","isPartOf":{"@id":"https:\/\/bellavida-resort.com\/#website"},"primaryImageOfPage":{"@id":"https:\/\/bellavida-resort.com\/services\/#primaryimage"},"image":{"@id":"https:\/\/bellavida-resort.com\/services\/#primaryimage"},"thumbnailUrl":"http:\/\/bellavida-resort.com\/wp-content\/uploads\/2019\/10\/welcome-1.jpg","datePublished":"2019-09-17T14:29:06+00:00","dateModified":"2025-03-25T11:32:55+00:00","breadcrumb":{"@id":"https:\/\/bellavida-resort.com\/services\/#breadcrumb"},"inLanguage":"fr-FR","potentialAction":[{"@type":"ReadAction","target":["https:\/\/bellavida-resort.com\/services\/"]}]},{"@type":"ImageObject","inLanguage":"fr-FR","@id":"https:\/\/bellavida-resort.com\/services\/#primaryimage","url":"http:\/\/bellavida-resort.com\/wp-content\/uploads\/2019\/10\/welcome-1.jpg","contentUrl":"http:\/\/bellavida-resort.com\/wp-content\/uploads\/2019\/10\/welcome-1.jpg"},{"@type":"BreadcrumbList","@id":"https:\/\/bellavida-resort.com\/services\/#breadcrumb","itemListElement":[{"@type":"ListItem","position":1,"name":"Home","item":"https:\/\/bellavida-resort.com\/fr\/"},{"@type":"ListItem","position":2,"name":"Services"}]},{"@type":"WebSite","@id":"https:\/\/bellavida-resort.com\/#website","url":"https:\/\/bellavida-resort.com\/","name":"Bella Vida resort, Uluwatu Bali","description":"The best luxury resort in Bingin","publisher":{"@id":"https:\/\/bellavida-resort.com\/#organization"},"potentialAction":[{"@type":"SearchAction","target":{"@type":"EntryPoint","urlTemplate":"https:\/\/bellavida-resort.com\/?s={search_term_string}"},"query-input":{"@type":"PropertyValueSpecification","valueRequired":true,"valueName":"search_term_string"}}],"inLanguage":"fr-FR"},{"@type":"Organization","@id":"https:\/\/bellavida-resort.com\/#organization","name":"Bella Vida Resort","url":"https:\/\/bellavida-resort.com\/","logo":{"@type":"ImageObject","inLanguage":"fr-FR","@id":"https:\/\/bellavida-resort.com\/#\/schema\/logo\/image\/","url":"https:\/\/bellavida-resort.com\/wp-content\/uploads\/2025\/10\/cropped-Epson-logo-printer.jpg","contentUrl":"https:\/\/bellavida-resort.com\/wp-content\/uploads\/2025\/10\/cropped-Epson-logo-printer.jpg","width":1200,"height":313,"caption":"Bella Vida Resort"},"image":{"@id":"https:\/\/bellavida-resort.com\/#\/schema\/logo\/image\/"},"sameAs":["https:\/\/www.facebook.com\/profile.php?id=61584197150341","https:\/\/www.instagram.com\/bellavidaresortbali\/"]}]}},"_links":{"self":[{"href":"https:\/\/bellavida-resort.com\/fr\/wp-json\/wp\/v2\/pages\/4513","targetHints":{"allow":["GET"]}}],"collection":[{"href":"https:\/\/bellavida-resort.com\/fr\/wp-json\/wp\/v2\/pages"}],"about":[{"href":"https:\/\/bellavida-resort.com\/fr\/wp-json\/wp\/v2\/types\/page"}],"author":[{"embeddable":true,"href":"https:\/\/bellavida-resort.com\/fr\/wp-json\/wp\/v2\/users\/1"}],"replies":[{"embeddable":true,"href":"https:\/\/bellavida-resort.com\/fr\/wp-json\/wp\/v2\/comments?post=4513"}],"version-history":[{"count":1,"href":"https:\/\/bellavida-resort.com\/fr\/wp-json\/wp\/v2\/pages\/4513\/revisions"}],"predecessor-version":[{"id":4514,"href":"https:\/\/bellavida-resort.com\/fr\/wp-json\/wp\/v2\/pages\/4513\/revisions\/4514"}],"wp:attachment":[{"href":"https:\/\/bellavida-resort.com\/fr\/wp-json\/wp\/v2\/media?parent=4513"}],"curies":[{"name":"wp","href":"https:\/\/api.w.org\/{rel}","templated":true}]}}