{"id":4607,"date":"2024-10-09T10:30:21","date_gmt":"2024-10-09T10:30:21","guid":{"rendered":"https:\/\/bellavida-resort.com\/product\/massage-60min\/"},"modified":"2026-02-25T08:40:06","modified_gmt":"2026-02-25T08:40:06","slug":"massage-60min","status":"publish","type":"product","link":"https:\/\/bellavida-resort.com\/es\/producto\/massage-60min\/","title":{"rendered":"Masaje 60 min."},"content":{"rendered":"<article dir=\"auto\" data-testid=\"conversation-turn-15\" data-scroll-anchor=\"false\">\n<h3><strong>Qu\u00e9 puedes esperar:<\/strong><\/h3>\n<ul>\n<li><strong>Masaje Corporal Completo de 60 Minutos:<\/strong> Disfruta de una hora completa de relajaci\u00f3n mientras nuestros formados terapeutas utilizan t\u00e9cnicas expertas para aliviar la tensi\u00f3n y promover una sensaci\u00f3n de bienestar. El masaje se centra en las zonas clave del estr\u00e9s, como la espalda, los hombros, el cuello y las piernas, dej\u00e1ndote una sensaci\u00f3n de frescor. <\/li>\n<li><strong>Elecci\u00f3n del estilo de masaje:<\/strong> Elige entre varias opciones de masaje: con piedras calientes, de tejido profundo o balin\u00e9s, seg\u00fan tus necesidades. Cada estilo ofrece beneficios \u00fanicos, desde una relajaci\u00f3n suave hasta un alivio muscular m\u00e1s profundo. <\/li>\n<li><strong>Ambiente de Spa Relajante:<\/strong> Nuestras tranquilas salas de masaje est\u00e1n dise\u00f1adas para crear un ambiente apacible, con una iluminaci\u00f3n suave y m\u00fasica relajante para mejorar tu experiencia.<\/li>\n<li><strong>Aceites de Masaje de Alta Calidad:<\/strong> Utilizamos aceites nutritivos de alta calidad que ayudan a relajar los m\u00fasculos y dejan la piel suave y rejuvenecida.<\/li>\n<\/ul>\n<h3><strong>\u00bfPor qu\u00e9 elegir este masaje?<\/strong><\/h3>\n<ul>\n<li><strong>Precio asequible:<\/strong> A s\u00f3lo 12 $ por una sesi\u00f3n de 60 minutos, \u00e9ste es uno de los masajes con mejor relaci\u00f3n calidad-precio que puedes encontrar, ya que ofrece un servicio profesional a un precio asequible.<\/li>\n<li><strong>Terapeutas profesionales:<\/strong> Nuestros experimentados terapeutas est\u00e1n formados en diversas t\u00e9cnicas para garantizar que recibas los mejores cuidados y salgas sinti\u00e9ndote lo mejor posible.<\/li>\n<li><strong>C\u00f3modo y flexible:<\/strong> Ideal para un descanso r\u00e1pido de tu apretada agenda, este masaje ofrece la forma perfecta de recargar energ\u00edas sin arruinarte.<\/li>\n<\/ul>\n<h3><strong>\u00bfPara qui\u00e9n es este masaje?<\/strong><\/h3>\n<p>Este masaje es perfecto para quien desee<\/p>\n<ul>\n<li>Alivia el estr\u00e9s y la tensi\u00f3n<\/li>\n<li>Disfruta de una sesi\u00f3n de mimos econ\u00f3mica<\/li>\n<li>Alivia los m\u00fasculos doloridos y mejora la flexibilidad<\/li>\n<li>Experimenta un tratamiento de relajaci\u00f3n r\u00e1pido y eficaz<\/li>\n<\/ul>\n<h3><strong>Qu\u00e9 incluye:<\/strong><\/h3>\n<ul>\n<li>Masaje corporal completo de 60 minutos adaptado a tus necesidades<\/li>\n<li>Utilizaci\u00f3n de aceites de masaje de alta calidad<\/li>\n<li>Acceso a la zona de relajaci\u00f3n antes o despu\u00e9s del masaje<\/li>\n<li>T\u00e9 de hierbas o agua de cortes\u00eda despu\u00e9s del tratamiento<\/li>\n<\/ul>\n<h3><strong>Complementos (Opcionales):<\/strong><\/h3>\n<ul>\n<li><strong>Reflexolog\u00eda podal (30 minutos):<\/strong> A\u00f1ade un masaje de pies para una relajaci\u00f3n m\u00e1s profunda &#8211; 5<\/li>\n<li><strong>Tratamiento con Piedras Calientes:<\/strong> Mejora tu masaje con piedras calientes para aliviar la tensi\u00f3n muscular m\u00e1s profunda &#8211; $8<\/li>\n<li><strong>Mejora de Aromaterapia:<\/strong> Elige una mezcla espec\u00edfica de aceites esenciales para potenciar los efectos terap\u00e9uticos &#8211; 3 $.<\/li>\n<\/ul>\n<h3><strong>Informaci\u00f3n sobre reservas:<\/strong><\/h3>\n<p><strong>Precio:<\/strong> 12 $ por persona por un masaje de 60 minutos<br \/>\n<strong>Disponible todos los d\u00edas:<\/strong> todos los d\u00edas para los hu\u00e9spedes, los no hu\u00e9spedes pueden reservar en el complejo.<\/p>\n<\/article>\n","protected":false},"excerpt":{"rendered":"<p><strong>Disfruta de un Masaje Corporal Completo de 60 Minutos para la M\u00e1xima Relajaci\u00f3n<\/strong><\/p>\n<p>Disfruta de un relajante masaje de 60 minutos dise\u00f1ado para eliminar el estr\u00e9s y la tensi\u00f3n por s\u00f3lo 12 $ por persona. Nuestros expertos terapeutas utilizan diversas t\u00e9cnicas de masaje para ayudarte a relajarte, rejuvenecer y sentirte lo mejor posible. Si necesitas relajarte tras un largo d\u00eda, aliviar dolores musculares o simplemente mimarte un poco, este masaje es la elecci\u00f3n perfecta.  <\/p>\n","protected":false},"featured_media":3898,"comment_status":"open","ping_status":"closed","template":"","meta":{"inline_featured_image":false},"product_brand":[],"product_cat":[184,389],"product_tag":[],"class_list":{"0":"post-4607","1":"product","2":"type-product","3":"status-publish","4":"has-post-thumbnail","6":"product_cat-actividades","7":"product_cat-romantico-es","9":"first","10":"instock","11":"shipping-taxable","12":"purchasable","13":"product-type-simple"},"yoast_head":"<!-- This site is optimized with the Yoast SEO plugin v27.4 - https:\/\/yoast.com\/product\/yoast-seo-wordpress\/ -->\n<title>Masaje 60 min. - Bella Vida resort, Uluwatu<\/title>\n<meta name=\"robots\" content=\"index, follow, max-snippet:-1, max-image-preview:large, max-video-preview:-1\" \/>\n<link rel=\"canonical\" href=\"https:\/\/bellavida-resort.com\/producto\/massage-60min\/\" \/>\n<meta property=\"og:locale\" content=\"es_ES\" \/>\n<meta property=\"og:type\" content=\"article\" \/>\n<meta property=\"og:title\" content=\"Masaje 60 min. - Bella Vida resort, Uluwatu\" \/>\n<meta property=\"og:description\" content=\"Disfruta de un Masaje Corporal Completo de 60 Minutos para la M\u00e1xima Relajaci\u00f3n Disfruta de un relajante masaje de 60 minutos dise\u00f1ado para eliminar el estr\u00e9s y la tensi\u00f3n por s\u00f3lo 12 $ por persona. Nuestros expertos terapeutas utilizan diversas t\u00e9cnicas de masaje para ayudarte a relajarte, rejuvenecer y sentirte lo mejor posible. Si necesitas relajarte tras un largo d\u00eda, aliviar dolores musculares o simplemente mimarte un poco, este masaje es la elecci\u00f3n perfecta.\" \/>\n<meta property=\"og:url\" content=\"https:\/\/bellavida-resort.com\/producto\/massage-60min\/\" \/>\n<meta property=\"og:site_name\" content=\"Bella Vida resort, Uluwatu\" \/>\n<meta property=\"article:publisher\" content=\"https:\/\/www.facebook.com\/profile.php?id=61584197150341\" \/>\n<meta property=\"article:modified_time\" content=\"2026-02-25T08:40:06+00:00\" \/>\n<meta property=\"og:image\" content=\"https:\/\/bellavida-resort.com\/wp-content\/uploads\/2024\/10\/Massage-spa-pecatu-bali.jpg\" \/>\n\t<meta property=\"og:image:width\" content=\"600\" \/>\n\t<meta property=\"og:image:height\" content=\"415\" \/>\n\t<meta property=\"og:image:type\" content=\"image\/jpeg\" \/>\n<meta name=\"twitter:card\" content=\"summary_large_image\" \/>\n<meta name=\"twitter:label1\" content=\"Tiempo de lectura\" \/>\n\t<meta name=\"twitter:data1\" content=\"2 minutos\" \/>\n<script type=\"application\/ld+json\" class=\"yoast-schema-graph\">{\"@context\":\"https:\\\/\\\/schema.org\",\"@graph\":[{\"@type\":\"WebPage\",\"@id\":\"https:\\\/\\\/bellavida-resort.com\\\/producto\\\/massage-60min\\\/\",\"url\":\"https:\\\/\\\/bellavida-resort.com\\\/producto\\\/massage-60min\\\/\",\"name\":\"Masaje 60 min. - Bella Vida resort, Uluwatu\",\"isPartOf\":{\"@id\":\"https:\\\/\\\/bellavida-resort.com\\\/#website\"},\"primaryImageOfPage\":{\"@id\":\"https:\\\/\\\/bellavida-resort.com\\\/producto\\\/massage-60min\\\/#primaryimage\"},\"image\":{\"@id\":\"https:\\\/\\\/bellavida-resort.com\\\/producto\\\/massage-60min\\\/#primaryimage\"},\"thumbnailUrl\":\"https:\\\/\\\/bellavida-resort.com\\\/wp-content\\\/uploads\\\/2024\\\/10\\\/Massage-spa-pecatu-bali.jpg\",\"datePublished\":\"2024-10-09T10:30:21+00:00\",\"dateModified\":\"2026-02-25T08:40:06+00:00\",\"breadcrumb\":{\"@id\":\"https:\\\/\\\/bellavida-resort.com\\\/producto\\\/massage-60min\\\/#breadcrumb\"},\"inLanguage\":\"es\",\"potentialAction\":[{\"@type\":\"ReadAction\",\"target\":[\"https:\\\/\\\/bellavida-resort.com\\\/producto\\\/massage-60min\\\/\"]}]},{\"@type\":\"ImageObject\",\"inLanguage\":\"es\",\"@id\":\"https:\\\/\\\/bellavida-resort.com\\\/producto\\\/massage-60min\\\/#primaryimage\",\"url\":\"https:\\\/\\\/bellavida-resort.com\\\/wp-content\\\/uploads\\\/2024\\\/10\\\/Massage-spa-pecatu-bali.jpg\",\"contentUrl\":\"https:\\\/\\\/bellavida-resort.com\\\/wp-content\\\/uploads\\\/2024\\\/10\\\/Massage-spa-pecatu-bali.jpg\",\"width\":600,\"height\":415},{\"@type\":\"BreadcrumbList\",\"@id\":\"https:\\\/\\\/bellavida-resort.com\\\/producto\\\/massage-60min\\\/#breadcrumb\",\"itemListElement\":[{\"@type\":\"ListItem\",\"position\":1,\"name\":\"Home\",\"item\":\"https:\\\/\\\/bellavida-resort.com\\\/es\\\/\"},{\"@type\":\"ListItem\",\"position\":2,\"name\":\"Tienda\",\"item\":\"https:\\\/\\\/bellavida-resort.com\\\/es\\\/tienda\\\/\"},{\"@type\":\"ListItem\",\"position\":3,\"name\":\"Masaje 60 min.\"}]},{\"@type\":\"WebSite\",\"@id\":\"https:\\\/\\\/bellavida-resort.com\\\/#website\",\"url\":\"https:\\\/\\\/bellavida-resort.com\\\/\",\"name\":\"Bella Vida resort, Uluwatu Bali\",\"description\":\"The best luxury resort in Bingin\",\"publisher\":{\"@id\":\"https:\\\/\\\/bellavida-resort.com\\\/#organization\"},\"potentialAction\":[{\"@type\":\"SearchAction\",\"target\":{\"@type\":\"EntryPoint\",\"urlTemplate\":\"https:\\\/\\\/bellavida-resort.com\\\/?s={search_term_string}\"},\"query-input\":{\"@type\":\"PropertyValueSpecification\",\"valueRequired\":true,\"valueName\":\"search_term_string\"}}],\"inLanguage\":\"es\"},{\"@type\":\"Organization\",\"@id\":\"https:\\\/\\\/bellavida-resort.com\\\/#organization\",\"name\":\"Bella Vida Resort\",\"url\":\"https:\\\/\\\/bellavida-resort.com\\\/\",\"logo\":{\"@type\":\"ImageObject\",\"inLanguage\":\"es\",\"@id\":\"https:\\\/\\\/bellavida-resort.com\\\/#\\\/schema\\\/logo\\\/image\\\/\",\"url\":\"https:\\\/\\\/bellavida-resort.com\\\/wp-content\\\/uploads\\\/2025\\\/10\\\/cropped-Epson-logo-printer.jpg\",\"contentUrl\":\"https:\\\/\\\/bellavida-resort.com\\\/wp-content\\\/uploads\\\/2025\\\/10\\\/cropped-Epson-logo-printer.jpg\",\"width\":1200,\"height\":313,\"caption\":\"Bella Vida Resort\"},\"image\":{\"@id\":\"https:\\\/\\\/bellavida-resort.com\\\/#\\\/schema\\\/logo\\\/image\\\/\"},\"sameAs\":[\"https:\\\/\\\/www.facebook.com\\\/profile.php?id=61584197150341\",\"https:\\\/\\\/www.instagram.com\\\/bellavidaresortbali\\\/\"]}]}<\/script>\n<!-- \/ Yoast SEO plugin. -->","yoast_head_json":{"title":"Masaje 60 min. - Bella Vida resort, Uluwatu","robots":{"index":"index","follow":"follow","max-snippet":"max-snippet:-1","max-image-preview":"max-image-preview:large","max-video-preview":"max-video-preview:-1"},"canonical":"https:\/\/bellavida-resort.com\/producto\/massage-60min\/","og_locale":"es_ES","og_type":"article","og_title":"Masaje 60 min. - Bella Vida resort, Uluwatu","og_description":"Disfruta de un Masaje Corporal Completo de 60 Minutos para la M\u00e1xima Relajaci\u00f3n Disfruta de un relajante masaje de 60 minutos dise\u00f1ado para eliminar el estr\u00e9s y la tensi\u00f3n por s\u00f3lo 12 $ por persona. Nuestros expertos terapeutas utilizan diversas t\u00e9cnicas de masaje para ayudarte a relajarte, rejuvenecer y sentirte lo mejor posible. Si necesitas relajarte tras un largo d\u00eda, aliviar dolores musculares o simplemente mimarte un poco, este masaje es la elecci\u00f3n perfecta.","og_url":"https:\/\/bellavida-resort.com\/producto\/massage-60min\/","og_site_name":"Bella Vida resort, Uluwatu","article_publisher":"https:\/\/www.facebook.com\/profile.php?id=61584197150341","article_modified_time":"2026-02-25T08:40:06+00:00","og_image":[{"width":600,"height":415,"url":"https:\/\/bellavida-resort.com\/wp-content\/uploads\/2024\/10\/Massage-spa-pecatu-bali.jpg","type":"image\/jpeg"}],"twitter_card":"summary_large_image","twitter_misc":{"Tiempo de lectura":"2 minutos"},"schema":{"@context":"https:\/\/schema.org","@graph":[{"@type":"WebPage","@id":"https:\/\/bellavida-resort.com\/producto\/massage-60min\/","url":"https:\/\/bellavida-resort.com\/producto\/massage-60min\/","name":"Masaje 60 min. - Bella Vida resort, Uluwatu","isPartOf":{"@id":"https:\/\/bellavida-resort.com\/#website"},"primaryImageOfPage":{"@id":"https:\/\/bellavida-resort.com\/producto\/massage-60min\/#primaryimage"},"image":{"@id":"https:\/\/bellavida-resort.com\/producto\/massage-60min\/#primaryimage"},"thumbnailUrl":"https:\/\/bellavida-resort.com\/wp-content\/uploads\/2024\/10\/Massage-spa-pecatu-bali.jpg","datePublished":"2024-10-09T10:30:21+00:00","dateModified":"2026-02-25T08:40:06+00:00","breadcrumb":{"@id":"https:\/\/bellavida-resort.com\/producto\/massage-60min\/#breadcrumb"},"inLanguage":"es","potentialAction":[{"@type":"ReadAction","target":["https:\/\/bellavida-resort.com\/producto\/massage-60min\/"]}]},{"@type":"ImageObject","inLanguage":"es","@id":"https:\/\/bellavida-resort.com\/producto\/massage-60min\/#primaryimage","url":"https:\/\/bellavida-resort.com\/wp-content\/uploads\/2024\/10\/Massage-spa-pecatu-bali.jpg","contentUrl":"https:\/\/bellavida-resort.com\/wp-content\/uploads\/2024\/10\/Massage-spa-pecatu-bali.jpg","width":600,"height":415},{"@type":"BreadcrumbList","@id":"https:\/\/bellavida-resort.com\/producto\/massage-60min\/#breadcrumb","itemListElement":[{"@type":"ListItem","position":1,"name":"Home","item":"https:\/\/bellavida-resort.com\/es\/"},{"@type":"ListItem","position":2,"name":"Tienda","item":"https:\/\/bellavida-resort.com\/es\/tienda\/"},{"@type":"ListItem","position":3,"name":"Masaje 60 min."}]},{"@type":"WebSite","@id":"https:\/\/bellavida-resort.com\/#website","url":"https:\/\/bellavida-resort.com\/","name":"Bella Vida resort, Uluwatu Bali","description":"The best luxury resort in Bingin","publisher":{"@id":"https:\/\/bellavida-resort.com\/#organization"},"potentialAction":[{"@type":"SearchAction","target":{"@type":"EntryPoint","urlTemplate":"https:\/\/bellavida-resort.com\/?s={search_term_string}"},"query-input":{"@type":"PropertyValueSpecification","valueRequired":true,"valueName":"search_term_string"}}],"inLanguage":"es"},{"@type":"Organization","@id":"https:\/\/bellavida-resort.com\/#organization","name":"Bella Vida Resort","url":"https:\/\/bellavida-resort.com\/","logo":{"@type":"ImageObject","inLanguage":"es","@id":"https:\/\/bellavida-resort.com\/#\/schema\/logo\/image\/","url":"https:\/\/bellavida-resort.com\/wp-content\/uploads\/2025\/10\/cropped-Epson-logo-printer.jpg","contentUrl":"https:\/\/bellavida-resort.com\/wp-content\/uploads\/2025\/10\/cropped-Epson-logo-printer.jpg","width":1200,"height":313,"caption":"Bella Vida Resort"},"image":{"@id":"https:\/\/bellavida-resort.com\/#\/schema\/logo\/image\/"},"sameAs":["https:\/\/www.facebook.com\/profile.php?id=61584197150341","https:\/\/www.instagram.com\/bellavidaresortbali\/"]}]}},"wcpa_form_fields":null,"_links":{"self":[{"href":"https:\/\/bellavida-resort.com\/es\/wp-json\/wp\/v2\/product\/4607","targetHints":{"allow":["GET"]}}],"collection":[{"href":"https:\/\/bellavida-resort.com\/es\/wp-json\/wp\/v2\/product"}],"about":[{"href":"https:\/\/bellavida-resort.com\/es\/wp-json\/wp\/v2\/types\/product"}],"replies":[{"embeddable":true,"href":"https:\/\/bellavida-resort.com\/es\/wp-json\/wp\/v2\/comments?post=4607"}],"wp:featuredmedia":[{"embeddable":true,"href":"https:\/\/bellavida-resort.com\/es\/wp-json\/wp\/v2\/media\/3898"}],"wp:attachment":[{"href":"https:\/\/bellavida-resort.com\/es\/wp-json\/wp\/v2\/media?parent=4607"}],"wp:term":[{"taxonomy":"product_brand","embeddable":true,"href":"https:\/\/bellavida-resort.com\/es\/wp-json\/wp\/v2\/product_brand?post=4607"},{"taxonomy":"product_cat","embeddable":true,"href":"https:\/\/bellavida-resort.com\/es\/wp-json\/wp\/v2\/product_cat?post=4607"},{"taxonomy":"product_tag","embeddable":true,"href":"https:\/\/bellavida-resort.com\/es\/wp-json\/wp\/v2\/product_tag?post=4607"}],"curies":[{"name":"wp","href":"https:\/\/api.w.org\/{rel}","templated":true}]}}