{"id":3565,"date":"2024-01-30T14:37:03","date_gmt":"2024-01-30T14:37:03","guid":{"rendered":"https:\/\/bellavida-resort.com\/product\/paquete-de-luna-de-miel-en-bali\/"},"modified":"2026-02-25T08:42:12","modified_gmt":"2026-02-25T08:42:12","slug":"honeymoon-package","status":"publish","type":"product","link":"https:\/\/bellavida-resort.com\/es\/producto\/honeymoon-package\/","title":{"rendered":"Paquete de luna de miel en Bali"},"content":{"rendered":"<h1>Luna de miel<\/h1>\n<p>Crea recuerdos entra\u00f1ables en tu luna de miel de ensue\u00f1o con nuestros <strong>Paquetes de Luna de Miel Inolvidable en Bali<\/strong>. Dise\u00f1ados para que tu escapada rom\u00e1ntica sea realmente excepcional, estos paquetes son tu llave para un inolvidable viaje de amor en uno de los destinos m\u00e1s encantadores del mundo.<\/p>\n<p><strong>El paquete incluye:<\/strong><\/p>\n<h2>Masaje para dos<\/h2>\n<p>Disfruta de pura relajaci\u00f3n y conexi\u00f3n con nuestro masaje para parejas. Deja que las h\u00e1biles manos de las masajistas balinesas te transporten a un mundo de tranquilidad, donde t\u00fa y tu pareja podr\u00e9is desconectar y rejuvenecer en mutua compa\u00f1\u00eda.<\/p>\n<h2>Paquete rom\u00e1ntico de bienvenida<\/h2>\n<p>Comienza tu luna de miel con un toque de romanticismo. Tu habitaci\u00f3n estar\u00e1 decorada con p\u00e9talos de rosa, velas perfumadas y encantadoras sorpresas, creando el ambiente perfecto para tu escapada rom\u00e1ntica a Bali.<\/p>\n<h2>Vino espumoso o burbujeante<\/h2>\n<p>Brinda por tu amor con una botella de exquisito vino o champ\u00e1n. Disfrutad juntos de un momento privado mientras sabore\u00e1is un vino o un espumoso de primera calidad, para que vuestra luna de miel sea a\u00fan m\u00e1s especial.<\/p>\n<p>Los impresionantes paisajes, la vibrante cultura y las serenas playas de Bali constituyen el tel\u00f3n de fondo perfecto para tu aventura rom\u00e1ntica. Con nuestros Paquetes de Luna de Miel Inolvidable en Bali, puedes centrarte en crear bellos recuerdos mientras nosotros nos ocupamos de los detalles.<\/p>\n<p>Elige el paquete que mejor se adapte a tu historia de amor y reserva hoy mismo la luna de miel de tus sue\u00f1os en Bali. Explora la belleza natural de la isla, sum\u00e9rgete en su rica cultura y celebra tu amor con estilo. Haz de tu luna de miel en Bali una experiencia inolvidable con nuestros paquetes especialmente dise\u00f1ados.<\/p>\n","protected":false},"excerpt":{"rendered":"<p>Paquete para una Luna de Miel Perfecta en Bali. Selecciona tu preferencia de champ\u00e1n, vino o rosado, y haremos que sea una estancia inolvidable. <\/p>\n","protected":false},"featured_media":2749,"comment_status":"open","ping_status":"closed","template":"","meta":{"inline_featured_image":false},"product_brand":[],"product_cat":[389],"product_tag":[185,306],"class_list":{"0":"post-3565","1":"product","2":"type-product","3":"status-publish","4":"has-post-thumbnail","6":"product_cat-romantico-es","7":"product_tag-bali-es","8":"product_tag-luna-de-miel","9":"wcpa_has_options","11":"first","12":"instock","13":"shipping-taxable","14":"purchasable","15":"product-type-simple"},"yoast_head":"<!-- This site is optimized with the Yoast SEO plugin v27.4 - https:\/\/yoast.com\/product\/yoast-seo-wordpress\/ -->\n<title>Paquete de luna de miel en Bali - Bella Vida resort, Uluwatu<\/title>\n<meta name=\"robots\" content=\"index, follow, max-snippet:-1, max-image-preview:large, max-video-preview:-1\" \/>\n<link rel=\"canonical\" href=\"https:\/\/bellavida-resort.com\/producto\/honeymoon-package\/\" \/>\n<meta property=\"og:locale\" content=\"es_ES\" \/>\n<meta property=\"og:type\" content=\"article\" \/>\n<meta property=\"og:title\" content=\"Paquete de luna de miel en Bali - Bella Vida resort, Uluwatu\" \/>\n<meta property=\"og:description\" content=\"Paquete para una Luna de Miel Perfecta en Bali. Selecciona tu preferencia de champ\u00e1n, vino o rosado, y haremos que sea una estancia inolvidable.\" \/>\n<meta property=\"og:url\" content=\"https:\/\/bellavida-resort.com\/producto\/honeymoon-package\/\" \/>\n<meta property=\"og:site_name\" content=\"Bella Vida resort, Uluwatu\" \/>\n<meta property=\"article:publisher\" content=\"https:\/\/www.facebook.com\/profile.php?id=61584197150341\" \/>\n<meta property=\"article:modified_time\" content=\"2026-02-25T08:42:12+00:00\" \/>\n<meta property=\"og:image\" content=\"https:\/\/bellavida-resort.com\/wp-content\/uploads\/2024\/01\/total-honeymoon-package.jpg\" \/>\n\t<meta property=\"og:image:width\" content=\"892\" \/>\n\t<meta property=\"og:image:height\" content=\"892\" \/>\n\t<meta property=\"og:image:type\" content=\"image\/jpeg\" \/>\n<meta name=\"twitter:card\" content=\"summary_large_image\" \/>\n<meta name=\"twitter:label1\" content=\"Tiempo de lectura\" \/>\n\t<meta name=\"twitter:data1\" content=\"2 minutos\" \/>\n<script type=\"application\/ld+json\" class=\"yoast-schema-graph\">{\"@context\":\"https:\\\/\\\/schema.org\",\"@graph\":[{\"@type\":\"WebPage\",\"@id\":\"https:\\\/\\\/bellavida-resort.com\\\/producto\\\/honeymoon-package\\\/\",\"url\":\"https:\\\/\\\/bellavida-resort.com\\\/producto\\\/honeymoon-package\\\/\",\"name\":\"Paquete de luna de miel en Bali - Bella Vida resort, Uluwatu\",\"isPartOf\":{\"@id\":\"https:\\\/\\\/bellavida-resort.com\\\/#website\"},\"primaryImageOfPage\":{\"@id\":\"https:\\\/\\\/bellavida-resort.com\\\/producto\\\/honeymoon-package\\\/#primaryimage\"},\"image\":{\"@id\":\"https:\\\/\\\/bellavida-resort.com\\\/producto\\\/honeymoon-package\\\/#primaryimage\"},\"thumbnailUrl\":\"https:\\\/\\\/bellavida-resort.com\\\/wp-content\\\/uploads\\\/2024\\\/01\\\/total-honeymoon-package.jpg\",\"datePublished\":\"2024-01-30T14:37:03+00:00\",\"dateModified\":\"2026-02-25T08:42:12+00:00\",\"breadcrumb\":{\"@id\":\"https:\\\/\\\/bellavida-resort.com\\\/producto\\\/honeymoon-package\\\/#breadcrumb\"},\"inLanguage\":\"es\",\"potentialAction\":[{\"@type\":\"ReadAction\",\"target\":[\"https:\\\/\\\/bellavida-resort.com\\\/producto\\\/honeymoon-package\\\/\"]}]},{\"@type\":\"ImageObject\",\"inLanguage\":\"es\",\"@id\":\"https:\\\/\\\/bellavida-resort.com\\\/producto\\\/honeymoon-package\\\/#primaryimage\",\"url\":\"https:\\\/\\\/bellavida-resort.com\\\/wp-content\\\/uploads\\\/2024\\\/01\\\/total-honeymoon-package.jpg\",\"contentUrl\":\"https:\\\/\\\/bellavida-resort.com\\\/wp-content\\\/uploads\\\/2024\\\/01\\\/total-honeymoon-package.jpg\",\"width\":892,\"height\":892,\"caption\":\"Paquete de luna de miel en Bali\"},{\"@type\":\"BreadcrumbList\",\"@id\":\"https:\\\/\\\/bellavida-resort.com\\\/producto\\\/honeymoon-package\\\/#breadcrumb\",\"itemListElement\":[{\"@type\":\"ListItem\",\"position\":1,\"name\":\"Home\",\"item\":\"https:\\\/\\\/bellavida-resort.com\\\/es\\\/\"},{\"@type\":\"ListItem\",\"position\":2,\"name\":\"Tienda\",\"item\":\"https:\\\/\\\/bellavida-resort.com\\\/es\\\/tienda\\\/\"},{\"@type\":\"ListItem\",\"position\":3,\"name\":\"Paquete de luna de miel en Bali\"}]},{\"@type\":\"WebSite\",\"@id\":\"https:\\\/\\\/bellavida-resort.com\\\/#website\",\"url\":\"https:\\\/\\\/bellavida-resort.com\\\/\",\"name\":\"Bella Vida resort, Uluwatu Bali\",\"description\":\"The best luxury resort in Bingin\",\"publisher\":{\"@id\":\"https:\\\/\\\/bellavida-resort.com\\\/#organization\"},\"potentialAction\":[{\"@type\":\"SearchAction\",\"target\":{\"@type\":\"EntryPoint\",\"urlTemplate\":\"https:\\\/\\\/bellavida-resort.com\\\/?s={search_term_string}\"},\"query-input\":{\"@type\":\"PropertyValueSpecification\",\"valueRequired\":true,\"valueName\":\"search_term_string\"}}],\"inLanguage\":\"es\"},{\"@type\":\"Organization\",\"@id\":\"https:\\\/\\\/bellavida-resort.com\\\/#organization\",\"name\":\"Bella Vida Resort\",\"url\":\"https:\\\/\\\/bellavida-resort.com\\\/\",\"logo\":{\"@type\":\"ImageObject\",\"inLanguage\":\"es\",\"@id\":\"https:\\\/\\\/bellavida-resort.com\\\/#\\\/schema\\\/logo\\\/image\\\/\",\"url\":\"https:\\\/\\\/bellavida-resort.com\\\/wp-content\\\/uploads\\\/2025\\\/10\\\/cropped-Epson-logo-printer.jpg\",\"contentUrl\":\"https:\\\/\\\/bellavida-resort.com\\\/wp-content\\\/uploads\\\/2025\\\/10\\\/cropped-Epson-logo-printer.jpg\",\"width\":1200,\"height\":313,\"caption\":\"Bella Vida Resort\"},\"image\":{\"@id\":\"https:\\\/\\\/bellavida-resort.com\\\/#\\\/schema\\\/logo\\\/image\\\/\"},\"sameAs\":[\"https:\\\/\\\/www.facebook.com\\\/profile.php?id=61584197150341\",\"https:\\\/\\\/www.instagram.com\\\/bellavidaresortbali\\\/\"]}]}<\/script>\n<!-- \/ Yoast SEO plugin. -->","yoast_head_json":{"title":"Paquete de luna de miel en Bali - Bella Vida resort, Uluwatu","robots":{"index":"index","follow":"follow","max-snippet":"max-snippet:-1","max-image-preview":"max-image-preview:large","max-video-preview":"max-video-preview:-1"},"canonical":"https:\/\/bellavida-resort.com\/producto\/honeymoon-package\/","og_locale":"es_ES","og_type":"article","og_title":"Paquete de luna de miel en Bali - Bella Vida resort, Uluwatu","og_description":"Paquete para una Luna de Miel Perfecta en Bali. Selecciona tu preferencia de champ\u00e1n, vino o rosado, y haremos que sea una estancia inolvidable.","og_url":"https:\/\/bellavida-resort.com\/producto\/honeymoon-package\/","og_site_name":"Bella Vida resort, Uluwatu","article_publisher":"https:\/\/www.facebook.com\/profile.php?id=61584197150341","article_modified_time":"2026-02-25T08:42:12+00:00","og_image":[{"width":892,"height":892,"url":"https:\/\/bellavida-resort.com\/wp-content\/uploads\/2024\/01\/total-honeymoon-package.jpg","type":"image\/jpeg"}],"twitter_card":"summary_large_image","twitter_misc":{"Tiempo de lectura":"2 minutos"},"schema":{"@context":"https:\/\/schema.org","@graph":[{"@type":"WebPage","@id":"https:\/\/bellavida-resort.com\/producto\/honeymoon-package\/","url":"https:\/\/bellavida-resort.com\/producto\/honeymoon-package\/","name":"Paquete de luna de miel en Bali - Bella Vida resort, Uluwatu","isPartOf":{"@id":"https:\/\/bellavida-resort.com\/#website"},"primaryImageOfPage":{"@id":"https:\/\/bellavida-resort.com\/producto\/honeymoon-package\/#primaryimage"},"image":{"@id":"https:\/\/bellavida-resort.com\/producto\/honeymoon-package\/#primaryimage"},"thumbnailUrl":"https:\/\/bellavida-resort.com\/wp-content\/uploads\/2024\/01\/total-honeymoon-package.jpg","datePublished":"2024-01-30T14:37:03+00:00","dateModified":"2026-02-25T08:42:12+00:00","breadcrumb":{"@id":"https:\/\/bellavida-resort.com\/producto\/honeymoon-package\/#breadcrumb"},"inLanguage":"es","potentialAction":[{"@type":"ReadAction","target":["https:\/\/bellavida-resort.com\/producto\/honeymoon-package\/"]}]},{"@type":"ImageObject","inLanguage":"es","@id":"https:\/\/bellavida-resort.com\/producto\/honeymoon-package\/#primaryimage","url":"https:\/\/bellavida-resort.com\/wp-content\/uploads\/2024\/01\/total-honeymoon-package.jpg","contentUrl":"https:\/\/bellavida-resort.com\/wp-content\/uploads\/2024\/01\/total-honeymoon-package.jpg","width":892,"height":892,"caption":"Paquete de luna de miel en Bali"},{"@type":"BreadcrumbList","@id":"https:\/\/bellavida-resort.com\/producto\/honeymoon-package\/#breadcrumb","itemListElement":[{"@type":"ListItem","position":1,"name":"Home","item":"https:\/\/bellavida-resort.com\/es\/"},{"@type":"ListItem","position":2,"name":"Tienda","item":"https:\/\/bellavida-resort.com\/es\/tienda\/"},{"@type":"ListItem","position":3,"name":"Paquete de luna de miel en Bali"}]},{"@type":"WebSite","@id":"https:\/\/bellavida-resort.com\/#website","url":"https:\/\/bellavida-resort.com\/","name":"Bella Vida resort, Uluwatu Bali","description":"The best luxury resort in Bingin","publisher":{"@id":"https:\/\/bellavida-resort.com\/#organization"},"potentialAction":[{"@type":"SearchAction","target":{"@type":"EntryPoint","urlTemplate":"https:\/\/bellavida-resort.com\/?s={search_term_string}"},"query-input":{"@type":"PropertyValueSpecification","valueRequired":true,"valueName":"search_term_string"}}],"inLanguage":"es"},{"@type":"Organization","@id":"https:\/\/bellavida-resort.com\/#organization","name":"Bella Vida Resort","url":"https:\/\/bellavida-resort.com\/","logo":{"@type":"ImageObject","inLanguage":"es","@id":"https:\/\/bellavida-resort.com\/#\/schema\/logo\/image\/","url":"https:\/\/bellavida-resort.com\/wp-content\/uploads\/2025\/10\/cropped-Epson-logo-printer.jpg","contentUrl":"https:\/\/bellavida-resort.com\/wp-content\/uploads\/2025\/10\/cropped-Epson-logo-printer.jpg","width":1200,"height":313,"caption":"Bella Vida Resort"},"image":{"@id":"https:\/\/bellavida-resort.com\/#\/schema\/logo\/image\/"},"sameAs":["https:\/\/www.facebook.com\/profile.php?id=61584197150341","https:\/\/www.instagram.com\/bellavidaresortbali\/"]}]}},"wcpa_form_fields":{"wcpaData":{"product":{"product_price":1350000,"price_html":"<span class=\"woocommerce-Price-amount amount\"><bdi><span class=\"woocommerce-Price-currencySymbol\">Rp<\/span>1.350.000<\/bdi><\/span>","original_product_price":1350000,"price_including_tax":1350000,"price_excluding_tax":1350000,"product_id":{"parent":3565,"variation":false},"is_variable":false,"stock_status":"instock","stock_quantity":null,"parent_sku":"married-pack-1","product_attributes":[],"custom_fields":[],"is_taxable":false,"product_name":"Paquete de luna de miel en Bali"},"fields":{"sec_665bfb183243ae":{"extra":{"key":"sec_665bfb183243ae","section_id":"sec_665bfb183243ae","name":"Default","status":1,"cl_rule":"show","enableCl":false,"relations":[],"toggle":true,"title_tag":"h3","show_title":false,"showPrice":"default","layout_option":"standard","form_id":4887,"form_rules":{"exclude_from_discount":false,"fee_label":"Fee","disp_hide_options_price":false,"disp_show_section_price":false,"disp_show_field_price":true,"layout_option":"standard","pric_use_as_fee":false,"process_fee_as":"woo_fee"}},"fields":[[{"active":true,"col":1,"relations":false,"cl_rule":"show","enableCl":false,"price":"","enablePrice":false,"className":"","label_position":"default","desc_position":"default","type":"image-group","required":false,"elementId":"image_1649808753","label":"Bottle","name":"image_1649808753","enable_popup":"no","multiple":false,"layOut":"col-4","img_selection_type":"shadow","disp_type":"circle","values":[{"label":"Champagne","value":"Champagne","selected":true,"image":"http:\/\/bellavida-resort.com\/wp-content\/uploads\/2024\/02\/champagne.jpg","thumb":"http:\/\/bellavida-resort.com\/wp-content\/uploads\/2024\/02\/champagne.jpg","tempId":"aco_855","image_id":2726,"thumb_src":"https:\/\/bellavida-resort.com\/wp-content\/uploads\/2024\/02\/champagne.jpg","gt_translate_keys":["label"]},{"label":"Rose","value":"Rose","selected":false,"image":"http:\/\/bellavida-resort.com\/wp-content\/uploads\/2024\/02\/rose.jpg","thumb":"http:\/\/bellavida-resort.com\/wp-content\/uploads\/2024\/02\/rose.jpg","tempId":"aco_856","image_id":2714,"thumb_src":"https:\/\/bellavida-resort.com\/wp-content\/uploads\/2024\/02\/rose.jpg","gt_translate_keys":["label"]},{"label":"White wine","value":"White wine","selected":false,"image":"http:\/\/bellavida-resort.com\/wp-content\/uploads\/2024\/02\/white-wine.jpg","thumb":"http:\/\/bellavida-resort.com\/wp-content\/uploads\/2024\/02\/white-wine.jpg","tempId":"aco_1380","image_id":2708,"thumb_src":"https:\/\/bellavida-resort.com\/wp-content\/uploads\/2024\/02\/white-wine.jpg","gt_translate_keys":["label"]},{"label":"Red wine","value":"Red wine","selected":false,"image":"http:\/\/bellavida-resort.com\/wp-content\/uploads\/2024\/02\/red-wine.jpg","thumb":"http:\/\/bellavida-resort.com\/wp-content\/uploads\/2024\/02\/red-wine.jpg","tempId":"aco_857","image_id":2720,"thumb_src":"https:\/\/bellavida-resort.com\/wp-content\/uploads\/2024\/02\/red-wine.jpg","gt_translate_keys":["label"]}],"disp_size_img":{"width":75,"height":75},"error":false,"enableDesign":false,"LabelColor":"","DescColor":"","DescSize":"","LabelSize":"","gt_translate_keys":["label"],"price_dependency":false,"cl_dependency":false,"value":""}]]}},"config":{"price_override":"","enable_recaptcha":false,"bind_quantity":false,"quantity_bind_formula":false,"disp_summ_show_option_price":true,"disp_summ_show_product_price":true,"disp_summ_show_total_price":true,"disp_summ_show_fee":false,"disp_summ_show_discount":false,"summary_title":"","options_total_label":"Options Price","total_label":"Total","options_product_label":"Product Price","fee_label":"Fee","discount_label":"Discount","has_price":true,"has_quantity_formula":false},"mc_unit":1,"tax_rate":1,"tax_rate_real":1,"discount":{"percentage":0,"fixed":0},"design":{"conf":{"LabelPosition":"above","DescPosition":"above","UploadField":"custom_1","QuantityFieldStyle":"default"},"css":{"LeftLabelWidth":"120px"}},"formulas":[],"clones":false,"cartKey":false}},"_links":{"self":[{"href":"https:\/\/bellavida-resort.com\/es\/wp-json\/wp\/v2\/product\/3565","targetHints":{"allow":["GET"]}}],"collection":[{"href":"https:\/\/bellavida-resort.com\/es\/wp-json\/wp\/v2\/product"}],"about":[{"href":"https:\/\/bellavida-resort.com\/es\/wp-json\/wp\/v2\/types\/product"}],"replies":[{"embeddable":true,"href":"https:\/\/bellavida-resort.com\/es\/wp-json\/wp\/v2\/comments?post=3565"}],"wp:featuredmedia":[{"embeddable":true,"href":"https:\/\/bellavida-resort.com\/es\/wp-json\/wp\/v2\/media\/2749"}],"wp:attachment":[{"href":"https:\/\/bellavida-resort.com\/es\/wp-json\/wp\/v2\/media?parent=3565"}],"wp:term":[{"taxonomy":"product_brand","embeddable":true,"href":"https:\/\/bellavida-resort.com\/es\/wp-json\/wp\/v2\/product_brand?post=3565"},{"taxonomy":"product_cat","embeddable":true,"href":"https:\/\/bellavida-resort.com\/es\/wp-json\/wp\/v2\/product_cat?post=3565"},{"taxonomy":"product_tag","embeddable":true,"href":"https:\/\/bellavida-resort.com\/es\/wp-json\/wp\/v2\/product_tag?post=3565"}],"curies":[{"name":"wp","href":"https:\/\/api.w.org\/{rel}","templated":true}]}}