{"id":3370,"date":"2024-02-09T12:42:13","date_gmt":"2024-02-09T12:42:13","guid":{"rendered":"https:\/\/bellavida-resort.com\/product\/excursion-de-medio-dia-a-uluwatu\/"},"modified":"2026-02-25T08:41:23","modified_gmt":"2026-02-25T08:41:23","slug":"half-day-uluwatu-tour","status":"publish","type":"product","link":"https:\/\/bellavida-resort.com\/es\/producto\/half-day-uluwatu-tour\/","title":{"rendered":"Excursi\u00f3n de medio d\u00eda a Uluwatu"},"content":{"rendered":"<br \/>\n<h2>Templo de Uluwatu<\/h2>\n<p>El templo de Uluwatu, encaramado en un dram\u00e1tico acantilado con vistas al oc\u00e9ano \u00cdndico, es un templo sagrado balin\u00e9s del mar conocido por sus impresionantes vistas de la puesta de sol. El templo es una maravilla arquitect\u00f3nica y est\u00e1 dedicado a proteger la isla de los malos esp\u00edritus. Los visitantes pueden presenciar cautivadores espect\u00e1culos de danza Kecak dentro del complejo del templo, lo que a\u00f1ade riqueza cultural a la experiencia. El templo de Uluwatu ofrece tanto un significado espiritual como un paisaje impresionante, lo que lo convierte en un destino de visita obligada en Bali.   <\/p>\n<h3>Ver Espect\u00e1culo de Danza Kecak y del Fuego<\/h3>\n<p>Ver el espect\u00e1culo de danza Kecak y del Fuego es una experiencia cultural fascinante en Bali. Esta danza tradicional balinesa cuenta la \u00e9pica historia del Ramayana mediante c\u00e1nticos r\u00edtmicos y movimientos cautivadores. Lo m\u00e1s destacado es la dram\u00e1tica danza del fuego, en la que los int\u00e9rpretes bailan sobre carbones calientes sin hacerse da\u00f1o, dejando al p\u00fablico boquiabierto. No te pierdas esta encantadora representaci\u00f3n para sumergirte en el rico patrimonio cultural de Bali.   <\/p>\n<h3>Excursi\u00f3n de medio d\u00eda a Uluwatu:<\/h3>\n<ul>\n<li>16:00 &#8211; Recogida en el hotel<\/li>\n<li>17.00 &#8211; Espect\u00e1culo de Danza del Fuego del Templo Uluwatu<\/li>\n<li>18.00 &#8211; Ver Danza Kecak y del Fuego<\/li>\n<li>19.00 &#8211; Regreso al hotel<\/li>\n<li>20.00 &#8211; Llegada al hotel<\/li>\n<\/ul>\n<p><em>*el precio no incluye la comida ni la entrada<\/em><\/p>\n<h3>Excursi\u00f3n de medio d\u00eda a Uluwatu Precio:<\/h3>\n<p>El recorrido que ofrecemos se basa en un Recorrido Privado.<\/p>\n","protected":false},"excerpt":{"rendered":"<p>Explora las maravillas naturales y los tesoros culturales de Bali con nuestro exclusivo paquete tur\u00edstico. Descubre el Templo de Uluwatu y el fascinante Espect\u00e1culo de Danza Kecak y del Fuego.  <\/p>\n","protected":false},"featured_media":2983,"comment_status":"open","ping_status":"closed","template":"","meta":{"inline_featured_image":false},"product_brand":[],"product_cat":[184],"product_tag":[186,185,187],"class_list":{"0":"post-3370","1":"product","2":"type-product","3":"status-publish","4":"has-post-thumbnail","6":"product_cat-actividades","7":"product_tag-actividad","8":"product_tag-bali-es","9":"product_tag-excursion-de-medio-dia","10":"wcpa_has_options","12":"first","13":"instock","14":"shipping-taxable","15":"purchasable","16":"product-type-simple"},"yoast_head":"<!-- This site is optimized with the Yoast SEO plugin v27.4 - https:\/\/yoast.com\/product\/yoast-seo-wordpress\/ -->\n<title>Excursi\u00f3n de medio d\u00eda a Uluwatu - Bella Vida resort, Uluwatu<\/title>\n<meta name=\"robots\" content=\"index, follow, max-snippet:-1, max-image-preview:large, max-video-preview:-1\" \/>\n<link rel=\"canonical\" href=\"https:\/\/bellavida-resort.com\/es\/producto\/half-day-uluwatu-tour\/\" \/>\n<meta property=\"og:locale\" content=\"es_ES\" \/>\n<meta property=\"og:type\" content=\"article\" \/>\n<meta property=\"og:title\" content=\"Excursi\u00f3n de medio d\u00eda a Uluwatu - Bella Vida resort, Uluwatu\" \/>\n<meta property=\"og:description\" content=\"Explora las maravillas naturales y los tesoros culturales de Bali con nuestro exclusivo paquete tur\u00edstico. Descubre el Templo de Uluwatu y el fascinante Espect\u00e1culo de Danza Kecak y del Fuego.\" \/>\n<meta property=\"og:url\" content=\"https:\/\/bellavida-resort.com\/es\/producto\/half-day-uluwatu-tour\/\" \/>\n<meta property=\"og:site_name\" content=\"Bella Vida resort, Uluwatu\" \/>\n<meta property=\"article:publisher\" content=\"https:\/\/www.facebook.com\/profile.php?id=61584197150341\" \/>\n<meta property=\"article:modified_time\" content=\"2026-02-25T08:41:23+00:00\" \/>\n<meta property=\"og:image\" content=\"https:\/\/bellavida-resort.com\/wp-content\/uploads\/2024\/02\/Kecak-and-Fire-Dance-Performance.jpg\" \/>\n\t<meta property=\"og:image:width\" content=\"600\" \/>\n\t<meta property=\"og:image:height\" content=\"400\" \/>\n\t<meta property=\"og:image:type\" content=\"image\/jpeg\" \/>\n<meta name=\"twitter:card\" content=\"summary_large_image\" \/>\n<meta name=\"twitter:label1\" content=\"Tiempo de lectura\" \/>\n\t<meta name=\"twitter:data1\" content=\"1 minuto\" \/>\n<script type=\"application\/ld+json\" class=\"yoast-schema-graph\">{\"@context\":\"https:\\\/\\\/schema.org\",\"@graph\":[{\"@type\":\"WebPage\",\"@id\":\"https:\\\/\\\/bellavida-resort.com\\\/es\\\/producto\\\/half-day-uluwatu-tour\\\/\",\"url\":\"https:\\\/\\\/bellavida-resort.com\\\/es\\\/producto\\\/half-day-uluwatu-tour\\\/\",\"name\":\"Excursi\u00f3n de medio d\u00eda a Uluwatu - Bella Vida resort, Uluwatu\",\"isPartOf\":{\"@id\":\"https:\\\/\\\/bellavida-resort.com\\\/#website\"},\"primaryImageOfPage\":{\"@id\":\"https:\\\/\\\/bellavida-resort.com\\\/es\\\/producto\\\/half-day-uluwatu-tour\\\/#primaryimage\"},\"image\":{\"@id\":\"https:\\\/\\\/bellavida-resort.com\\\/es\\\/producto\\\/half-day-uluwatu-tour\\\/#primaryimage\"},\"thumbnailUrl\":\"https:\\\/\\\/bellavida-resort.com\\\/wp-content\\\/uploads\\\/2024\\\/02\\\/Kecak-and-Fire-Dance-Performance.jpg\",\"datePublished\":\"2024-02-09T12:42:13+00:00\",\"dateModified\":\"2026-02-25T08:41:23+00:00\",\"breadcrumb\":{\"@id\":\"https:\\\/\\\/bellavida-resort.com\\\/es\\\/producto\\\/half-day-uluwatu-tour\\\/#breadcrumb\"},\"inLanguage\":\"es\",\"potentialAction\":[{\"@type\":\"ReadAction\",\"target\":[\"https:\\\/\\\/bellavida-resort.com\\\/es\\\/producto\\\/half-day-uluwatu-tour\\\/\"]}]},{\"@type\":\"ImageObject\",\"inLanguage\":\"es\",\"@id\":\"https:\\\/\\\/bellavida-resort.com\\\/es\\\/producto\\\/half-day-uluwatu-tour\\\/#primaryimage\",\"url\":\"https:\\\/\\\/bellavida-resort.com\\\/wp-content\\\/uploads\\\/2024\\\/02\\\/Kecak-and-Fire-Dance-Performance.jpg\",\"contentUrl\":\"https:\\\/\\\/bellavida-resort.com\\\/wp-content\\\/uploads\\\/2024\\\/02\\\/Kecak-and-Fire-Dance-Performance.jpg\",\"width\":600,\"height\":400,\"caption\":\"Espect\u00e1culo de Danza Kecak y del Fuego\"},{\"@type\":\"BreadcrumbList\",\"@id\":\"https:\\\/\\\/bellavida-resort.com\\\/es\\\/producto\\\/half-day-uluwatu-tour\\\/#breadcrumb\",\"itemListElement\":[{\"@type\":\"ListItem\",\"position\":1,\"name\":\"Home\",\"item\":\"https:\\\/\\\/bellavida-resort.com\\\/es\\\/\"},{\"@type\":\"ListItem\",\"position\":2,\"name\":\"Tienda\",\"item\":\"https:\\\/\\\/bellavida-resort.com\\\/es\\\/tienda\\\/\"},{\"@type\":\"ListItem\",\"position\":3,\"name\":\"Excursi\u00f3n de medio d\u00eda a Uluwatu\"}]},{\"@type\":\"WebSite\",\"@id\":\"https:\\\/\\\/bellavida-resort.com\\\/#website\",\"url\":\"https:\\\/\\\/bellavida-resort.com\\\/\",\"name\":\"Bella Vida resort, Uluwatu Bali\",\"description\":\"The best luxury resort in Bingin\",\"publisher\":{\"@id\":\"https:\\\/\\\/bellavida-resort.com\\\/#organization\"},\"potentialAction\":[{\"@type\":\"SearchAction\",\"target\":{\"@type\":\"EntryPoint\",\"urlTemplate\":\"https:\\\/\\\/bellavida-resort.com\\\/?s={search_term_string}\"},\"query-input\":{\"@type\":\"PropertyValueSpecification\",\"valueRequired\":true,\"valueName\":\"search_term_string\"}}],\"inLanguage\":\"es\"},{\"@type\":\"Organization\",\"@id\":\"https:\\\/\\\/bellavida-resort.com\\\/#organization\",\"name\":\"Bella Vida Resort\",\"url\":\"https:\\\/\\\/bellavida-resort.com\\\/\",\"logo\":{\"@type\":\"ImageObject\",\"inLanguage\":\"es\",\"@id\":\"https:\\\/\\\/bellavida-resort.com\\\/#\\\/schema\\\/logo\\\/image\\\/\",\"url\":\"https:\\\/\\\/bellavida-resort.com\\\/wp-content\\\/uploads\\\/2025\\\/10\\\/cropped-Epson-logo-printer.jpg\",\"contentUrl\":\"https:\\\/\\\/bellavida-resort.com\\\/wp-content\\\/uploads\\\/2025\\\/10\\\/cropped-Epson-logo-printer.jpg\",\"width\":1200,\"height\":313,\"caption\":\"Bella Vida Resort\"},\"image\":{\"@id\":\"https:\\\/\\\/bellavida-resort.com\\\/#\\\/schema\\\/logo\\\/image\\\/\"},\"sameAs\":[\"https:\\\/\\\/www.facebook.com\\\/profile.php?id=61584197150341\",\"https:\\\/\\\/www.instagram.com\\\/bellavidaresortbali\\\/\"]}]}<\/script>\n<!-- \/ Yoast SEO plugin. -->","yoast_head_json":{"title":"Excursi\u00f3n de medio d\u00eda a Uluwatu - Bella Vida resort, Uluwatu","robots":{"index":"index","follow":"follow","max-snippet":"max-snippet:-1","max-image-preview":"max-image-preview:large","max-video-preview":"max-video-preview:-1"},"canonical":"https:\/\/bellavida-resort.com\/es\/producto\/half-day-uluwatu-tour\/","og_locale":"es_ES","og_type":"article","og_title":"Excursi\u00f3n de medio d\u00eda a Uluwatu - Bella Vida resort, Uluwatu","og_description":"Explora las maravillas naturales y los tesoros culturales de Bali con nuestro exclusivo paquete tur\u00edstico. Descubre el Templo de Uluwatu y el fascinante Espect\u00e1culo de Danza Kecak y del Fuego.","og_url":"https:\/\/bellavida-resort.com\/es\/producto\/half-day-uluwatu-tour\/","og_site_name":"Bella Vida resort, Uluwatu","article_publisher":"https:\/\/www.facebook.com\/profile.php?id=61584197150341","article_modified_time":"2026-02-25T08:41:23+00:00","og_image":[{"width":600,"height":400,"url":"https:\/\/bellavida-resort.com\/wp-content\/uploads\/2024\/02\/Kecak-and-Fire-Dance-Performance.jpg","type":"image\/jpeg"}],"twitter_card":"summary_large_image","twitter_misc":{"Tiempo de lectura":"1 minuto"},"schema":{"@context":"https:\/\/schema.org","@graph":[{"@type":"WebPage","@id":"https:\/\/bellavida-resort.com\/es\/producto\/half-day-uluwatu-tour\/","url":"https:\/\/bellavida-resort.com\/es\/producto\/half-day-uluwatu-tour\/","name":"Excursi\u00f3n de medio d\u00eda a Uluwatu - Bella Vida resort, Uluwatu","isPartOf":{"@id":"https:\/\/bellavida-resort.com\/#website"},"primaryImageOfPage":{"@id":"https:\/\/bellavida-resort.com\/es\/producto\/half-day-uluwatu-tour\/#primaryimage"},"image":{"@id":"https:\/\/bellavida-resort.com\/es\/producto\/half-day-uluwatu-tour\/#primaryimage"},"thumbnailUrl":"https:\/\/bellavida-resort.com\/wp-content\/uploads\/2024\/02\/Kecak-and-Fire-Dance-Performance.jpg","datePublished":"2024-02-09T12:42:13+00:00","dateModified":"2026-02-25T08:41:23+00:00","breadcrumb":{"@id":"https:\/\/bellavida-resort.com\/es\/producto\/half-day-uluwatu-tour\/#breadcrumb"},"inLanguage":"es","potentialAction":[{"@type":"ReadAction","target":["https:\/\/bellavida-resort.com\/es\/producto\/half-day-uluwatu-tour\/"]}]},{"@type":"ImageObject","inLanguage":"es","@id":"https:\/\/bellavida-resort.com\/es\/producto\/half-day-uluwatu-tour\/#primaryimage","url":"https:\/\/bellavida-resort.com\/wp-content\/uploads\/2024\/02\/Kecak-and-Fire-Dance-Performance.jpg","contentUrl":"https:\/\/bellavida-resort.com\/wp-content\/uploads\/2024\/02\/Kecak-and-Fire-Dance-Performance.jpg","width":600,"height":400,"caption":"Espect\u00e1culo de Danza Kecak y del Fuego"},{"@type":"BreadcrumbList","@id":"https:\/\/bellavida-resort.com\/es\/producto\/half-day-uluwatu-tour\/#breadcrumb","itemListElement":[{"@type":"ListItem","position":1,"name":"Home","item":"https:\/\/bellavida-resort.com\/es\/"},{"@type":"ListItem","position":2,"name":"Tienda","item":"https:\/\/bellavida-resort.com\/es\/tienda\/"},{"@type":"ListItem","position":3,"name":"Excursi\u00f3n de medio d\u00eda a Uluwatu"}]},{"@type":"WebSite","@id":"https:\/\/bellavida-resort.com\/#website","url":"https:\/\/bellavida-resort.com\/","name":"Bella Vida resort, Uluwatu Bali","description":"The best luxury resort in Bingin","publisher":{"@id":"https:\/\/bellavida-resort.com\/#organization"},"potentialAction":[{"@type":"SearchAction","target":{"@type":"EntryPoint","urlTemplate":"https:\/\/bellavida-resort.com\/?s={search_term_string}"},"query-input":{"@type":"PropertyValueSpecification","valueRequired":true,"valueName":"search_term_string"}}],"inLanguage":"es"},{"@type":"Organization","@id":"https:\/\/bellavida-resort.com\/#organization","name":"Bella Vida Resort","url":"https:\/\/bellavida-resort.com\/","logo":{"@type":"ImageObject","inLanguage":"es","@id":"https:\/\/bellavida-resort.com\/#\/schema\/logo\/image\/","url":"https:\/\/bellavida-resort.com\/wp-content\/uploads\/2025\/10\/cropped-Epson-logo-printer.jpg","contentUrl":"https:\/\/bellavida-resort.com\/wp-content\/uploads\/2025\/10\/cropped-Epson-logo-printer.jpg","width":1200,"height":313,"caption":"Bella Vida Resort"},"image":{"@id":"https:\/\/bellavida-resort.com\/#\/schema\/logo\/image\/"},"sameAs":["https:\/\/www.facebook.com\/profile.php?id=61584197150341","https:\/\/www.instagram.com\/bellavidaresortbali\/"]}]}},"wcpa_form_fields":{"wcpaData":{"product":{"product_price":850000,"price_html":"<span class=\"woocommerce-Price-amount amount\"><bdi><span class=\"woocommerce-Price-currencySymbol\">Rp<\/span>850.000<\/bdi><\/span>","original_product_price":850000,"price_including_tax":850000,"price_excluding_tax":850000,"product_id":{"parent":3370,"variation":false},"is_variable":false,"stock_status":"instock","stock_quantity":null,"parent_sku":"half day Uluwatu tour","product_attributes":[],"custom_fields":[],"is_taxable":false,"product_name":"Excursi\u00f3n de medio d\u00eda a Uluwatu"},"fields":{"sec_065bfae3d35176":{"extra":{"key":"sec_065bfae3d35176","section_id":"sec_065bfae3d35176","name":"Default","status":1,"cl_rule":"show","enableCl":false,"relations":[],"toggle":true,"title_tag":"h3","show_title":false,"showPrice":"default","form_id":4888,"form_rules":{"exclude_from_discount":false,"fee_label":"Fee","disp_hide_options_price":false,"disp_show_section_price":false,"disp_show_field_price":true,"layout_option":"standard","pric_use_as_fee":false,"process_fee_as":"woo_fee"},"layout_option":"standard"},"fields":[[{"active":true,"col":3,"relations":false,"cl_rule":"show","enableCl":false,"price":"","enablePrice":false,"className":"","label_position":"default","desc_position":"default","type":"text","subtype":"text","required":true,"elementId":"text_1240273600","label":"Booking number","name":"text_1240273600","value":"","error":false,"gt_translate_keys":["label","value"],"price_dependency":false,"cl_dependency":false}],[{"active":true,"col":3,"relations":false,"cl_rule":"show","enableCl":false,"price":"","enablePrice":false,"className":"","label_position":"default","desc_position":"default","type":"date","required":true,"elementId":"date_3601660151","name":"date_3601660151","label":"Date Field","picker_type":"custom","picker_mode":"single","error":false,"gt_translate_keys":["label"],"price_dependency":false,"cl_dependency":false,"value":""}]]}},"config":{"price_override":"","enable_recaptcha":false,"bind_quantity":false,"quantity_bind_formula":false,"disp_summ_show_option_price":true,"disp_summ_show_product_price":true,"disp_summ_show_total_price":true,"disp_summ_show_fee":false,"disp_summ_show_discount":false,"summary_title":"","options_total_label":"Options Price","total_label":"Total","options_product_label":"Product Price","fee_label":"Fee","discount_label":"Discount","has_price":true,"has_quantity_formula":false},"mc_unit":1,"tax_rate":1,"tax_rate_real":1,"discount":{"percentage":0,"fixed":0},"design":{"conf":{"LabelPosition":"above","DescPosition":"above","UploadField":"custom_1","QuantityFieldStyle":"default"},"css":{"LeftLabelWidth":"120px"}},"formulas":[],"clones":false,"cartKey":false}},"_links":{"self":[{"href":"https:\/\/bellavida-resort.com\/es\/wp-json\/wp\/v2\/product\/3370","targetHints":{"allow":["GET"]}}],"collection":[{"href":"https:\/\/bellavida-resort.com\/es\/wp-json\/wp\/v2\/product"}],"about":[{"href":"https:\/\/bellavida-resort.com\/es\/wp-json\/wp\/v2\/types\/product"}],"replies":[{"embeddable":true,"href":"https:\/\/bellavida-resort.com\/es\/wp-json\/wp\/v2\/comments?post=3370"}],"wp:featuredmedia":[{"embeddable":true,"href":"https:\/\/bellavida-resort.com\/es\/wp-json\/wp\/v2\/media\/2983"}],"wp:attachment":[{"href":"https:\/\/bellavida-resort.com\/es\/wp-json\/wp\/v2\/media?parent=3370"}],"wp:term":[{"taxonomy":"product_brand","embeddable":true,"href":"https:\/\/bellavida-resort.com\/es\/wp-json\/wp\/v2\/product_brand?post=3370"},{"taxonomy":"product_cat","embeddable":true,"href":"https:\/\/bellavida-resort.com\/es\/wp-json\/wp\/v2\/product_cat?post=3370"},{"taxonomy":"product_tag","embeddable":true,"href":"https:\/\/bellavida-resort.com\/es\/wp-json\/wp\/v2\/product_tag?post=3370"}],"curies":[{"name":"wp","href":"https:\/\/api.w.org\/{rel}","templated":true}]}}