{"id":3341,"date":"2024-02-05T17:09:59","date_gmt":"2024-02-05T17:09:59","guid":{"rendered":"https:\/\/bellavida-resort.com\/product\/moto\/"},"modified":"2026-02-25T08:41:37","modified_gmt":"2026-02-25T08:41:37","slug":"motorbike","status":"publish","type":"product","link":"https:\/\/bellavida-resort.com\/es\/producto\/motorbike\/","title":{"rendered":"Moto"},"content":{"rendered":"<h2>Explorar Bali en moto<\/h2>\n<p>Explorar Uluwatu, Bingin y Pecatu, en Bali, en moto es una experiencia absolutamente incre\u00edble. La combinaci\u00f3n de impresionantes paisajes costeros, vibrante cultura y libertad para recorrer las sinuosas carreteras a tu propio ritmo la convierten en una aventura realmente inolvidable.<\/p>\n<p>Mientras cabalgas por <strong>los acantilados costeros de Uluwatu<\/strong>, disfrutar\u00e1s de impresionantes <strong>vistas del oc\u00e9ano<\/strong>, con el sonido de las olas rompiendo como constante compa\u00f1\u00eda. La escarpada belleza de la costa, salpicada de playas escondidas y rompientes, es un espect\u00e1culo digno de contemplar.<\/p>\n<p>Si te desplazas a <strong>Bingin<\/strong> y <strong>Pecatu<\/strong>, descubrir\u00e1s pueblos encantadores, una vegetaci\u00f3n exuberante y un ambiente relajado que es la quintaesencia de Bali. Las estrechas carreteras te conducen a trav\u00e9s de la arquitectura tradicional balinesa, donde puedes detenerte e interactuar con los amables lugare\u00f1os o probar algo de la deliciosa cocina local.<\/p>\n<p>Uno de los puntos culminantes de este viaje es el <strong>templo de Uluwatu<\/strong>, encaramado en lo alto de un acantilado con vistas panor\u00e1micas del oc\u00e9ano \u00cdndico. Presenciar el fascinante espect\u00e1culo de danza Kecak al atardecer es un recuerdo que te acompa\u00f1ar\u00e1 siempre.<\/p>\n<p>Conducir una moto scooter te permite sumergirte en las vistas y sonidos de Bali, y es la forma perfecta de explorar estas pintorescas zonas. La c\u00e1lida brisa tropical y la sensaci\u00f3n de aventura hacen que cada giro de la carretera sea un emocionante descubrimiento. As\u00ed que, si buscas una experiencia emocionante y aut\u00e9ntica en Bali, no pierdas la oportunidad de explorar Uluwatu, Bingin y Pecatu en moto scooter: \u00a1es <em>realmente incre\u00edble!<\/em><\/p>\n","protected":false},"excerpt":{"rendered":"<p>Explora Bali con facilidad alquil\u00e1ndonos una moto, con casco incluido. Nuestra tarifa <strong>diaria de alquiler<\/strong> es de s\u00f3lo <strong> 12,00 $ al d\u00eda<\/strong>, lo que garantiza tanto la comodidad como la asequibilidad mientras navegas por los impresionantes paisajes y la vibrante cultura de la isla. Disfruta de la libertad de explorar Bali a tu ritmo con nuestras fiables y econ\u00f3micas motos de alquiler.<\/p>\n<p>En pocos minutos puedes ir en coche al centro de Bingin, a las playas, a Uluwatu, etc.<\/p>\n","protected":false},"featured_media":2494,"comment_status":"open","ping_status":"closed","template":"","meta":{"inline_featured_image":false},"product_brand":[],"product_cat":[184,155],"product_tag":[156],"class_list":{"0":"post-3341","1":"product","2":"type-product","3":"status-publish","4":"has-post-thumbnail","6":"product_cat-actividades","7":"product_cat-alquiler","8":"product_tag-alquiler","9":"wcpa_has_options","11":"first","12":"instock","13":"shipping-taxable","14":"purchasable","15":"product-type-simple"},"yoast_head":"<!-- This site is optimized with the Yoast SEO plugin v27.4 - https:\/\/yoast.com\/product\/yoast-seo-wordpress\/ -->\n<title>Moto - Bella Vida resort, Uluwatu<\/title>\n<meta name=\"robots\" content=\"index, follow, max-snippet:-1, max-image-preview:large, max-video-preview:-1\" \/>\n<link rel=\"canonical\" href=\"https:\/\/bellavida-resort.com\/es\/producto\/motorbike\/\" \/>\n<meta property=\"og:locale\" content=\"es_ES\" \/>\n<meta property=\"og:type\" content=\"article\" \/>\n<meta property=\"og:title\" content=\"Moto - Bella Vida resort, Uluwatu\" \/>\n<meta property=\"og:description\" content=\"Explora Bali con facilidad alquil\u00e1ndonos una moto, con casco incluido. Nuestra tarifa diaria de alquiler es de s\u00f3lo 12,00 $ al d\u00eda, lo que garantiza tanto la comodidad como la asequibilidad mientras navegas por los impresionantes paisajes y la vibrante cultura de la isla. Disfruta de la libertad de explorar Bali a tu ritmo con nuestras fiables y econ\u00f3micas motos de alquiler. En pocos minutos puedes ir en coche al centro de Bingin, a las playas, a Uluwatu, etc.\" \/>\n<meta property=\"og:url\" content=\"https:\/\/bellavida-resort.com\/es\/producto\/motorbike\/\" \/>\n<meta property=\"og:site_name\" content=\"Bella Vida resort, Uluwatu\" \/>\n<meta property=\"article:publisher\" content=\"https:\/\/www.facebook.com\/profile.php?id=61584197150341\" \/>\n<meta property=\"article:modified_time\" content=\"2026-02-25T08:41:37+00:00\" \/>\n<meta property=\"og:image\" content=\"https:\/\/bellavida-resort.com\/wp-content\/uploads\/2019\/09\/scooter-nmax.jpg\" \/>\n\t<meta property=\"og:image:width\" content=\"1640\" \/>\n\t<meta property=\"og:image:height\" content=\"1097\" \/>\n\t<meta property=\"og:image:type\" content=\"image\/jpeg\" \/>\n<meta name=\"twitter:card\" content=\"summary_large_image\" \/>\n<meta name=\"twitter:label1\" content=\"Tiempo de lectura\" \/>\n\t<meta name=\"twitter:data1\" content=\"1 minuto\" \/>\n<script type=\"application\/ld+json\" class=\"yoast-schema-graph\">{\"@context\":\"https:\\\/\\\/schema.org\",\"@graph\":[{\"@type\":\"WebPage\",\"@id\":\"https:\\\/\\\/bellavida-resort.com\\\/es\\\/producto\\\/motorbike\\\/\",\"url\":\"https:\\\/\\\/bellavida-resort.com\\\/es\\\/producto\\\/motorbike\\\/\",\"name\":\"Moto - Bella Vida resort, Uluwatu\",\"isPartOf\":{\"@id\":\"https:\\\/\\\/bellavida-resort.com\\\/#website\"},\"primaryImageOfPage\":{\"@id\":\"https:\\\/\\\/bellavida-resort.com\\\/es\\\/producto\\\/motorbike\\\/#primaryimage\"},\"image\":{\"@id\":\"https:\\\/\\\/bellavida-resort.com\\\/es\\\/producto\\\/motorbike\\\/#primaryimage\"},\"thumbnailUrl\":\"https:\\\/\\\/bellavida-resort.com\\\/wp-content\\\/uploads\\\/2019\\\/09\\\/scooter-nmax.jpg\",\"datePublished\":\"2024-02-05T17:09:59+00:00\",\"dateModified\":\"2026-02-25T08:41:37+00:00\",\"breadcrumb\":{\"@id\":\"https:\\\/\\\/bellavida-resort.com\\\/es\\\/producto\\\/motorbike\\\/#breadcrumb\"},\"inLanguage\":\"es\",\"potentialAction\":[{\"@type\":\"ReadAction\",\"target\":[\"https:\\\/\\\/bellavida-resort.com\\\/es\\\/producto\\\/motorbike\\\/\"]}]},{\"@type\":\"ImageObject\",\"inLanguage\":\"es\",\"@id\":\"https:\\\/\\\/bellavida-resort.com\\\/es\\\/producto\\\/motorbike\\\/#primaryimage\",\"url\":\"https:\\\/\\\/bellavida-resort.com\\\/wp-content\\\/uploads\\\/2019\\\/09\\\/scooter-nmax.jpg\",\"contentUrl\":\"https:\\\/\\\/bellavida-resort.com\\\/wp-content\\\/uploads\\\/2019\\\/09\\\/scooter-nmax.jpg\",\"width\":1640,\"height\":1097,\"caption\":\"Alquiler de scooters Bella Vida resort Uluwatu\"},{\"@type\":\"BreadcrumbList\",\"@id\":\"https:\\\/\\\/bellavida-resort.com\\\/es\\\/producto\\\/motorbike\\\/#breadcrumb\",\"itemListElement\":[{\"@type\":\"ListItem\",\"position\":1,\"name\":\"Home\",\"item\":\"https:\\\/\\\/bellavida-resort.com\\\/es\\\/\"},{\"@type\":\"ListItem\",\"position\":2,\"name\":\"Tienda\",\"item\":\"https:\\\/\\\/bellavida-resort.com\\\/es\\\/tienda\\\/\"},{\"@type\":\"ListItem\",\"position\":3,\"name\":\"Moto\"}]},{\"@type\":\"WebSite\",\"@id\":\"https:\\\/\\\/bellavida-resort.com\\\/#website\",\"url\":\"https:\\\/\\\/bellavida-resort.com\\\/\",\"name\":\"Bella Vida resort, Uluwatu Bali\",\"description\":\"The best luxury resort in Bingin\",\"publisher\":{\"@id\":\"https:\\\/\\\/bellavida-resort.com\\\/#organization\"},\"potentialAction\":[{\"@type\":\"SearchAction\",\"target\":{\"@type\":\"EntryPoint\",\"urlTemplate\":\"https:\\\/\\\/bellavida-resort.com\\\/?s={search_term_string}\"},\"query-input\":{\"@type\":\"PropertyValueSpecification\",\"valueRequired\":true,\"valueName\":\"search_term_string\"}}],\"inLanguage\":\"es\"},{\"@type\":\"Organization\",\"@id\":\"https:\\\/\\\/bellavida-resort.com\\\/#organization\",\"name\":\"Bella Vida Resort\",\"url\":\"https:\\\/\\\/bellavida-resort.com\\\/\",\"logo\":{\"@type\":\"ImageObject\",\"inLanguage\":\"es\",\"@id\":\"https:\\\/\\\/bellavida-resort.com\\\/#\\\/schema\\\/logo\\\/image\\\/\",\"url\":\"https:\\\/\\\/bellavida-resort.com\\\/wp-content\\\/uploads\\\/2025\\\/10\\\/cropped-Epson-logo-printer.jpg\",\"contentUrl\":\"https:\\\/\\\/bellavida-resort.com\\\/wp-content\\\/uploads\\\/2025\\\/10\\\/cropped-Epson-logo-printer.jpg\",\"width\":1200,\"height\":313,\"caption\":\"Bella Vida Resort\"},\"image\":{\"@id\":\"https:\\\/\\\/bellavida-resort.com\\\/#\\\/schema\\\/logo\\\/image\\\/\"},\"sameAs\":[\"https:\\\/\\\/www.facebook.com\\\/profile.php?id=61584197150341\",\"https:\\\/\\\/www.instagram.com\\\/bellavidaresortbali\\\/\"]}]}<\/script>\n<!-- \/ Yoast SEO plugin. -->","yoast_head_json":{"title":"Moto - Bella Vida resort, Uluwatu","robots":{"index":"index","follow":"follow","max-snippet":"max-snippet:-1","max-image-preview":"max-image-preview:large","max-video-preview":"max-video-preview:-1"},"canonical":"https:\/\/bellavida-resort.com\/es\/producto\/motorbike\/","og_locale":"es_ES","og_type":"article","og_title":"Moto - Bella Vida resort, Uluwatu","og_description":"Explora Bali con facilidad alquil\u00e1ndonos una moto, con casco incluido. Nuestra tarifa diaria de alquiler es de s\u00f3lo 12,00 $ al d\u00eda, lo que garantiza tanto la comodidad como la asequibilidad mientras navegas por los impresionantes paisajes y la vibrante cultura de la isla. Disfruta de la libertad de explorar Bali a tu ritmo con nuestras fiables y econ\u00f3micas motos de alquiler. En pocos minutos puedes ir en coche al centro de Bingin, a las playas, a Uluwatu, etc.","og_url":"https:\/\/bellavida-resort.com\/es\/producto\/motorbike\/","og_site_name":"Bella Vida resort, Uluwatu","article_publisher":"https:\/\/www.facebook.com\/profile.php?id=61584197150341","article_modified_time":"2026-02-25T08:41:37+00:00","og_image":[{"width":1640,"height":1097,"url":"https:\/\/bellavida-resort.com\/wp-content\/uploads\/2019\/09\/scooter-nmax.jpg","type":"image\/jpeg"}],"twitter_card":"summary_large_image","twitter_misc":{"Tiempo de lectura":"1 minuto"},"schema":{"@context":"https:\/\/schema.org","@graph":[{"@type":"WebPage","@id":"https:\/\/bellavida-resort.com\/es\/producto\/motorbike\/","url":"https:\/\/bellavida-resort.com\/es\/producto\/motorbike\/","name":"Moto - Bella Vida resort, Uluwatu","isPartOf":{"@id":"https:\/\/bellavida-resort.com\/#website"},"primaryImageOfPage":{"@id":"https:\/\/bellavida-resort.com\/es\/producto\/motorbike\/#primaryimage"},"image":{"@id":"https:\/\/bellavida-resort.com\/es\/producto\/motorbike\/#primaryimage"},"thumbnailUrl":"https:\/\/bellavida-resort.com\/wp-content\/uploads\/2019\/09\/scooter-nmax.jpg","datePublished":"2024-02-05T17:09:59+00:00","dateModified":"2026-02-25T08:41:37+00:00","breadcrumb":{"@id":"https:\/\/bellavida-resort.com\/es\/producto\/motorbike\/#breadcrumb"},"inLanguage":"es","potentialAction":[{"@type":"ReadAction","target":["https:\/\/bellavida-resort.com\/es\/producto\/motorbike\/"]}]},{"@type":"ImageObject","inLanguage":"es","@id":"https:\/\/bellavida-resort.com\/es\/producto\/motorbike\/#primaryimage","url":"https:\/\/bellavida-resort.com\/wp-content\/uploads\/2019\/09\/scooter-nmax.jpg","contentUrl":"https:\/\/bellavida-resort.com\/wp-content\/uploads\/2019\/09\/scooter-nmax.jpg","width":1640,"height":1097,"caption":"Alquiler de scooters Bella Vida resort Uluwatu"},{"@type":"BreadcrumbList","@id":"https:\/\/bellavida-resort.com\/es\/producto\/motorbike\/#breadcrumb","itemListElement":[{"@type":"ListItem","position":1,"name":"Home","item":"https:\/\/bellavida-resort.com\/es\/"},{"@type":"ListItem","position":2,"name":"Tienda","item":"https:\/\/bellavida-resort.com\/es\/tienda\/"},{"@type":"ListItem","position":3,"name":"Moto"}]},{"@type":"WebSite","@id":"https:\/\/bellavida-resort.com\/#website","url":"https:\/\/bellavida-resort.com\/","name":"Bella Vida resort, Uluwatu Bali","description":"The best luxury resort in Bingin","publisher":{"@id":"https:\/\/bellavida-resort.com\/#organization"},"potentialAction":[{"@type":"SearchAction","target":{"@type":"EntryPoint","urlTemplate":"https:\/\/bellavida-resort.com\/?s={search_term_string}"},"query-input":{"@type":"PropertyValueSpecification","valueRequired":true,"valueName":"search_term_string"}}],"inLanguage":"es"},{"@type":"Organization","@id":"https:\/\/bellavida-resort.com\/#organization","name":"Bella Vida Resort","url":"https:\/\/bellavida-resort.com\/","logo":{"@type":"ImageObject","inLanguage":"es","@id":"https:\/\/bellavida-resort.com\/#\/schema\/logo\/image\/","url":"https:\/\/bellavida-resort.com\/wp-content\/uploads\/2025\/10\/cropped-Epson-logo-printer.jpg","contentUrl":"https:\/\/bellavida-resort.com\/wp-content\/uploads\/2025\/10\/cropped-Epson-logo-printer.jpg","width":1200,"height":313,"caption":"Bella Vida Resort"},"image":{"@id":"https:\/\/bellavida-resort.com\/#\/schema\/logo\/image\/"},"sameAs":["https:\/\/www.facebook.com\/profile.php?id=61584197150341","https:\/\/www.instagram.com\/bellavidaresortbali\/"]}]}},"wcpa_form_fields":{"wcpaData":{"product":{"product_price":150000,"price_html":"<span class=\"woocommerce-Price-amount amount\"><bdi><span class=\"woocommerce-Price-currencySymbol\">Rp<\/span>150.000<\/bdi><\/span>","original_product_price":150000,"price_including_tax":150000,"price_excluding_tax":150000,"product_id":{"parent":3341,"variation":false},"is_variable":false,"stock_status":"instock","stock_quantity":null,"parent_sku":"motorbike rental","product_attributes":[],"custom_fields":[],"is_taxable":false,"product_name":"Moto"},"fields":{"sec_865c1382b9d0ba":{"extra":{"key":"sec_865c1382b9d0ba","section_id":"sec_865c1382b9d0ba","name":"Default","status":1,"cl_rule":"show","enableCl":false,"relations":[],"toggle":true,"title_tag":"h3","show_title":false,"showPrice":"default","layout_option":"standard","form_id":3354,"form_rules":{"exclude_from_discount":false,"fee_label":"Fee","disp_hide_options_price":false,"disp_show_section_price":false,"disp_show_field_price":true,"layout_option":"standard","pric_use_as_fee":false,"process_fee_as":"woo_fee"}},"fields":[[{"active":true,"col":1,"relations":false,"cl_rule":"show","enableCl":false,"price":"","enablePrice":false,"className":"","label_position":"default","desc_position":"default","type":"image-group","required":true,"elementId":"image-group_265c1382b9d0e5","label":"Scooter","name":"image-group_265c1382b9d0e5","enable_popup":"no","multiple":false,"layOut":"col-4","img_selection_type":"shadow","disp_type":"circle","values":[{"label":"Honda Scoopy","value":"Honda Scoopy","selected":true,"image":"http:\/\/bellavida-resort.com\/wp-content\/uploads\/2024\/02\/Honda-scoopy.jpg","thumb":"http:\/\/bellavida-resort.com\/wp-content\/uploads\/2024\/02\/Honda-scoopy.jpg","tempId":"aco_855","image_id":3030,"thumb_src":"https:\/\/bellavida-resort.com\/wp-content\/uploads\/2024\/02\/Honda-scoopy.jpg","gt_translate_keys":["label"]},{"label":"Honda Vario","value":"Honda Vario","selected":false,"image":"http:\/\/bellavida-resort.com\/wp-content\/uploads\/2024\/02\/honda-vario-125.jpg","thumb":"http:\/\/bellavida-resort.com\/wp-content\/uploads\/2024\/02\/honda-vario-125.jpg","tempId":"aco_856","image_id":3036,"thumb_src":"https:\/\/bellavida-resort.com\/wp-content\/uploads\/2024\/02\/honda-vario-125.jpg","gt_translate_keys":["label"]},{"label":"Yamaha Nmax","value":"Yamaha Nmax","selected":false,"image":"http:\/\/bellavida-resort.com\/wp-content\/uploads\/2024\/02\/yamaha-nmax.jpg","thumb":"http:\/\/bellavida-resort.com\/wp-content\/uploads\/2024\/02\/yamaha-nmax.jpg","tempId":"aco_1380","image_id":3042,"thumb_src":"https:\/\/bellavida-resort.com\/wp-content\/uploads\/2024\/02\/yamaha-nmax.jpg","gt_translate_keys":["label"]}],"disp_size_img":{"width":75,"height":75},"error":false,"enableDesign":false,"LabelColor":"","DescColor":"","DescSize":"","LabelSize":"","gt_translate_keys":["label"],"price_dependency":false,"cl_dependency":false,"value":""}]]}},"config":{"price_override":"","enable_recaptcha":false,"bind_quantity":false,"quantity_bind_formula":false,"disp_summ_show_option_price":true,"disp_summ_show_product_price":true,"disp_summ_show_total_price":true,"disp_summ_show_fee":false,"disp_summ_show_discount":false,"summary_title":"","options_total_label":"Options Price","total_label":"Total","options_product_label":"Product Price","fee_label":"Fee","discount_label":"Discount","has_price":true,"has_quantity_formula":false},"mc_unit":1,"tax_rate":1,"tax_rate_real":1,"discount":{"percentage":0,"fixed":0},"design":{"conf":{"LabelPosition":"above","DescPosition":"above","UploadField":"custom_1","QuantityFieldStyle":"default"},"css":{"LeftLabelWidth":"120px"}},"formulas":[],"clones":false,"cartKey":false}},"_links":{"self":[{"href":"https:\/\/bellavida-resort.com\/es\/wp-json\/wp\/v2\/product\/3341","targetHints":{"allow":["GET"]}}],"collection":[{"href":"https:\/\/bellavida-resort.com\/es\/wp-json\/wp\/v2\/product"}],"about":[{"href":"https:\/\/bellavida-resort.com\/es\/wp-json\/wp\/v2\/types\/product"}],"replies":[{"embeddable":true,"href":"https:\/\/bellavida-resort.com\/es\/wp-json\/wp\/v2\/comments?post=3341"}],"wp:featuredmedia":[{"embeddable":true,"href":"https:\/\/bellavida-resort.com\/es\/wp-json\/wp\/v2\/media\/2494"}],"wp:attachment":[{"href":"https:\/\/bellavida-resort.com\/es\/wp-json\/wp\/v2\/media?parent=3341"}],"wp:term":[{"taxonomy":"product_brand","embeddable":true,"href":"https:\/\/bellavida-resort.com\/es\/wp-json\/wp\/v2\/product_brand?post=3341"},{"taxonomy":"product_cat","embeddable":true,"href":"https:\/\/bellavida-resort.com\/es\/wp-json\/wp\/v2\/product_cat?post=3341"},{"taxonomy":"product_tag","embeddable":true,"href":"https:\/\/bellavida-resort.com\/es\/wp-json\/wp\/v2\/product_tag?post=3341"}],"curies":[{"name":"wp","href":"https:\/\/api.w.org\/{rel}","templated":true}]}}