{"id":5994,"date":"2026-02-03T13:01:58","date_gmt":"2026-02-03T13:01:58","guid":{"rendered":"https:\/\/bellavida-resort.com\/uluwatu-bali-guide\/"},"modified":"2026-02-05T14:06:54","modified_gmt":"2026-02-05T14:06:54","slug":"uluwatu-bali-guide","status":"publish","type":"page","link":"https:\/\/bellavida-resort.com\/es\/uluwatu-bali-guide\/","title":{"rendered":"Gu\u00eda de Uluwatu y Bali"},"content":{"rendered":"<p class=\"bv-lead\">Tu gu\u00eda completa de Uluwatu y Bali, con experiencias seleccionadas a mano, perspectivas locales e inspiraci\u00f3n para una estancia refinada en la isla, cerca del complejo Bella Vida.<\/p>\n<div class=\"bv-tags\"><span class=\"bv-tag\">\u2713 Uluwatu<\/span><br \/>\n<span class=\"bv-tag\">Retiros de lujo<\/span><br \/>\n<span class=\"bv-tag\">\u2713 Consejos locales<\/span><\/div>\n<p>Uluwatu es uno de los destinos m\u00e1s cautivadores de Bali, conocido por sus espectaculares acantilados, sus rompientes de surf de categor\u00eda mundial, sus hitos espirituales y su relajado estilo de vida de lujo. Desde ic\u00f3nicas puestas de sol y espect\u00e1culos culturales hasta playas escondidas y retiros de bienestar, esta parte de la isla ofrece un equilibrio perfecto de naturaleza, cultura y comodidad. <\/p>\n<p>En esta gu\u00eda de Uluwatu y Bali, compartimos art\u00edculos de blog cuidadosamente seleccionados para ayudarte a explorar la regi\u00f3n como un lugare\u00f1o. Tanto si buscas cosas que hacer cerca del complejo Bella Vida, como si planeas una excursi\u00f3n de un d\u00eda o simplemente buscas inspiraci\u00f3n para una estancia m\u00e1s significativa en Bali, nuestro blog est\u00e1 dise\u00f1ado para guiarte con calma, claridad y autenticidad. <\/p>\n","protected":false},"excerpt":{"rendered":"<p>Tu gu\u00eda completa de Uluwatu y Bali, con experiencias seleccionadas a mano, perspectivas locales e inspiraci\u00f3n para una estancia refinada en la isla, cerca del complejo Bella Vida. \u2713 Uluwatu Retiros de lujo \u2713 Consejos locales Uluwatu es uno de los destinos m\u00e1s cautivadores de Bali, conocido por sus espectaculares acantilados, sus rompientes de surf [&hellip;]<\/p>\n","protected":false},"author":6,"featured_media":0,"parent":0,"menu_order":0,"comment_status":"closed","ping_status":"closed","template":"page-uluwatu-bali-guide.php","meta":{"inline_featured_image":false,"footnotes":""},"class_list":["post-5994","page","type-page","status-publish","hentry"],"yoast_head":"<!-- This site is optimized with the Yoast SEO plugin v27.4 - https:\/\/yoast.com\/product\/yoast-seo-wordpress\/ -->\n<title>Gu\u00eda de Uluwatu y Bali - Bella Vida resort, Uluwatu<\/title>\n<meta name=\"robots\" content=\"index, follow, max-snippet:-1, max-image-preview:large, max-video-preview:-1\" \/>\n<link rel=\"canonical\" href=\"https:\/\/bellavida-resort.com\/uluwatu-bali-guide\/\" \/>\n<meta property=\"og:locale\" content=\"es_ES\" \/>\n<meta property=\"og:type\" content=\"article\" \/>\n<meta property=\"og:title\" content=\"Gu\u00eda de Uluwatu y Bali - Bella Vida resort, Uluwatu\" \/>\n<meta property=\"og:description\" content=\"Tu gu\u00eda completa de Uluwatu y Bali, con experiencias seleccionadas a mano, perspectivas locales e inspiraci\u00f3n para una estancia refinada en la isla, cerca del complejo Bella Vida. \u2713 Uluwatu Retiros de lujo \u2713 Consejos locales Uluwatu es uno de los destinos m\u00e1s cautivadores de Bali, conocido por sus espectaculares acantilados, sus rompientes de surf [&hellip;]\" \/>\n<meta property=\"og:url\" content=\"https:\/\/bellavida-resort.com\/uluwatu-bali-guide\/\" \/>\n<meta property=\"og:site_name\" content=\"Bella Vida resort, Uluwatu\" \/>\n<meta property=\"article:publisher\" content=\"https:\/\/www.facebook.com\/profile.php?id=61584197150341\" \/>\n<meta property=\"article:modified_time\" content=\"2026-02-05T14:06:54+00:00\" \/>\n<meta name=\"twitter:card\" content=\"summary_large_image\" \/>\n<meta name=\"twitter:label1\" content=\"Tiempo de lectura\" \/>\n\t<meta name=\"twitter:data1\" content=\"1 minuto\" \/>\n<script type=\"application\/ld+json\" class=\"yoast-schema-graph\">{\"@context\":\"https:\\\/\\\/schema.org\",\"@graph\":[{\"@type\":\"WebPage\",\"@id\":\"https:\\\/\\\/bellavida-resort.com\\\/uluwatu-bali-guide\\\/\",\"url\":\"https:\\\/\\\/bellavida-resort.com\\\/uluwatu-bali-guide\\\/\",\"name\":\"Gu\u00eda de Uluwatu y Bali - Bella Vida resort, Uluwatu\",\"isPartOf\":{\"@id\":\"https:\\\/\\\/bellavida-resort.com\\\/#website\"},\"datePublished\":\"2026-02-03T13:01:58+00:00\",\"dateModified\":\"2026-02-05T14:06:54+00:00\",\"breadcrumb\":{\"@id\":\"https:\\\/\\\/bellavida-resort.com\\\/uluwatu-bali-guide\\\/#breadcrumb\"},\"inLanguage\":\"es\",\"potentialAction\":[{\"@type\":\"ReadAction\",\"target\":[\"https:\\\/\\\/bellavida-resort.com\\\/uluwatu-bali-guide\\\/\"]}]},{\"@type\":\"BreadcrumbList\",\"@id\":\"https:\\\/\\\/bellavida-resort.com\\\/uluwatu-bali-guide\\\/#breadcrumb\",\"itemListElement\":[{\"@type\":\"ListItem\",\"position\":1,\"name\":\"Home\",\"item\":\"https:\\\/\\\/bellavida-resort.com\\\/es\\\/\"},{\"@type\":\"ListItem\",\"position\":2,\"name\":\"Gu\u00eda de Uluwatu y Bali\"}]},{\"@type\":\"WebSite\",\"@id\":\"https:\\\/\\\/bellavida-resort.com\\\/#website\",\"url\":\"https:\\\/\\\/bellavida-resort.com\\\/\",\"name\":\"Bella Vida resort, Uluwatu Bali\",\"description\":\"The best luxury resort in Bingin\",\"publisher\":{\"@id\":\"https:\\\/\\\/bellavida-resort.com\\\/#organization\"},\"potentialAction\":[{\"@type\":\"SearchAction\",\"target\":{\"@type\":\"EntryPoint\",\"urlTemplate\":\"https:\\\/\\\/bellavida-resort.com\\\/?s={search_term_string}\"},\"query-input\":{\"@type\":\"PropertyValueSpecification\",\"valueRequired\":true,\"valueName\":\"search_term_string\"}}],\"inLanguage\":\"es\"},{\"@type\":\"Organization\",\"@id\":\"https:\\\/\\\/bellavida-resort.com\\\/#organization\",\"name\":\"Bella Vida Resort\",\"url\":\"https:\\\/\\\/bellavida-resort.com\\\/\",\"logo\":{\"@type\":\"ImageObject\",\"inLanguage\":\"es\",\"@id\":\"https:\\\/\\\/bellavida-resort.com\\\/#\\\/schema\\\/logo\\\/image\\\/\",\"url\":\"https:\\\/\\\/bellavida-resort.com\\\/wp-content\\\/uploads\\\/2025\\\/10\\\/cropped-Epson-logo-printer.jpg\",\"contentUrl\":\"https:\\\/\\\/bellavida-resort.com\\\/wp-content\\\/uploads\\\/2025\\\/10\\\/cropped-Epson-logo-printer.jpg\",\"width\":1200,\"height\":313,\"caption\":\"Bella Vida Resort\"},\"image\":{\"@id\":\"https:\\\/\\\/bellavida-resort.com\\\/#\\\/schema\\\/logo\\\/image\\\/\"},\"sameAs\":[\"https:\\\/\\\/www.facebook.com\\\/profile.php?id=61584197150341\",\"https:\\\/\\\/www.instagram.com\\\/bellavidaresortbali\\\/\"]}]}<\/script>\n<!-- \/ Yoast SEO plugin. -->","yoast_head_json":{"title":"Gu\u00eda de Uluwatu y Bali - Bella Vida resort, Uluwatu","robots":{"index":"index","follow":"follow","max-snippet":"max-snippet:-1","max-image-preview":"max-image-preview:large","max-video-preview":"max-video-preview:-1"},"canonical":"https:\/\/bellavida-resort.com\/uluwatu-bali-guide\/","og_locale":"es_ES","og_type":"article","og_title":"Gu\u00eda de Uluwatu y Bali - Bella Vida resort, Uluwatu","og_description":"Tu gu\u00eda completa de Uluwatu y Bali, con experiencias seleccionadas a mano, perspectivas locales e inspiraci\u00f3n para una estancia refinada en la isla, cerca del complejo Bella Vida. \u2713 Uluwatu Retiros de lujo \u2713 Consejos locales Uluwatu es uno de los destinos m\u00e1s cautivadores de Bali, conocido por sus espectaculares acantilados, sus rompientes de surf [&hellip;]","og_url":"https:\/\/bellavida-resort.com\/uluwatu-bali-guide\/","og_site_name":"Bella Vida resort, Uluwatu","article_publisher":"https:\/\/www.facebook.com\/profile.php?id=61584197150341","article_modified_time":"2026-02-05T14:06:54+00:00","twitter_card":"summary_large_image","twitter_misc":{"Tiempo de lectura":"1 minuto"},"schema":{"@context":"https:\/\/schema.org","@graph":[{"@type":"WebPage","@id":"https:\/\/bellavida-resort.com\/uluwatu-bali-guide\/","url":"https:\/\/bellavida-resort.com\/uluwatu-bali-guide\/","name":"Gu\u00eda de Uluwatu y Bali - Bella Vida resort, Uluwatu","isPartOf":{"@id":"https:\/\/bellavida-resort.com\/#website"},"datePublished":"2026-02-03T13:01:58+00:00","dateModified":"2026-02-05T14:06:54+00:00","breadcrumb":{"@id":"https:\/\/bellavida-resort.com\/uluwatu-bali-guide\/#breadcrumb"},"inLanguage":"es","potentialAction":[{"@type":"ReadAction","target":["https:\/\/bellavida-resort.com\/uluwatu-bali-guide\/"]}]},{"@type":"BreadcrumbList","@id":"https:\/\/bellavida-resort.com\/uluwatu-bali-guide\/#breadcrumb","itemListElement":[{"@type":"ListItem","position":1,"name":"Home","item":"https:\/\/bellavida-resort.com\/es\/"},{"@type":"ListItem","position":2,"name":"Gu\u00eda de Uluwatu y Bali"}]},{"@type":"WebSite","@id":"https:\/\/bellavida-resort.com\/#website","url":"https:\/\/bellavida-resort.com\/","name":"Bella Vida resort, Uluwatu Bali","description":"The best luxury resort in Bingin","publisher":{"@id":"https:\/\/bellavida-resort.com\/#organization"},"potentialAction":[{"@type":"SearchAction","target":{"@type":"EntryPoint","urlTemplate":"https:\/\/bellavida-resort.com\/?s={search_term_string}"},"query-input":{"@type":"PropertyValueSpecification","valueRequired":true,"valueName":"search_term_string"}}],"inLanguage":"es"},{"@type":"Organization","@id":"https:\/\/bellavida-resort.com\/#organization","name":"Bella Vida Resort","url":"https:\/\/bellavida-resort.com\/","logo":{"@type":"ImageObject","inLanguage":"es","@id":"https:\/\/bellavida-resort.com\/#\/schema\/logo\/image\/","url":"https:\/\/bellavida-resort.com\/wp-content\/uploads\/2025\/10\/cropped-Epson-logo-printer.jpg","contentUrl":"https:\/\/bellavida-resort.com\/wp-content\/uploads\/2025\/10\/cropped-Epson-logo-printer.jpg","width":1200,"height":313,"caption":"Bella Vida Resort"},"image":{"@id":"https:\/\/bellavida-resort.com\/#\/schema\/logo\/image\/"},"sameAs":["https:\/\/www.facebook.com\/profile.php?id=61584197150341","https:\/\/www.instagram.com\/bellavidaresortbali\/"]}]}},"_links":{"self":[{"href":"https:\/\/bellavida-resort.com\/es\/wp-json\/wp\/v2\/pages\/5994","targetHints":{"allow":["GET"]}}],"collection":[{"href":"https:\/\/bellavida-resort.com\/es\/wp-json\/wp\/v2\/pages"}],"about":[{"href":"https:\/\/bellavida-resort.com\/es\/wp-json\/wp\/v2\/types\/page"}],"author":[{"embeddable":true,"href":"https:\/\/bellavida-resort.com\/es\/wp-json\/wp\/v2\/users\/6"}],"replies":[{"embeddable":true,"href":"https:\/\/bellavida-resort.com\/es\/wp-json\/wp\/v2\/comments?post=5994"}],"version-history":[{"count":4,"href":"https:\/\/bellavida-resort.com\/es\/wp-json\/wp\/v2\/pages\/5994\/revisions"}],"predecessor-version":[{"id":6392,"href":"https:\/\/bellavida-resort.com\/es\/wp-json\/wp\/v2\/pages\/5994\/revisions\/6392"}],"wp:attachment":[{"href":"https:\/\/bellavida-resort.com\/es\/wp-json\/wp\/v2\/media?parent=5994"}],"curies":[{"name":"wp","href":"https:\/\/api.w.org\/{rel}","templated":true}]}}