{"id":4851,"date":"2019-08-20T14:19:42","date_gmt":"2019-08-20T14:19:42","guid":{"rendered":"https:\/\/bellavida-resort.com\/blocks\/posts-slider-block\/"},"modified":"2025-03-25T11:35:10","modified_gmt":"2025-03-25T11:35:10","slug":"posts-slider-block","status":"publish","type":"page","link":"https:\/\/bellavida-resort.com\/es\/blocks\/posts-slider-block\/","title":{"rendered":"Bloque deslizante de entradas"},"content":{"rendered":"\n        <div class=\"wp-block-getwid-post-slider custom-post-type-post alignwide has-arrows-inside has-dots-inside\">\n            <div data-slider-option=\"{&quot;getwid_fade_effect&quot;:&quot;fade&quot;,&quot;getwid_autoplay&quot;:true,&quot;getwid_pause_on_hover&quot;:false,&quot;getwid_autoplay_speed&quot;:6000,&quot;getwid_infinite&quot;:true,&quot;getwid_animation_speed&quot;:800,&quot;getwid_arrows&quot;:&quot;inside&quot;,&quot;getwid_dots&quot;:&quot;inside&quot;}\" class=\"wp-block-getwid-post-slider__content\">\n                \t\t\t\t\t\t\t<div class=\"wp-block-getwid-post-slider__slide\" style=\"min-height:80vh;\">\n\t\t\t\t\t\t\t\t\n<div class=\"wp-block-getwid-post-slider__post \">\n            <div class=\"wp-block-getwid-post-slider__post-thumbnail\">\n            <img loading=\"lazy\" decoding=\"async\" width=\"600\" height=\"372\" src=\"https:\/\/bellavida-resort.com\/wp-content\/uploads\/2024\/10\/Kecak-fire-dance.jpg\" class=\"attachment-post-thumbnail size-post-thumbnail wp-post-image\" alt=\"Kecak fire dance\" srcset=\"https:\/\/bellavida-resort.com\/wp-content\/uploads\/2024\/10\/Kecak-fire-dance.jpg 600w, https:\/\/bellavida-resort.com\/wp-content\/uploads\/2024\/10\/Kecak-fire-dance-300x186.jpg 300w\" sizes=\"auto, (max-width: 600px) 100vw, 600px\" \/>        <\/div>\n        <div class=\"wp-block-getwid-post-slider__post-overlay \"><\/div>\n    <div class=\"wp-block-getwid-post-slider__post-content-wrapper\">\n        <h3 class=\"wp-block-getwid-post-slider__post-title\"><a href=\"https:\/\/bellavida-resort.com\/es\/kecak-fire-dance-uluwatu-bali\/\">Vive la Magia de la Danza del Fuego Kecak en Uluwatu, Bali<\/a><\/h3>        <div class=\"wp-block-getwid-post-slider__post-excerpt\"><p>Danza del fuego Kecak Uluwatu Bali es conocida por su rica cultura, sus fascinantes paisajes y sus tradiciones \u00fanicas. Uno de los espect\u00e1culos culturales m\u00e1s emblem\u00e1ticos de la isla es la Danza del Fuego Kecak, una experiencia dram\u00e1tica y espiritual que tiene lugar en el acantilado del templo de Uluwatu. Si est\u00e1s planeando una visita [&hellip;]<\/p>\n<\/div>\n    <\/div>\n<\/div>\n\t\t\t\t\t\t\t<\/div>\n\t\t\t\t\t\t\t\t\t\t\t\t\t<div class=\"wp-block-getwid-post-slider__slide\" style=\"min-height:80vh;\">\n\t\t\t\t\t\t\t\t\n<div class=\"wp-block-getwid-post-slider__post \">\n            <div class=\"wp-block-getwid-post-slider__post-thumbnail\">\n            <img loading=\"lazy\" decoding=\"async\" width=\"600\" height=\"372\" src=\"https:\/\/bellavida-resort.com\/wp-content\/uploads\/2024\/10\/sunset-uluwatu.jpg\" class=\"attachment-post-thumbnail size-post-thumbnail wp-post-image\" alt=\"\" srcset=\"https:\/\/bellavida-resort.com\/wp-content\/uploads\/2024\/10\/sunset-uluwatu.jpg 600w, https:\/\/bellavida-resort.com\/wp-content\/uploads\/2024\/10\/sunset-uluwatu-300x186.jpg 300w\" sizes=\"auto, (max-width: 600px) 100vw, 600px\" \/>        <\/div>\n        <div class=\"wp-block-getwid-post-slider__post-overlay \"><\/div>\n    <div class=\"wp-block-getwid-post-slider__post-content-wrapper\">\n        <h3 class=\"wp-block-getwid-post-slider__post-title\"><a href=\"https:\/\/bellavida-resort.com\/es\/uluwatu-sunset\/\">Vive la Magia de la Puesta de Sol de Uluwatu: Una visita obligada en Bali<\/a><\/h3>        <div class=\"wp-block-getwid-post-slider__post-excerpt\"><p>Bali es famosa por sus impresionantes playas, su vibrante cultura y sus impresionantes puestas de sol. Entre todos los incre\u00edbles lugares de la isla para ver atardeceres, Uluwatu destaca como una aut\u00e9ntica joya. Si buscas el lugar perfecto para terminar el d\u00eda con unas vistas inolvidables, no busques m\u00e1s all\u00e1 de Uluwatu. A continuaci\u00f3n te [&hellip;]<\/p>\n<\/div>\n    <\/div>\n<\/div>\n\t\t\t\t\t\t\t<\/div>\n\t\t\t\t\t\t\t\t\t\t\t\t\t<div class=\"wp-block-getwid-post-slider__slide\" style=\"min-height:80vh;\">\n\t\t\t\t\t\t\t\t\n<div class=\"wp-block-getwid-post-slider__post \">\n            <div class=\"wp-block-getwid-post-slider__post-thumbnail\">\n            <img loading=\"lazy\" decoding=\"async\" width=\"630\" height=\"354\" src=\"https:\/\/bellavida-resort.com\/wp-content\/uploads\/2024\/10\/yoga-retreat-bali.jpg\" class=\"attachment-post-thumbnail size-post-thumbnail wp-post-image\" alt=\"Yoga retreat\" srcset=\"https:\/\/bellavida-resort.com\/wp-content\/uploads\/2024\/10\/yoga-retreat-bali.jpg 630w, https:\/\/bellavida-resort.com\/wp-content\/uploads\/2024\/10\/yoga-retreat-bali-300x169.jpg 300w, https:\/\/bellavida-resort.com\/wp-content\/uploads\/2024\/10\/yoga-retreat-bali-600x337.jpg 600w\" sizes=\"auto, (max-width: 630px) 100vw, 630px\" \/>        <\/div>\n        <div class=\"wp-block-getwid-post-slider__post-overlay \"><\/div>\n    <div class=\"wp-block-getwid-post-slider__post-content-wrapper\">\n        <h3 class=\"wp-block-getwid-post-slider__post-title\"><a href=\"https:\/\/bellavida-resort.com\/es\/yoga-retreat-bali\/\">Rejuvenece tu mente, cuerpo y alma: Retiro de Yoga en Bali en Villa Resort Bella Vida<\/a><\/h3>        <div class=\"wp-block-getwid-post-slider__post-excerpt\"><p>Bali es algo m\u00e1s que una isla tropical paradis\u00edaca; es un refugio para quienes buscan paz, equilibrio y crecimiento espiritual. Conocida por sus exuberantes paisajes y su ambiente tranquilo, Bali se ha convertido en uno de los principales destinos para los entusiastas del yoga de todo el mundo. Tanto si eres un yogui experimentado como [&hellip;]<\/p>\n<\/div>\n    <\/div>\n<\/div>\n\t\t\t\t\t\t\t<\/div>\n\t\t\t\t\t\t\t\t\t\t\t\t\t<div class=\"wp-block-getwid-post-slider__slide\" style=\"min-height:80vh;\">\n\t\t\t\t\t\t\t\t\n<div class=\"wp-block-getwid-post-slider__post \">\n            <div class=\"wp-block-getwid-post-slider__post-thumbnail\">\n            <img loading=\"lazy\" decoding=\"async\" width=\"892\" height=\"510\" src=\"https:\/\/bellavida-resort.com\/wp-content\/uploads\/2024\/10\/Mount-Batur-hiking-892x510.jpg\" class=\"attachment-post-thumbnail size-post-thumbnail wp-post-image\" alt=\"Senderismo en Batur\" srcset=\"https:\/\/bellavida-resort.com\/wp-content\/uploads\/2024\/10\/Mount-Batur-hiking-892x510.jpg 892w, https:\/\/bellavida-resort.com\/wp-content\/uploads\/2024\/10\/Mount-Batur-hiking-300x171.jpg 300w, https:\/\/bellavida-resort.com\/wp-content\/uploads\/2024\/10\/Mount-Batur-hiking-1024x585.jpg 1024w, https:\/\/bellavida-resort.com\/wp-content\/uploads\/2024\/10\/Mount-Batur-hiking-768x439.jpg 768w, https:\/\/bellavida-resort.com\/wp-content\/uploads\/2024\/10\/Mount-Batur-hiking-600x343.jpg 600w, https:\/\/bellavida-resort.com\/wp-content\/uploads\/2024\/10\/Mount-Batur-hiking.jpg 1344w\" sizes=\"auto, (max-width: 892px) 100vw, 892px\" \/>        <\/div>\n        <div class=\"wp-block-getwid-post-slider__post-overlay \"><\/div>\n    <div class=\"wp-block-getwid-post-slider__post-content-wrapper\">\n        <h3 class=\"wp-block-getwid-post-slider__post-title\"><a href=\"https:\/\/bellavida-resort.com\/es\/senderismo-bali-tours\/\">Senderismo en Bali, Introducci\u00f3n a las Maravillas Naturales de Bali<\/a><\/h3>        <div class=\"wp-block-getwid-post-slider__post-excerpt\"><p>Bali, un para\u00edso indonesio, es famoso por sus impresionantes paisajes, su rica cultura y su ambiente espiritual. Enclavados en este para\u00edso tropical se encuentran los majestuosos picos del monte Batur y una serie de impresionantes cascadas que captan la esencia de la belleza de la naturaleza. Este art\u00edculo explorar\u00e1 el encantador viaje a Batur, ofreciendo [&hellip;]<\/p>\n<\/div>\n    <\/div>\n<\/div>\n\t\t\t\t\t\t\t<\/div>\n\t\t\t\t\t\t\t\t\t\t\t\t\t<div class=\"wp-block-getwid-post-slider__slide\" style=\"min-height:80vh;\">\n\t\t\t\t\t\t\t\t\n<div class=\"wp-block-getwid-post-slider__post \">\n            <div class=\"wp-block-getwid-post-slider__post-thumbnail\">\n            <img loading=\"lazy\" decoding=\"async\" width=\"600\" height=\"400\" src=\"https:\/\/bellavida-resort.com\/wp-content\/uploads\/2024\/02\/Bingin-surf.jpg\" class=\"attachment-post-thumbnail size-post-thumbnail wp-post-image\" alt=\"\" \/>        <\/div>\n        <div class=\"wp-block-getwid-post-slider__post-overlay \"><\/div>\n    <div class=\"wp-block-getwid-post-slider__post-content-wrapper\">\n        <h3 class=\"wp-block-getwid-post-slider__post-title\"><a href=\"https:\/\/bellavida-resort.com\/es\/surf-retreat\/\">Retiro de Surf Definitivo en Uluwatu, Bali: Un para\u00edso para los surfistas<\/a><\/h3>        <div class=\"wp-block-getwid-post-slider__post-excerpt\"><p>\u00bfSue\u00f1as con una escapada perfecta para practicar surf? No busques m\u00e1s all\u00e1 de Bali, la isla paradis\u00edaca que ofrece una experiencia de surf sin igual. Bali se ha ganado su reputaci\u00f3n como uno de los mejores destinos de surf del mundo, atrayendo a surfistas de todos los niveles. Si buscas un refugio de surf en [&hellip;]<\/p>\n<\/div>\n    <\/div>\n<\/div>\n\t\t\t\t\t\t\t<\/div>\n\t\t\t\t\t\t            <\/div>\n        <\/div>\n        ","protected":false},"excerpt":{"rendered":"","protected":false},"author":1,"featured_media":0,"parent":4271,"menu_order":0,"comment_status":"closed","ping_status":"closed","template":"","meta":{"inline_featured_image":false,"footnotes":""},"class_list":["post-4851","page","type-page","status-publish","hentry"],"yoast_head":"<!-- This site is optimized with the Yoast SEO plugin v27.4 - https:\/\/yoast.com\/product\/yoast-seo-wordpress\/ -->\n<title>Bloque deslizante de entradas - Bella Vida resort, Uluwatu<\/title>\n<meta name=\"robots\" content=\"index, follow, max-snippet:-1, max-image-preview:large, max-video-preview:-1\" \/>\n<link rel=\"canonical\" href=\"https:\/\/bellavida-resort.com\/blocks\/posts-slider-block\/\" \/>\n<meta property=\"og:locale\" content=\"es_ES\" \/>\n<meta property=\"og:type\" content=\"article\" \/>\n<meta property=\"og:title\" content=\"Bloque deslizante de entradas - Bella Vida resort, Uluwatu\" \/>\n<meta property=\"og:url\" content=\"https:\/\/bellavida-resort.com\/blocks\/posts-slider-block\/\" \/>\n<meta property=\"og:site_name\" content=\"Bella Vida resort, Uluwatu\" \/>\n<meta property=\"article:publisher\" content=\"https:\/\/www.facebook.com\/profile.php?id=61584197150341\" \/>\n<meta property=\"article:modified_time\" content=\"2025-03-25T11:35:10+00:00\" \/>\n<meta name=\"twitter:card\" content=\"summary_large_image\" \/>\n<script type=\"application\/ld+json\" class=\"yoast-schema-graph\">{\"@context\":\"https:\\\/\\\/schema.org\",\"@graph\":[{\"@type\":\"WebPage\",\"@id\":\"https:\\\/\\\/bellavida-resort.com\\\/blocks\\\/posts-slider-block\\\/\",\"url\":\"https:\\\/\\\/bellavida-resort.com\\\/blocks\\\/posts-slider-block\\\/\",\"name\":\"Bloque deslizante de entradas - Bella Vida resort, Uluwatu\",\"isPartOf\":{\"@id\":\"https:\\\/\\\/bellavida-resort.com\\\/#website\"},\"datePublished\":\"2019-08-20T14:19:42+00:00\",\"dateModified\":\"2025-03-25T11:35:10+00:00\",\"breadcrumb\":{\"@id\":\"https:\\\/\\\/bellavida-resort.com\\\/blocks\\\/posts-slider-block\\\/#breadcrumb\"},\"inLanguage\":\"es\",\"potentialAction\":[{\"@type\":\"ReadAction\",\"target\":[\"https:\\\/\\\/bellavida-resort.com\\\/blocks\\\/posts-slider-block\\\/\"]}]},{\"@type\":\"BreadcrumbList\",\"@id\":\"https:\\\/\\\/bellavida-resort.com\\\/blocks\\\/posts-slider-block\\\/#breadcrumb\",\"itemListElement\":[{\"@type\":\"ListItem\",\"position\":1,\"name\":\"Home\",\"item\":\"https:\\\/\\\/bellavida-resort.com\\\/es\\\/\"},{\"@type\":\"ListItem\",\"position\":2,\"name\":\"Bloquea\",\"item\":\"https:\\\/\\\/bellavida-resort.com\\\/blocks\\\/\"},{\"@type\":\"ListItem\",\"position\":3,\"name\":\"Bloque deslizante de entradas\"}]},{\"@type\":\"WebSite\",\"@id\":\"https:\\\/\\\/bellavida-resort.com\\\/#website\",\"url\":\"https:\\\/\\\/bellavida-resort.com\\\/\",\"name\":\"Bella Vida resort, Uluwatu Bali\",\"description\":\"The best luxury resort in Bingin\",\"publisher\":{\"@id\":\"https:\\\/\\\/bellavida-resort.com\\\/#organization\"},\"potentialAction\":[{\"@type\":\"SearchAction\",\"target\":{\"@type\":\"EntryPoint\",\"urlTemplate\":\"https:\\\/\\\/bellavida-resort.com\\\/?s={search_term_string}\"},\"query-input\":{\"@type\":\"PropertyValueSpecification\",\"valueRequired\":true,\"valueName\":\"search_term_string\"}}],\"inLanguage\":\"es\"},{\"@type\":\"Organization\",\"@id\":\"https:\\\/\\\/bellavida-resort.com\\\/#organization\",\"name\":\"Bella Vida Resort\",\"url\":\"https:\\\/\\\/bellavida-resort.com\\\/\",\"logo\":{\"@type\":\"ImageObject\",\"inLanguage\":\"es\",\"@id\":\"https:\\\/\\\/bellavida-resort.com\\\/#\\\/schema\\\/logo\\\/image\\\/\",\"url\":\"https:\\\/\\\/bellavida-resort.com\\\/wp-content\\\/uploads\\\/2025\\\/10\\\/cropped-Epson-logo-printer.jpg\",\"contentUrl\":\"https:\\\/\\\/bellavida-resort.com\\\/wp-content\\\/uploads\\\/2025\\\/10\\\/cropped-Epson-logo-printer.jpg\",\"width\":1200,\"height\":313,\"caption\":\"Bella Vida Resort\"},\"image\":{\"@id\":\"https:\\\/\\\/bellavida-resort.com\\\/#\\\/schema\\\/logo\\\/image\\\/\"},\"sameAs\":[\"https:\\\/\\\/www.facebook.com\\\/profile.php?id=61584197150341\",\"https:\\\/\\\/www.instagram.com\\\/bellavidaresortbali\\\/\"]}]}<\/script>\n<!-- \/ Yoast SEO plugin. -->","yoast_head_json":{"title":"Bloque deslizante de entradas - Bella Vida resort, Uluwatu","robots":{"index":"index","follow":"follow","max-snippet":"max-snippet:-1","max-image-preview":"max-image-preview:large","max-video-preview":"max-video-preview:-1"},"canonical":"https:\/\/bellavida-resort.com\/blocks\/posts-slider-block\/","og_locale":"es_ES","og_type":"article","og_title":"Bloque deslizante de entradas - Bella Vida resort, Uluwatu","og_url":"https:\/\/bellavida-resort.com\/blocks\/posts-slider-block\/","og_site_name":"Bella Vida resort, Uluwatu","article_publisher":"https:\/\/www.facebook.com\/profile.php?id=61584197150341","article_modified_time":"2025-03-25T11:35:10+00:00","twitter_card":"summary_large_image","schema":{"@context":"https:\/\/schema.org","@graph":[{"@type":"WebPage","@id":"https:\/\/bellavida-resort.com\/blocks\/posts-slider-block\/","url":"https:\/\/bellavida-resort.com\/blocks\/posts-slider-block\/","name":"Bloque deslizante de entradas - Bella Vida resort, Uluwatu","isPartOf":{"@id":"https:\/\/bellavida-resort.com\/#website"},"datePublished":"2019-08-20T14:19:42+00:00","dateModified":"2025-03-25T11:35:10+00:00","breadcrumb":{"@id":"https:\/\/bellavida-resort.com\/blocks\/posts-slider-block\/#breadcrumb"},"inLanguage":"es","potentialAction":[{"@type":"ReadAction","target":["https:\/\/bellavida-resort.com\/blocks\/posts-slider-block\/"]}]},{"@type":"BreadcrumbList","@id":"https:\/\/bellavida-resort.com\/blocks\/posts-slider-block\/#breadcrumb","itemListElement":[{"@type":"ListItem","position":1,"name":"Home","item":"https:\/\/bellavida-resort.com\/es\/"},{"@type":"ListItem","position":2,"name":"Bloquea","item":"https:\/\/bellavida-resort.com\/blocks\/"},{"@type":"ListItem","position":3,"name":"Bloque deslizante de entradas"}]},{"@type":"WebSite","@id":"https:\/\/bellavida-resort.com\/#website","url":"https:\/\/bellavida-resort.com\/","name":"Bella Vida resort, Uluwatu Bali","description":"The best luxury resort in Bingin","publisher":{"@id":"https:\/\/bellavida-resort.com\/#organization"},"potentialAction":[{"@type":"SearchAction","target":{"@type":"EntryPoint","urlTemplate":"https:\/\/bellavida-resort.com\/?s={search_term_string}"},"query-input":{"@type":"PropertyValueSpecification","valueRequired":true,"valueName":"search_term_string"}}],"inLanguage":"es"},{"@type":"Organization","@id":"https:\/\/bellavida-resort.com\/#organization","name":"Bella Vida Resort","url":"https:\/\/bellavida-resort.com\/","logo":{"@type":"ImageObject","inLanguage":"es","@id":"https:\/\/bellavida-resort.com\/#\/schema\/logo\/image\/","url":"https:\/\/bellavida-resort.com\/wp-content\/uploads\/2025\/10\/cropped-Epson-logo-printer.jpg","contentUrl":"https:\/\/bellavida-resort.com\/wp-content\/uploads\/2025\/10\/cropped-Epson-logo-printer.jpg","width":1200,"height":313,"caption":"Bella Vida Resort"},"image":{"@id":"https:\/\/bellavida-resort.com\/#\/schema\/logo\/image\/"},"sameAs":["https:\/\/www.facebook.com\/profile.php?id=61584197150341","https:\/\/www.instagram.com\/bellavidaresortbali\/"]}]}},"_links":{"self":[{"href":"https:\/\/bellavida-resort.com\/es\/wp-json\/wp\/v2\/pages\/4851","targetHints":{"allow":["GET"]}}],"collection":[{"href":"https:\/\/bellavida-resort.com\/es\/wp-json\/wp\/v2\/pages"}],"about":[{"href":"https:\/\/bellavida-resort.com\/es\/wp-json\/wp\/v2\/types\/page"}],"author":[{"embeddable":true,"href":"https:\/\/bellavida-resort.com\/es\/wp-json\/wp\/v2\/users\/1"}],"replies":[{"embeddable":true,"href":"https:\/\/bellavida-resort.com\/es\/wp-json\/wp\/v2\/comments?post=4851"}],"version-history":[{"count":1,"href":"https:\/\/bellavida-resort.com\/es\/wp-json\/wp\/v2\/pages\/4851\/revisions"}],"predecessor-version":[{"id":4852,"href":"https:\/\/bellavida-resort.com\/es\/wp-json\/wp\/v2\/pages\/4851\/revisions\/4852"}],"up":[{"embeddable":true,"href":"https:\/\/bellavida-resort.com\/es\/wp-json\/wp\/v2\/pages\/4271"}],"wp:attachment":[{"href":"https:\/\/bellavida-resort.com\/es\/wp-json\/wp\/v2\/media?parent=4851"}],"curies":[{"name":"wp","href":"https:\/\/api.w.org\/{rel}","templated":true}]}}