{"id":4790,"date":"2024-02-03T16:16:24","date_gmt":"2024-02-03T16:16:24","guid":{"rendered":"https:\/\/bellavida-resort.com\/full-day-uluwatu-temple\/"},"modified":"2025-03-25T11:34:59","modified_gmt":"2025-03-25T11:34:59","slug":"full-day-uluwatu-temple","status":"publish","type":"page","link":"https:\/\/bellavida-resort.com\/es\/full-day-uluwatu-temple\/","title":{"rendered":""},"content":{"rendered":"<p>Excursi\u00f3n de d\u00eda completo\t\t\t\t<\/p>\n<h2>Templo de Uluwatu y visita tur\u00edstica<\/h2>\n<p>\t\t\t<meta itemprop=\"worstRating\" content=\"0\"><br \/>\n\t\t\t<meta itemprop=\"bestRating\" content=\"5\"><br \/>\n\t\t\t\t\t<svg aria-hidden=\"true\" viewBox=\"0 0 1000 1000\" xmlns=\"http:\/\/www.w3.org\/2000\/svg\"><path d=\"M450 75L338 312 88 350C46 354 25 417 58 450L238 633 196 896C188 942 238 975 275 954L500 837 725 954C767 975 813 942 804 896L763 633 942 450C975 417 954 358 913 350L663 312 550 75C529 33 471 33 450 75Z\"><\/path><\/svg><br \/>\n\t\t\t\t\t<svg aria-hidden=\"true\" viewBox=\"0 0 1000 1000\" xmlns=\"http:\/\/www.w3.org\/2000\/svg\"><path d=\"M450 75L338 312 88 350C46 354 25 417 58 450L238 633 196 896C188 942 238 975 275 954L500 837 725 954C767 975 813 942 804 896L763 633 942 450C975 417 954 358 913 350L663 312 550 75C529 33 471 33 450 75Z\"><\/path><\/svg><br \/>\n\t\t\t\t\t<svg aria-hidden=\"true\" viewBox=\"0 0 1000 1000\" xmlns=\"http:\/\/www.w3.org\/2000\/svg\"><path d=\"M450 75L338 312 88 350C46 354 25 417 58 450L238 633 196 896C188 942 238 975 275 954L500 837 725 954C767 975 813 942 804 896L763 633 942 450C975 417 954 358 913 350L663 312 550 75C529 33 471 33 450 75Z\"><\/path><\/svg><br \/>\n\t\t\t\t\t<svg aria-hidden=\"true\" viewBox=\"0 0 1000 1000\" xmlns=\"http:\/\/www.w3.org\/2000\/svg\"><path d=\"M450 75L338 312 88 350C46 354 25 417 58 450L238 633 196 896C188 942 238 975 275 954L500 837 725 954C767 975 813 942 804 896L763 633 942 450C975 417 954 358 913 350L663 312 550 75C529 33 471 33 450 75Z\"><\/path><\/svg><br \/>\n\t\t\t\t\t<svg aria-hidden=\"true\" viewBox=\"0 0 1000 1000\" xmlns=\"http:\/\/www.w3.org\/2000\/svg\"><path d=\"M450 75L338 312 88 350C46 354 25 417 58 450L238 633 196 896C188 942 238 975 275 954L500 837 725 954C767 975 813 942 804 896L763 633 942 450C975 417 954 358 913 350L663 312 550 75C529 33 471 33 450 75Z\"><\/path><\/svg><br \/>\n\t\t\t\t\t<svg aria-hidden=\"true\" viewBox=\"0 0 1000 1000\" xmlns=\"http:\/\/www.w3.org\/2000\/svg\"><path d=\"M450 75L338 312 88 350C46 354 25 417 58 450L238 633 196 896C188 942 238 975 275 954L500 837 725 954C767 975 813 942 804 896L763 633 942 450C975 417 954 358 913 350L663 312 550 75C529 33 471 33 450 75Z\"><\/path><\/svg><br \/>\n\t\t\t\t\t<svg aria-hidden=\"true\" viewBox=\"0 0 1000 1000\" xmlns=\"http:\/\/www.w3.org\/2000\/svg\"><path d=\"M450 75L338 312 88 350C46 354 25 417 58 450L238 633 196 896C188 942 238 975 275 954L500 837 725 954C767 975 813 942 804 896L763 633 942 450C975 417 954 358 913 350L663 312 550 75C529 33 471 33 450 75Z\"><\/path><\/svg><br \/>\n\t\t\t\t\t<svg aria-hidden=\"true\" viewBox=\"0 0 1000 1000\" xmlns=\"http:\/\/www.w3.org\/2000\/svg\"><path d=\"M450 75L338 312 88 350C46 354 25 417 58 450L238 633 196 896C188 942 238 975 275 954L500 837 725 954C767 975 813 942 804 896L763 633 942 450C975 417 954 358 913 350L663 312 550 75C529 33 471 33 450 75Z\"><\/path><\/svg><br \/>\n\t\t\t\t\t<svg aria-hidden=\"true\" viewBox=\"0 0 1000 1000\" xmlns=\"http:\/\/www.w3.org\/2000\/svg\"><path d=\"M450 75L338 312 88 350C46 354 25 417 58 450L238 633 196 896C188 942 238 975 275 954L500 837 725 954C767 975 813 942 804 896L763 633 942 450C975 417 954 358 913 350L663 312 550 75C529 33 471 33 450 75Z\"><\/path><\/svg><br \/>\n\t\t\t\t\t<svg aria-hidden=\"true\" viewBox=\"0 0 1000 1000\" xmlns=\"http:\/\/www.w3.org\/2000\/svg\"><path d=\"M450 75L338 312 88 350C46 354 25 417 58 450L238 633 196 896C188 942 238 975 275 954L500 837 725 954C767 975 813 942 804 896L763 633 942 450C975 417 954 358 913 350L663 312 550 75C529 33 471 33 450 75Z\"><\/path><\/svg>\t\t\t\t<\/p>\n<p>Llegar\u00e1s a Ochtend acompa\u00f1ado de nuestro viejo ch\u00f3fer y te acercar\u00e1s a Kuta Sur.<\/p>\n<p>Uno de los puntos culminantes es el Templo de Uluwatu y las fant\u00e1sticas vistas de sus acantilados. El ch\u00f3fer est\u00e1 todo el d\u00eda a tu disposici\u00f3n y te lleva a todos los lugares bonitos que quieras visitar. Te da buenos consejos. Todo es posible con el ch\u00f3fer.   <\/p>\n<h3>\n\t\t\t\t\t\tPrecio total\t\t\t\t\t\t<\/h3>\n<p>\t\t\t\t\t\t\t*excluida la entrada y la comida<br \/>\n\t\t\t\t\t\t\t\t&#036;<br \/>\n\t\t\t\t\t\t79<br \/>\n\t\t\t\t\t\t\t99<br \/>\n\t\t\t\t\t\t\t\t\tTodos incluyen\t\t\t\t\t\t\t<\/p>\n<ul>\n<li>\n\t\t\t\t\t\t\t\t<svg aria-hidden=\"true\" viewBox=\"0 0 512 512\" xmlns=\"http:\/\/www.w3.org\/2000\/svg\"><path d=\"M256 8C119.033 8 8 119.033 8 256s111.033 248 248 248 248-111.033 248-248S392.967 8 256 8zm0 48c110.532 0 200 89.451 200 200 0 110.532-89.451 200-200 200-110.532 0-200-89.451-200-200 0-110.532 89.451-200 200-200m140.204 130.267l-22.536-22.718c-4.667-4.705-12.265-4.736-16.97-.068L215.346 303.697l-59.792-60.277c-4.667-4.705-12.265-4.736-16.97-.069l-22.719 22.536c-4.705 4.667-4.736 12.265-.068 16.971l90.781 91.516c4.667 4.705 12.265 4.736 16.97.068l172.589-171.204c4.704-4.668 4.734-12.266.067-16.971z\"><\/path><\/svg><br \/>\n\t\t\t\t\t\t\t\t\t\tConductor y coche\n\t\t\t\t\t\t<\/li>\n<li>\n\t\t\t\t\t\t\t\t<svg aria-hidden=\"true\" viewBox=\"0 0 512 512\" xmlns=\"http:\/\/www.w3.org\/2000\/svg\"><path d=\"M256 8C119.033 8 8 119.033 8 256s111.033 248 248 248 248-111.033 248-248S392.967 8 256 8zm0 48c110.532 0 200 89.451 200 200 0 110.532-89.451 200-200 200-110.532 0-200-89.451-200-200 0-110.532 89.451-200 200-200m140.204 130.267l-22.536-22.718c-4.667-4.705-12.265-4.736-16.97-.068L215.346 303.697l-59.792-60.277c-4.667-4.705-12.265-4.736-16.97-.069l-22.719 22.536c-4.705 4.667-4.736 12.265-.068 16.971l90.781 91.516c4.667 4.705 12.265 4.736 16.97.068l172.589-171.204c4.704-4.668 4.734-12.266.067-16.971z\"><\/path><\/svg><br \/>\n\t\t\t\t\t\t\t\t\t\tRecorrido de 8 horas\n\t\t\t\t\t\t<\/li>\n<li>\n\t\t\t\t\t\t\t\t<svg aria-hidden=\"true\" viewBox=\"0 0 512 512\" xmlns=\"http:\/\/www.w3.org\/2000\/svg\"><path d=\"M256 8C119.033 8 8 119.033 8 256s111.033 248 248 248 248-111.033 248-248S392.967 8 256 8zm0 48c110.532 0 200 89.451 200 200 0 110.532-89.451 200-200 200-110.532 0-200-89.451-200-200 0-110.532 89.451-200 200-200m140.204 130.267l-22.536-22.718c-4.667-4.705-12.265-4.736-16.97-.068L215.346 303.697l-59.792-60.277c-4.667-4.705-12.265-4.736-16.97-.069l-22.719 22.536c-4.705 4.667-4.736 12.265-.068 16.971l90.781 91.516c4.667 4.705 12.265 4.736 16.97.068l172.589-171.204c4.704-4.668 4.734-12.266.067-16.971z\"><\/path><\/svg><br \/>\n\t\t\t\t\t\t\t\t\t\td\u00eda inolvidable\n\t\t\t\t\t\t<\/li>\n<\/ul>\n<p>\t\t\t\t\t\t\t\t\t\t\t<a href=\"#\"><br \/>\n\t\t\t\t\t\t\tHaz clic aqu\u00ed\t\t\t\t\t\t<\/a><br \/>\n\t\t\t\t\t\t\t*excluye comida y entrada<br \/>\n\t\t\t\t\tPopular\t\t\t\t<\/p>\n<p>Selecciona Fecha y Hora<\/p>\n<p>\t\t\t\t\t\t\t<a href=\"https:\/\/bellavida-resort.com\/wp-content\/uploads\/2019\/09\/Uluwatu-Temple.jpg\" data-elementor-open-lightbox=\"yes\" data-elementor-lightbox-slideshow=\"b92580f\" data-elementor-lightbox-title=\"Uluwatu Temple\" data-e-action-hash=\"#elementor-action%3Aaction%3Dlightbox%26settings%3DeyJpZCI6MTYzOCwidXJsIjoiaHR0cHM6XC9cL3ZpbGxhcmVzb3J0LWJlbGxhdmlkYS5jb21cL3dwLWNvbnRlbnRcL3VwbG9hZHNcLzIwMTlcLzA5XC9VbHV3YXR1LVRlbXBsZS5qcGciLCJzbGlkZXNob3ciOiJiOTI1ODBmIn0%3D\"><br \/>\n\t\t\t\t\t\t\t\t\t\t\t\t\t\t<\/a><br \/>\n\t\t\t\t\t\t\t<a href=\"https:\/\/bellavida-resort.com\/wp-content\/uploads\/2024\/02\/afbeelding.png\" data-elementor-open-lightbox=\"yes\" data-elementor-lightbox-slideshow=\"b92580f\" data-elementor-lightbox-title=\"afbeelding\" data-e-action-hash=\"#elementor-action%3Aaction%3Dlightbox%26settings%3DeyJpZCI6MTY0MiwidXJsIjoiaHR0cHM6XC9cL3ZpbGxhcmVzb3J0LWJlbGxhdmlkYS5jb21cL3dwLWNvbnRlbnRcL3VwbG9hZHNcLzIwMjRcLzAyXC9hZmJlZWxkaW5nLnBuZyIsInNsaWRlc2hvdyI6ImI5MjU4MGYifQ%3D%3D\"><br \/>\n\t\t\t\t\t\t\t\t\t\t\t\t\t\t<\/a><br \/>\n\t\t\t\t\t\t\t<a href=\"https:\/\/bellavida-resort.com\/wp-content\/uploads\/2024\/02\/afbeelding-1.png\" data-elementor-open-lightbox=\"yes\" data-elementor-lightbox-slideshow=\"b92580f\" data-elementor-lightbox-title=\"afbeelding-1\" data-e-action-hash=\"#elementor-action%3Aaction%3Dlightbox%26settings%3DeyJpZCI6MTY0NCwidXJsIjoiaHR0cHM6XC9cL3ZpbGxhcmVzb3J0LWJlbGxhdmlkYS5jb21cL3dwLWNvbnRlbnRcL3VwbG9hZHNcLzIwMjRcLzAyXC9hZmJlZWxkaW5nLTEucG5nIiwic2xpZGVzaG93IjoiYjkyNTgwZiJ9\"><br \/>\n\t\t\t\t\t\t\t\t\t\t\t\t\t\t<\/a><br \/>\n\t\t\t\t\t\t\t<a href=\"https:\/\/bellavida-resort.com\/wp-content\/uploads\/2019\/09\/New-Kuta-Golf-Bali-Indonesia.jpg\" data-elementor-open-lightbox=\"yes\" data-elementor-lightbox-slideshow=\"b92580f\" data-elementor-lightbox-title=\"New-Kuta-Golf-Bali-Indonesia\" data-e-action-hash=\"#elementor-action%3Aaction%3Dlightbox%26settings%3DeyJpZCI6MTY1MywidXJsIjoiaHR0cHM6XC9cL3ZpbGxhcmVzb3J0LWJlbGxhdmlkYS5jb21cL3dwLWNvbnRlbnRcL3VwbG9hZHNcLzIwMTlcLzA5XC9OZXctS3V0YS1Hb2xmLUJhbGktSW5kb25lc2lhLmpwZyIsInNsaWRlc2hvdyI6ImI5MjU4MGYifQ%3D%3D\"><br \/>\n\t\t\t\t\t\t\t\t\t\t\t\t\t\t<\/a><\/p>\n","protected":false},"excerpt":{"rendered":"<p>Excursi\u00f3n de d\u00eda completo Templo de Uluwatu y visita tur\u00edstica Llegar\u00e1s a Ochtend acompa\u00f1ado de nuestro viejo ch\u00f3fer y te acercar\u00e1s a Kuta Sur. Uno de los puntos culminantes es el Templo de Uluwatu y las fant\u00e1sticas vistas de sus acantilados. El ch\u00f3fer est\u00e1 todo el d\u00eda a tu disposici\u00f3n y te lleva a todos [&hellip;]<\/p>\n","protected":false},"author":1,"featured_media":0,"parent":0,"menu_order":0,"comment_status":"closed","ping_status":"closed","template":"","meta":{"inline_featured_image":false,"footnotes":""},"class_list":["post-4790","page","type-page","status-publish","hentry"],"yoast_head":"<!-- This site is optimized with the Yoast SEO plugin v27.4 - https:\/\/yoast.com\/product\/yoast-seo-wordpress\/ -->\n<title>- Bella Vida resort, Uluwatu<\/title>\n<meta name=\"robots\" content=\"index, follow, max-snippet:-1, max-image-preview:large, max-video-preview:-1\" \/>\n<link rel=\"canonical\" href=\"https:\/\/bellavida-resort.com\/full-day-uluwatu-temple\/\" \/>\n<meta property=\"og:locale\" content=\"es_ES\" \/>\n<meta property=\"og:type\" content=\"article\" \/>\n<meta property=\"og:title\" content=\"- Bella Vida resort, Uluwatu\" \/>\n<meta property=\"og:description\" content=\"Excursi\u00f3n de d\u00eda completo Templo de Uluwatu y visita tur\u00edstica Llegar\u00e1s a Ochtend acompa\u00f1ado de nuestro viejo ch\u00f3fer y te acercar\u00e1s a Kuta Sur. Uno de los puntos culminantes es el Templo de Uluwatu y las fant\u00e1sticas vistas de sus acantilados. El ch\u00f3fer est\u00e1 todo el d\u00eda a tu disposici\u00f3n y te lleva a todos [&hellip;]\" \/>\n<meta property=\"og:url\" content=\"https:\/\/bellavida-resort.com\/full-day-uluwatu-temple\/\" \/>\n<meta property=\"og:site_name\" content=\"Bella Vida resort, Uluwatu\" \/>\n<meta property=\"article:publisher\" content=\"https:\/\/www.facebook.com\/profile.php?id=61584197150341\" \/>\n<meta property=\"article:modified_time\" content=\"2025-03-25T11:34:59+00:00\" \/>\n<meta name=\"twitter:card\" content=\"summary_large_image\" \/>\n<meta name=\"twitter:label1\" content=\"Tiempo de lectura\" \/>\n\t<meta name=\"twitter:data1\" content=\"1 minuto\" \/>\n<script type=\"application\/ld+json\" class=\"yoast-schema-graph\">{\"@context\":\"https:\\\/\\\/schema.org\",\"@graph\":[{\"@type\":\"WebPage\",\"@id\":\"https:\\\/\\\/bellavida-resort.com\\\/full-day-uluwatu-temple\\\/\",\"url\":\"https:\\\/\\\/bellavida-resort.com\\\/full-day-uluwatu-temple\\\/\",\"name\":\"- Bella Vida resort, Uluwatu\",\"isPartOf\":{\"@id\":\"https:\\\/\\\/bellavida-resort.com\\\/#website\"},\"datePublished\":\"2024-02-03T16:16:24+00:00\",\"dateModified\":\"2025-03-25T11:34:59+00:00\",\"inLanguage\":\"es\",\"potentialAction\":[{\"@type\":\"ReadAction\",\"target\":[\"https:\\\/\\\/bellavida-resort.com\\\/full-day-uluwatu-temple\\\/\"]}]},{\"@type\":\"WebSite\",\"@id\":\"https:\\\/\\\/bellavida-resort.com\\\/#website\",\"url\":\"https:\\\/\\\/bellavida-resort.com\\\/\",\"name\":\"Bella Vida resort, Uluwatu Bali\",\"description\":\"The best luxury resort in Bingin\",\"publisher\":{\"@id\":\"https:\\\/\\\/bellavida-resort.com\\\/#organization\"},\"potentialAction\":[{\"@type\":\"SearchAction\",\"target\":{\"@type\":\"EntryPoint\",\"urlTemplate\":\"https:\\\/\\\/bellavida-resort.com\\\/?s={search_term_string}\"},\"query-input\":{\"@type\":\"PropertyValueSpecification\",\"valueRequired\":true,\"valueName\":\"search_term_string\"}}],\"inLanguage\":\"es\"},{\"@type\":\"Organization\",\"@id\":\"https:\\\/\\\/bellavida-resort.com\\\/#organization\",\"name\":\"Bella Vida Resort\",\"url\":\"https:\\\/\\\/bellavida-resort.com\\\/\",\"logo\":{\"@type\":\"ImageObject\",\"inLanguage\":\"es\",\"@id\":\"https:\\\/\\\/bellavida-resort.com\\\/#\\\/schema\\\/logo\\\/image\\\/\",\"url\":\"https:\\\/\\\/bellavida-resort.com\\\/wp-content\\\/uploads\\\/2025\\\/10\\\/cropped-Epson-logo-printer.jpg\",\"contentUrl\":\"https:\\\/\\\/bellavida-resort.com\\\/wp-content\\\/uploads\\\/2025\\\/10\\\/cropped-Epson-logo-printer.jpg\",\"width\":1200,\"height\":313,\"caption\":\"Bella Vida Resort\"},\"image\":{\"@id\":\"https:\\\/\\\/bellavida-resort.com\\\/#\\\/schema\\\/logo\\\/image\\\/\"},\"sameAs\":[\"https:\\\/\\\/www.facebook.com\\\/profile.php?id=61584197150341\",\"https:\\\/\\\/www.instagram.com\\\/bellavidaresortbali\\\/\"]}]}<\/script>\n<!-- \/ Yoast SEO plugin. -->","yoast_head_json":{"title":"- Bella Vida resort, Uluwatu","robots":{"index":"index","follow":"follow","max-snippet":"max-snippet:-1","max-image-preview":"max-image-preview:large","max-video-preview":"max-video-preview:-1"},"canonical":"https:\/\/bellavida-resort.com\/full-day-uluwatu-temple\/","og_locale":"es_ES","og_type":"article","og_title":"- Bella Vida resort, Uluwatu","og_description":"Excursi\u00f3n de d\u00eda completo Templo de Uluwatu y visita tur\u00edstica Llegar\u00e1s a Ochtend acompa\u00f1ado de nuestro viejo ch\u00f3fer y te acercar\u00e1s a Kuta Sur. Uno de los puntos culminantes es el Templo de Uluwatu y las fant\u00e1sticas vistas de sus acantilados. El ch\u00f3fer est\u00e1 todo el d\u00eda a tu disposici\u00f3n y te lleva a todos [&hellip;]","og_url":"https:\/\/bellavida-resort.com\/full-day-uluwatu-temple\/","og_site_name":"Bella Vida resort, Uluwatu","article_publisher":"https:\/\/www.facebook.com\/profile.php?id=61584197150341","article_modified_time":"2025-03-25T11:34:59+00:00","twitter_card":"summary_large_image","twitter_misc":{"Tiempo de lectura":"1 minuto"},"schema":{"@context":"https:\/\/schema.org","@graph":[{"@type":"WebPage","@id":"https:\/\/bellavida-resort.com\/full-day-uluwatu-temple\/","url":"https:\/\/bellavida-resort.com\/full-day-uluwatu-temple\/","name":"- Bella Vida resort, Uluwatu","isPartOf":{"@id":"https:\/\/bellavida-resort.com\/#website"},"datePublished":"2024-02-03T16:16:24+00:00","dateModified":"2025-03-25T11:34:59+00:00","inLanguage":"es","potentialAction":[{"@type":"ReadAction","target":["https:\/\/bellavida-resort.com\/full-day-uluwatu-temple\/"]}]},{"@type":"WebSite","@id":"https:\/\/bellavida-resort.com\/#website","url":"https:\/\/bellavida-resort.com\/","name":"Bella Vida resort, Uluwatu Bali","description":"The best luxury resort in Bingin","publisher":{"@id":"https:\/\/bellavida-resort.com\/#organization"},"potentialAction":[{"@type":"SearchAction","target":{"@type":"EntryPoint","urlTemplate":"https:\/\/bellavida-resort.com\/?s={search_term_string}"},"query-input":{"@type":"PropertyValueSpecification","valueRequired":true,"valueName":"search_term_string"}}],"inLanguage":"es"},{"@type":"Organization","@id":"https:\/\/bellavida-resort.com\/#organization","name":"Bella Vida Resort","url":"https:\/\/bellavida-resort.com\/","logo":{"@type":"ImageObject","inLanguage":"es","@id":"https:\/\/bellavida-resort.com\/#\/schema\/logo\/image\/","url":"https:\/\/bellavida-resort.com\/wp-content\/uploads\/2025\/10\/cropped-Epson-logo-printer.jpg","contentUrl":"https:\/\/bellavida-resort.com\/wp-content\/uploads\/2025\/10\/cropped-Epson-logo-printer.jpg","width":1200,"height":313,"caption":"Bella Vida Resort"},"image":{"@id":"https:\/\/bellavida-resort.com\/#\/schema\/logo\/image\/"},"sameAs":["https:\/\/www.facebook.com\/profile.php?id=61584197150341","https:\/\/www.instagram.com\/bellavidaresortbali\/"]}]}},"_links":{"self":[{"href":"https:\/\/bellavida-resort.com\/es\/wp-json\/wp\/v2\/pages\/4790","targetHints":{"allow":["GET"]}}],"collection":[{"href":"https:\/\/bellavida-resort.com\/es\/wp-json\/wp\/v2\/pages"}],"about":[{"href":"https:\/\/bellavida-resort.com\/es\/wp-json\/wp\/v2\/types\/page"}],"author":[{"embeddable":true,"href":"https:\/\/bellavida-resort.com\/es\/wp-json\/wp\/v2\/users\/1"}],"replies":[{"embeddable":true,"href":"https:\/\/bellavida-resort.com\/es\/wp-json\/wp\/v2\/comments?post=4790"}],"version-history":[{"count":1,"href":"https:\/\/bellavida-resort.com\/es\/wp-json\/wp\/v2\/pages\/4790\/revisions"}],"predecessor-version":[{"id":4793,"href":"https:\/\/bellavida-resort.com\/es\/wp-json\/wp\/v2\/pages\/4790\/revisions\/4793"}],"wp:attachment":[{"href":"https:\/\/bellavida-resort.com\/es\/wp-json\/wp\/v2\/media?parent=4790"}],"curies":[{"name":"wp","href":"https:\/\/api.w.org\/{rel}","templated":true}]}}