{"id":4517,"date":"2019-09-17T14:29:06","date_gmt":"2019-09-17T14:29:06","guid":{"rendered":"https:\/\/bellavida-resort.com\/servicios\/"},"modified":"2025-03-25T11:32:55","modified_gmt":"2025-03-25T11:32:55","slug":"servicios","status":"publish","type":"page","link":"https:\/\/bellavida-resort.com\/es\/servicios\/","title":{"rendered":"Servicios"},"content":{"rendered":"\r\n<div class=\"wp-block-columns has-2-columns is-layout-flex wp-container-core-columns-is-layout-9d6595d7 wp-block-columns-is-layout-flex\">\r\n<div class=\"wp-block-column is-layout-flow wp-block-column-is-layout-flow\">\r\n<div class=\"wp-block-getwid-section\"><div class=\"wp-block-getwid-section__wrapper getwid-padding-top-none getwid-padding-bottom-none getwid-padding-left-none getwid-padding-mobile-right-none\" style=\"padding-right:35px\"><div class=\"wp-block-getwid-section__inner-wrapper\"><div class=\"wp-block-getwid-section__background-holder\"><div class=\"wp-block-getwid-section__background\"><\/div><div class=\"wp-block-getwid-section__foreground\"><\/div><\/div><div class=\"wp-block-getwid-section__content\"><div class=\"wp-block-getwid-section__inner-content\">&#13;\n<figure class=\"wp-block-image\"><img loading=\"lazy\" decoding=\"async\" width=\"892\" height=\"1135\" src=\"http:\/\/bellavida-resort.com\/wp-content\/uploads\/2019\/10\/welcome-1.jpg\" alt=\"\" class=\"wp-image-1154\"\/><\/figure>&#13;\n\r\n\r\n\r\n<div class=\"wp-block-getwid-advanced-heading\" style=\"margin-bottom:10px\"><h4 class=\"wp-block-getwid-advanced-heading__content\">Ropa de cama fresca a diario  <\/h4><\/div>\r\n\r\n\r\n\r\n<div class=\"wp-block-getwid-advanced-heading has-custom-font-size\" style=\"font-size:14px;margin-bottom:15px\"><span class=\"wp-block-getwid-advanced-heading__content\" style=\"font-style:italic\">Mientras est\u00e9s aqu\u00ed de vacaciones, estate tranquilo y seguro de que la ropa de cama se cambiar\u00e1 y lavar\u00e1 todos los d\u00edas. Prestamos este mismo servicio para que te alojes con comodidad y calidez y, al mismo tiempo, mantenemos los m\u00e1s altos niveles de calidad de vida, para que est\u00e9s siempre contento.   <br><\/span><\/div>\r\n\r\n\r\n\r\n<div class=\"wp-block-getwid-icon\"><a href=\"#\" class=\"wp-block-getwid-icon__wrapper getwid-animation has-text-color has-light-sea-green-color\" style=\"font-size:20px;padding:0px\" data-animation=\"slideRight\"><i class=\"lnr lnr-arrow-right\"><\/i><\/a><\/div>\r\n<\/div><\/div><\/div><\/div><\/div>\r\n<\/div>\r\n\r\n\r\n\r\n<div class=\"wp-block-column is-layout-flow wp-block-column-is-layout-flow\">\r\n<div class=\"wp-block-getwid-section\"><div class=\"wp-block-getwid-section__wrapper getwid-padding-top-none getwid-padding-bottom-none getwid-padding-right-none getwid-padding-mobile-left-none\" style=\"padding-left:35px\"><div class=\"wp-block-getwid-section__inner-wrapper\"><div class=\"wp-block-getwid-section__background-holder\"><div class=\"wp-block-getwid-section__background\"><\/div><div class=\"wp-block-getwid-section__foreground\"><\/div><\/div><div class=\"wp-block-getwid-section__content\"><div class=\"wp-block-getwid-section__inner-content\">\r\n<div class=\"wp-block-getwid-advanced-heading\" style=\"margin-bottom:30px\"><h2 class=\"wp-block-getwid-advanced-heading__content\">\u00a1Te abriremos nuevas inc\u00f3gnitas ante lugares incre\u00edbles!<\/h2><\/div>\r\n\r\n\r\n&#13;\n<p>Descubre cada rinc\u00f3n de la gran ciudad en la que vas a vivir: visita la parte antigua, ve a la calle principal, contempla el lugar m\u00e1s importante y haz fotos memorables. Ll\u00e9vate a nuestro hombre libre contigo y encuentra lugares \u00fanicos, seleccionados manualmente por nosotros. <\/p>&#13;\n\r\n\r\n\r\n<div style=\"height:35px\" aria-hidden=\"true\" class=\"wp-block-spacer\"><\/div>\r\n\r\n\r\n&#13;\n<figure class=\"wp-block-image\"><img loading=\"lazy\" decoding=\"async\" width=\"892\" height=\"883\" src=\"http:\/\/bellavida-resort.com\/wp-content\/uploads\/2019\/10\/welcome-2.jpg\" alt=\"\" class=\"wp-image-1155\"\/><\/figure>&#13;\n<\/div><\/div><\/div><\/div><\/div>\r\n<\/div>\r\n<\/div>\r\n\r\n<div style=\"height:47px\" aria-hidden=\"true\" class=\"wp-block-spacer\"><\/div>\r\n\r\n<hr class=\"wp-block-separator is-style-wide\"\/>\r\n\r\n<div class=\"wp-block-getwid-advanced-heading\" style=\"margin-bottom:5px;margin-top:81px\"><h2 class=\"wp-block-getwid-advanced-heading__content\" style=\"text-align:center\">Servicios adicionales<\/h2><\/div>\r\n\r\n<div class=\"wp-block-getwid-advanced-heading\" style=\"margin-bottom:40px\"><span class=\"wp-block-getwid-advanced-heading__content\" style=\"text-align:center\">Despu\u00e9s de reservar cualquier chalet de los que aparecen aqu\u00ed, un gestor de viajes puede organizar cualquiera de estos servicios adicionales<\/span><\/div>\r\n\r\n<div class=\"wp-block-columns has-4-columns is-layout-flex wp-container-core-columns-is-layout-9d6595d7 wp-block-columns-is-layout-flex\">\r\n<div class=\"wp-block-column is-layout-flow wp-block-column-is-layout-flow\">&#13;\n<figure class=\"wp-block-image\"><a href=\"#\"><img loading=\"lazy\" decoding=\"async\" width=\"892\" height=\"892\" src=\"http:\/\/bellavida-resort.com\/wp-content\/uploads\/2019\/10\/Baggage-Storage.jpg\" alt=\"\" class=\"wp-image-1156\"\/><\/a><\/figure>&#13;\n\r\n\r\n\r\n<div class=\"wp-block-getwid-advanced-heading\" style=\"margin-bottom:34px\"><h4 class=\"wp-block-getwid-advanced-heading__content\">Almacenamiento de equipajes<\/h4><\/div>\r\n\r\n\r\n&#13;\n<figure class=\"wp-block-image\"><a href=\"#\"><img loading=\"lazy\" decoding=\"async\" width=\"892\" height=\"892\" src=\"http:\/\/bellavida-resort.com\/wp-content\/uploads\/2019\/10\/Breakfast-Buffet.jpg\" alt=\"\" class=\"wp-image-1157\"\/><\/a><\/figure>&#13;\n\r\n\r\n\r\n<div class=\"wp-block-getwid-advanced-heading\"><h4 class=\"wp-block-getwid-advanced-heading__content\">Desayuno Buffet<\/h4><\/div>\r\n<\/div>\r\n\r\n\r\n\r\n<div class=\"wp-block-column is-layout-flow wp-block-column-is-layout-flow\">&#13;\n<figure class=\"wp-block-image\"><a href=\"#\"><img loading=\"lazy\" decoding=\"async\" width=\"892\" height=\"892\" src=\"http:\/\/bellavida-resort.com\/wp-content\/uploads\/2019\/10\/car-rental.jpg\" alt=\"\" class=\"wp-image-1162\"\/><\/a><\/figure>&#13;\n\r\n\r\n\r\n<div class=\"wp-block-getwid-advanced-heading\" style=\"margin-bottom:34px\"><h4 class=\"wp-block-getwid-advanced-heading__content\">Alquiler de coches<\/h4><\/div>\r\n\r\n\r\n&#13;\n<figure class=\"wp-block-image\"><a href=\"#\"><img loading=\"lazy\" decoding=\"async\" width=\"1600\" height=\"1600\" src=\"http:\/\/bellavida-resort.com\/wp-content\/uploads\/2019\/10\/Free-Exciting-City-Tour.jpg\" alt=\"\" class=\"wp-image-1151\"\/><\/a><\/figure>&#13;\n\r\n\r\n\r\n<div class=\"wp-block-getwid-advanced-heading\"><h4 class=\"wp-block-getwid-advanced-heading__content\">Visita gratuita a la ciudad<\/h4><\/div>\r\n<\/div>\r\n\r\n\r\n\r\n<div class=\"wp-block-column is-layout-flow wp-block-column-is-layout-flow\">&#13;\n<figure class=\"wp-block-image\"><a href=\"#\"><img loading=\"lazy\" decoding=\"async\" width=\"892\" height=\"892\" src=\"http:\/\/bellavida-resort.com\/wp-content\/uploads\/2019\/10\/Delicious-Food-Drinks.jpg\" alt=\"\" class=\"wp-image-1149\"\/><\/a><\/figure>&#13;\n\r\n\r\n\r\n<div class=\"wp-block-getwid-advanced-heading\" style=\"margin-bottom:34px\"><h4 class=\"wp-block-getwid-advanced-heading__content\">Deliciosa comida y bebida<\/h4><\/div>\r\n\r\n\r\n&#13;\n<figure class=\"wp-block-image\"><a href=\"#\"><img loading=\"lazy\" decoding=\"async\" width=\"1350\" height=\"1350\" src=\"http:\/\/bellavida-resort.com\/wp-content\/uploads\/2019\/10\/equipment-rental.jpg\" alt=\"\" class=\"wp-image-1161\"\/><\/a><\/figure>&#13;\n\r\n\r\n\r\n<div class=\"wp-block-getwid-advanced-heading\"><h4 class=\"wp-block-getwid-advanced-heading__content\">Servicio de alquiler de bicicletas<\/h4><\/div>\r\n<\/div>\r\n\r\n\r\n\r\n<div class=\"wp-block-column is-layout-flow wp-block-column-is-layout-flow\">&#13;\n<figure class=\"wp-block-image\"><a href=\"#\"><img loading=\"lazy\" decoding=\"async\" width=\"892\" height=\"892\" src=\"http:\/\/bellavida-resort.com\/wp-content\/uploads\/2019\/10\/childcare.jpg\" alt=\"\" class=\"wp-image-1160\"\/><\/a><\/figure>&#13;\n\r\n\r\n\r\n<div class=\"wp-block-getwid-advanced-heading\" style=\"margin-bottom:34px\"><h4 class=\"wp-block-getwid-advanced-heading__content\">Guarder\u00eda<\/h4><\/div>\r\n\r\n\r\n&#13;\n<figure class=\"wp-block-image\"><a href=\"#\"><img loading=\"lazy\" decoding=\"async\" width=\"892\" height=\"892\" src=\"http:\/\/bellavida-resort.com\/wp-content\/uploads\/2019\/10\/Fun-Arcade-Games.jpg\" alt=\"\" class=\"wp-image-1152\"\/><\/a><\/figure>&#13;\n\r\n\r\n\r\n<div class=\"wp-block-getwid-advanced-heading\"><h4 class=\"wp-block-getwid-advanced-heading__content\">Diversi\u00f3n y juegos de Arcade<\/h4><\/div>\r\n<\/div>\r\n<\/div>\r\n\r\n<div style=\"height:47px\" aria-hidden=\"true\" class=\"wp-block-spacer\"><\/div>\r\n\r\n<hr class=\"wp-block-separator is-style-wide\"\/>\r\n\r\n<div style=\"height:42px\" aria-hidden=\"true\" class=\"wp-block-spacer\"><\/div>\r\n\r\n<div class=\"wp-block-columns has-2-columns is-layout-flex wp-container-core-columns-is-layout-9d6595d7 wp-block-columns-is-layout-flex\">\r\n<div class=\"wp-block-column is-layout-flow wp-block-column-is-layout-flow\">\r\n<div class=\"wp-block-columns has-2-columns is-layout-flex wp-container-core-columns-is-layout-9d6595d7 wp-block-columns-is-layout-flex\">\r\n<div class=\"wp-block-column is-layout-flow wp-block-column-is-layout-flow\">&#13;\n<figure class=\"wp-block-image\"><img loading=\"lazy\" decoding=\"async\" width=\"892\" height=\"1327\" src=\"http:\/\/bellavida-resort.com\/wp-content\/uploads\/2019\/10\/Corporate-Travel-Proposals-1.jpg\" alt=\"\" class=\"wp-image-1158\"\/><\/figure>&#13;\n\r\n\r\n\r\n<div class=\"wp-block-getwid-advanced-heading has-custom-font-size\" style=\"font-size:14px\"><span class=\"wp-block-getwid-advanced-heading__content\" style=\"font-style:italic;padding-right:20px\">La excursi\u00f3n de monta\u00f1a es para los que les gusta el descanso activo y no quieren dormir en la cama todo el d\u00eda.<\/span><\/div>\r\n<\/div>\r\n\r\n\r\n\r\n<div class=\"wp-block-column is-layout-flow wp-block-column-is-layout-flow\">\r\n<div class=\"wp-block-getwid-advanced-spacer getwid-hide-mobile\" style=\"height:45px\" aria-hidden=\"true\"><\/div>\r\n\r\n\r\n\r\n<div class=\"wp-block-getwid-advanced-heading has-custom-font-size\" style=\"font-size:14px;margin-bottom:20px\"><span class=\"wp-block-getwid-advanced-heading__content\" style=\"font-style:italic;padding-left:20px\">El alquiler de un yate ser\u00e1 una gran oportunidad para echar un amplio vistazo a la vida marina de las islas. Podemos organizar cualquier excursi\u00f3n privada que desees. <\/span><\/div>\r\n\r\n\r\n&#13;\n<figure class=\"wp-block-image\"><img loading=\"lazy\" decoding=\"async\" width=\"892\" height=\"1327\" src=\"http:\/\/bellavida-resort.com\/wp-content\/uploads\/2019\/10\/Corporate-Travel-Proposals-2.jpg\" alt=\"\" class=\"wp-image-1150\"\/><\/figure>&#13;\n<\/div>\r\n<\/div>\r\n<\/div>\r\n\r\n\r\n\r\n<div class=\"wp-block-column is-layout-flow wp-block-column-is-layout-flow\">\r\n<div class=\"wp-block-getwid-section\"><div class=\"wp-block-getwid-section__wrapper getwid-padding-top-none getwid-padding-bottom-none getwid-padding-mobile-left-none\" style=\"padding-left:70px\"><div class=\"wp-block-getwid-section__inner-wrapper\"><div class=\"wp-block-getwid-section__background-holder\"><div class=\"wp-block-getwid-section__background\"><\/div><div class=\"wp-block-getwid-section__foreground\"><\/div><\/div><div class=\"wp-block-getwid-section__content\"><div class=\"wp-block-getwid-section__inner-content\">\r\n<div class=\"wp-block-getwid-advanced-heading\" style=\"margin-bottom:30px\"><h2 class=\"wp-block-getwid-advanced-heading__content\">Contacta con nosotros<\/h2><\/div>\r\n\r\n\r\n&#13;\n<p>\u00a1Disfruta al aire libre en nuestras excursiones! Te broncear\u00e1s, escuchar\u00e1s buena m\u00fasica, te zambullir\u00e1s en la piscina, bailar\u00e1s al atardecer y saborear\u00e1s tu c\u00f3ctel favorito. <\/p>&#13;\n\r\n\r\n\r\n<div class=\"wp-block-getwid-advanced-spacer\" style=\"height:20px\" aria-hidden=\"true\"><\/div>\r\n\r\n\r\n        <div class=\"wp-block-getwid-contact-form\" >\n            <form class='wp-block-getwid-contact-form__form'>\n    \r\n        <p class='wp-block-getwid-field-name is-style-half-width'>\n\t    <label\n        for='name-69f5dd3cd2b8c'\n        class='wp-block-getwid-field-name__label'\n    >Your Name<\/label>\n\t    <input id='name-69f5dd3cd2b8c' type='text' name='name'            required=''\n            \/>\n<\/p>\n\r\n\r\n        <p class='wp-block-getwid-field-email is-style-half-width'>\n\t    <label\n\t\tfor='email-69f5dd3cd2e8b'\n        class='wp-block-getwid-field-email__label'\n    >Your Email<\/label>\n\t    <input id='email-69f5dd3cd2e8b' type='email' name='email'             required=''    \/>\n<\/p>\n\r\n\r\n        <p class='wp-block-getwid-field-textarea'>\n\t    <label\n\t\tfor='message-69f5dd3cd2f29'\n        class='wp-block-getwid-field-textarea__label'\n    >Comment<\/label>\n\t    <textarea\n\t\tid='message-69f5dd3cd2f29' rows='5' name='message'            required=''\n            ><\/textarea>\n<\/p>\n\r\n\n    <input name='subject' \t\ttype='hidden'\n\t\/>\n\n\t<p class='wp-block-getwid-contact-form__result'><\/p>\n\n\t<div class='wp-block-getwid-contact-form__submit'>\n\t\t<div class='wp-block-button'>\n\t\t\t<button\n\t\t\t\ttype='submit'\n\t\t\t\tclass='wp-block-button__link '\t\t\t\t\tstyle=''\t\t\t>Send Message<\/button>\n\t\t<\/div>\n\n\t<\/div>\n<\/form>\n        <\/div><\/div><\/div><\/div><\/div><\/div>\r\n<\/div>\r\n<\/div>\r\n\r\n<div class=\"wp-block-getwid-section is-style-rounded\" style=\"margin-top:74px\"><div class=\"wp-block-getwid-section__wrapper\" style=\"min-height:330px\"><div class=\"wp-block-getwid-section__inner-wrapper\"><div class=\"wp-block-getwid-section__background-holder\"><div class=\"wp-block-getwid-section__background\" style=\"background-image:url('http:\/\/bellavida-resort.com\/wp-content\/uploads\/2019\/10\/banner.jpg')\"><div class=\"wp-block-getwid-section__background-image-wrapper\"><img decoding=\"async\" class=\"wp-block-getwid-section__background-image\" src=\"http:\/\/bellavida-resort.com\/wp-content\/uploads\/2019\/10\/banner.jpg\" alt=\"\" data-id=\"1153\"\/><\/div><\/div><div class=\"wp-block-getwid-section__foreground\"><\/div><\/div><div class=\"wp-block-getwid-section__content\"><div class=\"wp-block-getwid-section__inner-content\">\r\n<div class=\"wp-block-getwid-advanced-heading\" style=\"margin-bottom:30px\"><h2 class=\"wp-block-getwid-advanced-heading__content has-text-color has-white-color\" style=\"text-align:center\">Propuestas de viajes de empresa<\/h2><\/div>\r\n\r\n\r\n&#13;\n<div class=\"wp-block-button aligncenter\"><a class=\"wp-block-button__link\" href=\"#\">Reserva ahora<\/a><\/div>&#13;\n<\/div><\/div><\/div><\/div><\/div>\r\n","protected":false},"excerpt":{"rendered":"<p>\u00a1Conocemos todos tus deseos y queremos servirte lo mejor en nuestro Hotel! Por eso puedes explorar el mundo, la vida submarina y el cielo con absoluta facilidad, uni\u00e9ndote a cualquiera de las actividades y consiguiendo momentos inolvidables. <\/p>\n","protected":false},"author":1,"featured_media":0,"parent":0,"menu_order":0,"comment_status":"closed","ping_status":"closed","template":"template-wide-page.php","meta":{"inline_featured_image":false,"footnotes":""},"class_list":["post-4517","page","type-page","status-publish","hentry"],"yoast_head":"<!-- This site is optimized with the Yoast SEO plugin v27.4 - https:\/\/yoast.com\/product\/yoast-seo-wordpress\/ -->\n<title>Servicios - Bella Vida resort, Uluwatu<\/title>\n<meta name=\"robots\" content=\"index, follow, max-snippet:-1, max-image-preview:large, max-video-preview:-1\" \/>\n<link rel=\"canonical\" href=\"https:\/\/bellavida-resort.com\/services\/\" \/>\n<meta property=\"og:locale\" content=\"es_ES\" \/>\n<meta property=\"og:type\" content=\"article\" \/>\n<meta property=\"og:title\" content=\"Servicios - Bella Vida resort, Uluwatu\" \/>\n<meta property=\"og:description\" content=\"\u00a1Conocemos todos tus deseos y queremos servirte lo mejor en nuestro Hotel! Por eso puedes explorar el mundo, la vida submarina y el cielo con absoluta facilidad, uni\u00e9ndote a cualquiera de las actividades y consiguiendo momentos inolvidables.\" \/>\n<meta property=\"og:url\" content=\"https:\/\/bellavida-resort.com\/services\/\" \/>\n<meta property=\"og:site_name\" content=\"Bella Vida resort, Uluwatu\" \/>\n<meta property=\"article:publisher\" content=\"https:\/\/www.facebook.com\/profile.php?id=61584197150341\" \/>\n<meta property=\"article:modified_time\" content=\"2025-03-25T11:32:55+00:00\" \/>\n<meta property=\"og:image\" content=\"http:\/\/bellavida-resort.com\/wp-content\/uploads\/2019\/10\/welcome-1.jpg\" \/>\n<meta name=\"twitter:card\" content=\"summary_large_image\" \/>\n<meta name=\"twitter:label1\" content=\"Tiempo de lectura\" \/>\n\t<meta name=\"twitter:data1\" content=\"1 minuto\" \/>\n<script type=\"application\/ld+json\" class=\"yoast-schema-graph\">{\"@context\":\"https:\\\/\\\/schema.org\",\"@graph\":[{\"@type\":\"WebPage\",\"@id\":\"https:\\\/\\\/bellavida-resort.com\\\/services\\\/\",\"url\":\"https:\\\/\\\/bellavida-resort.com\\\/services\\\/\",\"name\":\"Servicios - Bella Vida resort, Uluwatu\",\"isPartOf\":{\"@id\":\"https:\\\/\\\/bellavida-resort.com\\\/#website\"},\"primaryImageOfPage\":{\"@id\":\"https:\\\/\\\/bellavida-resort.com\\\/services\\\/#primaryimage\"},\"image\":{\"@id\":\"https:\\\/\\\/bellavida-resort.com\\\/services\\\/#primaryimage\"},\"thumbnailUrl\":\"http:\\\/\\\/bellavida-resort.com\\\/wp-content\\\/uploads\\\/2019\\\/10\\\/welcome-1.jpg\",\"datePublished\":\"2019-09-17T14:29:06+00:00\",\"dateModified\":\"2025-03-25T11:32:55+00:00\",\"breadcrumb\":{\"@id\":\"https:\\\/\\\/bellavida-resort.com\\\/services\\\/#breadcrumb\"},\"inLanguage\":\"es\",\"potentialAction\":[{\"@type\":\"ReadAction\",\"target\":[\"https:\\\/\\\/bellavida-resort.com\\\/services\\\/\"]}]},{\"@type\":\"ImageObject\",\"inLanguage\":\"es\",\"@id\":\"https:\\\/\\\/bellavida-resort.com\\\/services\\\/#primaryimage\",\"url\":\"http:\\\/\\\/bellavida-resort.com\\\/wp-content\\\/uploads\\\/2019\\\/10\\\/welcome-1.jpg\",\"contentUrl\":\"http:\\\/\\\/bellavida-resort.com\\\/wp-content\\\/uploads\\\/2019\\\/10\\\/welcome-1.jpg\"},{\"@type\":\"BreadcrumbList\",\"@id\":\"https:\\\/\\\/bellavida-resort.com\\\/services\\\/#breadcrumb\",\"itemListElement\":[{\"@type\":\"ListItem\",\"position\":1,\"name\":\"Home\",\"item\":\"https:\\\/\\\/bellavida-resort.com\\\/es\\\/\"},{\"@type\":\"ListItem\",\"position\":2,\"name\":\"Servicios\"}]},{\"@type\":\"WebSite\",\"@id\":\"https:\\\/\\\/bellavida-resort.com\\\/#website\",\"url\":\"https:\\\/\\\/bellavida-resort.com\\\/\",\"name\":\"Bella Vida resort, Uluwatu Bali\",\"description\":\"The best luxury resort in Bingin\",\"publisher\":{\"@id\":\"https:\\\/\\\/bellavida-resort.com\\\/#organization\"},\"potentialAction\":[{\"@type\":\"SearchAction\",\"target\":{\"@type\":\"EntryPoint\",\"urlTemplate\":\"https:\\\/\\\/bellavida-resort.com\\\/?s={search_term_string}\"},\"query-input\":{\"@type\":\"PropertyValueSpecification\",\"valueRequired\":true,\"valueName\":\"search_term_string\"}}],\"inLanguage\":\"es\"},{\"@type\":\"Organization\",\"@id\":\"https:\\\/\\\/bellavida-resort.com\\\/#organization\",\"name\":\"Bella Vida Resort\",\"url\":\"https:\\\/\\\/bellavida-resort.com\\\/\",\"logo\":{\"@type\":\"ImageObject\",\"inLanguage\":\"es\",\"@id\":\"https:\\\/\\\/bellavida-resort.com\\\/#\\\/schema\\\/logo\\\/image\\\/\",\"url\":\"https:\\\/\\\/bellavida-resort.com\\\/wp-content\\\/uploads\\\/2025\\\/10\\\/cropped-Epson-logo-printer.jpg\",\"contentUrl\":\"https:\\\/\\\/bellavida-resort.com\\\/wp-content\\\/uploads\\\/2025\\\/10\\\/cropped-Epson-logo-printer.jpg\",\"width\":1200,\"height\":313,\"caption\":\"Bella Vida Resort\"},\"image\":{\"@id\":\"https:\\\/\\\/bellavida-resort.com\\\/#\\\/schema\\\/logo\\\/image\\\/\"},\"sameAs\":[\"https:\\\/\\\/www.facebook.com\\\/profile.php?id=61584197150341\",\"https:\\\/\\\/www.instagram.com\\\/bellavidaresortbali\\\/\"]}]}<\/script>\n<!-- \/ Yoast SEO plugin. -->","yoast_head_json":{"title":"Servicios - Bella Vida resort, Uluwatu","robots":{"index":"index","follow":"follow","max-snippet":"max-snippet:-1","max-image-preview":"max-image-preview:large","max-video-preview":"max-video-preview:-1"},"canonical":"https:\/\/bellavida-resort.com\/services\/","og_locale":"es_ES","og_type":"article","og_title":"Servicios - Bella Vida resort, Uluwatu","og_description":"\u00a1Conocemos todos tus deseos y queremos servirte lo mejor en nuestro Hotel! Por eso puedes explorar el mundo, la vida submarina y el cielo con absoluta facilidad, uni\u00e9ndote a cualquiera de las actividades y consiguiendo momentos inolvidables.","og_url":"https:\/\/bellavida-resort.com\/services\/","og_site_name":"Bella Vida resort, Uluwatu","article_publisher":"https:\/\/www.facebook.com\/profile.php?id=61584197150341","article_modified_time":"2025-03-25T11:32:55+00:00","og_image":[{"url":"http:\/\/bellavida-resort.com\/wp-content\/uploads\/2019\/10\/welcome-1.jpg","type":"","width":"","height":""}],"twitter_card":"summary_large_image","twitter_misc":{"Tiempo de lectura":"1 minuto"},"schema":{"@context":"https:\/\/schema.org","@graph":[{"@type":"WebPage","@id":"https:\/\/bellavida-resort.com\/services\/","url":"https:\/\/bellavida-resort.com\/services\/","name":"Servicios - Bella Vida resort, Uluwatu","isPartOf":{"@id":"https:\/\/bellavida-resort.com\/#website"},"primaryImageOfPage":{"@id":"https:\/\/bellavida-resort.com\/services\/#primaryimage"},"image":{"@id":"https:\/\/bellavida-resort.com\/services\/#primaryimage"},"thumbnailUrl":"http:\/\/bellavida-resort.com\/wp-content\/uploads\/2019\/10\/welcome-1.jpg","datePublished":"2019-09-17T14:29:06+00:00","dateModified":"2025-03-25T11:32:55+00:00","breadcrumb":{"@id":"https:\/\/bellavida-resort.com\/services\/#breadcrumb"},"inLanguage":"es","potentialAction":[{"@type":"ReadAction","target":["https:\/\/bellavida-resort.com\/services\/"]}]},{"@type":"ImageObject","inLanguage":"es","@id":"https:\/\/bellavida-resort.com\/services\/#primaryimage","url":"http:\/\/bellavida-resort.com\/wp-content\/uploads\/2019\/10\/welcome-1.jpg","contentUrl":"http:\/\/bellavida-resort.com\/wp-content\/uploads\/2019\/10\/welcome-1.jpg"},{"@type":"BreadcrumbList","@id":"https:\/\/bellavida-resort.com\/services\/#breadcrumb","itemListElement":[{"@type":"ListItem","position":1,"name":"Home","item":"https:\/\/bellavida-resort.com\/es\/"},{"@type":"ListItem","position":2,"name":"Servicios"}]},{"@type":"WebSite","@id":"https:\/\/bellavida-resort.com\/#website","url":"https:\/\/bellavida-resort.com\/","name":"Bella Vida resort, Uluwatu Bali","description":"The best luxury resort in Bingin","publisher":{"@id":"https:\/\/bellavida-resort.com\/#organization"},"potentialAction":[{"@type":"SearchAction","target":{"@type":"EntryPoint","urlTemplate":"https:\/\/bellavida-resort.com\/?s={search_term_string}"},"query-input":{"@type":"PropertyValueSpecification","valueRequired":true,"valueName":"search_term_string"}}],"inLanguage":"es"},{"@type":"Organization","@id":"https:\/\/bellavida-resort.com\/#organization","name":"Bella Vida Resort","url":"https:\/\/bellavida-resort.com\/","logo":{"@type":"ImageObject","inLanguage":"es","@id":"https:\/\/bellavida-resort.com\/#\/schema\/logo\/image\/","url":"https:\/\/bellavida-resort.com\/wp-content\/uploads\/2025\/10\/cropped-Epson-logo-printer.jpg","contentUrl":"https:\/\/bellavida-resort.com\/wp-content\/uploads\/2025\/10\/cropped-Epson-logo-printer.jpg","width":1200,"height":313,"caption":"Bella Vida Resort"},"image":{"@id":"https:\/\/bellavida-resort.com\/#\/schema\/logo\/image\/"},"sameAs":["https:\/\/www.facebook.com\/profile.php?id=61584197150341","https:\/\/www.instagram.com\/bellavidaresortbali\/"]}]}},"_links":{"self":[{"href":"https:\/\/bellavida-resort.com\/es\/wp-json\/wp\/v2\/pages\/4517","targetHints":{"allow":["GET"]}}],"collection":[{"href":"https:\/\/bellavida-resort.com\/es\/wp-json\/wp\/v2\/pages"}],"about":[{"href":"https:\/\/bellavida-resort.com\/es\/wp-json\/wp\/v2\/types\/page"}],"author":[{"embeddable":true,"href":"https:\/\/bellavida-resort.com\/es\/wp-json\/wp\/v2\/users\/1"}],"replies":[{"embeddable":true,"href":"https:\/\/bellavida-resort.com\/es\/wp-json\/wp\/v2\/comments?post=4517"}],"version-history":[{"count":1,"href":"https:\/\/bellavida-resort.com\/es\/wp-json\/wp\/v2\/pages\/4517\/revisions"}],"predecessor-version":[{"id":4518,"href":"https:\/\/bellavida-resort.com\/es\/wp-json\/wp\/v2\/pages\/4517\/revisions\/4518"}],"wp:attachment":[{"href":"https:\/\/bellavida-resort.com\/es\/wp-json\/wp\/v2\/media?parent=4517"}],"curies":[{"name":"wp","href":"https:\/\/api.w.org\/{rel}","templated":true}]}}