{"id":3569,"date":"2024-01-30T14:37:03","date_gmt":"2024-01-30T14:37:03","guid":{"rendered":"https:\/\/bellavida-resort.com\/product\/bali-flitterwochen-paket\/"},"modified":"2026-02-25T08:42:15","modified_gmt":"2026-02-25T08:42:15","slug":"honeymoon-package","status":"publish","type":"product","link":"https:\/\/bellavida-resort.com\/de\/produkt\/honeymoon-package\/","title":{"rendered":"Bali Flitterwochen Paket"},"content":{"rendered":"<h1>Flitterwochen<\/h1>\n<p>Schaffen Sie mit unseren <strong>unvergesslichen Bali-Flitterwochen-Paketen<\/strong> unvergessliche Erinnerungen an Ihre Traumflitterwochen. Diese Pakete wurden entwickelt, um Ihre romantische Reise wirklich au\u00dfergew\u00f6hnlich zu machen. Sie sind Ihr Schl\u00fcssel zu einer unvergesslichen Reise der Liebe in einem der bezauberndsten Reiseziele der Welt.<\/p>\n<p><strong>Inklusive Paket:<\/strong><\/p>\n<h2>Wohltuende Massage f\u00fcr zwei<\/h2>\n<p>G\u00f6nnen Sie sich pure Entspannung und Verbundenheit mit unserer wohltuenden Paarmassage. Lassen Sie sich von den geschickten H\u00e4nden der balinesischen Masseurinnen in eine Welt der Ruhe entf\u00fchren, in der Sie und Ihr Partner sich in der Gesellschaft des anderen entspannen und verj\u00fcngen k\u00f6nnen.<\/p>\n<h2>Romantisches Willkommenspaket<\/h2>\n<p>Beginnen Sie Ihre Flitterwochen mit einem Hauch von Romantik. Ihr Zimmer ist mit Rosenbl\u00e4ttern, Duftkerzen und charmanten \u00dcberraschungen dekoriert und schafft so die perfekte Atmosph\u00e4re f\u00fcr Ihren romantischen Kurzurlaub auf Bali.<\/p>\n<h2>Sekt oder Schampus<\/h2>\n<p>Sto\u00dfen Sie mit einer Flasche exquisiten Weins oder Champagners auf Ihre Liebe an. Genie\u00dfen Sie einen privaten Moment zu zweit, w\u00e4hrend Sie den Geschmack eines erstklassigen Weins oder Sekts genie\u00dfen, um Ihre Flitterwochen noch besonderer zu machen.<\/p>\n<p>Die atemberaubenden Landschaften, die lebendige Kultur und die ruhigen Str\u00e4nde von Bali bieten die perfekte Kulisse f\u00fcr Ihr romantisches Abenteuer. Mit unseren Unforgettable Bali Honeymoon Packages k\u00f6nnen Sie sich darauf konzentrieren, sch\u00f6ne Erinnerungen zu schaffen, w\u00e4hrend wir uns um die Details k\u00fcmmern.<\/p>\n<p>W\u00e4hlen Sie das Paket, das zu Ihrer Liebesgeschichte passt, und buchen Sie noch heute Ihre Traumflitterwochen auf Bali. Erkunden Sie die nat\u00fcrliche Sch\u00f6nheit der Insel, tauchen Sie ein in ihre reiche Kultur und feiern Sie Ihre Liebe mit Stil. Machen Sie Ihre Flitterwochen auf Bali zu einem unvergesslichen Erlebnis mit unseren speziell zusammengestellten Paketen.<\/p>\n","protected":false},"excerpt":{"rendered":"<p>Paket f\u00fcr eine perfekte Hochzeitsreise nach Bali. Bitte w\u00e4hlen Sie Ihre Vorliebe f\u00fcr Champagner, Wein oder Ros\u00e9, und wir werden Ihnen einen unvergesslichen Aufenthalt bereiten. <\/p>\n","protected":false},"featured_media":2747,"comment_status":"open","ping_status":"closed","template":"","meta":{"inline_featured_image":false},"product_brand":[],"product_cat":[388],"product_tag":[101,100],"class_list":{"0":"post-3569","1":"product","2":"type-product","3":"status-publish","4":"has-post-thumbnail","6":"product_cat-romantic","7":"product_tag-bali","8":"product_tag-honeymoon","9":"wcpa_has_options","11":"first","12":"instock","13":"shipping-taxable","14":"purchasable","15":"product-type-simple"},"yoast_head":"<!-- This site is optimized with the Yoast SEO plugin v27.4 - https:\/\/yoast.com\/product\/yoast-seo-wordpress\/ -->\n<title>Bali Flitterwochen Paket - Bella Vida resort, Uluwatu<\/title>\n<meta name=\"robots\" content=\"index, follow, max-snippet:-1, max-image-preview:large, max-video-preview:-1\" \/>\n<link rel=\"canonical\" href=\"https:\/\/bellavida-resort.com\/de\/produkt\/honeymoon-package\/\" \/>\n<meta property=\"og:locale\" content=\"de_DE\" \/>\n<meta property=\"og:type\" content=\"article\" \/>\n<meta property=\"og:title\" content=\"Bali Flitterwochen Paket - Bella Vida resort, Uluwatu\" \/>\n<meta property=\"og:description\" content=\"Paket f\u00fcr eine perfekte Hochzeitsreise nach Bali. Bitte w\u00e4hlen Sie Ihre Vorliebe f\u00fcr Champagner, Wein oder Ros\u00e9, und wir werden Ihnen einen unvergesslichen Aufenthalt bereiten.\" \/>\n<meta property=\"og:url\" content=\"https:\/\/bellavida-resort.com\/de\/produkt\/honeymoon-package\/\" \/>\n<meta property=\"og:site_name\" content=\"Bella Vida resort, Uluwatu\" \/>\n<meta property=\"article:publisher\" content=\"https:\/\/www.facebook.com\/profile.php?id=61584197150341\" \/>\n<meta property=\"article:modified_time\" content=\"2026-02-25T08:42:15+00:00\" \/>\n<meta property=\"og:image\" content=\"https:\/\/bellavida-resort.com\/wp-content\/uploads\/2024\/01\/total-honeymoon-package.jpg\" \/>\n\t<meta property=\"og:image:width\" content=\"892\" \/>\n\t<meta property=\"og:image:height\" content=\"892\" \/>\n\t<meta property=\"og:image:type\" content=\"image\/jpeg\" \/>\n<meta name=\"twitter:card\" content=\"summary_large_image\" \/>\n<meta name=\"twitter:label1\" content=\"Gesch\u00e4tzte Lesezeit\" \/>\n\t<meta name=\"twitter:data1\" content=\"1\u00a0Minute\" \/>\n<script type=\"application\/ld+json\" class=\"yoast-schema-graph\">{\"@context\":\"https:\\\/\\\/schema.org\",\"@graph\":[{\"@type\":\"WebPage\",\"@id\":\"https:\\\/\\\/bellavida-resort.com\\\/de\\\/produkt\\\/honeymoon-package\\\/\",\"url\":\"https:\\\/\\\/bellavida-resort.com\\\/de\\\/produkt\\\/honeymoon-package\\\/\",\"name\":\"Bali Flitterwochen Paket - Bella Vida resort, Uluwatu\",\"isPartOf\":{\"@id\":\"https:\\\/\\\/bellavida-resort.com\\\/#website\"},\"primaryImageOfPage\":{\"@id\":\"https:\\\/\\\/bellavida-resort.com\\\/de\\\/produkt\\\/honeymoon-package\\\/#primaryimage\"},\"image\":{\"@id\":\"https:\\\/\\\/bellavida-resort.com\\\/de\\\/produkt\\\/honeymoon-package\\\/#primaryimage\"},\"thumbnailUrl\":\"https:\\\/\\\/bellavida-resort.com\\\/wp-content\\\/uploads\\\/2024\\\/01\\\/total-honeymoon-package.jpg\",\"datePublished\":\"2024-01-30T14:37:03+00:00\",\"dateModified\":\"2026-02-25T08:42:15+00:00\",\"breadcrumb\":{\"@id\":\"https:\\\/\\\/bellavida-resort.com\\\/de\\\/produkt\\\/honeymoon-package\\\/#breadcrumb\"},\"inLanguage\":\"de\",\"potentialAction\":[{\"@type\":\"ReadAction\",\"target\":[\"https:\\\/\\\/bellavida-resort.com\\\/de\\\/produkt\\\/honeymoon-package\\\/\"]}]},{\"@type\":\"ImageObject\",\"inLanguage\":\"de\",\"@id\":\"https:\\\/\\\/bellavida-resort.com\\\/de\\\/produkt\\\/honeymoon-package\\\/#primaryimage\",\"url\":\"https:\\\/\\\/bellavida-resort.com\\\/wp-content\\\/uploads\\\/2024\\\/01\\\/total-honeymoon-package.jpg\",\"contentUrl\":\"https:\\\/\\\/bellavida-resort.com\\\/wp-content\\\/uploads\\\/2024\\\/01\\\/total-honeymoon-package.jpg\",\"width\":892,\"height\":892,\"caption\":\"Flitterwochen-Paket Bali\"},{\"@type\":\"BreadcrumbList\",\"@id\":\"https:\\\/\\\/bellavida-resort.com\\\/de\\\/produkt\\\/honeymoon-package\\\/#breadcrumb\",\"itemListElement\":[{\"@type\":\"ListItem\",\"position\":1,\"name\":\"Home\",\"item\":\"https:\\\/\\\/bellavida-resort.com\\\/de\\\/\"},{\"@type\":\"ListItem\",\"position\":2,\"name\":\"Shop\",\"item\":\"https:\\\/\\\/bellavida-resort.com\\\/de\\\/shop-2\\\/\"},{\"@type\":\"ListItem\",\"position\":3,\"name\":\"Bali Flitterwochen Paket\"}]},{\"@type\":\"WebSite\",\"@id\":\"https:\\\/\\\/bellavida-resort.com\\\/#website\",\"url\":\"https:\\\/\\\/bellavida-resort.com\\\/\",\"name\":\"Bella Vida resort, Uluwatu Bali\",\"description\":\"The best luxury resort in Bingin\",\"publisher\":{\"@id\":\"https:\\\/\\\/bellavida-resort.com\\\/#organization\"},\"potentialAction\":[{\"@type\":\"SearchAction\",\"target\":{\"@type\":\"EntryPoint\",\"urlTemplate\":\"https:\\\/\\\/bellavida-resort.com\\\/?s={search_term_string}\"},\"query-input\":{\"@type\":\"PropertyValueSpecification\",\"valueRequired\":true,\"valueName\":\"search_term_string\"}}],\"inLanguage\":\"de\"},{\"@type\":\"Organization\",\"@id\":\"https:\\\/\\\/bellavida-resort.com\\\/#organization\",\"name\":\"Bella Vida Resort\",\"url\":\"https:\\\/\\\/bellavida-resort.com\\\/\",\"logo\":{\"@type\":\"ImageObject\",\"inLanguage\":\"de\",\"@id\":\"https:\\\/\\\/bellavida-resort.com\\\/#\\\/schema\\\/logo\\\/image\\\/\",\"url\":\"https:\\\/\\\/bellavida-resort.com\\\/wp-content\\\/uploads\\\/2025\\\/10\\\/cropped-Epson-logo-printer.jpg\",\"contentUrl\":\"https:\\\/\\\/bellavida-resort.com\\\/wp-content\\\/uploads\\\/2025\\\/10\\\/cropped-Epson-logo-printer.jpg\",\"width\":1200,\"height\":313,\"caption\":\"Bella Vida Resort\"},\"image\":{\"@id\":\"https:\\\/\\\/bellavida-resort.com\\\/#\\\/schema\\\/logo\\\/image\\\/\"},\"sameAs\":[\"https:\\\/\\\/www.facebook.com\\\/profile.php?id=61584197150341\",\"https:\\\/\\\/www.instagram.com\\\/bellavidaresortbali\\\/\"]}]}<\/script>\n<!-- \/ Yoast SEO plugin. -->","yoast_head_json":{"title":"Bali Flitterwochen Paket - Bella Vida resort, Uluwatu","robots":{"index":"index","follow":"follow","max-snippet":"max-snippet:-1","max-image-preview":"max-image-preview:large","max-video-preview":"max-video-preview:-1"},"canonical":"https:\/\/bellavida-resort.com\/de\/produkt\/honeymoon-package\/","og_locale":"de_DE","og_type":"article","og_title":"Bali Flitterwochen Paket - Bella Vida resort, Uluwatu","og_description":"Paket f\u00fcr eine perfekte Hochzeitsreise nach Bali. Bitte w\u00e4hlen Sie Ihre Vorliebe f\u00fcr Champagner, Wein oder Ros\u00e9, und wir werden Ihnen einen unvergesslichen Aufenthalt bereiten.","og_url":"https:\/\/bellavida-resort.com\/de\/produkt\/honeymoon-package\/","og_site_name":"Bella Vida resort, Uluwatu","article_publisher":"https:\/\/www.facebook.com\/profile.php?id=61584197150341","article_modified_time":"2026-02-25T08:42:15+00:00","og_image":[{"width":892,"height":892,"url":"https:\/\/bellavida-resort.com\/wp-content\/uploads\/2024\/01\/total-honeymoon-package.jpg","type":"image\/jpeg"}],"twitter_card":"summary_large_image","twitter_misc":{"Gesch\u00e4tzte Lesezeit":"1\u00a0Minute"},"schema":{"@context":"https:\/\/schema.org","@graph":[{"@type":"WebPage","@id":"https:\/\/bellavida-resort.com\/de\/produkt\/honeymoon-package\/","url":"https:\/\/bellavida-resort.com\/de\/produkt\/honeymoon-package\/","name":"Bali Flitterwochen Paket - Bella Vida resort, Uluwatu","isPartOf":{"@id":"https:\/\/bellavida-resort.com\/#website"},"primaryImageOfPage":{"@id":"https:\/\/bellavida-resort.com\/de\/produkt\/honeymoon-package\/#primaryimage"},"image":{"@id":"https:\/\/bellavida-resort.com\/de\/produkt\/honeymoon-package\/#primaryimage"},"thumbnailUrl":"https:\/\/bellavida-resort.com\/wp-content\/uploads\/2024\/01\/total-honeymoon-package.jpg","datePublished":"2024-01-30T14:37:03+00:00","dateModified":"2026-02-25T08:42:15+00:00","breadcrumb":{"@id":"https:\/\/bellavida-resort.com\/de\/produkt\/honeymoon-package\/#breadcrumb"},"inLanguage":"de","potentialAction":[{"@type":"ReadAction","target":["https:\/\/bellavida-resort.com\/de\/produkt\/honeymoon-package\/"]}]},{"@type":"ImageObject","inLanguage":"de","@id":"https:\/\/bellavida-resort.com\/de\/produkt\/honeymoon-package\/#primaryimage","url":"https:\/\/bellavida-resort.com\/wp-content\/uploads\/2024\/01\/total-honeymoon-package.jpg","contentUrl":"https:\/\/bellavida-resort.com\/wp-content\/uploads\/2024\/01\/total-honeymoon-package.jpg","width":892,"height":892,"caption":"Flitterwochen-Paket Bali"},{"@type":"BreadcrumbList","@id":"https:\/\/bellavida-resort.com\/de\/produkt\/honeymoon-package\/#breadcrumb","itemListElement":[{"@type":"ListItem","position":1,"name":"Home","item":"https:\/\/bellavida-resort.com\/de\/"},{"@type":"ListItem","position":2,"name":"Shop","item":"https:\/\/bellavida-resort.com\/de\/shop-2\/"},{"@type":"ListItem","position":3,"name":"Bali Flitterwochen Paket"}]},{"@type":"WebSite","@id":"https:\/\/bellavida-resort.com\/#website","url":"https:\/\/bellavida-resort.com\/","name":"Bella Vida resort, Uluwatu Bali","description":"The best luxury resort in Bingin","publisher":{"@id":"https:\/\/bellavida-resort.com\/#organization"},"potentialAction":[{"@type":"SearchAction","target":{"@type":"EntryPoint","urlTemplate":"https:\/\/bellavida-resort.com\/?s={search_term_string}"},"query-input":{"@type":"PropertyValueSpecification","valueRequired":true,"valueName":"search_term_string"}}],"inLanguage":"de"},{"@type":"Organization","@id":"https:\/\/bellavida-resort.com\/#organization","name":"Bella Vida Resort","url":"https:\/\/bellavida-resort.com\/","logo":{"@type":"ImageObject","inLanguage":"de","@id":"https:\/\/bellavida-resort.com\/#\/schema\/logo\/image\/","url":"https:\/\/bellavida-resort.com\/wp-content\/uploads\/2025\/10\/cropped-Epson-logo-printer.jpg","contentUrl":"https:\/\/bellavida-resort.com\/wp-content\/uploads\/2025\/10\/cropped-Epson-logo-printer.jpg","width":1200,"height":313,"caption":"Bella Vida Resort"},"image":{"@id":"https:\/\/bellavida-resort.com\/#\/schema\/logo\/image\/"},"sameAs":["https:\/\/www.facebook.com\/profile.php?id=61584197150341","https:\/\/www.instagram.com\/bellavidaresortbali\/"]}]}},"wcpa_form_fields":{"wcpaData":{"product":{"product_price":1350000,"price_html":"<span class=\"woocommerce-Price-amount amount\"><bdi><span class=\"woocommerce-Price-currencySymbol\">Rp<\/span>1.350.000<\/bdi><\/span>","original_product_price":1350000,"price_including_tax":1350000,"price_excluding_tax":1350000,"product_id":{"parent":3569,"variation":false},"is_variable":false,"stock_status":"instock","stock_quantity":null,"parent_sku":"married-pack-1","product_attributes":[],"custom_fields":[],"is_taxable":false,"product_name":"Bali Flitterwochen Paket"},"fields":{"sec_665bfb183243ae":{"extra":{"key":"sec_665bfb183243ae","section_id":"sec_665bfb183243ae","name":"Default","status":1,"cl_rule":"show","enableCl":false,"relations":[],"toggle":true,"title_tag":"h3","show_title":false,"showPrice":"default","layout_option":"standard","form_id":4889,"form_rules":{"exclude_from_discount":false,"fee_label":"Fee","disp_hide_options_price":false,"disp_show_section_price":false,"disp_show_field_price":true,"layout_option":"standard","pric_use_as_fee":false,"process_fee_as":"woo_fee"}},"fields":[[{"active":true,"col":1,"relations":false,"cl_rule":"show","enableCl":false,"price":"","enablePrice":false,"className":"","label_position":"default","desc_position":"default","type":"image-group","required":false,"elementId":"image_1649808753","label":"Bottle","name":"image_1649808753","enable_popup":"no","multiple":false,"layOut":"col-4","img_selection_type":"shadow","disp_type":"circle","values":[{"label":"Champagne","value":"Champagne","selected":true,"image":"http:\/\/bellavida-resort.com\/wp-content\/uploads\/2024\/02\/champagne.jpg","thumb":"http:\/\/bellavida-resort.com\/wp-content\/uploads\/2024\/02\/champagne.jpg","tempId":"aco_855","image_id":2726,"thumb_src":"https:\/\/bellavida-resort.com\/wp-content\/uploads\/2024\/02\/champagne.jpg","gt_translate_keys":["label"]},{"label":"Rose","value":"Rose","selected":false,"image":"http:\/\/bellavida-resort.com\/wp-content\/uploads\/2024\/02\/rose.jpg","thumb":"http:\/\/bellavida-resort.com\/wp-content\/uploads\/2024\/02\/rose.jpg","tempId":"aco_856","image_id":2714,"thumb_src":"https:\/\/bellavida-resort.com\/wp-content\/uploads\/2024\/02\/rose.jpg","gt_translate_keys":["label"]},{"label":"White wine","value":"White wine","selected":false,"image":"http:\/\/bellavida-resort.com\/wp-content\/uploads\/2024\/02\/white-wine.jpg","thumb":"http:\/\/bellavida-resort.com\/wp-content\/uploads\/2024\/02\/white-wine.jpg","tempId":"aco_1380","image_id":2708,"thumb_src":"https:\/\/bellavida-resort.com\/wp-content\/uploads\/2024\/02\/white-wine.jpg","gt_translate_keys":["label"]},{"label":"Red wine","value":"Red wine","selected":false,"image":"http:\/\/bellavida-resort.com\/wp-content\/uploads\/2024\/02\/red-wine.jpg","thumb":"http:\/\/bellavida-resort.com\/wp-content\/uploads\/2024\/02\/red-wine.jpg","tempId":"aco_857","image_id":2720,"thumb_src":"https:\/\/bellavida-resort.com\/wp-content\/uploads\/2024\/02\/red-wine.jpg","gt_translate_keys":["label"]}],"disp_size_img":{"width":75,"height":75},"error":false,"enableDesign":false,"LabelColor":"","DescColor":"","DescSize":"","LabelSize":"","gt_translate_keys":["label"],"price_dependency":false,"cl_dependency":false,"value":""}]]}},"config":{"price_override":"","enable_recaptcha":false,"bind_quantity":false,"quantity_bind_formula":false,"disp_summ_show_option_price":true,"disp_summ_show_product_price":true,"disp_summ_show_total_price":true,"disp_summ_show_fee":false,"disp_summ_show_discount":false,"summary_title":"","options_total_label":"Options Price","total_label":"Total","options_product_label":"Product Price","fee_label":"Fee","discount_label":"Discount","has_price":true,"has_quantity_formula":false},"mc_unit":1,"tax_rate":1,"tax_rate_real":1,"discount":{"percentage":0,"fixed":0},"design":{"conf":{"LabelPosition":"above","DescPosition":"above","UploadField":"custom_1","QuantityFieldStyle":"default"},"css":{"LeftLabelWidth":"120px"}},"formulas":[],"clones":false,"cartKey":false}},"_links":{"self":[{"href":"https:\/\/bellavida-resort.com\/de\/wp-json\/wp\/v2\/product\/3569","targetHints":{"allow":["GET"]}}],"collection":[{"href":"https:\/\/bellavida-resort.com\/de\/wp-json\/wp\/v2\/product"}],"about":[{"href":"https:\/\/bellavida-resort.com\/de\/wp-json\/wp\/v2\/types\/product"}],"replies":[{"embeddable":true,"href":"https:\/\/bellavida-resort.com\/de\/wp-json\/wp\/v2\/comments?post=3569"}],"wp:featuredmedia":[{"embeddable":true,"href":"https:\/\/bellavida-resort.com\/de\/wp-json\/wp\/v2\/media\/2747"}],"wp:attachment":[{"href":"https:\/\/bellavida-resort.com\/de\/wp-json\/wp\/v2\/media?parent=3569"}],"wp:term":[{"taxonomy":"product_brand","embeddable":true,"href":"https:\/\/bellavida-resort.com\/de\/wp-json\/wp\/v2\/product_brand?post=3569"},{"taxonomy":"product_cat","embeddable":true,"href":"https:\/\/bellavida-resort.com\/de\/wp-json\/wp\/v2\/product_cat?post=3569"},{"taxonomy":"product_tag","embeddable":true,"href":"https:\/\/bellavida-resort.com\/de\/wp-json\/wp\/v2\/product_tag?post=3569"}],"curies":[{"name":"wp","href":"https:\/\/api.w.org\/{rel}","templated":true}]}}