{"id":3359,"date":"2024-02-09T12:42:13","date_gmt":"2024-02-09T12:42:13","guid":{"rendered":"https:\/\/bellavida-resort.com\/product\/halbtaegige-uluwatu-tour\/"},"modified":"2026-02-25T08:41:25","modified_gmt":"2026-02-25T08:41:25","slug":"half-day-uluwatu-tour","status":"publish","type":"product","link":"https:\/\/bellavida-resort.com\/de\/produkt\/half-day-uluwatu-tour\/","title":{"rendered":"Halbt\u00e4gige Uluwatu Tour"},"content":{"rendered":"<br \/>\n<h2>Uluwatu-Tempel<\/h2>\n<p>Der Uluwatu-Tempel, der auf einer dramatischen Klippe \u00fcber dem Indischen Ozean thront, ist ein heiliger balinesischer Meerestempel, der f\u00fcr seine atemberaubenden Ausblicke auf den Sonnenuntergang bekannt ist. Der Tempel ist ein architektonisches Wunderwerk und dem Schutz der Insel vor b\u00f6sen Geistern gewidmet. Besucher k\u00f6nnen in der Tempelanlage fesselnde Kecak-Tanzvorf\u00fchrungen erleben, die den kulturellen Reichtum des Ortes noch verst\u00e4rken. Der Uluwatu-Tempel bietet sowohl eine spirituelle Bedeutung als auch eine atemberaubende Landschaft, was ihn zu einem unverzichtbaren Ziel auf Bali macht.   <\/p>\n<h3>Kecak und Feuertanzvorf\u00fchrung ansehen<\/h3>\n<p>Die Kecak- und Feuertanzvorf\u00fchrung ist eine faszinierende kulturelle Erfahrung auf Bali. Dieser traditionelle balinesische Tanz erz\u00e4hlt die epische Geschichte des Ramayana mit rhythmischen Ges\u00e4ngen und fesselnden Bewegungen. Der H\u00f6hepunkt ist der dramatische Feuertanz, bei dem die Darsteller auf hei\u00dfen Kohlen tanzen, ohne sich zu verletzen, und das Publikum in Ehrfurcht erstarren lassen. Lassen Sie sich diese bezaubernde Auff\u00fchrung nicht entgehen und tauchen Sie ein in das reiche kulturelle Erbe Balis.   <\/p>\n<h3>Halbt\u00e4gige Uluwatu Touren:<\/h3>\n<ul>\n<li>16:00 &#8211; Abholung im Hotel<\/li>\n<li>17.00 &#8211; Feuertanzvorf\u00fchrung im Uluwatu-Tempel<\/li>\n<li>18.00 &#8211; Kecak und Feuertanz ansehen<\/li>\n<li>19.00 &#8211; Zur\u00fcck zum Hotel<\/li>\n<li>20.00 &#8211; Ankunft im Hotel<\/li>\n<\/ul>\n<p><em>*Preis beinhaltet nicht das Mittagessen und die Eintrittsgeb\u00fchr<\/em><\/p>\n<h3>Halbt\u00e4gige Uluwatu Touren Preis:<\/h3>\n<p>Die Tour, die wir anbieten, basiert auf einer privaten Tour.<\/p>\n","protected":false},"excerpt":{"rendered":"<p>Erkunden Sie Balis Naturwunder und Kultursch\u00e4tze mit unserem exklusiven Reisepaket. Entdecken Sie den Uluwatu-Tempel und die faszinierende Kecak- und Feuertanzvorf\u00fchrung.  <\/p>\n","protected":false},"featured_media":2981,"comment_status":"open","ping_status":"closed","template":"","meta":{"inline_featured_image":false},"product_brand":[],"product_cat":[124],"product_tag":[126,125,165],"class_list":{"0":"post-3359","1":"product","2":"type-product","3":"status-publish","4":"has-post-thumbnail","6":"product_cat-aktivitaten","7":"product_tag-aktivitat","8":"product_tag-bali-de","9":"product_tag-halbtagestour","10":"wcpa_has_options","12":"first","13":"instock","14":"shipping-taxable","15":"purchasable","16":"product-type-simple"},"yoast_head":"<!-- This site is optimized with the Yoast SEO plugin v27.4 - https:\/\/yoast.com\/product\/yoast-seo-wordpress\/ -->\n<title>Halbt\u00e4gige Uluwatu Tour - Bella Vida resort, Uluwatu<\/title>\n<meta name=\"robots\" content=\"index, follow, max-snippet:-1, max-image-preview:large, max-video-preview:-1\" \/>\n<link rel=\"canonical\" href=\"https:\/\/bellavida-resort.com\/produkt\/half-day-uluwatu-tour\/\" \/>\n<meta property=\"og:locale\" content=\"de_DE\" \/>\n<meta property=\"og:type\" content=\"article\" \/>\n<meta property=\"og:title\" content=\"Halbt\u00e4gige Uluwatu Tour - Bella Vida resort, Uluwatu\" \/>\n<meta property=\"og:description\" content=\"Erkunden Sie Balis Naturwunder und Kultursch\u00e4tze mit unserem exklusiven Reisepaket. Entdecken Sie den Uluwatu-Tempel und die faszinierende Kecak- und Feuertanzvorf\u00fchrung.\" \/>\n<meta property=\"og:url\" content=\"https:\/\/bellavida-resort.com\/produkt\/half-day-uluwatu-tour\/\" \/>\n<meta property=\"og:site_name\" content=\"Bella Vida resort, Uluwatu\" \/>\n<meta property=\"article:publisher\" content=\"https:\/\/www.facebook.com\/profile.php?id=61584197150341\" \/>\n<meta property=\"article:modified_time\" content=\"2026-02-25T08:41:25+00:00\" \/>\n<meta property=\"og:image\" content=\"https:\/\/bellavida-resort.com\/wp-content\/uploads\/2024\/02\/Kecak-and-Fire-Dance-Performance.jpg\" \/>\n\t<meta property=\"og:image:width\" content=\"600\" \/>\n\t<meta property=\"og:image:height\" content=\"400\" \/>\n\t<meta property=\"og:image:type\" content=\"image\/jpeg\" \/>\n<meta name=\"twitter:card\" content=\"summary_large_image\" \/>\n<meta name=\"twitter:label1\" content=\"Gesch\u00e4tzte Lesezeit\" \/>\n\t<meta name=\"twitter:data1\" content=\"1\u00a0Minute\" \/>\n<script type=\"application\/ld+json\" class=\"yoast-schema-graph\">{\"@context\":\"https:\\\/\\\/schema.org\",\"@graph\":[{\"@type\":\"WebPage\",\"@id\":\"https:\\\/\\\/bellavida-resort.com\\\/produkt\\\/half-day-uluwatu-tour\\\/\",\"url\":\"https:\\\/\\\/bellavida-resort.com\\\/produkt\\\/half-day-uluwatu-tour\\\/\",\"name\":\"Halbt\u00e4gige Uluwatu Tour - Bella Vida resort, Uluwatu\",\"isPartOf\":{\"@id\":\"https:\\\/\\\/bellavida-resort.com\\\/#website\"},\"primaryImageOfPage\":{\"@id\":\"https:\\\/\\\/bellavida-resort.com\\\/produkt\\\/half-day-uluwatu-tour\\\/#primaryimage\"},\"image\":{\"@id\":\"https:\\\/\\\/bellavida-resort.com\\\/produkt\\\/half-day-uluwatu-tour\\\/#primaryimage\"},\"thumbnailUrl\":\"https:\\\/\\\/bellavida-resort.com\\\/wp-content\\\/uploads\\\/2024\\\/02\\\/Kecak-and-Fire-Dance-Performance.jpg\",\"datePublished\":\"2024-02-09T12:42:13+00:00\",\"dateModified\":\"2026-02-25T08:41:25+00:00\",\"breadcrumb\":{\"@id\":\"https:\\\/\\\/bellavida-resort.com\\\/produkt\\\/half-day-uluwatu-tour\\\/#breadcrumb\"},\"inLanguage\":\"de\",\"potentialAction\":[{\"@type\":\"ReadAction\",\"target\":[\"https:\\\/\\\/bellavida-resort.com\\\/produkt\\\/half-day-uluwatu-tour\\\/\"]}]},{\"@type\":\"ImageObject\",\"inLanguage\":\"de\",\"@id\":\"https:\\\/\\\/bellavida-resort.com\\\/produkt\\\/half-day-uluwatu-tour\\\/#primaryimage\",\"url\":\"https:\\\/\\\/bellavida-resort.com\\\/wp-content\\\/uploads\\\/2024\\\/02\\\/Kecak-and-Fire-Dance-Performance.jpg\",\"contentUrl\":\"https:\\\/\\\/bellavida-resort.com\\\/wp-content\\\/uploads\\\/2024\\\/02\\\/Kecak-and-Fire-Dance-Performance.jpg\",\"width\":600,\"height\":400,\"caption\":\"Kecak und Feuertanzvorf\u00fchrung\"},{\"@type\":\"BreadcrumbList\",\"@id\":\"https:\\\/\\\/bellavida-resort.com\\\/produkt\\\/half-day-uluwatu-tour\\\/#breadcrumb\",\"itemListElement\":[{\"@type\":\"ListItem\",\"position\":1,\"name\":\"Home\",\"item\":\"https:\\\/\\\/bellavida-resort.com\\\/de\\\/\"},{\"@type\":\"ListItem\",\"position\":2,\"name\":\"Shop\",\"item\":\"https:\\\/\\\/bellavida-resort.com\\\/de\\\/shop-2\\\/\"},{\"@type\":\"ListItem\",\"position\":3,\"name\":\"Halbt\u00e4gige Uluwatu Tour\"}]},{\"@type\":\"WebSite\",\"@id\":\"https:\\\/\\\/bellavida-resort.com\\\/#website\",\"url\":\"https:\\\/\\\/bellavida-resort.com\\\/\",\"name\":\"Bella Vida resort, Uluwatu Bali\",\"description\":\"The best luxury resort in Bingin\",\"publisher\":{\"@id\":\"https:\\\/\\\/bellavida-resort.com\\\/#organization\"},\"potentialAction\":[{\"@type\":\"SearchAction\",\"target\":{\"@type\":\"EntryPoint\",\"urlTemplate\":\"https:\\\/\\\/bellavida-resort.com\\\/?s={search_term_string}\"},\"query-input\":{\"@type\":\"PropertyValueSpecification\",\"valueRequired\":true,\"valueName\":\"search_term_string\"}}],\"inLanguage\":\"de\"},{\"@type\":\"Organization\",\"@id\":\"https:\\\/\\\/bellavida-resort.com\\\/#organization\",\"name\":\"Bella Vida Resort\",\"url\":\"https:\\\/\\\/bellavida-resort.com\\\/\",\"logo\":{\"@type\":\"ImageObject\",\"inLanguage\":\"de\",\"@id\":\"https:\\\/\\\/bellavida-resort.com\\\/#\\\/schema\\\/logo\\\/image\\\/\",\"url\":\"https:\\\/\\\/bellavida-resort.com\\\/wp-content\\\/uploads\\\/2025\\\/10\\\/cropped-Epson-logo-printer.jpg\",\"contentUrl\":\"https:\\\/\\\/bellavida-resort.com\\\/wp-content\\\/uploads\\\/2025\\\/10\\\/cropped-Epson-logo-printer.jpg\",\"width\":1200,\"height\":313,\"caption\":\"Bella Vida Resort\"},\"image\":{\"@id\":\"https:\\\/\\\/bellavida-resort.com\\\/#\\\/schema\\\/logo\\\/image\\\/\"},\"sameAs\":[\"https:\\\/\\\/www.facebook.com\\\/profile.php?id=61584197150341\",\"https:\\\/\\\/www.instagram.com\\\/bellavidaresortbali\\\/\"]}]}<\/script>\n<!-- \/ Yoast SEO plugin. -->","yoast_head_json":{"title":"Halbt\u00e4gige Uluwatu Tour - Bella Vida resort, Uluwatu","robots":{"index":"index","follow":"follow","max-snippet":"max-snippet:-1","max-image-preview":"max-image-preview:large","max-video-preview":"max-video-preview:-1"},"canonical":"https:\/\/bellavida-resort.com\/produkt\/half-day-uluwatu-tour\/","og_locale":"de_DE","og_type":"article","og_title":"Halbt\u00e4gige Uluwatu Tour - Bella Vida resort, Uluwatu","og_description":"Erkunden Sie Balis Naturwunder und Kultursch\u00e4tze mit unserem exklusiven Reisepaket. Entdecken Sie den Uluwatu-Tempel und die faszinierende Kecak- und Feuertanzvorf\u00fchrung.","og_url":"https:\/\/bellavida-resort.com\/produkt\/half-day-uluwatu-tour\/","og_site_name":"Bella Vida resort, Uluwatu","article_publisher":"https:\/\/www.facebook.com\/profile.php?id=61584197150341","article_modified_time":"2026-02-25T08:41:25+00:00","og_image":[{"width":600,"height":400,"url":"https:\/\/bellavida-resort.com\/wp-content\/uploads\/2024\/02\/Kecak-and-Fire-Dance-Performance.jpg","type":"image\/jpeg"}],"twitter_card":"summary_large_image","twitter_misc":{"Gesch\u00e4tzte Lesezeit":"1\u00a0Minute"},"schema":{"@context":"https:\/\/schema.org","@graph":[{"@type":"WebPage","@id":"https:\/\/bellavida-resort.com\/produkt\/half-day-uluwatu-tour\/","url":"https:\/\/bellavida-resort.com\/produkt\/half-day-uluwatu-tour\/","name":"Halbt\u00e4gige Uluwatu Tour - Bella Vida resort, Uluwatu","isPartOf":{"@id":"https:\/\/bellavida-resort.com\/#website"},"primaryImageOfPage":{"@id":"https:\/\/bellavida-resort.com\/produkt\/half-day-uluwatu-tour\/#primaryimage"},"image":{"@id":"https:\/\/bellavida-resort.com\/produkt\/half-day-uluwatu-tour\/#primaryimage"},"thumbnailUrl":"https:\/\/bellavida-resort.com\/wp-content\/uploads\/2024\/02\/Kecak-and-Fire-Dance-Performance.jpg","datePublished":"2024-02-09T12:42:13+00:00","dateModified":"2026-02-25T08:41:25+00:00","breadcrumb":{"@id":"https:\/\/bellavida-resort.com\/produkt\/half-day-uluwatu-tour\/#breadcrumb"},"inLanguage":"de","potentialAction":[{"@type":"ReadAction","target":["https:\/\/bellavida-resort.com\/produkt\/half-day-uluwatu-tour\/"]}]},{"@type":"ImageObject","inLanguage":"de","@id":"https:\/\/bellavida-resort.com\/produkt\/half-day-uluwatu-tour\/#primaryimage","url":"https:\/\/bellavida-resort.com\/wp-content\/uploads\/2024\/02\/Kecak-and-Fire-Dance-Performance.jpg","contentUrl":"https:\/\/bellavida-resort.com\/wp-content\/uploads\/2024\/02\/Kecak-and-Fire-Dance-Performance.jpg","width":600,"height":400,"caption":"Kecak und Feuertanzvorf\u00fchrung"},{"@type":"BreadcrumbList","@id":"https:\/\/bellavida-resort.com\/produkt\/half-day-uluwatu-tour\/#breadcrumb","itemListElement":[{"@type":"ListItem","position":1,"name":"Home","item":"https:\/\/bellavida-resort.com\/de\/"},{"@type":"ListItem","position":2,"name":"Shop","item":"https:\/\/bellavida-resort.com\/de\/shop-2\/"},{"@type":"ListItem","position":3,"name":"Halbt\u00e4gige Uluwatu Tour"}]},{"@type":"WebSite","@id":"https:\/\/bellavida-resort.com\/#website","url":"https:\/\/bellavida-resort.com\/","name":"Bella Vida resort, Uluwatu Bali","description":"The best luxury resort in Bingin","publisher":{"@id":"https:\/\/bellavida-resort.com\/#organization"},"potentialAction":[{"@type":"SearchAction","target":{"@type":"EntryPoint","urlTemplate":"https:\/\/bellavida-resort.com\/?s={search_term_string}"},"query-input":{"@type":"PropertyValueSpecification","valueRequired":true,"valueName":"search_term_string"}}],"inLanguage":"de"},{"@type":"Organization","@id":"https:\/\/bellavida-resort.com\/#organization","name":"Bella Vida Resort","url":"https:\/\/bellavida-resort.com\/","logo":{"@type":"ImageObject","inLanguage":"de","@id":"https:\/\/bellavida-resort.com\/#\/schema\/logo\/image\/","url":"https:\/\/bellavida-resort.com\/wp-content\/uploads\/2025\/10\/cropped-Epson-logo-printer.jpg","contentUrl":"https:\/\/bellavida-resort.com\/wp-content\/uploads\/2025\/10\/cropped-Epson-logo-printer.jpg","width":1200,"height":313,"caption":"Bella Vida Resort"},"image":{"@id":"https:\/\/bellavida-resort.com\/#\/schema\/logo\/image\/"},"sameAs":["https:\/\/www.facebook.com\/profile.php?id=61584197150341","https:\/\/www.instagram.com\/bellavidaresortbali\/"]}]}},"wcpa_form_fields":{"wcpaData":{"product":{"product_price":850000,"price_html":"<span class=\"woocommerce-Price-amount amount\"><bdi><span class=\"woocommerce-Price-currencySymbol\">Rp<\/span>850.000<\/bdi><\/span>","original_product_price":850000,"price_including_tax":850000,"price_excluding_tax":850000,"product_id":{"parent":3359,"variation":false},"is_variable":false,"stock_status":"instock","stock_quantity":null,"parent_sku":"half day Uluwatu tour","product_attributes":[],"custom_fields":[],"is_taxable":false,"product_name":"Halbt\u00e4gige Uluwatu Tour"},"fields":{"sec_065bfae3d35176":{"extra":{"key":"sec_065bfae3d35176","section_id":"sec_065bfae3d35176","name":"Default","status":1,"cl_rule":"show","enableCl":false,"relations":[],"toggle":true,"title_tag":"h3","show_title":false,"showPrice":"default","form_id":4890,"form_rules":{"exclude_from_discount":false,"fee_label":"Fee","disp_hide_options_price":false,"disp_show_section_price":false,"disp_show_field_price":true,"layout_option":"standard","pric_use_as_fee":false,"process_fee_as":"woo_fee"},"layout_option":"standard"},"fields":[[{"active":true,"col":3,"relations":false,"cl_rule":"show","enableCl":false,"price":"","enablePrice":false,"className":"","label_position":"default","desc_position":"default","type":"text","subtype":"text","required":true,"elementId":"text_1240273600","label":"Booking number","name":"text_1240273600","value":"","error":false,"gt_translate_keys":["label","value"],"price_dependency":false,"cl_dependency":false}],[{"active":true,"col":3,"relations":false,"cl_rule":"show","enableCl":false,"price":"","enablePrice":false,"className":"","label_position":"default","desc_position":"default","type":"date","required":true,"elementId":"date_3601660151","name":"date_3601660151","label":"Date Field","picker_type":"custom","picker_mode":"single","error":false,"gt_translate_keys":["label"],"price_dependency":false,"cl_dependency":false,"value":""}]]}},"config":{"price_override":"","enable_recaptcha":false,"bind_quantity":false,"quantity_bind_formula":false,"disp_summ_show_option_price":true,"disp_summ_show_product_price":true,"disp_summ_show_total_price":true,"disp_summ_show_fee":false,"disp_summ_show_discount":false,"summary_title":"","options_total_label":"Options Price","total_label":"Total","options_product_label":"Product Price","fee_label":"Fee","discount_label":"Discount","has_price":true,"has_quantity_formula":false},"mc_unit":1,"tax_rate":1,"tax_rate_real":1,"discount":{"percentage":0,"fixed":0},"design":{"conf":{"LabelPosition":"above","DescPosition":"above","UploadField":"custom_1","QuantityFieldStyle":"default"},"css":{"LeftLabelWidth":"120px"}},"formulas":[],"clones":false,"cartKey":false}},"_links":{"self":[{"href":"https:\/\/bellavida-resort.com\/de\/wp-json\/wp\/v2\/product\/3359","targetHints":{"allow":["GET"]}}],"collection":[{"href":"https:\/\/bellavida-resort.com\/de\/wp-json\/wp\/v2\/product"}],"about":[{"href":"https:\/\/bellavida-resort.com\/de\/wp-json\/wp\/v2\/types\/product"}],"replies":[{"embeddable":true,"href":"https:\/\/bellavida-resort.com\/de\/wp-json\/wp\/v2\/comments?post=3359"}],"wp:featuredmedia":[{"embeddable":true,"href":"https:\/\/bellavida-resort.com\/de\/wp-json\/wp\/v2\/media\/2981"}],"wp:attachment":[{"href":"https:\/\/bellavida-resort.com\/de\/wp-json\/wp\/v2\/media?parent=3359"}],"wp:term":[{"taxonomy":"product_brand","embeddable":true,"href":"https:\/\/bellavida-resort.com\/de\/wp-json\/wp\/v2\/product_brand?post=3359"},{"taxonomy":"product_cat","embeddable":true,"href":"https:\/\/bellavida-resort.com\/de\/wp-json\/wp\/v2\/product_cat?post=3359"},{"taxonomy":"product_tag","embeddable":true,"href":"https:\/\/bellavida-resort.com\/de\/wp-json\/wp\/v2\/product_tag?post=3359"}],"curies":[{"name":"wp","href":"https:\/\/api.w.org\/{rel}","templated":true}]}}