{"id":5988,"date":"2026-02-03T13:01:58","date_gmt":"2026-02-03T13:01:58","guid":{"rendered":"https:\/\/bellavida-resort.com\/uluwatu-bali-guide-2\/"},"modified":"2026-02-05T14:06:55","modified_gmt":"2026-02-05T14:06:55","slug":"uluwatu-bali-guide","status":"publish","type":"page","link":"https:\/\/bellavida-resort.com\/de\/uluwatu-bali-guide\/","title":{"rendered":"Uluwatu &amp; Bali Reisef\u00fchrer"},"content":{"rendered":"<p class=\"bv-lead\">Ihr kompletter Uluwatu &amp; Bali Reisef\u00fchrer mit handverlesenen Erlebnissen, lokalen Einblicken und Inspiration f\u00fcr einen raffinierten Inselaufenthalt in der N\u00e4he des Bella Vida Resorts.<\/p>\n<div class=\"bv-tags\"><span class=\"bv-tag\">\u2713 Uluwatu<\/span><br \/>\n<span class=\"bv-tag\">\u2713 Luxus-Retreats<\/span><br \/>\n<span class=\"bv-tag\">\u2713 Lokale Tipps<\/span><\/div>\n<p>Uluwatu ist eines der fesselndsten Reiseziele Balis &#8211; bekannt f\u00fcr seine dramatischen Klippen, Weltklasse-Surfbretter, spirituellen Sehensw\u00fcrdigkeiten und einen entspannten Luxus-Lifestyle. Von ikonischen Sonnenunterg\u00e4ngen und kulturellen Darbietungen bis hin zu versteckten Str\u00e4nden und Wellness-Retreats bietet dieser Teil der Insel eine perfekte Mischung aus Natur, Kultur und Komfort. <\/p>\n<p>In diesem Uluwatu &amp; Bali Reisef\u00fchrer stellen wir Ihnen sorgf\u00e4ltig ausgew\u00e4hlte Blogartikel zur Verf\u00fcgung, damit Sie die Region wie ein Einheimischer erkunden k\u00f6nnen. Ganz gleich, ob Sie auf der Suche nach Aktivit\u00e4ten in der N\u00e4he des Bella Vida Resorts sind, einen Tagesausflug planen oder einfach nur Inspirationen f\u00fcr einen sinnvollen Aufenthalt auf Bali suchen, unser Blog soll Sie leiten &#8211; ruhig, klar und authentisch. <\/p>\n","protected":false},"excerpt":{"rendered":"<p>Ihr kompletter Uluwatu &amp; Bali Reisef\u00fchrer mit handverlesenen Erlebnissen, lokalen Einblicken und Inspiration f\u00fcr einen raffinierten Inselaufenthalt in der N\u00e4he des Bella Vida Resorts. \u2713 Uluwatu \u2713 Luxus-Retreats \u2713 Lokale Tipps Uluwatu ist eines der fesselndsten Reiseziele Balis &#8211; bekannt f\u00fcr seine dramatischen Klippen, Weltklasse-Surfbretter, spirituellen Sehensw\u00fcrdigkeiten und einen entspannten Luxus-Lifestyle. Von ikonischen Sonnenunterg\u00e4ngen und [&hellip;]<\/p>\n","protected":false},"author":6,"featured_media":0,"parent":0,"menu_order":0,"comment_status":"closed","ping_status":"closed","template":"page-uluwatu-bali-guide.php","meta":{"inline_featured_image":false,"footnotes":""},"class_list":["post-5988","page","type-page","status-publish","hentry"],"yoast_head":"<!-- This site is optimized with the Yoast SEO plugin v27.4 - https:\/\/yoast.com\/product\/yoast-seo-wordpress\/ -->\n<title>Uluwatu &amp; Bali Reisef\u00fchrer - Bella Vida resort, Uluwatu<\/title>\n<meta name=\"robots\" content=\"index, follow, max-snippet:-1, max-image-preview:large, max-video-preview:-1\" \/>\n<link rel=\"canonical\" href=\"https:\/\/bellavida-resort.com\/uluwatu-bali-guide\/\" \/>\n<meta property=\"og:locale\" content=\"de_DE\" \/>\n<meta property=\"og:type\" content=\"article\" \/>\n<meta property=\"og:title\" content=\"Uluwatu &amp; Bali Reisef\u00fchrer - Bella Vida resort, Uluwatu\" \/>\n<meta property=\"og:description\" content=\"Ihr kompletter Uluwatu &amp; Bali Reisef\u00fchrer mit handverlesenen Erlebnissen, lokalen Einblicken und Inspiration f\u00fcr einen raffinierten Inselaufenthalt in der N\u00e4he des Bella Vida Resorts. \u2713 Uluwatu \u2713 Luxus-Retreats \u2713 Lokale Tipps Uluwatu ist eines der fesselndsten Reiseziele Balis &#8211; bekannt f\u00fcr seine dramatischen Klippen, Weltklasse-Surfbretter, spirituellen Sehensw\u00fcrdigkeiten und einen entspannten Luxus-Lifestyle. Von ikonischen Sonnenunterg\u00e4ngen und [&hellip;]\" \/>\n<meta property=\"og:url\" content=\"https:\/\/bellavida-resort.com\/uluwatu-bali-guide\/\" \/>\n<meta property=\"og:site_name\" content=\"Bella Vida resort, Uluwatu\" \/>\n<meta property=\"article:publisher\" content=\"https:\/\/www.facebook.com\/profile.php?id=61584197150341\" \/>\n<meta property=\"article:modified_time\" content=\"2026-02-05T14:06:55+00:00\" \/>\n<meta name=\"twitter:card\" content=\"summary_large_image\" \/>\n<meta name=\"twitter:label1\" content=\"Gesch\u00e4tzte Lesezeit\" \/>\n\t<meta name=\"twitter:data1\" content=\"1\u00a0Minute\" \/>\n<script type=\"application\/ld+json\" class=\"yoast-schema-graph\">{\"@context\":\"https:\\\/\\\/schema.org\",\"@graph\":[{\"@type\":\"WebPage\",\"@id\":\"https:\\\/\\\/bellavida-resort.com\\\/uluwatu-bali-guide\\\/\",\"url\":\"https:\\\/\\\/bellavida-resort.com\\\/uluwatu-bali-guide\\\/\",\"name\":\"Uluwatu &amp; Bali Reisef\u00fchrer - Bella Vida resort, Uluwatu\",\"isPartOf\":{\"@id\":\"https:\\\/\\\/bellavida-resort.com\\\/#website\"},\"datePublished\":\"2026-02-03T13:01:58+00:00\",\"dateModified\":\"2026-02-05T14:06:55+00:00\",\"breadcrumb\":{\"@id\":\"https:\\\/\\\/bellavida-resort.com\\\/uluwatu-bali-guide\\\/#breadcrumb\"},\"inLanguage\":\"de\",\"potentialAction\":[{\"@type\":\"ReadAction\",\"target\":[\"https:\\\/\\\/bellavida-resort.com\\\/uluwatu-bali-guide\\\/\"]}]},{\"@type\":\"BreadcrumbList\",\"@id\":\"https:\\\/\\\/bellavida-resort.com\\\/uluwatu-bali-guide\\\/#breadcrumb\",\"itemListElement\":[{\"@type\":\"ListItem\",\"position\":1,\"name\":\"Home\",\"item\":\"https:\\\/\\\/bellavida-resort.com\\\/de\\\/\"},{\"@type\":\"ListItem\",\"position\":2,\"name\":\"Uluwatu &amp; Bali Reisef\u00fchrer\"}]},{\"@type\":\"WebSite\",\"@id\":\"https:\\\/\\\/bellavida-resort.com\\\/#website\",\"url\":\"https:\\\/\\\/bellavida-resort.com\\\/\",\"name\":\"Bella Vida resort, Uluwatu Bali\",\"description\":\"The best luxury resort in Bingin\",\"publisher\":{\"@id\":\"https:\\\/\\\/bellavida-resort.com\\\/#organization\"},\"potentialAction\":[{\"@type\":\"SearchAction\",\"target\":{\"@type\":\"EntryPoint\",\"urlTemplate\":\"https:\\\/\\\/bellavida-resort.com\\\/?s={search_term_string}\"},\"query-input\":{\"@type\":\"PropertyValueSpecification\",\"valueRequired\":true,\"valueName\":\"search_term_string\"}}],\"inLanguage\":\"de\"},{\"@type\":\"Organization\",\"@id\":\"https:\\\/\\\/bellavida-resort.com\\\/#organization\",\"name\":\"Bella Vida Resort\",\"url\":\"https:\\\/\\\/bellavida-resort.com\\\/\",\"logo\":{\"@type\":\"ImageObject\",\"inLanguage\":\"de\",\"@id\":\"https:\\\/\\\/bellavida-resort.com\\\/#\\\/schema\\\/logo\\\/image\\\/\",\"url\":\"https:\\\/\\\/bellavida-resort.com\\\/wp-content\\\/uploads\\\/2025\\\/10\\\/cropped-Epson-logo-printer.jpg\",\"contentUrl\":\"https:\\\/\\\/bellavida-resort.com\\\/wp-content\\\/uploads\\\/2025\\\/10\\\/cropped-Epson-logo-printer.jpg\",\"width\":1200,\"height\":313,\"caption\":\"Bella Vida Resort\"},\"image\":{\"@id\":\"https:\\\/\\\/bellavida-resort.com\\\/#\\\/schema\\\/logo\\\/image\\\/\"},\"sameAs\":[\"https:\\\/\\\/www.facebook.com\\\/profile.php?id=61584197150341\",\"https:\\\/\\\/www.instagram.com\\\/bellavidaresortbali\\\/\"]}]}<\/script>\n<!-- \/ Yoast SEO plugin. -->","yoast_head_json":{"title":"Uluwatu &amp; Bali Reisef\u00fchrer - Bella Vida resort, Uluwatu","robots":{"index":"index","follow":"follow","max-snippet":"max-snippet:-1","max-image-preview":"max-image-preview:large","max-video-preview":"max-video-preview:-1"},"canonical":"https:\/\/bellavida-resort.com\/uluwatu-bali-guide\/","og_locale":"de_DE","og_type":"article","og_title":"Uluwatu &amp; Bali Reisef\u00fchrer - Bella Vida resort, Uluwatu","og_description":"Ihr kompletter Uluwatu &amp; Bali Reisef\u00fchrer mit handverlesenen Erlebnissen, lokalen Einblicken und Inspiration f\u00fcr einen raffinierten Inselaufenthalt in der N\u00e4he des Bella Vida Resorts. \u2713 Uluwatu \u2713 Luxus-Retreats \u2713 Lokale Tipps Uluwatu ist eines der fesselndsten Reiseziele Balis &#8211; bekannt f\u00fcr seine dramatischen Klippen, Weltklasse-Surfbretter, spirituellen Sehensw\u00fcrdigkeiten und einen entspannten Luxus-Lifestyle. Von ikonischen Sonnenunterg\u00e4ngen und [&hellip;]","og_url":"https:\/\/bellavida-resort.com\/uluwatu-bali-guide\/","og_site_name":"Bella Vida resort, Uluwatu","article_publisher":"https:\/\/www.facebook.com\/profile.php?id=61584197150341","article_modified_time":"2026-02-05T14:06:55+00:00","twitter_card":"summary_large_image","twitter_misc":{"Gesch\u00e4tzte Lesezeit":"1\u00a0Minute"},"schema":{"@context":"https:\/\/schema.org","@graph":[{"@type":"WebPage","@id":"https:\/\/bellavida-resort.com\/uluwatu-bali-guide\/","url":"https:\/\/bellavida-resort.com\/uluwatu-bali-guide\/","name":"Uluwatu &amp; Bali Reisef\u00fchrer - Bella Vida resort, Uluwatu","isPartOf":{"@id":"https:\/\/bellavida-resort.com\/#website"},"datePublished":"2026-02-03T13:01:58+00:00","dateModified":"2026-02-05T14:06:55+00:00","breadcrumb":{"@id":"https:\/\/bellavida-resort.com\/uluwatu-bali-guide\/#breadcrumb"},"inLanguage":"de","potentialAction":[{"@type":"ReadAction","target":["https:\/\/bellavida-resort.com\/uluwatu-bali-guide\/"]}]},{"@type":"BreadcrumbList","@id":"https:\/\/bellavida-resort.com\/uluwatu-bali-guide\/#breadcrumb","itemListElement":[{"@type":"ListItem","position":1,"name":"Home","item":"https:\/\/bellavida-resort.com\/de\/"},{"@type":"ListItem","position":2,"name":"Uluwatu &amp; Bali Reisef\u00fchrer"}]},{"@type":"WebSite","@id":"https:\/\/bellavida-resort.com\/#website","url":"https:\/\/bellavida-resort.com\/","name":"Bella Vida resort, Uluwatu Bali","description":"The best luxury resort in Bingin","publisher":{"@id":"https:\/\/bellavida-resort.com\/#organization"},"potentialAction":[{"@type":"SearchAction","target":{"@type":"EntryPoint","urlTemplate":"https:\/\/bellavida-resort.com\/?s={search_term_string}"},"query-input":{"@type":"PropertyValueSpecification","valueRequired":true,"valueName":"search_term_string"}}],"inLanguage":"de"},{"@type":"Organization","@id":"https:\/\/bellavida-resort.com\/#organization","name":"Bella Vida Resort","url":"https:\/\/bellavida-resort.com\/","logo":{"@type":"ImageObject","inLanguage":"de","@id":"https:\/\/bellavida-resort.com\/#\/schema\/logo\/image\/","url":"https:\/\/bellavida-resort.com\/wp-content\/uploads\/2025\/10\/cropped-Epson-logo-printer.jpg","contentUrl":"https:\/\/bellavida-resort.com\/wp-content\/uploads\/2025\/10\/cropped-Epson-logo-printer.jpg","width":1200,"height":313,"caption":"Bella Vida Resort"},"image":{"@id":"https:\/\/bellavida-resort.com\/#\/schema\/logo\/image\/"},"sameAs":["https:\/\/www.facebook.com\/profile.php?id=61584197150341","https:\/\/www.instagram.com\/bellavidaresortbali\/"]}]}},"_links":{"self":[{"href":"https:\/\/bellavida-resort.com\/de\/wp-json\/wp\/v2\/pages\/5988","targetHints":{"allow":["GET"]}}],"collection":[{"href":"https:\/\/bellavida-resort.com\/de\/wp-json\/wp\/v2\/pages"}],"about":[{"href":"https:\/\/bellavida-resort.com\/de\/wp-json\/wp\/v2\/types\/page"}],"author":[{"embeddable":true,"href":"https:\/\/bellavida-resort.com\/de\/wp-json\/wp\/v2\/users\/6"}],"replies":[{"embeddable":true,"href":"https:\/\/bellavida-resort.com\/de\/wp-json\/wp\/v2\/comments?post=5988"}],"version-history":[{"count":5,"href":"https:\/\/bellavida-resort.com\/de\/wp-json\/wp\/v2\/pages\/5988\/revisions"}],"predecessor-version":[{"id":6394,"href":"https:\/\/bellavida-resort.com\/de\/wp-json\/wp\/v2\/pages\/5988\/revisions\/6394"}],"wp:attachment":[{"href":"https:\/\/bellavida-resort.com\/de\/wp-json\/wp\/v2\/media?parent=5988"}],"curies":[{"name":"wp","href":"https:\/\/api.w.org\/{rel}","templated":true}]}}