{"id":5722,"date":"2026-02-02T16:03:18","date_gmt":"2026-02-02T16:03:18","guid":{"rendered":"https:\/\/bellavida-resort.com\/uluwatu-bali-travel-guide\/"},"modified":"2026-02-03T08:23:59","modified_gmt":"2026-02-03T08:23:59","slug":"uluwatu-bali-travel-guide","status":"publish","type":"page","link":"https:\/\/bellavida-resort.com\/de\/uluwatu-bali-travel-guide\/","title":{"rendered":"Uluwatu Bali Reisef\u00fchrer"},"content":{"rendered":"<section style=\"max-width: 1100px; margin: 60px auto 40px; padding: 0 20px; text-align: center;\">\n<p style=\"max-width: 820px; margin: 0 auto; font-size: 17px; line-height: 1.7; color: #555;\">Entdecken Sie Str\u00e4nde, Sonnenunterg\u00e4nge, kulturelle Highlights und Tagesausfl\u00fcge in der N\u00e4he des <strong>Bella Vida Resort<\/strong> in Uluwatu (Pecatu), Bali. Unsere Reisef\u00fchrer helfen Ihnen, die besten Erlebnisse w\u00e4hrend Ihres Aufenthalts zu planen. <\/p>\n<\/section>\n","protected":false},"excerpt":{"rendered":"<p>Entdecken Sie Str\u00e4nde, Sonnenunterg\u00e4nge, kulturelle Highlights und Tagesausfl\u00fcge in der N\u00e4he des Bella Vida Resort in Uluwatu (Pecatu), Bali. Unsere Reisef\u00fchrer helfen Ihnen, die besten Erlebnisse w\u00e4hrend Ihres Aufenthalts zu planen.<\/p>\n","protected":false},"author":6,"featured_media":0,"parent":0,"menu_order":0,"comment_status":"closed","ping_status":"closed","template":"","meta":{"inline_featured_image":false,"footnotes":""},"class_list":["post-5722","page","type-page","status-publish","hentry"],"yoast_head":"<!-- This site is optimized with the Yoast SEO plugin v27.4 - https:\/\/yoast.com\/product\/yoast-seo-wordpress\/ -->\n<title>Uluwatu Bali Reisef\u00fchrer - Bella Vida resort, Uluwatu<\/title>\n<meta name=\"robots\" content=\"index, follow, max-snippet:-1, max-image-preview:large, max-video-preview:-1\" \/>\n<link rel=\"canonical\" href=\"https:\/\/bellavida-resort.com\/de\/uluwatu-bali-travel-guide\/\" \/>\n<meta property=\"og:locale\" content=\"de_DE\" \/>\n<meta property=\"og:type\" content=\"article\" \/>\n<meta property=\"og:title\" content=\"Uluwatu Bali Reisef\u00fchrer - Bella Vida resort, Uluwatu\" \/>\n<meta property=\"og:description\" content=\"Entdecken Sie Str\u00e4nde, Sonnenunterg\u00e4nge, kulturelle Highlights und Tagesausfl\u00fcge in der N\u00e4he des Bella Vida Resort in Uluwatu (Pecatu), Bali. Unsere Reisef\u00fchrer helfen Ihnen, die besten Erlebnisse w\u00e4hrend Ihres Aufenthalts zu planen.\" \/>\n<meta property=\"og:url\" content=\"https:\/\/bellavida-resort.com\/de\/uluwatu-bali-travel-guide\/\" \/>\n<meta property=\"og:site_name\" content=\"Bella Vida resort, Uluwatu\" \/>\n<meta property=\"article:publisher\" content=\"https:\/\/www.facebook.com\/profile.php?id=61584197150341\" \/>\n<meta property=\"article:modified_time\" content=\"2026-02-03T08:23:59+00:00\" \/>\n<meta name=\"twitter:card\" content=\"summary_large_image\" \/>\n<script type=\"application\/ld+json\" class=\"yoast-schema-graph\">{\"@context\":\"https:\\\/\\\/schema.org\",\"@graph\":[{\"@type\":\"WebPage\",\"@id\":\"https:\\\/\\\/bellavida-resort.com\\\/de\\\/uluwatu-bali-travel-guide\\\/\",\"url\":\"https:\\\/\\\/bellavida-resort.com\\\/de\\\/uluwatu-bali-travel-guide\\\/\",\"name\":\"Uluwatu Bali Reisef\u00fchrer - Bella Vida resort, Uluwatu\",\"isPartOf\":{\"@id\":\"https:\\\/\\\/bellavida-resort.com\\\/#website\"},\"datePublished\":\"2026-02-02T16:03:18+00:00\",\"dateModified\":\"2026-02-03T08:23:59+00:00\",\"breadcrumb\":{\"@id\":\"https:\\\/\\\/bellavida-resort.com\\\/de\\\/uluwatu-bali-travel-guide\\\/#breadcrumb\"},\"inLanguage\":\"de\",\"potentialAction\":[{\"@type\":\"ReadAction\",\"target\":[\"https:\\\/\\\/bellavida-resort.com\\\/de\\\/uluwatu-bali-travel-guide\\\/\"]}]},{\"@type\":\"BreadcrumbList\",\"@id\":\"https:\\\/\\\/bellavida-resort.com\\\/de\\\/uluwatu-bali-travel-guide\\\/#breadcrumb\",\"itemListElement\":[{\"@type\":\"ListItem\",\"position\":1,\"name\":\"Home\",\"item\":\"https:\\\/\\\/bellavida-resort.com\\\/de\\\/\"},{\"@type\":\"ListItem\",\"position\":2,\"name\":\"Uluwatu Bali Reisef\u00fchrer\"}]},{\"@type\":\"WebSite\",\"@id\":\"https:\\\/\\\/bellavida-resort.com\\\/#website\",\"url\":\"https:\\\/\\\/bellavida-resort.com\\\/\",\"name\":\"Bella Vida resort, Uluwatu Bali\",\"description\":\"The best luxury resort in Bingin\",\"publisher\":{\"@id\":\"https:\\\/\\\/bellavida-resort.com\\\/#organization\"},\"potentialAction\":[{\"@type\":\"SearchAction\",\"target\":{\"@type\":\"EntryPoint\",\"urlTemplate\":\"https:\\\/\\\/bellavida-resort.com\\\/?s={search_term_string}\"},\"query-input\":{\"@type\":\"PropertyValueSpecification\",\"valueRequired\":true,\"valueName\":\"search_term_string\"}}],\"inLanguage\":\"de\"},{\"@type\":\"Organization\",\"@id\":\"https:\\\/\\\/bellavida-resort.com\\\/#organization\",\"name\":\"Bella Vida Resort\",\"url\":\"https:\\\/\\\/bellavida-resort.com\\\/\",\"logo\":{\"@type\":\"ImageObject\",\"inLanguage\":\"de\",\"@id\":\"https:\\\/\\\/bellavida-resort.com\\\/#\\\/schema\\\/logo\\\/image\\\/\",\"url\":\"https:\\\/\\\/bellavida-resort.com\\\/wp-content\\\/uploads\\\/2025\\\/10\\\/cropped-Epson-logo-printer.jpg\",\"contentUrl\":\"https:\\\/\\\/bellavida-resort.com\\\/wp-content\\\/uploads\\\/2025\\\/10\\\/cropped-Epson-logo-printer.jpg\",\"width\":1200,\"height\":313,\"caption\":\"Bella Vida Resort\"},\"image\":{\"@id\":\"https:\\\/\\\/bellavida-resort.com\\\/#\\\/schema\\\/logo\\\/image\\\/\"},\"sameAs\":[\"https:\\\/\\\/www.facebook.com\\\/profile.php?id=61584197150341\",\"https:\\\/\\\/www.instagram.com\\\/bellavidaresortbali\\\/\"]}]}<\/script>\n<!-- \/ Yoast SEO plugin. -->","yoast_head_json":{"title":"Uluwatu Bali Reisef\u00fchrer - Bella Vida resort, Uluwatu","robots":{"index":"index","follow":"follow","max-snippet":"max-snippet:-1","max-image-preview":"max-image-preview:large","max-video-preview":"max-video-preview:-1"},"canonical":"https:\/\/bellavida-resort.com\/de\/uluwatu-bali-travel-guide\/","og_locale":"de_DE","og_type":"article","og_title":"Uluwatu Bali Reisef\u00fchrer - Bella Vida resort, Uluwatu","og_description":"Entdecken Sie Str\u00e4nde, Sonnenunterg\u00e4nge, kulturelle Highlights und Tagesausfl\u00fcge in der N\u00e4he des Bella Vida Resort in Uluwatu (Pecatu), Bali. Unsere Reisef\u00fchrer helfen Ihnen, die besten Erlebnisse w\u00e4hrend Ihres Aufenthalts zu planen.","og_url":"https:\/\/bellavida-resort.com\/de\/uluwatu-bali-travel-guide\/","og_site_name":"Bella Vida resort, Uluwatu","article_publisher":"https:\/\/www.facebook.com\/profile.php?id=61584197150341","article_modified_time":"2026-02-03T08:23:59+00:00","twitter_card":"summary_large_image","schema":{"@context":"https:\/\/schema.org","@graph":[{"@type":"WebPage","@id":"https:\/\/bellavida-resort.com\/de\/uluwatu-bali-travel-guide\/","url":"https:\/\/bellavida-resort.com\/de\/uluwatu-bali-travel-guide\/","name":"Uluwatu Bali Reisef\u00fchrer - Bella Vida resort, Uluwatu","isPartOf":{"@id":"https:\/\/bellavida-resort.com\/#website"},"datePublished":"2026-02-02T16:03:18+00:00","dateModified":"2026-02-03T08:23:59+00:00","breadcrumb":{"@id":"https:\/\/bellavida-resort.com\/de\/uluwatu-bali-travel-guide\/#breadcrumb"},"inLanguage":"de","potentialAction":[{"@type":"ReadAction","target":["https:\/\/bellavida-resort.com\/de\/uluwatu-bali-travel-guide\/"]}]},{"@type":"BreadcrumbList","@id":"https:\/\/bellavida-resort.com\/de\/uluwatu-bali-travel-guide\/#breadcrumb","itemListElement":[{"@type":"ListItem","position":1,"name":"Home","item":"https:\/\/bellavida-resort.com\/de\/"},{"@type":"ListItem","position":2,"name":"Uluwatu Bali Reisef\u00fchrer"}]},{"@type":"WebSite","@id":"https:\/\/bellavida-resort.com\/#website","url":"https:\/\/bellavida-resort.com\/","name":"Bella Vida resort, Uluwatu Bali","description":"The best luxury resort in Bingin","publisher":{"@id":"https:\/\/bellavida-resort.com\/#organization"},"potentialAction":[{"@type":"SearchAction","target":{"@type":"EntryPoint","urlTemplate":"https:\/\/bellavida-resort.com\/?s={search_term_string}"},"query-input":{"@type":"PropertyValueSpecification","valueRequired":true,"valueName":"search_term_string"}}],"inLanguage":"de"},{"@type":"Organization","@id":"https:\/\/bellavida-resort.com\/#organization","name":"Bella Vida Resort","url":"https:\/\/bellavida-resort.com\/","logo":{"@type":"ImageObject","inLanguage":"de","@id":"https:\/\/bellavida-resort.com\/#\/schema\/logo\/image\/","url":"https:\/\/bellavida-resort.com\/wp-content\/uploads\/2025\/10\/cropped-Epson-logo-printer.jpg","contentUrl":"https:\/\/bellavida-resort.com\/wp-content\/uploads\/2025\/10\/cropped-Epson-logo-printer.jpg","width":1200,"height":313,"caption":"Bella Vida Resort"},"image":{"@id":"https:\/\/bellavida-resort.com\/#\/schema\/logo\/image\/"},"sameAs":["https:\/\/www.facebook.com\/profile.php?id=61584197150341","https:\/\/www.instagram.com\/bellavidaresortbali\/"]}]}},"_links":{"self":[{"href":"https:\/\/bellavida-resort.com\/de\/wp-json\/wp\/v2\/pages\/5722","targetHints":{"allow":["GET"]}}],"collection":[{"href":"https:\/\/bellavida-resort.com\/de\/wp-json\/wp\/v2\/pages"}],"about":[{"href":"https:\/\/bellavida-resort.com\/de\/wp-json\/wp\/v2\/types\/page"}],"author":[{"embeddable":true,"href":"https:\/\/bellavida-resort.com\/de\/wp-json\/wp\/v2\/users\/6"}],"replies":[{"embeddable":true,"href":"https:\/\/bellavida-resort.com\/de\/wp-json\/wp\/v2\/comments?post=5722"}],"version-history":[{"count":6,"href":"https:\/\/bellavida-resort.com\/de\/wp-json\/wp\/v2\/pages\/5722\/revisions"}],"predecessor-version":[{"id":5806,"href":"https:\/\/bellavida-resort.com\/de\/wp-json\/wp\/v2\/pages\/5722\/revisions\/5806"}],"wp:attachment":[{"href":"https:\/\/bellavida-resort.com\/de\/wp-json\/wp\/v2\/media?parent=5722"}],"curies":[{"name":"wp","href":"https:\/\/api.w.org\/{rel}","templated":true}]}}