{"id":4835,"date":"2019-08-20T14:19:42","date_gmt":"2019-08-20T14:19:42","guid":{"rendered":"https:\/\/bellavida-resort.com\/blocks\/posts-slider-block\/"},"modified":"2025-03-25T11:35:08","modified_gmt":"2025-03-25T11:35:08","slug":"posts-slider-block","status":"publish","type":"page","link":"https:\/\/bellavida-resort.com\/de\/blocks\/posts-slider-block\/","title":{"rendered":"Posts Schieberegler Block"},"content":{"rendered":"\n        <div class=\"wp-block-getwid-post-slider custom-post-type-post alignwide has-arrows-inside has-dots-inside\">\n            <div data-slider-option=\"{&quot;getwid_fade_effect&quot;:&quot;fade&quot;,&quot;getwid_autoplay&quot;:true,&quot;getwid_pause_on_hover&quot;:false,&quot;getwid_autoplay_speed&quot;:6000,&quot;getwid_infinite&quot;:true,&quot;getwid_animation_speed&quot;:800,&quot;getwid_arrows&quot;:&quot;inside&quot;,&quot;getwid_dots&quot;:&quot;inside&quot;}\" class=\"wp-block-getwid-post-slider__content\">\n                \t\t\t\t\t\t\t<div class=\"wp-block-getwid-post-slider__slide\" style=\"min-height:80vh;\">\n\t\t\t\t\t\t\t\t\n<div class=\"wp-block-getwid-post-slider__post \">\n            <div class=\"wp-block-getwid-post-slider__post-thumbnail\">\n            <img loading=\"lazy\" decoding=\"async\" width=\"600\" height=\"372\" src=\"https:\/\/bellavida-resort.com\/wp-content\/uploads\/2024\/10\/Kecak-fire-dance.jpg\" class=\"attachment-post-thumbnail size-post-thumbnail wp-post-image\" alt=\"Kecak fire dance\" srcset=\"https:\/\/bellavida-resort.com\/wp-content\/uploads\/2024\/10\/Kecak-fire-dance.jpg 600w, https:\/\/bellavida-resort.com\/wp-content\/uploads\/2024\/10\/Kecak-fire-dance-300x186.jpg 300w\" sizes=\"auto, (max-width: 600px) 100vw, 600px\" \/>        <\/div>\n        <div class=\"wp-block-getwid-post-slider__post-overlay \"><\/div>\n    <div class=\"wp-block-getwid-post-slider__post-content-wrapper\">\n        <h3 class=\"wp-block-getwid-post-slider__post-title\"><a href=\"https:\/\/bellavida-resort.com\/de\/kecak-fire-dance-uluwatu-bali\/\">Erleben Sie die Magie des Kecak-Feuertanzes in Uluwatu, Bali<\/a><\/h3>        <div class=\"wp-block-getwid-post-slider__post-excerpt\"><p>Kecak-Feuertanz Uluwatu Bali ist bekannt f\u00fcr seine reiche Kultur, seine faszinierenden Landschaften und seine einzigartigen Traditionen. Eine der ber\u00fchmtesten kulturellen Darbietungen der Insel ist der Kecak-Feuertanz, ein dramatisches und spirituelles Erlebnis, das im Uluwatu-Klippentempel stattfindet. Wenn Sie einen Besuch auf Bali planen, sollte der Besuch dieser bezaubernden Auff\u00fchrung ganz oben auf Ihrer Liste stehen. Was [&hellip;]<\/p>\n<\/div>\n    <\/div>\n<\/div>\n\t\t\t\t\t\t\t<\/div>\n\t\t\t\t\t\t\t\t\t\t\t\t\t<div class=\"wp-block-getwid-post-slider__slide\" style=\"min-height:80vh;\">\n\t\t\t\t\t\t\t\t\n<div class=\"wp-block-getwid-post-slider__post \">\n            <div class=\"wp-block-getwid-post-slider__post-thumbnail\">\n            <img loading=\"lazy\" decoding=\"async\" width=\"600\" height=\"372\" src=\"https:\/\/bellavida-resort.com\/wp-content\/uploads\/2024\/10\/sunset-uluwatu.jpg\" class=\"attachment-post-thumbnail size-post-thumbnail wp-post-image\" alt=\"\" srcset=\"https:\/\/bellavida-resort.com\/wp-content\/uploads\/2024\/10\/sunset-uluwatu.jpg 600w, https:\/\/bellavida-resort.com\/wp-content\/uploads\/2024\/10\/sunset-uluwatu-300x186.jpg 300w\" sizes=\"auto, (max-width: 600px) 100vw, 600px\" \/>        <\/div>\n        <div class=\"wp-block-getwid-post-slider__post-overlay \"><\/div>\n    <div class=\"wp-block-getwid-post-slider__post-content-wrapper\">\n        <h3 class=\"wp-block-getwid-post-slider__post-title\"><a href=\"https:\/\/bellavida-resort.com\/de\/uluwatu-sunset\/\">Erleben Sie die Magie des Uluwatu-Sonnenuntergangs: Ein Muss auf Bali<\/a><\/h3>        <div class=\"wp-block-getwid-post-slider__post-excerpt\"><p>Bali ist ber\u00fchmt f\u00fcr seine atemberaubenden Str\u00e4nde, seine lebendige Kultur und seine atemberaubenden Sonnenunterg\u00e4nge. Unter all den unglaublichen Orten f\u00fcr Sonnenunterg\u00e4nge auf der Insel sticht Uluwatu als wahres Juwel hervor. Wenn Sie auf der Suche nach dem perfekten Ort sind, um den Tag mit einem unvergesslichen Ausblick ausklingen zu lassen, sind Sie in Uluwatu genau [&hellip;]<\/p>\n<\/div>\n    <\/div>\n<\/div>\n\t\t\t\t\t\t\t<\/div>\n\t\t\t\t\t\t\t\t\t\t\t\t\t<div class=\"wp-block-getwid-post-slider__slide\" style=\"min-height:80vh;\">\n\t\t\t\t\t\t\t\t\n<div class=\"wp-block-getwid-post-slider__post \">\n            <div class=\"wp-block-getwid-post-slider__post-thumbnail\">\n            <img loading=\"lazy\" decoding=\"async\" width=\"630\" height=\"354\" src=\"https:\/\/bellavida-resort.com\/wp-content\/uploads\/2024\/10\/yoga-retreat-bali.jpg\" class=\"attachment-post-thumbnail size-post-thumbnail wp-post-image\" alt=\"Yoga retreat\" srcset=\"https:\/\/bellavida-resort.com\/wp-content\/uploads\/2024\/10\/yoga-retreat-bali.jpg 630w, https:\/\/bellavida-resort.com\/wp-content\/uploads\/2024\/10\/yoga-retreat-bali-300x169.jpg 300w, https:\/\/bellavida-resort.com\/wp-content\/uploads\/2024\/10\/yoga-retreat-bali-600x337.jpg 600w\" sizes=\"auto, (max-width: 630px) 100vw, 630px\" \/>        <\/div>\n        <div class=\"wp-block-getwid-post-slider__post-overlay \"><\/div>\n    <div class=\"wp-block-getwid-post-slider__post-content-wrapper\">\n        <h3 class=\"wp-block-getwid-post-slider__post-title\"><a href=\"https:\/\/bellavida-resort.com\/de\/yoga-retreat-bali\/\">Verj\u00fcngen Sie Ihren Geist, K\u00f6rper und Ihre Seele: Yoga-Retreat auf Bali im Villa Resort Bella Vida<\/a><\/h3>        <div class=\"wp-block-getwid-post-slider__post-excerpt\"><p>Bali ist mehr als nur ein tropisches Inselparadies. Es ist ein Zufluchtsort f\u00fcr alle, die Ruhe, Ausgeglichenheit und spirituelles Wachstum suchen. Bekannt f\u00fcr seine \u00fcppigen Landschaften und seine ruhige Atmosph\u00e4re, ist Bali zu einem Top-Ziel f\u00fcr Yoga-Enthusiasten aus der ganzen Welt geworden. Ganz gleich, ob Sie ein erfahrener Yogi sind oder gerade erst mit Ihrer [&hellip;]<\/p>\n<\/div>\n    <\/div>\n<\/div>\n\t\t\t\t\t\t\t<\/div>\n\t\t\t\t\t\t\t\t\t\t\t\t\t<div class=\"wp-block-getwid-post-slider__slide\" style=\"min-height:80vh;\">\n\t\t\t\t\t\t\t\t\n<div class=\"wp-block-getwid-post-slider__post \">\n            <div class=\"wp-block-getwid-post-slider__post-thumbnail\">\n            <img loading=\"lazy\" decoding=\"async\" width=\"892\" height=\"510\" src=\"https:\/\/bellavida-resort.com\/wp-content\/uploads\/2024\/10\/Mount-Batur-hiking-892x510.jpg\" class=\"attachment-post-thumbnail size-post-thumbnail wp-post-image\" alt=\"Batur Wandern\" srcset=\"https:\/\/bellavida-resort.com\/wp-content\/uploads\/2024\/10\/Mount-Batur-hiking-892x510.jpg 892w, https:\/\/bellavida-resort.com\/wp-content\/uploads\/2024\/10\/Mount-Batur-hiking-300x171.jpg 300w, https:\/\/bellavida-resort.com\/wp-content\/uploads\/2024\/10\/Mount-Batur-hiking-1024x585.jpg 1024w, https:\/\/bellavida-resort.com\/wp-content\/uploads\/2024\/10\/Mount-Batur-hiking-768x439.jpg 768w, https:\/\/bellavida-resort.com\/wp-content\/uploads\/2024\/10\/Mount-Batur-hiking-600x343.jpg 600w, https:\/\/bellavida-resort.com\/wp-content\/uploads\/2024\/10\/Mount-Batur-hiking.jpg 1344w\" sizes=\"auto, (max-width: 892px) 100vw, 892px\" \/>        <\/div>\n        <div class=\"wp-block-getwid-post-slider__post-overlay \"><\/div>\n    <div class=\"wp-block-getwid-post-slider__post-content-wrapper\">\n        <h3 class=\"wp-block-getwid-post-slider__post-title\"><a href=\"https:\/\/bellavida-resort.com\/de\/wandern-bali-touren\/\">Wandern auf Bali, Einf\u00fchrung in Balis Naturwunder<\/a><\/h3>        <div class=\"wp-block-getwid-post-slider__post-excerpt\"><p>Bali, ein indonesisches Paradies, ist bekannt f\u00fcr seine atemberaubenden Landschaften, seine reiche Kultur und sein spirituelles Ambiente. Eingebettet in diese tropische Oase sind die majest\u00e4tischen Gipfel des Mount Batur und eine Reihe atemberaubender Wasserf\u00e4lle, die das Wesen der Sch\u00f6nheit der Natur einfangen. In diesem Artikel erfahren Sie mehr \u00fcber die bezaubernde Reise zum Batur und [&hellip;]<\/p>\n<\/div>\n    <\/div>\n<\/div>\n\t\t\t\t\t\t\t<\/div>\n\t\t\t\t\t\t\t\t\t\t\t\t\t<div class=\"wp-block-getwid-post-slider__slide\" style=\"min-height:80vh;\">\n\t\t\t\t\t\t\t\t\n<div class=\"wp-block-getwid-post-slider__post \">\n            <div class=\"wp-block-getwid-post-slider__post-thumbnail\">\n            <img loading=\"lazy\" decoding=\"async\" width=\"600\" height=\"400\" src=\"https:\/\/bellavida-resort.com\/wp-content\/uploads\/2024\/02\/Bingin-surf.jpg\" class=\"attachment-post-thumbnail size-post-thumbnail wp-post-image\" alt=\"\" \/>        <\/div>\n        <div class=\"wp-block-getwid-post-slider__post-overlay \"><\/div>\n    <div class=\"wp-block-getwid-post-slider__post-content-wrapper\">\n        <h3 class=\"wp-block-getwid-post-slider__post-title\"><a href=\"https:\/\/bellavida-resort.com\/de\/surf-retreat\/\">Ultimativer Surf-R\u00fcckzugsort in Uluwatu, Bali: Ein Paradies f\u00fcr Surfer<\/a><\/h3>        <div class=\"wp-block-getwid-post-slider__post-excerpt\"><p>Tr\u00e4umen Sie von einem perfekten Surfurlaub? Suchen Sie nicht weiter als Bali, das Inselparadies, das ein unvergleichliches Surferlebnis bietet. Bali hat sich seinen Ruf als eines der besten Surfreiseziele der Welt erworben und zieht Surfer aller Niveaus an. Wenn Sie auf der Suche nach einem R\u00fcckzugsort zum Surfen auf Bali sind, gibt es keinen besseren [&hellip;]<\/p>\n<\/div>\n    <\/div>\n<\/div>\n\t\t\t\t\t\t\t<\/div>\n\t\t\t\t\t\t            <\/div>\n        <\/div>\n        ","protected":false},"excerpt":{"rendered":"","protected":false},"author":1,"featured_media":0,"parent":4252,"menu_order":0,"comment_status":"closed","ping_status":"closed","template":"","meta":{"inline_featured_image":false,"footnotes":""},"class_list":["post-4835","page","type-page","status-publish","hentry"],"yoast_head":"<!-- This site is optimized with the Yoast SEO plugin v27.4 - https:\/\/yoast.com\/product\/yoast-seo-wordpress\/ -->\n<title>Posts Schieberegler Block - Bella Vida resort, Uluwatu<\/title>\n<meta name=\"robots\" content=\"index, follow, max-snippet:-1, max-image-preview:large, max-video-preview:-1\" \/>\n<link rel=\"canonical\" href=\"https:\/\/bellavida-resort.com\/blocks\/posts-slider-block\/\" \/>\n<meta property=\"og:locale\" content=\"de_DE\" \/>\n<meta property=\"og:type\" content=\"article\" \/>\n<meta property=\"og:title\" content=\"Posts Schieberegler Block - Bella Vida resort, Uluwatu\" \/>\n<meta property=\"og:url\" content=\"https:\/\/bellavida-resort.com\/blocks\/posts-slider-block\/\" \/>\n<meta property=\"og:site_name\" content=\"Bella Vida resort, Uluwatu\" \/>\n<meta property=\"article:publisher\" content=\"https:\/\/www.facebook.com\/profile.php?id=61584197150341\" \/>\n<meta property=\"article:modified_time\" content=\"2025-03-25T11:35:08+00:00\" \/>\n<meta name=\"twitter:card\" content=\"summary_large_image\" \/>\n<script type=\"application\/ld+json\" class=\"yoast-schema-graph\">{\"@context\":\"https:\\\/\\\/schema.org\",\"@graph\":[{\"@type\":\"WebPage\",\"@id\":\"https:\\\/\\\/bellavida-resort.com\\\/blocks\\\/posts-slider-block\\\/\",\"url\":\"https:\\\/\\\/bellavida-resort.com\\\/blocks\\\/posts-slider-block\\\/\",\"name\":\"Posts Schieberegler Block - Bella Vida resort, Uluwatu\",\"isPartOf\":{\"@id\":\"https:\\\/\\\/bellavida-resort.com\\\/#website\"},\"datePublished\":\"2019-08-20T14:19:42+00:00\",\"dateModified\":\"2025-03-25T11:35:08+00:00\",\"breadcrumb\":{\"@id\":\"https:\\\/\\\/bellavida-resort.com\\\/blocks\\\/posts-slider-block\\\/#breadcrumb\"},\"inLanguage\":\"de\",\"potentialAction\":[{\"@type\":\"ReadAction\",\"target\":[\"https:\\\/\\\/bellavida-resort.com\\\/blocks\\\/posts-slider-block\\\/\"]}]},{\"@type\":\"BreadcrumbList\",\"@id\":\"https:\\\/\\\/bellavida-resort.com\\\/blocks\\\/posts-slider-block\\\/#breadcrumb\",\"itemListElement\":[{\"@type\":\"ListItem\",\"position\":1,\"name\":\"Home\",\"item\":\"https:\\\/\\\/bellavida-resort.com\\\/de\\\/\"},{\"@type\":\"ListItem\",\"position\":2,\"name\":\"Bl\u00f6cke\",\"item\":\"https:\\\/\\\/bellavida-resort.com\\\/blocks\\\/\"},{\"@type\":\"ListItem\",\"position\":3,\"name\":\"Posts Schieberegler Block\"}]},{\"@type\":\"WebSite\",\"@id\":\"https:\\\/\\\/bellavida-resort.com\\\/#website\",\"url\":\"https:\\\/\\\/bellavida-resort.com\\\/\",\"name\":\"Bella Vida resort, Uluwatu Bali\",\"description\":\"The best luxury resort in Bingin\",\"publisher\":{\"@id\":\"https:\\\/\\\/bellavida-resort.com\\\/#organization\"},\"potentialAction\":[{\"@type\":\"SearchAction\",\"target\":{\"@type\":\"EntryPoint\",\"urlTemplate\":\"https:\\\/\\\/bellavida-resort.com\\\/?s={search_term_string}\"},\"query-input\":{\"@type\":\"PropertyValueSpecification\",\"valueRequired\":true,\"valueName\":\"search_term_string\"}}],\"inLanguage\":\"de\"},{\"@type\":\"Organization\",\"@id\":\"https:\\\/\\\/bellavida-resort.com\\\/#organization\",\"name\":\"Bella Vida Resort\",\"url\":\"https:\\\/\\\/bellavida-resort.com\\\/\",\"logo\":{\"@type\":\"ImageObject\",\"inLanguage\":\"de\",\"@id\":\"https:\\\/\\\/bellavida-resort.com\\\/#\\\/schema\\\/logo\\\/image\\\/\",\"url\":\"https:\\\/\\\/bellavida-resort.com\\\/wp-content\\\/uploads\\\/2025\\\/10\\\/cropped-Epson-logo-printer.jpg\",\"contentUrl\":\"https:\\\/\\\/bellavida-resort.com\\\/wp-content\\\/uploads\\\/2025\\\/10\\\/cropped-Epson-logo-printer.jpg\",\"width\":1200,\"height\":313,\"caption\":\"Bella Vida Resort\"},\"image\":{\"@id\":\"https:\\\/\\\/bellavida-resort.com\\\/#\\\/schema\\\/logo\\\/image\\\/\"},\"sameAs\":[\"https:\\\/\\\/www.facebook.com\\\/profile.php?id=61584197150341\",\"https:\\\/\\\/www.instagram.com\\\/bellavidaresortbali\\\/\"]}]}<\/script>\n<!-- \/ Yoast SEO plugin. -->","yoast_head_json":{"title":"Posts Schieberegler Block - Bella Vida resort, Uluwatu","robots":{"index":"index","follow":"follow","max-snippet":"max-snippet:-1","max-image-preview":"max-image-preview:large","max-video-preview":"max-video-preview:-1"},"canonical":"https:\/\/bellavida-resort.com\/blocks\/posts-slider-block\/","og_locale":"de_DE","og_type":"article","og_title":"Posts Schieberegler Block - Bella Vida resort, Uluwatu","og_url":"https:\/\/bellavida-resort.com\/blocks\/posts-slider-block\/","og_site_name":"Bella Vida resort, Uluwatu","article_publisher":"https:\/\/www.facebook.com\/profile.php?id=61584197150341","article_modified_time":"2025-03-25T11:35:08+00:00","twitter_card":"summary_large_image","schema":{"@context":"https:\/\/schema.org","@graph":[{"@type":"WebPage","@id":"https:\/\/bellavida-resort.com\/blocks\/posts-slider-block\/","url":"https:\/\/bellavida-resort.com\/blocks\/posts-slider-block\/","name":"Posts Schieberegler Block - Bella Vida resort, Uluwatu","isPartOf":{"@id":"https:\/\/bellavida-resort.com\/#website"},"datePublished":"2019-08-20T14:19:42+00:00","dateModified":"2025-03-25T11:35:08+00:00","breadcrumb":{"@id":"https:\/\/bellavida-resort.com\/blocks\/posts-slider-block\/#breadcrumb"},"inLanguage":"de","potentialAction":[{"@type":"ReadAction","target":["https:\/\/bellavida-resort.com\/blocks\/posts-slider-block\/"]}]},{"@type":"BreadcrumbList","@id":"https:\/\/bellavida-resort.com\/blocks\/posts-slider-block\/#breadcrumb","itemListElement":[{"@type":"ListItem","position":1,"name":"Home","item":"https:\/\/bellavida-resort.com\/de\/"},{"@type":"ListItem","position":2,"name":"Bl\u00f6cke","item":"https:\/\/bellavida-resort.com\/blocks\/"},{"@type":"ListItem","position":3,"name":"Posts Schieberegler Block"}]},{"@type":"WebSite","@id":"https:\/\/bellavida-resort.com\/#website","url":"https:\/\/bellavida-resort.com\/","name":"Bella Vida resort, Uluwatu Bali","description":"The best luxury resort in Bingin","publisher":{"@id":"https:\/\/bellavida-resort.com\/#organization"},"potentialAction":[{"@type":"SearchAction","target":{"@type":"EntryPoint","urlTemplate":"https:\/\/bellavida-resort.com\/?s={search_term_string}"},"query-input":{"@type":"PropertyValueSpecification","valueRequired":true,"valueName":"search_term_string"}}],"inLanguage":"de"},{"@type":"Organization","@id":"https:\/\/bellavida-resort.com\/#organization","name":"Bella Vida Resort","url":"https:\/\/bellavida-resort.com\/","logo":{"@type":"ImageObject","inLanguage":"de","@id":"https:\/\/bellavida-resort.com\/#\/schema\/logo\/image\/","url":"https:\/\/bellavida-resort.com\/wp-content\/uploads\/2025\/10\/cropped-Epson-logo-printer.jpg","contentUrl":"https:\/\/bellavida-resort.com\/wp-content\/uploads\/2025\/10\/cropped-Epson-logo-printer.jpg","width":1200,"height":313,"caption":"Bella Vida Resort"},"image":{"@id":"https:\/\/bellavida-resort.com\/#\/schema\/logo\/image\/"},"sameAs":["https:\/\/www.facebook.com\/profile.php?id=61584197150341","https:\/\/www.instagram.com\/bellavidaresortbali\/"]}]}},"_links":{"self":[{"href":"https:\/\/bellavida-resort.com\/de\/wp-json\/wp\/v2\/pages\/4835","targetHints":{"allow":["GET"]}}],"collection":[{"href":"https:\/\/bellavida-resort.com\/de\/wp-json\/wp\/v2\/pages"}],"about":[{"href":"https:\/\/bellavida-resort.com\/de\/wp-json\/wp\/v2\/types\/page"}],"author":[{"embeddable":true,"href":"https:\/\/bellavida-resort.com\/de\/wp-json\/wp\/v2\/users\/1"}],"replies":[{"embeddable":true,"href":"https:\/\/bellavida-resort.com\/de\/wp-json\/wp\/v2\/comments?post=4835"}],"version-history":[{"count":1,"href":"https:\/\/bellavida-resort.com\/de\/wp-json\/wp\/v2\/pages\/4835\/revisions"}],"predecessor-version":[{"id":4837,"href":"https:\/\/bellavida-resort.com\/de\/wp-json\/wp\/v2\/pages\/4835\/revisions\/4837"}],"up":[{"embeddable":true,"href":"https:\/\/bellavida-resort.com\/de\/wp-json\/wp\/v2\/pages\/4252"}],"wp:attachment":[{"href":"https:\/\/bellavida-resort.com\/de\/wp-json\/wp\/v2\/media?parent=4835"}],"curies":[{"name":"wp","href":"https:\/\/api.w.org\/{rel}","templated":true}]}}