{"id":4519,"date":"2019-09-17T14:29:06","date_gmt":"2019-09-17T14:29:06","guid":{"rendered":"https:\/\/bellavida-resort.com\/dienstleistungen\/"},"modified":"2025-03-25T11:32:55","modified_gmt":"2025-03-25T11:32:55","slug":"dienstleistungen","status":"publish","type":"page","link":"https:\/\/bellavida-resort.com\/de\/dienstleistungen\/","title":{"rendered":"Dienstleistungen"},"content":{"rendered":"\r\n<div class=\"wp-block-columns has-2-columns is-layout-flex wp-container-core-columns-is-layout-9d6595d7 wp-block-columns-is-layout-flex\">\r\n<div class=\"wp-block-column is-layout-flow wp-block-column-is-layout-flow\">\r\n<div class=\"wp-block-getwid-section\"><div class=\"wp-block-getwid-section__wrapper getwid-padding-top-none getwid-padding-bottom-none getwid-padding-left-none getwid-padding-mobile-right-none\" style=\"padding-right:35px\"><div class=\"wp-block-getwid-section__inner-wrapper\"><div class=\"wp-block-getwid-section__background-holder\"><div class=\"wp-block-getwid-section__background\"><\/div><div class=\"wp-block-getwid-section__foreground\"><\/div><\/div><div class=\"wp-block-getwid-section__content\"><div class=\"wp-block-getwid-section__inner-content\">&#13;\n<figure class=\"wp-block-image\"><img loading=\"lazy\" decoding=\"async\" width=\"892\" height=\"1135\" src=\"http:\/\/bellavida-resort.com\/wp-content\/uploads\/2019\/10\/welcome-1.jpg\" alt=\"\" class=\"wp-image-1154\"\/><\/figure>&#13;\n\r\n\r\n\r\n<div class=\"wp-block-getwid-advanced-heading\" style=\"margin-bottom:10px\"><h4 class=\"wp-block-getwid-advanced-heading__content\">T\u00e4glich frische W\u00e4sche  <\/h4><\/div>\r\n\r\n\r\n\r\n<div class=\"wp-block-getwid-advanced-heading has-custom-font-size\" style=\"font-size:14px;margin-bottom:15px\"><span class=\"wp-block-getwid-advanced-heading__content\" style=\"font-style:italic\">W\u00e4hrend Sie hier im Urlaub sind, k\u00f6nnen Sie sicher sein, dass die Bettw\u00e4sche t\u00e4glich gewechselt und gewaschen wird. Wir bieten Ihnen genau diesen Service an, damit Sie in Komfort und Gem\u00fctlichkeit wohnen k\u00f6nnen. Gleichzeitig halten wir die h\u00f6chsten Lebensstandards aufrecht, damit Sie immer zufrieden bleiben.   <br><\/span><\/div>\r\n\r\n\r\n\r\n<div class=\"wp-block-getwid-icon\"><a href=\"#\" class=\"wp-block-getwid-icon__wrapper getwid-animation has-text-color has-light-sea-green-color\" style=\"font-size:20px;padding:0px\" data-animation=\"slideRight\"><i class=\"lnr lnr-arrow-right\"><\/i><\/a><\/div>\r\n<\/div><\/div><\/div><\/div><\/div>\r\n<\/div>\r\n\r\n\r\n\r\n<div class=\"wp-block-column is-layout-flow wp-block-column-is-layout-flow\">\r\n<div class=\"wp-block-getwid-section\"><div class=\"wp-block-getwid-section__wrapper getwid-padding-top-none getwid-padding-bottom-none getwid-padding-right-none getwid-padding-mobile-left-none\" style=\"padding-left:35px\"><div class=\"wp-block-getwid-section__inner-wrapper\"><div class=\"wp-block-getwid-section__background-holder\"><div class=\"wp-block-getwid-section__background\"><\/div><div class=\"wp-block-getwid-section__foreground\"><\/div><\/div><div class=\"wp-block-getwid-section__content\"><div class=\"wp-block-getwid-section__inner-content\">\r\n<div class=\"wp-block-getwid-advanced-heading\" style=\"margin-bottom:30px\"><h2 class=\"wp-block-getwid-advanced-heading__content\">Wir werden Ihnen neue unbekannte vor unglaubliche Orte er\u00f6ffnen!<\/h2><\/div>\r\n\r\n\r\n&#13;\n<p>Entdecken Sie jeden Winkel der gro\u00dfen Stadt, in der Sie leben werden: besuchen Sie die Altstadt, gehen Sie auf die Hauptstra\u00dfe, betrachten Sie die wichtigsten Sehensw\u00fcrdigkeiten und machen Sie unvergessliche Fotos. Nehmen Sie unseren kostenlosen Mann mit und entdecken Sie einige einzigartige Orte, die von uns manuell ausgew\u00e4hlt wurden. <\/p>&#13;\n\r\n\r\n\r\n<div style=\"height:35px\" aria-hidden=\"true\" class=\"wp-block-spacer\"><\/div>\r\n\r\n\r\n&#13;\n<figure class=\"wp-block-image\"><img loading=\"lazy\" decoding=\"async\" width=\"892\" height=\"883\" src=\"http:\/\/bellavida-resort.com\/wp-content\/uploads\/2019\/10\/welcome-2.jpg\" alt=\"\" class=\"wp-image-1155\"\/><\/figure>&#13;\n<\/div><\/div><\/div><\/div><\/div>\r\n<\/div>\r\n<\/div>\r\n\r\n<div style=\"height:47px\" aria-hidden=\"true\" class=\"wp-block-spacer\"><\/div>\r\n\r\n<hr class=\"wp-block-separator is-style-wide\"\/>\r\n\r\n<div class=\"wp-block-getwid-advanced-heading\" style=\"margin-bottom:5px;margin-top:81px\"><h2 class=\"wp-block-getwid-advanced-heading__content\" style=\"text-align:center\">Zus\u00e4tzliche Dienstleistungen<\/h2><\/div>\r\n\r\n<div class=\"wp-block-getwid-advanced-heading\" style=\"margin-bottom:40px\"><span class=\"wp-block-getwid-advanced-heading__content\" style=\"text-align:center\">Nachdem Sie eine der hier aufgef\u00fchrten Villen gebucht haben, kann ein Travel Manager eine der folgenden zus\u00e4tzlichen Leistungen arrangieren<\/span><\/div>\r\n\r\n<div class=\"wp-block-columns has-4-columns is-layout-flex wp-container-core-columns-is-layout-9d6595d7 wp-block-columns-is-layout-flex\">\r\n<div class=\"wp-block-column is-layout-flow wp-block-column-is-layout-flow\">&#13;\n<figure class=\"wp-block-image\"><a href=\"#\"><img loading=\"lazy\" decoding=\"async\" width=\"892\" height=\"892\" src=\"http:\/\/bellavida-resort.com\/wp-content\/uploads\/2019\/10\/Baggage-Storage.jpg\" alt=\"\" class=\"wp-image-1156\"\/><\/a><\/figure>&#13;\n\r\n\r\n\r\n<div class=\"wp-block-getwid-advanced-heading\" style=\"margin-bottom:34px\"><h4 class=\"wp-block-getwid-advanced-heading__content\">Gep\u00e4ckaufbewahrung<\/h4><\/div>\r\n\r\n\r\n&#13;\n<figure class=\"wp-block-image\"><a href=\"#\"><img loading=\"lazy\" decoding=\"async\" width=\"892\" height=\"892\" src=\"http:\/\/bellavida-resort.com\/wp-content\/uploads\/2019\/10\/Breakfast-Buffet.jpg\" alt=\"\" class=\"wp-image-1157\"\/><\/a><\/figure>&#13;\n\r\n\r\n\r\n<div class=\"wp-block-getwid-advanced-heading\"><h4 class=\"wp-block-getwid-advanced-heading__content\">Fr\u00fchst\u00fccksbuffet<\/h4><\/div>\r\n<\/div>\r\n\r\n\r\n\r\n<div class=\"wp-block-column is-layout-flow wp-block-column-is-layout-flow\">&#13;\n<figure class=\"wp-block-image\"><a href=\"#\"><img loading=\"lazy\" decoding=\"async\" width=\"892\" height=\"892\" src=\"http:\/\/bellavida-resort.com\/wp-content\/uploads\/2019\/10\/car-rental.jpg\" alt=\"\" class=\"wp-image-1162\"\/><\/a><\/figure>&#13;\n\r\n\r\n\r\n<div class=\"wp-block-getwid-advanced-heading\" style=\"margin-bottom:34px\"><h4 class=\"wp-block-getwid-advanced-heading__content\">Auto mieten<\/h4><\/div>\r\n\r\n\r\n&#13;\n<figure class=\"wp-block-image\"><a href=\"#\"><img loading=\"lazy\" decoding=\"async\" width=\"1600\" height=\"1600\" src=\"http:\/\/bellavida-resort.com\/wp-content\/uploads\/2019\/10\/Free-Exciting-City-Tour.jpg\" alt=\"\" class=\"wp-image-1151\"\/><\/a><\/figure>&#13;\n\r\n\r\n\r\n<div class=\"wp-block-getwid-advanced-heading\"><h4 class=\"wp-block-getwid-advanced-heading__content\">Kostenlose Stadtrundfahrt<\/h4><\/div>\r\n<\/div>\r\n\r\n\r\n\r\n<div class=\"wp-block-column is-layout-flow wp-block-column-is-layout-flow\">&#13;\n<figure class=\"wp-block-image\"><a href=\"#\"><img loading=\"lazy\" decoding=\"async\" width=\"892\" height=\"892\" src=\"http:\/\/bellavida-resort.com\/wp-content\/uploads\/2019\/10\/Delicious-Food-Drinks.jpg\" alt=\"\" class=\"wp-image-1149\"\/><\/a><\/figure>&#13;\n\r\n\r\n\r\n<div class=\"wp-block-getwid-advanced-heading\" style=\"margin-bottom:34px\"><h4 class=\"wp-block-getwid-advanced-heading__content\">Leckeres Essen &amp; Getr\u00e4nke<\/h4><\/div>\r\n\r\n\r\n&#13;\n<figure class=\"wp-block-image\"><a href=\"#\"><img loading=\"lazy\" decoding=\"async\" width=\"1350\" height=\"1350\" src=\"http:\/\/bellavida-resort.com\/wp-content\/uploads\/2019\/10\/equipment-rental.jpg\" alt=\"\" class=\"wp-image-1161\"\/><\/a><\/figure>&#13;\n\r\n\r\n\r\n<div class=\"wp-block-getwid-advanced-heading\"><h4 class=\"wp-block-getwid-advanced-heading__content\">Fahrradverleih<\/h4><\/div>\r\n<\/div>\r\n\r\n\r\n\r\n<div class=\"wp-block-column is-layout-flow wp-block-column-is-layout-flow\">&#13;\n<figure class=\"wp-block-image\"><a href=\"#\"><img loading=\"lazy\" decoding=\"async\" width=\"892\" height=\"892\" src=\"http:\/\/bellavida-resort.com\/wp-content\/uploads\/2019\/10\/childcare.jpg\" alt=\"\" class=\"wp-image-1160\"\/><\/a><\/figure>&#13;\n\r\n\r\n\r\n<div class=\"wp-block-getwid-advanced-heading\" style=\"margin-bottom:34px\"><h4 class=\"wp-block-getwid-advanced-heading__content\">Kinderbetreuung<\/h4><\/div>\r\n\r\n\r\n&#13;\n<figure class=\"wp-block-image\"><a href=\"#\"><img loading=\"lazy\" decoding=\"async\" width=\"892\" height=\"892\" src=\"http:\/\/bellavida-resort.com\/wp-content\/uploads\/2019\/10\/Fun-Arcade-Games.jpg\" alt=\"\" class=\"wp-image-1152\"\/><\/a><\/figure>&#13;\n\r\n\r\n\r\n<div class=\"wp-block-getwid-advanced-heading\"><h4 class=\"wp-block-getwid-advanced-heading__content\">Spa\u00df &amp; Arcade Spiele<\/h4><\/div>\r\n<\/div>\r\n<\/div>\r\n\r\n<div style=\"height:47px\" aria-hidden=\"true\" class=\"wp-block-spacer\"><\/div>\r\n\r\n<hr class=\"wp-block-separator is-style-wide\"\/>\r\n\r\n<div style=\"height:42px\" aria-hidden=\"true\" class=\"wp-block-spacer\"><\/div>\r\n\r\n<div class=\"wp-block-columns has-2-columns is-layout-flex wp-container-core-columns-is-layout-9d6595d7 wp-block-columns-is-layout-flex\">\r\n<div class=\"wp-block-column is-layout-flow wp-block-column-is-layout-flow\">\r\n<div class=\"wp-block-columns has-2-columns is-layout-flex wp-container-core-columns-is-layout-9d6595d7 wp-block-columns-is-layout-flex\">\r\n<div class=\"wp-block-column is-layout-flow wp-block-column-is-layout-flow\">&#13;\n<figure class=\"wp-block-image\"><img loading=\"lazy\" decoding=\"async\" width=\"892\" height=\"1327\" src=\"http:\/\/bellavida-resort.com\/wp-content\/uploads\/2019\/10\/Corporate-Travel-Proposals-1.jpg\" alt=\"\" class=\"wp-image-1158\"\/><\/figure>&#13;\n\r\n\r\n\r\n<div class=\"wp-block-getwid-advanced-heading has-custom-font-size\" style=\"font-size:14px\"><span class=\"wp-block-getwid-advanced-heading__content\" style=\"font-style:italic;padding-right:20px\">Der Ausflug in die Berge ist f\u00fcr diejenigen gedacht, die sich gerne aktiv erholen und nicht den ganzen Tag im Bett verbringen m\u00f6chten.<\/span><\/div>\r\n<\/div>\r\n\r\n\r\n\r\n<div class=\"wp-block-column is-layout-flow wp-block-column-is-layout-flow\">\r\n<div class=\"wp-block-getwid-advanced-spacer getwid-hide-mobile\" style=\"height:45px\" aria-hidden=\"true\"><\/div>\r\n\r\n\r\n\r\n<div class=\"wp-block-getwid-advanced-heading has-custom-font-size\" style=\"font-size:14px;margin-bottom:20px\"><span class=\"wp-block-getwid-advanced-heading__content\" style=\"font-style:italic;padding-left:20px\">Mit einer gemieteten Yacht haben Sie die M\u00f6glichkeit, die Unterwasserwelt der Inseln ausgiebig zu erkunden. Wir k\u00f6nnen jede private Tour organisieren, die Sie w\u00fcnschen. <\/span><\/div>\r\n\r\n\r\n&#13;\n<figure class=\"wp-block-image\"><img loading=\"lazy\" decoding=\"async\" width=\"892\" height=\"1327\" src=\"http:\/\/bellavida-resort.com\/wp-content\/uploads\/2019\/10\/Corporate-Travel-Proposals-2.jpg\" alt=\"\" class=\"wp-image-1150\"\/><\/figure>&#13;\n<\/div>\r\n<\/div>\r\n<\/div>\r\n\r\n\r\n\r\n<div class=\"wp-block-column is-layout-flow wp-block-column-is-layout-flow\">\r\n<div class=\"wp-block-getwid-section\"><div class=\"wp-block-getwid-section__wrapper getwid-padding-top-none getwid-padding-bottom-none getwid-padding-mobile-left-none\" style=\"padding-left:70px\"><div class=\"wp-block-getwid-section__inner-wrapper\"><div class=\"wp-block-getwid-section__background-holder\"><div class=\"wp-block-getwid-section__background\"><\/div><div class=\"wp-block-getwid-section__foreground\"><\/div><\/div><div class=\"wp-block-getwid-section__content\"><div class=\"wp-block-getwid-section__inner-content\">\r\n<div class=\"wp-block-getwid-advanced-heading\" style=\"margin-bottom:30px\"><h2 class=\"wp-block-getwid-advanced-heading__content\">Kontaktieren Sie uns<\/h2><\/div>\r\n\r\n\r\n&#13;\n<p>Genie\u00dfen Sie auf unseren Touren den Aufenthalt im Freien! Sie werden braun, h\u00f6ren gute Musik, springen in den Pool, tanzen bei Sonnenuntergang und schl\u00fcrfen Ihren Lieblingscocktail. <\/p>&#13;\n\r\n\r\n\r\n<div class=\"wp-block-getwid-advanced-spacer\" style=\"height:20px\" aria-hidden=\"true\"><\/div>\r\n\r\n\r\n        <div class=\"wp-block-getwid-contact-form\" >\n            <form class='wp-block-getwid-contact-form__form'>\n    \r\n        <p class='wp-block-getwid-field-name is-style-half-width'>\n\t    <label\n        for='name-69f5e0856db8f'\n        class='wp-block-getwid-field-name__label'\n    >Your Name<\/label>\n\t    <input id='name-69f5e0856db8f' type='text' name='name'            required=''\n            \/>\n<\/p>\n\r\n\r\n        <p class='wp-block-getwid-field-email is-style-half-width'>\n\t    <label\n\t\tfor='email-69f5e0856def1'\n        class='wp-block-getwid-field-email__label'\n    >Your Email<\/label>\n\t    <input id='email-69f5e0856def1' type='email' name='email'             required=''    \/>\n<\/p>\n\r\n\r\n        <p class='wp-block-getwid-field-textarea'>\n\t    <label\n\t\tfor='message-69f5e0856df9e'\n        class='wp-block-getwid-field-textarea__label'\n    >Comment<\/label>\n\t    <textarea\n\t\tid='message-69f5e0856df9e' rows='5' name='message'            required=''\n            ><\/textarea>\n<\/p>\n\r\n\n    <input name='subject' \t\ttype='hidden'\n\t\/>\n\n\t<p class='wp-block-getwid-contact-form__result'><\/p>\n\n\t<div class='wp-block-getwid-contact-form__submit'>\n\t\t<div class='wp-block-button'>\n\t\t\t<button\n\t\t\t\ttype='submit'\n\t\t\t\tclass='wp-block-button__link '\t\t\t\t\tstyle=''\t\t\t>Send Message<\/button>\n\t\t<\/div>\n\n\t<\/div>\n<\/form>\n        <\/div><\/div><\/div><\/div><\/div><\/div>\r\n<\/div>\r\n<\/div>\r\n\r\n<div class=\"wp-block-getwid-section is-style-rounded\" style=\"margin-top:74px\"><div class=\"wp-block-getwid-section__wrapper\" style=\"min-height:330px\"><div class=\"wp-block-getwid-section__inner-wrapper\"><div class=\"wp-block-getwid-section__background-holder\"><div class=\"wp-block-getwid-section__background\" style=\"background-image:url('http:\/\/bellavida-resort.com\/wp-content\/uploads\/2019\/10\/banner.jpg')\"><div class=\"wp-block-getwid-section__background-image-wrapper\"><img decoding=\"async\" class=\"wp-block-getwid-section__background-image\" src=\"http:\/\/bellavida-resort.com\/wp-content\/uploads\/2019\/10\/banner.jpg\" alt=\"\" data-id=\"1153\"\/><\/div><\/div><div class=\"wp-block-getwid-section__foreground\"><\/div><\/div><div class=\"wp-block-getwid-section__content\"><div class=\"wp-block-getwid-section__inner-content\">\r\n<div class=\"wp-block-getwid-advanced-heading\" style=\"margin-bottom:30px\"><h2 class=\"wp-block-getwid-advanced-heading__content has-text-color has-white-color\" style=\"text-align:center\">Vorschl\u00e4ge f\u00fcr Gesch\u00e4ftsreisen<\/h2><\/div>\r\n\r\n\r\n&#13;\n<div class=\"wp-block-button aligncenter\"><a class=\"wp-block-button__link\" href=\"#\">Jetzt buchen<\/a><\/div>&#13;\n<\/div><\/div><\/div><\/div><\/div>\r\n","protected":false},"excerpt":{"rendered":"<p>Wir kennen alle Ihre W\u00fcnsche und m\u00f6chten Ihnen in unserem Hotel das Beste bieten! Deshalb k\u00f6nnen Sie die Welt &#8211; die Unterwasserwelt und den Himmel &#8211; ganz einfach erkunden, indem Sie an einer der Aktivit\u00e4ten teilnehmen und unvergessliche Momente erleben. <\/p>\n","protected":false},"author":1,"featured_media":0,"parent":0,"menu_order":0,"comment_status":"closed","ping_status":"closed","template":"template-wide-page.php","meta":{"inline_featured_image":false,"footnotes":""},"class_list":["post-4519","page","type-page","status-publish","hentry"],"yoast_head":"<!-- This site is optimized with the Yoast SEO plugin v27.4 - https:\/\/yoast.com\/product\/yoast-seo-wordpress\/ -->\n<title>Dienstleistungen - Bella Vida resort, Uluwatu<\/title>\n<meta name=\"robots\" content=\"index, follow, max-snippet:-1, max-image-preview:large, max-video-preview:-1\" \/>\n<link rel=\"canonical\" href=\"https:\/\/bellavida-resort.com\/services\/\" \/>\n<meta property=\"og:locale\" content=\"de_DE\" \/>\n<meta property=\"og:type\" content=\"article\" \/>\n<meta property=\"og:title\" content=\"Dienstleistungen - Bella Vida resort, Uluwatu\" \/>\n<meta property=\"og:description\" content=\"Wir kennen alle Ihre W\u00fcnsche und m\u00f6chten Ihnen in unserem Hotel das Beste bieten! Deshalb k\u00f6nnen Sie die Welt - die Unterwasserwelt und den Himmel - ganz einfach erkunden, indem Sie an einer der Aktivit\u00e4ten teilnehmen und unvergessliche Momente erleben.\" \/>\n<meta property=\"og:url\" content=\"https:\/\/bellavida-resort.com\/services\/\" \/>\n<meta property=\"og:site_name\" content=\"Bella Vida resort, Uluwatu\" \/>\n<meta property=\"article:publisher\" content=\"https:\/\/www.facebook.com\/profile.php?id=61584197150341\" \/>\n<meta property=\"article:modified_time\" content=\"2025-03-25T11:32:55+00:00\" \/>\n<meta property=\"og:image\" content=\"http:\/\/bellavida-resort.com\/wp-content\/uploads\/2019\/10\/welcome-1.jpg\" \/>\n<meta name=\"twitter:card\" content=\"summary_large_image\" \/>\n<meta name=\"twitter:label1\" content=\"Gesch\u00e4tzte Lesezeit\" \/>\n\t<meta name=\"twitter:data1\" content=\"1\u00a0Minute\" \/>\n<script type=\"application\/ld+json\" class=\"yoast-schema-graph\">{\"@context\":\"https:\\\/\\\/schema.org\",\"@graph\":[{\"@type\":\"WebPage\",\"@id\":\"https:\\\/\\\/bellavida-resort.com\\\/services\\\/\",\"url\":\"https:\\\/\\\/bellavida-resort.com\\\/services\\\/\",\"name\":\"Dienstleistungen - Bella Vida resort, Uluwatu\",\"isPartOf\":{\"@id\":\"https:\\\/\\\/bellavida-resort.com\\\/#website\"},\"primaryImageOfPage\":{\"@id\":\"https:\\\/\\\/bellavida-resort.com\\\/services\\\/#primaryimage\"},\"image\":{\"@id\":\"https:\\\/\\\/bellavida-resort.com\\\/services\\\/#primaryimage\"},\"thumbnailUrl\":\"http:\\\/\\\/bellavida-resort.com\\\/wp-content\\\/uploads\\\/2019\\\/10\\\/welcome-1.jpg\",\"datePublished\":\"2019-09-17T14:29:06+00:00\",\"dateModified\":\"2025-03-25T11:32:55+00:00\",\"breadcrumb\":{\"@id\":\"https:\\\/\\\/bellavida-resort.com\\\/services\\\/#breadcrumb\"},\"inLanguage\":\"de\",\"potentialAction\":[{\"@type\":\"ReadAction\",\"target\":[\"https:\\\/\\\/bellavida-resort.com\\\/services\\\/\"]}]},{\"@type\":\"ImageObject\",\"inLanguage\":\"de\",\"@id\":\"https:\\\/\\\/bellavida-resort.com\\\/services\\\/#primaryimage\",\"url\":\"http:\\\/\\\/bellavida-resort.com\\\/wp-content\\\/uploads\\\/2019\\\/10\\\/welcome-1.jpg\",\"contentUrl\":\"http:\\\/\\\/bellavida-resort.com\\\/wp-content\\\/uploads\\\/2019\\\/10\\\/welcome-1.jpg\"},{\"@type\":\"BreadcrumbList\",\"@id\":\"https:\\\/\\\/bellavida-resort.com\\\/services\\\/#breadcrumb\",\"itemListElement\":[{\"@type\":\"ListItem\",\"position\":1,\"name\":\"Home\",\"item\":\"https:\\\/\\\/bellavida-resort.com\\\/de\\\/\"},{\"@type\":\"ListItem\",\"position\":2,\"name\":\"Dienstleistungen\"}]},{\"@type\":\"WebSite\",\"@id\":\"https:\\\/\\\/bellavida-resort.com\\\/#website\",\"url\":\"https:\\\/\\\/bellavida-resort.com\\\/\",\"name\":\"Bella Vida resort, Uluwatu Bali\",\"description\":\"The best luxury resort in Bingin\",\"publisher\":{\"@id\":\"https:\\\/\\\/bellavida-resort.com\\\/#organization\"},\"potentialAction\":[{\"@type\":\"SearchAction\",\"target\":{\"@type\":\"EntryPoint\",\"urlTemplate\":\"https:\\\/\\\/bellavida-resort.com\\\/?s={search_term_string}\"},\"query-input\":{\"@type\":\"PropertyValueSpecification\",\"valueRequired\":true,\"valueName\":\"search_term_string\"}}],\"inLanguage\":\"de\"},{\"@type\":\"Organization\",\"@id\":\"https:\\\/\\\/bellavida-resort.com\\\/#organization\",\"name\":\"Bella Vida Resort\",\"url\":\"https:\\\/\\\/bellavida-resort.com\\\/\",\"logo\":{\"@type\":\"ImageObject\",\"inLanguage\":\"de\",\"@id\":\"https:\\\/\\\/bellavida-resort.com\\\/#\\\/schema\\\/logo\\\/image\\\/\",\"url\":\"https:\\\/\\\/bellavida-resort.com\\\/wp-content\\\/uploads\\\/2025\\\/10\\\/cropped-Epson-logo-printer.jpg\",\"contentUrl\":\"https:\\\/\\\/bellavida-resort.com\\\/wp-content\\\/uploads\\\/2025\\\/10\\\/cropped-Epson-logo-printer.jpg\",\"width\":1200,\"height\":313,\"caption\":\"Bella Vida Resort\"},\"image\":{\"@id\":\"https:\\\/\\\/bellavida-resort.com\\\/#\\\/schema\\\/logo\\\/image\\\/\"},\"sameAs\":[\"https:\\\/\\\/www.facebook.com\\\/profile.php?id=61584197150341\",\"https:\\\/\\\/www.instagram.com\\\/bellavidaresortbali\\\/\"]}]}<\/script>\n<!-- \/ Yoast SEO plugin. -->","yoast_head_json":{"title":"Dienstleistungen - Bella Vida resort, Uluwatu","robots":{"index":"index","follow":"follow","max-snippet":"max-snippet:-1","max-image-preview":"max-image-preview:large","max-video-preview":"max-video-preview:-1"},"canonical":"https:\/\/bellavida-resort.com\/services\/","og_locale":"de_DE","og_type":"article","og_title":"Dienstleistungen - Bella Vida resort, Uluwatu","og_description":"Wir kennen alle Ihre W\u00fcnsche und m\u00f6chten Ihnen in unserem Hotel das Beste bieten! Deshalb k\u00f6nnen Sie die Welt - die Unterwasserwelt und den Himmel - ganz einfach erkunden, indem Sie an einer der Aktivit\u00e4ten teilnehmen und unvergessliche Momente erleben.","og_url":"https:\/\/bellavida-resort.com\/services\/","og_site_name":"Bella Vida resort, Uluwatu","article_publisher":"https:\/\/www.facebook.com\/profile.php?id=61584197150341","article_modified_time":"2025-03-25T11:32:55+00:00","og_image":[{"url":"http:\/\/bellavida-resort.com\/wp-content\/uploads\/2019\/10\/welcome-1.jpg","type":"","width":"","height":""}],"twitter_card":"summary_large_image","twitter_misc":{"Gesch\u00e4tzte Lesezeit":"1\u00a0Minute"},"schema":{"@context":"https:\/\/schema.org","@graph":[{"@type":"WebPage","@id":"https:\/\/bellavida-resort.com\/services\/","url":"https:\/\/bellavida-resort.com\/services\/","name":"Dienstleistungen - Bella Vida resort, Uluwatu","isPartOf":{"@id":"https:\/\/bellavida-resort.com\/#website"},"primaryImageOfPage":{"@id":"https:\/\/bellavida-resort.com\/services\/#primaryimage"},"image":{"@id":"https:\/\/bellavida-resort.com\/services\/#primaryimage"},"thumbnailUrl":"http:\/\/bellavida-resort.com\/wp-content\/uploads\/2019\/10\/welcome-1.jpg","datePublished":"2019-09-17T14:29:06+00:00","dateModified":"2025-03-25T11:32:55+00:00","breadcrumb":{"@id":"https:\/\/bellavida-resort.com\/services\/#breadcrumb"},"inLanguage":"de","potentialAction":[{"@type":"ReadAction","target":["https:\/\/bellavida-resort.com\/services\/"]}]},{"@type":"ImageObject","inLanguage":"de","@id":"https:\/\/bellavida-resort.com\/services\/#primaryimage","url":"http:\/\/bellavida-resort.com\/wp-content\/uploads\/2019\/10\/welcome-1.jpg","contentUrl":"http:\/\/bellavida-resort.com\/wp-content\/uploads\/2019\/10\/welcome-1.jpg"},{"@type":"BreadcrumbList","@id":"https:\/\/bellavida-resort.com\/services\/#breadcrumb","itemListElement":[{"@type":"ListItem","position":1,"name":"Home","item":"https:\/\/bellavida-resort.com\/de\/"},{"@type":"ListItem","position":2,"name":"Dienstleistungen"}]},{"@type":"WebSite","@id":"https:\/\/bellavida-resort.com\/#website","url":"https:\/\/bellavida-resort.com\/","name":"Bella Vida resort, Uluwatu Bali","description":"The best luxury resort in Bingin","publisher":{"@id":"https:\/\/bellavida-resort.com\/#organization"},"potentialAction":[{"@type":"SearchAction","target":{"@type":"EntryPoint","urlTemplate":"https:\/\/bellavida-resort.com\/?s={search_term_string}"},"query-input":{"@type":"PropertyValueSpecification","valueRequired":true,"valueName":"search_term_string"}}],"inLanguage":"de"},{"@type":"Organization","@id":"https:\/\/bellavida-resort.com\/#organization","name":"Bella Vida Resort","url":"https:\/\/bellavida-resort.com\/","logo":{"@type":"ImageObject","inLanguage":"de","@id":"https:\/\/bellavida-resort.com\/#\/schema\/logo\/image\/","url":"https:\/\/bellavida-resort.com\/wp-content\/uploads\/2025\/10\/cropped-Epson-logo-printer.jpg","contentUrl":"https:\/\/bellavida-resort.com\/wp-content\/uploads\/2025\/10\/cropped-Epson-logo-printer.jpg","width":1200,"height":313,"caption":"Bella Vida Resort"},"image":{"@id":"https:\/\/bellavida-resort.com\/#\/schema\/logo\/image\/"},"sameAs":["https:\/\/www.facebook.com\/profile.php?id=61584197150341","https:\/\/www.instagram.com\/bellavidaresortbali\/"]}]}},"_links":{"self":[{"href":"https:\/\/bellavida-resort.com\/de\/wp-json\/wp\/v2\/pages\/4519","targetHints":{"allow":["GET"]}}],"collection":[{"href":"https:\/\/bellavida-resort.com\/de\/wp-json\/wp\/v2\/pages"}],"about":[{"href":"https:\/\/bellavida-resort.com\/de\/wp-json\/wp\/v2\/types\/page"}],"author":[{"embeddable":true,"href":"https:\/\/bellavida-resort.com\/de\/wp-json\/wp\/v2\/users\/1"}],"replies":[{"embeddable":true,"href":"https:\/\/bellavida-resort.com\/de\/wp-json\/wp\/v2\/comments?post=4519"}],"version-history":[{"count":1,"href":"https:\/\/bellavida-resort.com\/de\/wp-json\/wp\/v2\/pages\/4519\/revisions"}],"predecessor-version":[{"id":4520,"href":"https:\/\/bellavida-resort.com\/de\/wp-json\/wp\/v2\/pages\/4519\/revisions\/4520"}],"wp:attachment":[{"href":"https:\/\/bellavida-resort.com\/de\/wp-json\/wp\/v2\/media?parent=4519"}],"curies":[{"name":"wp","href":"https:\/\/api.w.org\/{rel}","templated":true}]}}