{"id":3589,"date":"2019-09-18T12:05:01","date_gmt":"2019-09-18T12:05:01","guid":{"rendered":"https:\/\/bellavida-resort.com\/aktivitaeten\/"},"modified":"2026-02-04T14:08:37","modified_gmt":"2026-02-04T14:08:37","slug":"aktivitaeten","status":"publish","type":"page","link":"https:\/\/bellavida-resort.com\/de\/aktivitaeten\/","title":{"rendered":"Aktivit\u00e4ten"},"content":{"rendered":"<style>\n\/* ===== Bella Vida Resort \u2013 Activities (Page ID 689) ===== *\/\n.page-id-689 .bv-activities-wrap{\n  max-width:1200px; margin:40px auto 70px; padding:46px 32px 52px;\n  background:#fff; border:1px solid #eee; border-radius:26px;\n  box-shadow:0 18px 40px rgba(0,0,0,.06);\n  font-family:system-ui,-apple-system,Segoe UI,Roboto,Arial,sans-serif;\n}<\/p>\n<p>.page-id-689 .bv-activities-head{max-width:920px; margin:0 auto 30px;}\n.page-id-689 .bv-activities-head h1{margin:0 0 12px; font-size:38px; line-height:1.15; font-weight:900; color:#111;}\n.page-id-689 .bv-activities-head p{margin:0; font-size:16px; line-height:1.8; color:#666;}<\/p>\n<p>.page-id-689 .bv-activities-grid{\n  display:flex !important;\n  flex-wrap:wrap !important;\n  gap:26px !important;\n  align-items:stretch !important;\n  margin-top:34px !important;\n}<\/p>\n<p>\/* IMPORTANT: Classic Editor kan wrappers toevoegen.\n   Daarom maken we ELKE directe child een kolom, en de <a> vult die wrapper volledig. *\/\n.page-id-689 .bv-activities-grid > *{\n  flex:0 0 calc(33.333% - 18px) !important;\n  max-width:calc(33.333% - 18px) !important;\n  margin:0 !important;\n}<\/p>\n<p>.page-id-689 a.bv-activity-card{\n  display:flex !important;\n  flex-direction:column !important;\n  height:100% !important;\n  text-decoration:none !important;\n  color:inherit !important;\n  background:#fff !important;\n  border:1px solid #eee !important;\n  border-radius:20px !important;\n  overflow:hidden !important;\n  transition:transform .18s ease, box-shadow .18s ease, border-color .18s ease !important;\n}<\/p>\n<p>.page-id-689 a.bv-activity-card:hover{\n  transform:translateY(-2px) !important;\n  box-shadow:0 16px 40px rgba(0,0,0,.12) !important;\n  border-color:#e7e7e7 !important;\n}<\/p>\n<p>.page-id-689 .bv-activity-img{\n  width:100%;\n  background:#f1f1f1;\n  aspect-ratio:16\/10;\n  overflow:hidden;\n}<\/p>\n<p>\/* Fallback als aspect-ratio niet ondersteunt wordt *\/\n@supports not (aspect-ratio: 16\/10){\n  .page-id-689 .bv-activity-img{position:relative; padding-top:62.5%;}\n  .page-id-689 .bv-activity-img img{position:absolute; inset:0;}\n}<\/p>\n<p>.page-id-689 .bv-activity-img img{\n  width:100%;\n  height:100%;\n  object-fit:cover;\n  display:block;\n}<\/p>\n<p>.page-id-689 .bv-activity-body{\n  padding:16px 18px 20px;\n  display:flex;\n  flex-direction:column;\n  gap:6px;\n}<\/p>\n<p>.page-id-689 .bv-activity-title{\n  margin:0;\n  font-size:18px;\n  font-weight:900;\n  line-height:1.35;\n  color:#111;\n}<\/p>\n<p>.page-id-689 .bv-activity-text{\n  margin:0;\n  font-size:14px;\n  line-height:1.65;\n  color:#555;\n}<\/p>\n<p>.page-id-689 .bv-activities-footer{\n  max-width:920px; margin:34px auto 0; font-size:14px; line-height:1.8; color:#666;\n}<\/p>\n<p>\/* Tablet: 2 kolommen *\/\n@media (max-width:980px){\n  .page-id-689 .bv-activities-wrap{padding:38px 22px 44px;}\n  .page-id-689 .bv-activities-head h1{font-size:32px;}\n  .page-id-689 .bv-activities-grid > *{\n    flex:0 0 calc(50% - 13px) !important;\n    max-width:calc(50% - 13px) !important;\n  }\n}<\/p>\n<p>\/* Mobiel: 1 kolom *\/\n@media (max-width:640px){\n  .page-id-689 .bv-activities-head h1{font-size:28px;}\n  .page-id-689 .bv-activities-grid > *{\n    flex:0 0 100% !important;\n    max-width:100% !important;\n  }\n}\n<\/style>\n<div class=\"bv-activities-wrap\">\n<div class=\"bv-activities-head\">\n<h1>Activities in Uluwatu &amp; Bali<\/h1>\n<p>Discover the best activities in Uluwatu and Southern Bali \u2014 from iconic temples and scenic hikes to surf retreats, yoga escapes, and easy local transport. Each experience is carefully selected to match a relaxed yet adventurous island stay.<\/p>\n<\/p>\n<\/div>\n<div class=\"bv-activities-grid\">\n<div>\n      <a class=\"bv-activity-card\" href=\"https:\/\/bellavida-resort.com\/product\/half-day-uluwatu-tour\/\"><\/p>\n<div class=\"bv-activity-img\">\n          <img decoding=\"async\" src=\"https:\/\/bellavida-resort.com\/wp-content\/uploads\/2024\/02\/fire-dance.jpg\" alt=\"Half Day Uluwatu Tour\">\n        <\/div>\n<div class=\"bv-activity-body\">\n<h3 class=\"bv-activity-title\">Half Day Uluwatu Tour<\/h3>\n<p class=\"bv-activity-text\">Explore Uluwatu\u2019s highlights, cliffs, and cultural landmarks in a relaxed half-day experience.<\/p>\n<\/p>\n<\/div>\n<p>      <\/a>\n    <\/div>\n<div>\n      <a class=\"bv-activity-card\" href=\"https:\/\/bellavida-resort.com\/product\/visit-uluwatu-temple\/\"><\/p>\n<div class=\"bv-activity-img\">\n          <img decoding=\"async\" src=\"https:\/\/bellavida-resort.com\/wp-content\/uploads\/2024\/02\/Uluwatu-temple-air.jpg\" alt=\"Visit Uluwatu Temple\">\n        <\/div>\n<div class=\"bv-activity-body\">\n<h3 class=\"bv-activity-title\">Visit Uluwatu Temple<\/h3>\n<p class=\"bv-activity-text\">Experience one of Bali\u2019s most iconic temples, perched high above the Indian Ocean.<\/p>\n<\/p>\n<\/div>\n<p>      <\/a>\n    <\/div>\n<div>\n      <a class=\"bv-activity-card\" href=\"https:\/\/bellavida-resort.com\/product\/motorbike\/\"><\/p>\n<div class=\"bv-activity-img\">\n          <img decoding=\"async\" src=\"https:\/\/bellavida-resort.com\/wp-content\/uploads\/2024\/02\/yamaha-nmax.jpg\" alt=\"Motorbike Rental\">\n        <\/div>\n<div class=\"bv-activity-body\">\n<h3 class=\"bv-activity-title\">Motorbike Rental<\/h3>\n<p class=\"bv-activity-text\">Explore Uluwatu and Bali at your own pace with a reliable motorbike rental.<\/p>\n<\/p>\n<\/div>\n<p>      <\/a>\n    <\/div>\n<div>\n      <a class=\"bv-activity-card\" href=\"https:\/\/bellavida-resort.com\/product\/batur-hiking\/\"><\/p>\n<div class=\"bv-activity-img\">\n          <img decoding=\"async\" src=\"https:\/\/bellavida-resort.com\/wp-content\/uploads\/2019\/10\/Hiking.jpg\" alt=\"Batur Hiking\">\n        <\/div>\n<div class=\"bv-activity-body\">\n<h3 class=\"bv-activity-title\">Batur Hiking<\/h3>\n<p class=\"bv-activity-text\">Sunrise trekking on Mount Batur \u2014 a memorable adventure with panoramic views.<\/p>\n<\/p>\n<\/div>\n<p>      <\/a>\n    <\/div>\n<div>\n      <a class=\"bv-activity-card\" href=\"https:\/\/bellavida-resort.com\/yoga-retreat-bali\/\"><\/p>\n<div class=\"bv-activity-img\">\n          <img decoding=\"async\" src=\"https:\/\/bellavida-resort.com\/wp-content\/uploads\/2024\/10\/yoga-retreat-bali.jpg\" alt=\"Yoga Retreat\">\n        <\/div>\n<div class=\"bv-activity-body\">\n<h3 class=\"bv-activity-title\">Yoga Retreat<\/h3>\n<p class=\"bv-activity-text\">Reconnect with yourself through yoga and wellness in a peaceful Balinese setting.<\/p>\n<\/p>\n<\/div>\n<p>      <\/a>\n    <\/div>\n<div>\n      <a class=\"bv-activity-card\" href=\"https:\/\/bellavida-resort.com\/surf-retreat\/\"><\/p>\n<div class=\"bv-activity-img\">\n          <img decoding=\"async\" src=\"https:\/\/bellavida-resort.com\/wp-content\/uploads\/2024\/09\/Dreamland-beach-scaled.webp\" alt=\"Surf Retreat\">\n        <\/div>\n<div class=\"bv-activity-body\">\n<h3 class=\"bv-activity-title\">Surf Retreat<\/h3>\n<p class=\"bv-activity-text\">Enjoy world-class surf spots near Uluwatu, suitable for beginners and experienced surfers.<\/p>\n<\/p>\n<\/div>\n<p>      <\/a>\n    <\/div>\n<\/p>\n<\/div>\n<div class=\"bv-activities-footer\">\n    Looking for the best activities in Uluwatu and Bali? Our team is happy to help you choose the perfect experience.\n  <\/div>\n<\/div>\n","protected":false},"excerpt":{"rendered":"<p>Genie\u00dfen Sie das Au\u00dfergew\u00f6hnliche in Uluwatu, Bali, wo Sie eine Welt voller unglaublicher Aktivit\u00e4ten erwartet. Von atemberaubenden Abenteuern wie Parasailing, Tauchen und Surfen bis hin zur ruhigen Sch\u00f6nheit des Uluwatu-Tempels, den faszinierenden Klippen und dem Eintauchen in die lokale Kultur &#8211; jedes Erlebnis wird mit dem Gedanken an h\u00f6chste Qualit\u00e4t gestaltet. Seien Sie versichert, dass wir alles tun, um sicherzustellen, dass Ihre Tage hier unvergesslich werden.  <\/p>\n","protected":false},"author":1,"featured_media":0,"parent":0,"menu_order":0,"comment_status":"closed","ping_status":"closed","template":"template-wide-page.php","meta":{"inline_featured_image":false,"footnotes":""},"class_list":["post-3589","page","type-page","status-publish","hentry"],"yoast_head":"<!-- This site is optimized with the Yoast SEO plugin v27.4 - https:\/\/yoast.com\/product\/yoast-seo-wordpress\/ -->\n<title>Aktivit\u00e4ten - Bella Vida resort, Uluwatu<\/title>\n<meta name=\"robots\" content=\"index, follow, max-snippet:-1, max-image-preview:large, max-video-preview:-1\" \/>\n<link rel=\"canonical\" href=\"https:\/\/bellavida-resort.com\/activities\/\" \/>\n<meta property=\"og:locale\" content=\"de_DE\" \/>\n<meta property=\"og:type\" content=\"article\" \/>\n<meta property=\"og:title\" content=\"Aktivit\u00e4ten - Bella Vida resort, Uluwatu\" \/>\n<meta property=\"og:description\" content=\"Genie\u00dfen Sie das Au\u00dfergew\u00f6hnliche in Uluwatu, Bali, wo Sie eine Welt voller unglaublicher Aktivit\u00e4ten erwartet. Von atemberaubenden Abenteuern wie Parasailing, Tauchen und Surfen bis hin zur ruhigen Sch\u00f6nheit des Uluwatu-Tempels, den faszinierenden Klippen und dem Eintauchen in die lokale Kultur - jedes Erlebnis wird mit dem Gedanken an h\u00f6chste Qualit\u00e4t gestaltet. Seien Sie versichert, dass wir alles tun, um sicherzustellen, dass Ihre Tage hier unvergesslich werden.\" \/>\n<meta property=\"og:url\" content=\"https:\/\/bellavida-resort.com\/activities\/\" \/>\n<meta property=\"og:site_name\" content=\"Bella Vida resort, Uluwatu\" \/>\n<meta property=\"article:publisher\" content=\"https:\/\/www.facebook.com\/profile.php?id=61584197150341\" \/>\n<meta property=\"article:modified_time\" content=\"2026-02-04T14:08:37+00:00\" \/>\n<meta property=\"og:image\" content=\"https:\/\/bellavida-resort.com\/wp-content\/uploads\/2024\/02\/fire-dance.jpg\" \/>\n<meta name=\"twitter:card\" content=\"summary_large_image\" \/>\n<meta name=\"twitter:label1\" content=\"Gesch\u00e4tzte Lesezeit\" \/>\n\t<meta name=\"twitter:data1\" content=\"1\u00a0Minute\" \/>\n<script type=\"application\/ld+json\" class=\"yoast-schema-graph\">{\"@context\":\"https:\\\/\\\/schema.org\",\"@graph\":[{\"@type\":\"WebPage\",\"@id\":\"https:\\\/\\\/bellavida-resort.com\\\/activities\\\/\",\"url\":\"https:\\\/\\\/bellavida-resort.com\\\/activities\\\/\",\"name\":\"Aktivit\u00e4ten - Bella Vida resort, Uluwatu\",\"isPartOf\":{\"@id\":\"https:\\\/\\\/bellavida-resort.com\\\/#website\"},\"primaryImageOfPage\":{\"@id\":\"https:\\\/\\\/bellavida-resort.com\\\/activities\\\/#primaryimage\"},\"image\":{\"@id\":\"https:\\\/\\\/bellavida-resort.com\\\/activities\\\/#primaryimage\"},\"thumbnailUrl\":\"https:\\\/\\\/bellavida-resort.com\\\/wp-content\\\/uploads\\\/2024\\\/02\\\/fire-dance.jpg\",\"datePublished\":\"2019-09-18T12:05:01+00:00\",\"dateModified\":\"2026-02-04T14:08:37+00:00\",\"breadcrumb\":{\"@id\":\"https:\\\/\\\/bellavida-resort.com\\\/activities\\\/#breadcrumb\"},\"inLanguage\":\"de\",\"potentialAction\":[{\"@type\":\"ReadAction\",\"target\":[\"https:\\\/\\\/bellavida-resort.com\\\/activities\\\/\"]}]},{\"@type\":\"ImageObject\",\"inLanguage\":\"de\",\"@id\":\"https:\\\/\\\/bellavida-resort.com\\\/activities\\\/#primaryimage\",\"url\":\"https:\\\/\\\/bellavida-resort.com\\\/wp-content\\\/uploads\\\/2024\\\/02\\\/fire-dance.jpg\",\"contentUrl\":\"https:\\\/\\\/bellavida-resort.com\\\/wp-content\\\/uploads\\\/2024\\\/02\\\/fire-dance.jpg\"},{\"@type\":\"BreadcrumbList\",\"@id\":\"https:\\\/\\\/bellavida-resort.com\\\/activities\\\/#breadcrumb\",\"itemListElement\":[{\"@type\":\"ListItem\",\"position\":1,\"name\":\"Home\",\"item\":\"https:\\\/\\\/bellavida-resort.com\\\/de\\\/\"},{\"@type\":\"ListItem\",\"position\":2,\"name\":\"Aktivit\u00e4ten\"}]},{\"@type\":\"WebSite\",\"@id\":\"https:\\\/\\\/bellavida-resort.com\\\/#website\",\"url\":\"https:\\\/\\\/bellavida-resort.com\\\/\",\"name\":\"Bella Vida resort, Uluwatu Bali\",\"description\":\"The best luxury resort in Bingin\",\"publisher\":{\"@id\":\"https:\\\/\\\/bellavida-resort.com\\\/#organization\"},\"potentialAction\":[{\"@type\":\"SearchAction\",\"target\":{\"@type\":\"EntryPoint\",\"urlTemplate\":\"https:\\\/\\\/bellavida-resort.com\\\/?s={search_term_string}\"},\"query-input\":{\"@type\":\"PropertyValueSpecification\",\"valueRequired\":true,\"valueName\":\"search_term_string\"}}],\"inLanguage\":\"de\"},{\"@type\":\"Organization\",\"@id\":\"https:\\\/\\\/bellavida-resort.com\\\/#organization\",\"name\":\"Bella Vida Resort\",\"url\":\"https:\\\/\\\/bellavida-resort.com\\\/\",\"logo\":{\"@type\":\"ImageObject\",\"inLanguage\":\"de\",\"@id\":\"https:\\\/\\\/bellavida-resort.com\\\/#\\\/schema\\\/logo\\\/image\\\/\",\"url\":\"https:\\\/\\\/bellavida-resort.com\\\/wp-content\\\/uploads\\\/2025\\\/10\\\/cropped-Epson-logo-printer.jpg\",\"contentUrl\":\"https:\\\/\\\/bellavida-resort.com\\\/wp-content\\\/uploads\\\/2025\\\/10\\\/cropped-Epson-logo-printer.jpg\",\"width\":1200,\"height\":313,\"caption\":\"Bella Vida Resort\"},\"image\":{\"@id\":\"https:\\\/\\\/bellavida-resort.com\\\/#\\\/schema\\\/logo\\\/image\\\/\"},\"sameAs\":[\"https:\\\/\\\/www.facebook.com\\\/profile.php?id=61584197150341\",\"https:\\\/\\\/www.instagram.com\\\/bellavidaresortbali\\\/\"]}]}<\/script>\n<!-- \/ Yoast SEO plugin. -->","yoast_head_json":{"title":"Aktivit\u00e4ten - Bella Vida resort, Uluwatu","robots":{"index":"index","follow":"follow","max-snippet":"max-snippet:-1","max-image-preview":"max-image-preview:large","max-video-preview":"max-video-preview:-1"},"canonical":"https:\/\/bellavida-resort.com\/activities\/","og_locale":"de_DE","og_type":"article","og_title":"Aktivit\u00e4ten - Bella Vida resort, Uluwatu","og_description":"Genie\u00dfen Sie das Au\u00dfergew\u00f6hnliche in Uluwatu, Bali, wo Sie eine Welt voller unglaublicher Aktivit\u00e4ten erwartet. Von atemberaubenden Abenteuern wie Parasailing, Tauchen und Surfen bis hin zur ruhigen Sch\u00f6nheit des Uluwatu-Tempels, den faszinierenden Klippen und dem Eintauchen in die lokale Kultur - jedes Erlebnis wird mit dem Gedanken an h\u00f6chste Qualit\u00e4t gestaltet. Seien Sie versichert, dass wir alles tun, um sicherzustellen, dass Ihre Tage hier unvergesslich werden.","og_url":"https:\/\/bellavida-resort.com\/activities\/","og_site_name":"Bella Vida resort, Uluwatu","article_publisher":"https:\/\/www.facebook.com\/profile.php?id=61584197150341","article_modified_time":"2026-02-04T14:08:37+00:00","og_image":[{"url":"https:\/\/bellavida-resort.com\/wp-content\/uploads\/2024\/02\/fire-dance.jpg","type":"","width":"","height":""}],"twitter_card":"summary_large_image","twitter_misc":{"Gesch\u00e4tzte Lesezeit":"1\u00a0Minute"},"schema":{"@context":"https:\/\/schema.org","@graph":[{"@type":"WebPage","@id":"https:\/\/bellavida-resort.com\/activities\/","url":"https:\/\/bellavida-resort.com\/activities\/","name":"Aktivit\u00e4ten - Bella Vida resort, Uluwatu","isPartOf":{"@id":"https:\/\/bellavida-resort.com\/#website"},"primaryImageOfPage":{"@id":"https:\/\/bellavida-resort.com\/activities\/#primaryimage"},"image":{"@id":"https:\/\/bellavida-resort.com\/activities\/#primaryimage"},"thumbnailUrl":"https:\/\/bellavida-resort.com\/wp-content\/uploads\/2024\/02\/fire-dance.jpg","datePublished":"2019-09-18T12:05:01+00:00","dateModified":"2026-02-04T14:08:37+00:00","breadcrumb":{"@id":"https:\/\/bellavida-resort.com\/activities\/#breadcrumb"},"inLanguage":"de","potentialAction":[{"@type":"ReadAction","target":["https:\/\/bellavida-resort.com\/activities\/"]}]},{"@type":"ImageObject","inLanguage":"de","@id":"https:\/\/bellavida-resort.com\/activities\/#primaryimage","url":"https:\/\/bellavida-resort.com\/wp-content\/uploads\/2024\/02\/fire-dance.jpg","contentUrl":"https:\/\/bellavida-resort.com\/wp-content\/uploads\/2024\/02\/fire-dance.jpg"},{"@type":"BreadcrumbList","@id":"https:\/\/bellavida-resort.com\/activities\/#breadcrumb","itemListElement":[{"@type":"ListItem","position":1,"name":"Home","item":"https:\/\/bellavida-resort.com\/de\/"},{"@type":"ListItem","position":2,"name":"Aktivit\u00e4ten"}]},{"@type":"WebSite","@id":"https:\/\/bellavida-resort.com\/#website","url":"https:\/\/bellavida-resort.com\/","name":"Bella Vida resort, Uluwatu Bali","description":"The best luxury resort in Bingin","publisher":{"@id":"https:\/\/bellavida-resort.com\/#organization"},"potentialAction":[{"@type":"SearchAction","target":{"@type":"EntryPoint","urlTemplate":"https:\/\/bellavida-resort.com\/?s={search_term_string}"},"query-input":{"@type":"PropertyValueSpecification","valueRequired":true,"valueName":"search_term_string"}}],"inLanguage":"de"},{"@type":"Organization","@id":"https:\/\/bellavida-resort.com\/#organization","name":"Bella Vida Resort","url":"https:\/\/bellavida-resort.com\/","logo":{"@type":"ImageObject","inLanguage":"de","@id":"https:\/\/bellavida-resort.com\/#\/schema\/logo\/image\/","url":"https:\/\/bellavida-resort.com\/wp-content\/uploads\/2025\/10\/cropped-Epson-logo-printer.jpg","contentUrl":"https:\/\/bellavida-resort.com\/wp-content\/uploads\/2025\/10\/cropped-Epson-logo-printer.jpg","width":1200,"height":313,"caption":"Bella Vida Resort"},"image":{"@id":"https:\/\/bellavida-resort.com\/#\/schema\/logo\/image\/"},"sameAs":["https:\/\/www.facebook.com\/profile.php?id=61584197150341","https:\/\/www.instagram.com\/bellavidaresortbali\/"]}]}},"_links":{"self":[{"href":"https:\/\/bellavida-resort.com\/de\/wp-json\/wp\/v2\/pages\/3589","targetHints":{"allow":["GET"]}}],"collection":[{"href":"https:\/\/bellavida-resort.com\/de\/wp-json\/wp\/v2\/pages"}],"about":[{"href":"https:\/\/bellavida-resort.com\/de\/wp-json\/wp\/v2\/types\/page"}],"author":[{"embeddable":true,"href":"https:\/\/bellavida-resort.com\/de\/wp-json\/wp\/v2\/users\/1"}],"replies":[{"embeddable":true,"href":"https:\/\/bellavida-resort.com\/de\/wp-json\/wp\/v2\/comments?post=3589"}],"version-history":[{"count":7,"href":"https:\/\/bellavida-resort.com\/de\/wp-json\/wp\/v2\/pages\/3589\/revisions"}],"predecessor-version":[{"id":6089,"href":"https:\/\/bellavida-resort.com\/de\/wp-json\/wp\/v2\/pages\/3589\/revisions\/6089"}],"wp:attachment":[{"href":"https:\/\/bellavida-resort.com\/de\/wp-json\/wp\/v2\/media?parent=3589"}],"curies":[{"name":"wp","href":"https:\/\/api.w.org\/{rel}","templated":true}]}}